{"id":796,"date":"2026-03-21T03:42:21","date_gmt":"2026-03-21T03:42:21","guid":{"rendered":"https:\/\/www.lianmeithermos.com\/?post_type=product&#038;p=796"},"modified":"2026-03-21T08:23:44","modified_gmt":"2026-03-21T08:23:44","slug":"wholesale-stainless-steel-gastronorm-pan-for-catering","status":"publish","type":"product","link":"https:\/\/www.lianmeithermos.com\/es\/producto\/wholesale-stainless-steel-gastronorm-pan-for-catering\/","title":{"rendered":"Mayorista Sart\u00e9n Gastronorm de Acero Inoxidable | Sart\u00e9n GN Est\u00e1ndar Comercial para Hosteler\u00eda"},"content":{"rendered":"<h2 class=\"wp-block-heading\">Caracter\u00edsticas de la sart\u00e9n Gastronorm de acero inoxidable para mayoristas <\/h2>\n\n\n\n<div class=\"wp-block-columns is-layout-flex wp-container-core-columns-is-layout-9d6595d7 wp-block-columns-is-layout-flex\">\n<div class=\"wp-block-column is-vertically-aligned-center is-layout-flow wp-block-column-is-layout-flow\">\n<div class=\"wp-block-columns is-layout-flex wp-container-core-columns-is-layout-9d6595d7 wp-block-columns-is-layout-flex\">\n<div class=\"wp-block-column is-vertically-aligned-top is-layout-flow wp-block-column-is-layout-flow\">\n<p><strong>Dimensionamiento GN est\u00e1ndar internacional:<\/strong> Fabricados con precisi\u00f3n seg\u00fan las normas internacionales de tama\u00f1o GN (Gastronorm) para una total compatibilidad con los equipos de cocinas comerciales y estaciones de calentamiento de alimentos de todo el mundo.<\/p>\n\n\n\n<p><strong>Acero inoxidable de calidad alimentaria:<\/strong> Fabricado en acero inoxidable duradero de alta calidad para una manipulaci\u00f3n segura y no reactiva de los alimentos, una resistencia superior a la corrosi\u00f3n y un uso comercial duradero.<\/p>\n\n\n\n<p><strong>Dise\u00f1o nido antiatascos:<\/strong> Con bordes reforzados y un hombro antiatrapamiento para evitar que se peguen al apilarlos, lo que permite anidarlos sin esfuerzo y ahorrar espacio de almacenamiento en cocinas profesionales.<\/p>\n\n\n\n<p><strong>Esquinas redondeadas lisas:<\/strong> Dise\u00f1ado con esquinas perfectamente redondeadas para evitar que queden restos de comida, lo que garantiza una limpieza y un mantenimiento higi\u00e9nico sin esfuerzo para un estricto cumplimiento profesional de la seguridad alimentaria.<\/p>\n\n\n\n<p><strong>Suministro a granel directo de f\u00e1brica:<\/strong> Como fabricante de confianza, Lianmei ofrece precios al por mayor competitivos y cadenas de suministro fiables, proporcionando una gama completa de soluciones fiables de ollas alimentarias para distribuidores globales.<\/p>\n<\/div>\n\n\n\n<div class=\"wp-block-column is-layout-flow wp-block-column-is-layout-flow\">\n<figure class=\"wp-block-image alignwide size-full\"><img decoding=\"async\" width=\"1080\" height=\"1080\" src=\"https:\/\/www.lianmeithermos.com\/wp-content\/uploads\/2026\/03\/Wholesale-Stainless-Steel-Gastronorm-Pan2.webp\" alt=\"Mayorista Sart\u00e9n Gastronorm de Acero Inoxidable2\" class=\"wp-image-798\" srcset=\"https:\/\/www.lianmeithermos.com\/wp-content\/uploads\/2026\/03\/Wholesale-Stainless-Steel-Gastronorm-Pan2.webp 1080w, https:\/\/www.lianmeithermos.com\/wp-content\/uploads\/2026\/03\/Wholesale-Stainless-Steel-Gastronorm-Pan2-300x300.webp 300w, https:\/\/www.lianmeithermos.com\/wp-content\/uploads\/2026\/03\/Wholesale-Stainless-Steel-Gastronorm-Pan2-150x150.webp 150w, https:\/\/www.lianmeithermos.com\/wp-content\/uploads\/2026\/03\/Wholesale-Stainless-Steel-Gastronorm-Pan2-768x768.webp 768w, https:\/\/www.lianmeithermos.com\/wp-content\/uploads\/2026\/03\/Wholesale-Stainless-Steel-Gastronorm-Pan2-12x12.webp 12w, https:\/\/www.lianmeithermos.com\/wp-content\/uploads\/2026\/03\/Wholesale-Stainless-Steel-Gastronorm-Pan2-600x600.webp 600w, https:\/\/www.lianmeithermos.com\/wp-content\/uploads\/2026\/03\/Wholesale-Stainless-Steel-Gastronorm-Pan2-100x100.webp 100w\" sizes=\"(max-width: 1080px) 100vw, 1080px\" \/><\/figure>\n<\/div>\n<\/div>\n<\/div>\n<\/div>","protected":false},"excerpt":{"rendered":"<p data-start=\"452\" data-end=\"647\">Nuestras cacerolas Gastronorm de acero inoxidable al por mayor est\u00e1n dise\u00f1adas para el almacenamiento y servicio comercial de alimentos. Fabricadas con tama\u00f1os GN est\u00e1ndar para una compatibilidad universal, son ideales para buffets, mesas de vapor y refrigeraci\u00f3n.<\/p>\n<p>&nbsp;<\/p>","protected":false},"featured_media":798,"comment_status":"closed","ping_status":"closed","template":"","meta":{"_acf_changed":false},"product_brand":[],"product_cat":[27],"product_tag":[25],"class_list":{"0":"post-796","1":"product","2":"type-product","3":"status-publish","4":"has-post-thumbnail","6":"product_cat-wholesale-gastronorm-pans-trays","7":"product_tag-restaurant","9":"first","10":"instock","11":"shipping-taxable","12":"product-type-simple"},"acf":[],"_links":{"self":[{"href":"https:\/\/www.lianmeithermos.com\/es\/wp-json\/wp\/v2\/product\/796","targetHints":{"allow":["GET"]}}],"collection":[{"href":"https:\/\/www.lianmeithermos.com\/es\/wp-json\/wp\/v2\/product"}],"about":[{"href":"https:\/\/www.lianmeithermos.com\/es\/wp-json\/wp\/v2\/types\/product"}],"replies":[{"embeddable":true,"href":"https:\/\/www.lianmeithermos.com\/es\/wp-json\/wp\/v2\/comments?post=796"}],"wp:featuredmedia":[{"embeddable":true,"href":"https:\/\/www.lianmeithermos.com\/es\/wp-json\/wp\/v2\/media\/798"}],"wp:attachment":[{"href":"https:\/\/www.lianmeithermos.com\/es\/wp-json\/wp\/v2\/media?parent=796"}],"wp:term":[{"taxonomy":"product_brand","embeddable":true,"href":"https:\/\/www.lianmeithermos.com\/es\/wp-json\/wp\/v2\/product_brand?post=796"},{"taxonomy":"product_cat","embeddable":true,"href":"https:\/\/www.lianmeithermos.com\/es\/wp-json\/wp\/v2\/product_cat?post=796"},{"taxonomy":"product_tag","embeddable":true,"href":"https:\/\/www.lianmeithermos.com\/es\/wp-json\/wp\/v2\/product_tag?post=796"}],"curies":[{"name":"wp","href":"https:\/\/api.w.org\/{rel}","templated":true}]}}