{"id":820,"date":"2026-04-02T08:12:17","date_gmt":"2026-04-02T08:12:17","guid":{"rendered":"https:\/\/www.lianmeithermos.com\/?post_type=product&#038;p=820"},"modified":"2026-04-03T03:18:18","modified_gmt":"2026-04-03T03:18:18","slug":"wholesale-large-stainless-steel-stockpot-for-catering","status":"publish","type":"product","link":"https:\/\/www.lianmeithermos.com\/es\/producto\/wholesale-large-stainless-steel-stockpot-for-catering\/","title":{"rendered":"Mayorista Olla Grande de Acero Inoxidable para Catering"},"content":{"rendered":"<h2 class=\"wp-block-heading\">Caracter\u00edsticas de la olla grande de acero inoxidable al por mayor<\/h2>\n\n\n\n<div class=\"wp-block-columns is-layout-flex wp-container-core-columns-is-layout-9d6595d7 wp-block-columns-is-layout-flex\">\n<div class=\"wp-block-column is-vertically-aligned-center is-layout-flow wp-block-column-is-layout-flow\">\n<div class=\"wp-block-columns is-layout-flex wp-container-core-columns-is-layout-9d6595d7 wp-block-columns-is-layout-flex\">\n<div class=\"wp-block-column is-vertically-aligned-top is-layout-flow wp-block-column-is-layout-flow\">\n<p><strong>Acero engrosado de alta resistencia:<\/strong> Construido con acero inoxidable reforzado para una m\u00e1xima durabilidad y resistencia a la deformaci\u00f3n por altas temperaturas.<\/p>\n\n\n\n<p><strong>Calentamiento r\u00e1pido y uniforme:<\/strong> Incorpora una base de alta eficiencia para <strong>r\u00e1pida conducci\u00f3n del calor<\/strong>, ahorrando tiempo y energ\u00eda en las horas punta.<\/p>\n\n\n\n<p><strong>Capacidad extra grande:<\/strong> Ideal para la preparaci\u00f3n de alimentos a gran escala, incluyendo <strong>sopas, gachas, estofados y estofados de carne<\/strong>.<\/p>\n\n\n\n<p><strong>Durabilidad de calidad comercial:<\/strong> Inoxidable y resistente a la corrosi\u00f3n, dise\u00f1ado para soportar los rigores de la restauraci\u00f3n profesional.<\/p>\n\n\n\n<p><strong>Vers\u00e1til y f\u00e1cil de limpiar:<\/strong> Compatible con m\u00faltiples fuentes de calor; el acabado interior liso garantiza <strong>limpieza e higiene sin esfuerzo<\/strong>.<\/p>\n<\/div>\n\n\n\n<div class=\"wp-block-column is-layout-flow wp-block-column-is-layout-flow\">\n<figure class=\"wp-block-image size-full\"><img decoding=\"async\" width=\"720\" height=\"720\" src=\"https:\/\/www.lianmeithermos.com\/wp-content\/uploads\/2026\/04\/Wholesale-Large-Stainless-Steel-Stockpot1.webp\" alt=\"Mayorista Olla grande de acero inoxidable1\" class=\"wp-image-827\" srcset=\"https:\/\/www.lianmeithermos.com\/wp-content\/uploads\/2026\/04\/Wholesale-Large-Stainless-Steel-Stockpot1.webp 720w, https:\/\/www.lianmeithermos.com\/wp-content\/uploads\/2026\/04\/Wholesale-Large-Stainless-Steel-Stockpot1-300x300.webp 300w, https:\/\/www.lianmeithermos.com\/wp-content\/uploads\/2026\/04\/Wholesale-Large-Stainless-Steel-Stockpot1-150x150.webp 150w, https:\/\/www.lianmeithermos.com\/wp-content\/uploads\/2026\/04\/Wholesale-Large-Stainless-Steel-Stockpot1-12x12.webp 12w, https:\/\/www.lianmeithermos.com\/wp-content\/uploads\/2026\/04\/Wholesale-Large-Stainless-Steel-Stockpot1-600x600.webp 600w, https:\/\/www.lianmeithermos.com\/wp-content\/uploads\/2026\/04\/Wholesale-Large-Stainless-Steel-Stockpot1-100x100.webp 100w\" sizes=\"(max-width: 720px) 100vw, 720px\" \/><\/figure>\n<\/div>\n<\/div>\n<\/div>\n<\/div>","protected":false},"excerpt":{"rendered":"<p data-start=\"452\" data-end=\"647\">Mayorista Olla grande de acero inoxidable dise\u00f1ada para cocinar grandes vol\u00famenes. Fabricada en acero inoxidable grueso de alta resistencia, esta olla duradera garantiza una r\u00e1pida conducci\u00f3n del calor y un rendimiento duradero.<\/p>\n<h2>Especificaciones de la olla grande de acero inoxidable al por mayor<\/h2>\n<table data-path-to-node=\"1\">\n<thead>\n<tr>\n<td><strong>Estilo y tipo de asa<\/strong><\/td>\n<td><strong>Dimensiones (Di\u00e1metro * Altura cm)<\/strong><\/td>\n<td><strong>Material\uff08<span data-path-to-node=\"1,1,2,0\">Acero inoxidable\uff09<\/span><\/strong><\/td>\n<\/tr>\n<\/thead>\n<tbody>\n<tr>\n<td><span data-path-to-node=\"1,1,0,0\"><b data-path-to-node=\"1,1,0,0\" data-index-in-node=\"0\">Serie de asas de correa est\u00e1ndar<\/b><\/span><\/td>\n<td><span data-path-to-node=\"1,1,1,0\"><span data-path-to-node=\"1,1,1,0\" data-index-in-node=\"2\">25*25, 30*30, 35*35, 40*40, 45*45, 50*50<\/span><\/span><\/td>\n<td><span data-path-to-node=\"1,1,2,0\">201\u00a0<\/span><\/td>\n<\/tr>\n<tr>\n<td><span data-path-to-node=\"1,2,0,0\"><b data-path-to-node=\"1,2,0,0\" data-index-in-node=\"0\">Serie A - Mango remachado<\/b><\/span><\/td>\n<td>30*30, 35*35, 40*40, 45*45, 50*50, 60*60<\/td>\n<td><span data-path-to-node=\"1,2,2,0\">201\u00a0<\/span><\/td>\n<\/tr>\n<tr>\n<td><span data-path-to-node=\"1,3,0,0\"><b data-path-to-node=\"1,3,0,0\" data-index-in-node=\"0\">Serie B - Mango remachado<\/b><\/span><\/td>\n<td>30*30, 35*35, 40*40, 45*45, 50*50<\/td>\n<td><span data-path-to-node=\"1,3,2,0\">201\u00a0<\/span><\/td>\n<\/tr>\n<tr>\n<td><span data-path-to-node=\"1,4,0,0\"><b data-path-to-node=\"1,4,0,0\" data-index-in-node=\"0\">Modelos Deep &amp; Tall<\/b><\/span><\/td>\n<td>25*40,30*40,30*50,30*60,35*50,35*60,<br \/>40*50,40*60,45*60,50*60,60*70,60*80<\/td>\n<td>201<\/td>\n<\/tr>\n<tr>\n<td><span data-path-to-node=\"1,5,0,0\"><b data-path-to-node=\"1,5,0,0\" data-index-in-node=\"0\">Modelos bajos y anchos<\/b><\/span><\/td>\n<td>30*20,35*22,40*24,45*26,50*28<\/td>\n<td><span data-path-to-node=\"1,5,2,0\">201\u00a0<\/span><\/td>\n<\/tr>\n<\/tbody>\n<\/table>","protected":false},"featured_media":828,"comment_status":"closed","ping_status":"closed","template":"","meta":{"_acf_changed":false},"product_brand":[],"product_cat":[17],"product_tag":[25],"class_list":{"0":"post-820","1":"product","2":"type-product","3":"status-publish","4":"has-post-thumbnail","6":"product_cat-wholesale-stainless-steel-insulated-barrels","7":"product_tag-restaurant","9":"first","10":"instock","11":"shipping-taxable","12":"product-type-simple"},"acf":[],"_links":{"self":[{"href":"https:\/\/www.lianmeithermos.com\/es\/wp-json\/wp\/v2\/product\/820","targetHints":{"allow":["GET"]}}],"collection":[{"href":"https:\/\/www.lianmeithermos.com\/es\/wp-json\/wp\/v2\/product"}],"about":[{"href":"https:\/\/www.lianmeithermos.com\/es\/wp-json\/wp\/v2\/types\/product"}],"replies":[{"embeddable":true,"href":"https:\/\/www.lianmeithermos.com\/es\/wp-json\/wp\/v2\/comments?post=820"}],"wp:featuredmedia":[{"embeddable":true,"href":"https:\/\/www.lianmeithermos.com\/es\/wp-json\/wp\/v2\/media\/828"}],"wp:attachment":[{"href":"https:\/\/www.lianmeithermos.com\/es\/wp-json\/wp\/v2\/media?parent=820"}],"wp:term":[{"taxonomy":"product_brand","embeddable":true,"href":"https:\/\/www.lianmeithermos.com\/es\/wp-json\/wp\/v2\/product_brand?post=820"},{"taxonomy":"product_cat","embeddable":true,"href":"https:\/\/www.lianmeithermos.com\/es\/wp-json\/wp\/v2\/product_cat?post=820"},{"taxonomy":"product_tag","embeddable":true,"href":"https:\/\/www.lianmeithermos.com\/es\/wp-json\/wp\/v2\/product_tag?post=820"}],"curies":[{"name":"wp","href":"https:\/\/api.w.org\/{rel}","templated":true}]}}