{"id":825,"date":"2026-04-02T09:56:43","date_gmt":"2026-04-02T09:56:43","guid":{"rendered":"https:\/\/www.lianmeithermos.com\/?post_type=product&#038;p=825"},"modified":"2026-04-03T01:49:31","modified_gmt":"2026-04-03T01:49:31","slug":"bulk-stainless-steel-insulated-beverage-dispenser","status":"publish","type":"product","link":"https:\/\/www.lianmeithermos.com\/es\/producto\/bulk-stainless-steel-insulated-beverage-dispenser\/","title":{"rendered":"Dispensador de bebidas aislado de acero inoxidable a granel para leche, t\u00e9, agua y zumo"},"content":{"rendered":"<h2 class=\"wp-block-heading\">Caracter\u00edsticas del dispensador de bebidas aislado de acero inoxidable a granel<\/h2>\n\n\n\n<div class=\"wp-block-columns is-layout-flex wp-container-core-columns-is-layout-9d6595d7 wp-block-columns-is-layout-flex\">\n<div class=\"wp-block-column is-vertically-aligned-center is-layout-flow wp-block-column-is-layout-flow\">\n<div class=\"wp-block-columns is-layout-flex wp-container-core-columns-is-layout-9d6595d7 wp-block-columns-is-layout-flex\">\n<div class=\"wp-block-column is-vertically-aligned-top is-layout-flow wp-block-column-is-layout-flow\">\n<p><strong>Aislamiento superior en fr\u00edo y calor:<\/strong> Construida con acero inoxidable de doble pared y una capa aislante de alta densidad, mantiene eficazmente la temperatura de las bebidas durante largos periodos.<\/p>\n\n\n\n<p><strong>De calidad alimentaria, sin olor y resistente a la corrosi\u00f3n:<\/strong> Fabricado en acero inoxidable 304 de primera calidad, resistente a las altas temperaturas, al \u00f3xido y a la corrosi\u00f3n, garantiza la ausencia de olores y conserva el sabor original.<\/p>\n\n\n\n<p><strong>Duradero y resistente a altas temperaturas:<\/strong> Estructura resistente y duradera, no es f\u00e1cil que se oxide o deforme con el uso a altas temperaturas.<\/p>\n\n\n\n<p><strong>Grifo antigoteo para facilitar la dispensaci\u00f3n:<\/strong> Equipado con un grifo robusto para un vertido suave y sin fugas, que mejora la eficiencia del servicio.<\/p>\n\n\n\n<p><strong>Uso port\u00e1til y vers\u00e1til:<\/strong> F\u00e1cil de transportar y adecuado para puestos callejeros, catering, restaurantes y uso dom\u00e9stico.<\/p>\n\n\n\n<p><strong>F\u00e1cil de limpiar:<\/strong> La amplia abertura y el revestimiento interior sin costuras hacen que la limpieza sea sencilla, higi\u00e9nica y c\u00f3moda.<\/p>\n<\/div>\n\n\n\n<div class=\"wp-block-column is-layout-flow wp-block-column-is-layout-flow\">\n<figure class=\"wp-block-image size-full\"><img decoding=\"async\" width=\"720\" height=\"720\" src=\"https:\/\/www.lianmeithermos.com\/wp-content\/uploads\/2026\/04\/Bulk-Stainless-Steel-Insulated-Beverage-Dispenser.webp\" alt=\"Dispensador de bebidas aislado de acero inoxidable a granel\" class=\"wp-image-826\" srcset=\"https:\/\/www.lianmeithermos.com\/wp-content\/uploads\/2026\/04\/Bulk-Stainless-Steel-Insulated-Beverage-Dispenser.webp 720w, https:\/\/www.lianmeithermos.com\/wp-content\/uploads\/2026\/04\/Bulk-Stainless-Steel-Insulated-Beverage-Dispenser-300x300.webp 300w, https:\/\/www.lianmeithermos.com\/wp-content\/uploads\/2026\/04\/Bulk-Stainless-Steel-Insulated-Beverage-Dispenser-150x150.webp 150w, https:\/\/www.lianmeithermos.com\/wp-content\/uploads\/2026\/04\/Bulk-Stainless-Steel-Insulated-Beverage-Dispenser-12x12.webp 12w, https:\/\/www.lianmeithermos.com\/wp-content\/uploads\/2026\/04\/Bulk-Stainless-Steel-Insulated-Beverage-Dispenser-600x600.webp 600w, https:\/\/www.lianmeithermos.com\/wp-content\/uploads\/2026\/04\/Bulk-Stainless-Steel-Insulated-Beverage-Dispenser-100x100.webp 100w\" sizes=\"(max-width: 720px) 100vw, 720px\" \/><\/figure>\n<\/div>\n<\/div>\n<\/div>\n<\/div>","protected":false},"excerpt":{"rendered":"<p data-start=\"452\" data-end=\"647\">Dispensador de bebidas aislado de acero inoxidable a granel directo de f\u00e1brica con rejilla plegable, dise\u00f1ado para la portabilidad y un servicio eficiente. Adecuado para caf\u00e9, t\u00e9 con leche y bebidas calientes o fr\u00edas, es una soluci\u00f3n esencial para buffets, restaurantes y negocios de catering.<\/p>\n<h2>Especificaciones del dispensador de bebidas aislado de acero inoxidable a granel<\/h2>\n<table data-path-to-node=\"4\">\n<thead>\n<tr>\n<td><strong>Modelo<\/strong><\/td>\n<td><strong>Di\u00e1metro exterior (cm)<\/strong><\/td>\n<td><strong>Di\u00e1metro interior (cm)<\/strong><\/td>\n<td><strong>Altura exterior (cm)<\/strong><\/td>\n<td><strong>Altura interior (cm)<\/strong><\/td>\n<td><strong>Capacidad real (L)<\/strong><\/td>\n<td><strong>Peso neto (kg)<\/strong><\/td>\n<td><strong>Peso bruto (kg)<\/strong><\/td>\n<td><strong>Tama\u00f1o del cart\u00f3n (cm)<\/strong><\/td>\n<\/tr>\n<\/thead>\n<tbody>\n<tr>\n<td><span data-path-to-node=\"4,1,0,0\"><b data-path-to-node=\"4,1,0,0\" data-index-in-node=\"0\">6L<\/b><\/span><\/td>\n<td><span data-path-to-node=\"4,1,1,0\">22<\/span><\/td>\n<td><span data-path-to-node=\"4,1,2,0\">18<\/span><\/td>\n<td><span data-path-to-node=\"4,1,3,0\">28.5<\/span><\/td>\n<td><span data-path-to-node=\"4,1,4,0\">19.5<\/span><\/td>\n<td><span data-path-to-node=\"4,1,5,0\">5.0<\/span><\/td>\n<td><span data-path-to-node=\"4,1,6,0\">1.24<\/span><\/td>\n<td><span data-path-to-node=\"4,1,7,0\">1.62<\/span><\/td>\n<td><span data-path-to-node=\"4,1,8,0\">23.5 * 25 * 30.5<\/span><\/td>\n<\/tr>\n<tr>\n<td><span data-path-to-node=\"4,2,0,0\"><b data-path-to-node=\"4,2,0,0\" data-index-in-node=\"0\">8L<\/b><\/span><\/td>\n<td><span data-path-to-node=\"4,2,1,0\">22<\/span><\/td>\n<td><span data-path-to-node=\"4,2,2,0\">18<\/span><\/td>\n<td><span data-path-to-node=\"4,2,3,0\">33.5<\/span><\/td>\n<td><span data-path-to-node=\"4,2,4,0\">24.5<\/span><\/td>\n<td><span data-path-to-node=\"4,2,5,0\">6.2<\/span><\/td>\n<td><span data-path-to-node=\"4,2,6,0\">1.36<\/span><\/td>\n<td><span data-path-to-node=\"4,2,7,0\">1.78<\/span><\/td>\n<td><span data-path-to-node=\"4,2,8,0\">23.5 * 25 * 35.5<\/span><\/td>\n<\/tr>\n<tr>\n<td><span data-path-to-node=\"4,3,0,0\"><b data-path-to-node=\"4,3,0,0\" data-index-in-node=\"0\">10L<\/b><\/span><\/td>\n<td><span data-path-to-node=\"4,3,1,0\">22<\/span><\/td>\n<td><span data-path-to-node=\"4,3,2,0\">18<\/span><\/td>\n<td><span data-path-to-node=\"4,3,3,0\">38.5<\/span><\/td>\n<td><span data-path-to-node=\"4,3,4,0\">29.5<\/span><\/td>\n<td><span data-path-to-node=\"4,3,5,0\">8.0<\/span><\/td>\n<td><span data-path-to-node=\"4,3,6,0\">1.53<\/span><\/td>\n<td><span data-path-to-node=\"4,3,7,0\">1.96<\/span><\/td>\n<td><span data-path-to-node=\"4,3,8,0\">23.5 * 25 * 40.5<\/span><\/td>\n<\/tr>\n<tr>\n<td><span data-path-to-node=\"4,4,0,0\"><b data-path-to-node=\"4,4,0,0\" data-index-in-node=\"0\">12L<\/b><\/span><\/td>\n<td><span data-path-to-node=\"4,4,1,0\">22<\/span><\/td>\n<td><span data-path-to-node=\"4,4,2,0\">18<\/span><\/td>\n<td><span data-path-to-node=\"4,4,3,0\">43.5<\/span><\/td>\n<td><span data-path-to-node=\"4,4,4,0\">34.5<\/span><\/td>\n<td><span data-path-to-node=\"4,4,5,0\">9.0<\/span><\/td>\n<td><span data-path-to-node=\"4,4,6,0\">1.63<\/span><\/td>\n<td><span data-path-to-node=\"4,4,7,0\">2.11<\/span><\/td>\n<td><span data-path-to-node=\"4,4,8,0\">23.5 * 25 * 45.5<\/span><\/td>\n<\/tr>\n<tr>\n<td><span data-path-to-node=\"4,5,0,0\"><b data-path-to-node=\"4,5,0,0\" data-index-in-node=\"0\">14L<\/b><\/span><\/td>\n<td><span data-path-to-node=\"4,5,1,0\">26<\/span><\/td>\n<td><span data-path-to-node=\"4,5,2,0\">22<\/span><\/td>\n<td><span data-path-to-node=\"4,5,3,0\">39.5<\/span><\/td>\n<td><span data-path-to-node=\"4,5,4,0\">30.5<\/span><\/td>\n<td><span data-path-to-node=\"4,5,5,0\">12.0<\/span><\/td>\n<td><span data-path-to-node=\"4,5,6,0\">2.03<\/span><\/td>\n<td><span data-path-to-node=\"4,5,7,0\">2.77<\/span><\/td>\n<td><span data-path-to-node=\"4,5,8,0\">35 * 35 * 47<\/span><\/td>\n<\/tr>\n<tr>\n<td>\n<p><span data-path-to-node=\"4,6,0,0\"><b data-path-to-node=\"4,6,0,0\" data-index-in-node=\"0\">16L<\/b><\/span><\/p>\n<\/td>\n<td><span data-path-to-node=\"4,6,1,0\">26<\/span><\/td>\n<td><span data-path-to-node=\"4,6,2,0\">22<\/span><\/td>\n<td><span data-path-to-node=\"4,6,3,0\">47.5<\/span><\/td>\n<td><span data-path-to-node=\"4,6,4,0\">38.5<\/span><\/td>\n<td><span data-path-to-node=\"4,6,5,0\">15.0<\/span><\/td>\n<td><span data-path-to-node=\"4,6,6,0\">2.35<\/span><\/td>\n<td><span data-path-to-node=\"4,6,7,0\">3.17<\/span><\/td>\n<td><span data-path-to-node=\"4,6,8,0\">35 * 35 * 56<\/span><\/td>\n<\/tr>\n<\/tbody>\n<\/table>\n<table data-path-to-node=\"8\">\n<thead>\n<tr>\n<td><strong>Modelo<\/strong><\/td>\n<td><strong>Capacidad (kg)<\/strong><\/td>\n<td><strong>Vasos peque\u00f1os de 250 ml<\/strong><\/td>\n<td><strong>Vasos medianos de 350 ml<\/strong><\/td>\n<\/tr>\n<\/thead>\n<tbody>\n<tr>\n<td><span data-path-to-node=\"8,1,0,0\"><b data-path-to-node=\"8,1,0,0\" data-index-in-node=\"0\">6L<\/b><\/span><\/td>\n<td><span data-path-to-node=\"8,1,1,0\">5<\/span><\/td>\n<td><span data-path-to-node=\"8,1,2,0\">\u00a020 tazas<\/span><\/td>\n<td><span data-path-to-node=\"8,1,3,0\">14 tazas<\/span><\/td>\n<\/tr>\n<tr>\n<td><span data-path-to-node=\"8,2,0,0\"><b data-path-to-node=\"8,2,0,0\" data-index-in-node=\"0\">8L<\/b><\/span><\/td>\n<td><span data-path-to-node=\"8,2,1,0\">6<\/span><\/td>\n<td><span data-path-to-node=\"8,2,2,0\">\u00a024 tazas<\/span><\/td>\n<td><span data-path-to-node=\"8,2,3,0\">17 tazas<\/span><\/td>\n<\/tr>\n<tr>\n<td><span data-path-to-node=\"8,3,0,0\"><b data-path-to-node=\"8,3,0,0\" data-index-in-node=\"0\">10L<\/b><\/span><\/td>\n<td><span data-path-to-node=\"8,3,1,0\">8<\/span><\/td>\n<td><span data-path-to-node=\"8,3,2,0\">\u00a032 tazas<\/span><\/td>\n<td><span data-path-to-node=\"8,3,3,0\">22 tazas<\/span><\/td>\n<\/tr>\n<tr>\n<td><span data-path-to-node=\"8,4,0,0\"><b data-path-to-node=\"8,4,0,0\" data-index-in-node=\"0\">12L<\/b><\/span><\/td>\n<td><span data-path-to-node=\"8,4,1,0\">9<\/span><\/td>\n<td><span data-path-to-node=\"8,4,2,0\">36 tazas<\/span><\/td>\n<td><span data-path-to-node=\"8,4,3,0\">25 tazas<\/span><\/td>\n<\/tr>\n<tr>\n<td><span data-path-to-node=\"8,5,0,0\"><b data-path-to-node=\"8,5,0,0\" data-index-in-node=\"0\">14L<\/b><\/span><\/td>\n<td><span data-path-to-node=\"8,5,1,0\">12<\/span><\/td>\n<td><span data-path-to-node=\"8,5,2,0\">48 tazas<\/span><\/td>\n<td><span data-path-to-node=\"8,5,3,0\">34 tazas<\/span><\/td>\n<\/tr>\n<tr>\n<td><span data-path-to-node=\"8,6,0,0\"><b data-path-to-node=\"8,6,0,0\" data-index-in-node=\"0\">16L<\/b><\/span><\/td>\n<td><span data-path-to-node=\"8,6,1,0\">15<\/span><\/td>\n<td><span data-path-to-node=\"8,6,2,0\">60 tazas<\/span><\/td>\n<td><span data-path-to-node=\"8,6,3,0\">42 tazas<\/span><\/td>\n<\/tr>\n<\/tbody>\n<\/table>","protected":false},"featured_media":826,"comment_status":"closed","ping_status":"closed","template":"","meta":{"_acf_changed":false},"product_brand":[],"product_cat":[18],"product_tag":[25],"class_list":{"0":"post-825","1":"product","2":"type-product","3":"status-publish","4":"has-post-thumbnail","6":"product_cat-wholesale-milk-tea-buckets","7":"product_tag-restaurant","9":"first","10":"instock","11":"shipping-taxable","12":"product-type-simple"},"acf":[],"_links":{"self":[{"href":"https:\/\/www.lianmeithermos.com\/es\/wp-json\/wp\/v2\/product\/825","targetHints":{"allow":["GET"]}}],"collection":[{"href":"https:\/\/www.lianmeithermos.com\/es\/wp-json\/wp\/v2\/product"}],"about":[{"href":"https:\/\/www.lianmeithermos.com\/es\/wp-json\/wp\/v2\/types\/product"}],"replies":[{"embeddable":true,"href":"https:\/\/www.lianmeithermos.com\/es\/wp-json\/wp\/v2\/comments?post=825"}],"wp:featuredmedia":[{"embeddable":true,"href":"https:\/\/www.lianmeithermos.com\/es\/wp-json\/wp\/v2\/media\/826"}],"wp:attachment":[{"href":"https:\/\/www.lianmeithermos.com\/es\/wp-json\/wp\/v2\/media?parent=825"}],"wp:term":[{"taxonomy":"product_brand","embeddable":true,"href":"https:\/\/www.lianmeithermos.com\/es\/wp-json\/wp\/v2\/product_brand?post=825"},{"taxonomy":"product_cat","embeddable":true,"href":"https:\/\/www.lianmeithermos.com\/es\/wp-json\/wp\/v2\/product_cat?post=825"},{"taxonomy":"product_tag","embeddable":true,"href":"https:\/\/www.lianmeithermos.com\/es\/wp-json\/wp\/v2\/product_tag?post=825"}],"curies":[{"name":"wp","href":"https:\/\/api.w.org\/{rel}","templated":true}]}}