{"id":829,"date":"2026-04-03T03:24:59","date_gmt":"2026-04-03T03:24:59","guid":{"rendered":"https:\/\/www.lianmeithermos.com\/?post_type=product&#038;p=829"},"modified":"2026-04-03T06:26:44","modified_gmt":"2026-04-03T06:26:44","slug":"wholesale-large-airtight-stainless-steel-containers","status":"publish","type":"product","link":"https:\/\/www.lianmeithermos.com\/es\/producto\/wholesale-large-airtight-stainless-steel-containers\/","title":{"rendered":"Mayorista Grandes Contenedores Herm\u00e9ticos de Acero Inoxidable para Arroz, Aceite, Harina, etc."},"content":{"rendered":"<h2 class=\"wp-block-heading\">Caracter\u00edsticas de los Recipientes herm\u00e9ticos grandes de acero inoxidable al por mayor<\/h2>\n\n\n\n<div class=\"wp-block-columns is-layout-flex wp-container-core-columns-is-layout-9d6595d7 wp-block-columns-is-layout-flex\">\n<div class=\"wp-block-column is-vertically-aligned-center is-layout-flow wp-block-column-is-layout-flow\">\n<div class=\"wp-block-columns is-layout-flex wp-container-core-columns-is-layout-9d6595d7 wp-block-columns-is-layout-flex\">\n<div class=\"wp-block-column is-vertically-aligned-top is-layout-flow wp-block-column-is-layout-flow\">\n<p><strong>Sello herm\u00e9tico superior:<\/strong> Equipado con un anillo de sellado de calidad profesional y un mecanismo de bloqueo para garantizar una <strong>a prueba de fugas<\/strong> que conserva la frescura y el sabor.<\/p>\n\n\n\n<p><strong>Protecci\u00f3n total:<\/strong> Avanzado <strong>a prueba de humedad y plagas<\/strong> protege sus productos secos, cereales o l\u00edquidos de la contaminaci\u00f3n ambiental.<\/p>\n\n\n\n<p><strong>Gran durabilidad:<\/strong> Hecho de <strong>acero inoxidable grueso de alta calidad<\/strong> a prueba de \u00f3xido y fabricada para soportar los rigores de un uso comercial de gran volumen.<\/p>\n\n\n\n<p><strong>Almacenamiento multiusos:<\/strong> Un contenedor verdaderamente universal, perfecto para <strong>almacenamiento de arroz, aceite, harina y l\u00edquidos a granel<\/strong> en locales de restauraci\u00f3n o industriales.<\/p>\n\n\n\n<p><strong>Higi\u00e9nico y f\u00e1cil de limpiar:<\/strong> El interior liso y pulido garantiza <strong>limpieza f\u00e1cil<\/strong> y evita la acumulaci\u00f3n de residuos, cumpliendo estrictas normas de seguridad alimentaria.<\/p>\n<\/div>\n\n\n\n<div class=\"wp-block-column is-layout-flow wp-block-column-is-layout-flow\">\n<figure class=\"wp-block-image size-full\"><img decoding=\"async\" width=\"800\" height=\"800\" src=\"https:\/\/www.lianmeithermos.com\/wp-content\/uploads\/2026\/04\/Wholesale-Large-Airtight-Stainless-Steel-Containers1.png\" alt=\"Mayorista Recipientes herm\u00e9ticos grandes de acero inoxidable1\" class=\"wp-image-830\" srcset=\"https:\/\/www.lianmeithermos.com\/wp-content\/uploads\/2026\/04\/Wholesale-Large-Airtight-Stainless-Steel-Containers1.png 800w, https:\/\/www.lianmeithermos.com\/wp-content\/uploads\/2026\/04\/Wholesale-Large-Airtight-Stainless-Steel-Containers1-300x300.png 300w, https:\/\/www.lianmeithermos.com\/wp-content\/uploads\/2026\/04\/Wholesale-Large-Airtight-Stainless-Steel-Containers1-150x150.png 150w, https:\/\/www.lianmeithermos.com\/wp-content\/uploads\/2026\/04\/Wholesale-Large-Airtight-Stainless-Steel-Containers1-768x768.png 768w, https:\/\/www.lianmeithermos.com\/wp-content\/uploads\/2026\/04\/Wholesale-Large-Airtight-Stainless-Steel-Containers1-12x12.png 12w, https:\/\/www.lianmeithermos.com\/wp-content\/uploads\/2026\/04\/Wholesale-Large-Airtight-Stainless-Steel-Containers1-600x600.png 600w, https:\/\/www.lianmeithermos.com\/wp-content\/uploads\/2026\/04\/Wholesale-Large-Airtight-Stainless-Steel-Containers1-100x100.png 100w\" sizes=\"(max-width: 800px) 100vw, 800px\" \/><\/figure>\n<\/div>\n<\/div>\n<\/div>\n<\/div>","protected":false},"excerpt":{"rendered":"<p data-pm-slice=\"1 1 []\">Venta directa de f\u00e1brica al por mayor de grandes recipientes herm\u00e9ticos de acero inoxidable, duraderos y f\u00e1ciles de almacenar. Perfecto para el arroz, aceite, harina y otros ingredientes a granel. Ideal para restaurantes, catering y uso dom\u00e9stico.<\/p>\n<h2>Especificaciones al por mayor de Recipientes herm\u00e9ticos grandes de acero inoxidable<\/h2>\n<table style=\"border-collapse: collapse; width: 328.02pt;\" border=\"0\" width=\"328\" cellspacing=\"0\" cellpadding=\"0\">\n<tbody>\n<tr style=\"height: 55.00pt;\">\n<td class=\"et2\" style=\"height: 55.00pt; width: 79.10pt;\" width=\"79\" height=\"55\">Capacidad (litros)<\/td>\n<td class=\"et2\" style=\"width: 130.00pt;\" width=\"130\">Materia\uff08Acero inoxidable\uff09<\/td>\n<td class=\"et2\" style=\"width: 119.15pt;\" width=\"119\">Dimensiones (LWH cm)<\/td>\n<\/tr>\n<tr style=\"height: 16.80pt;\">\n<td class=\"et3\" style=\"height: 16.80pt;\" height=\"16\">20L<\/td>\n<td class=\"et3\">304<\/td>\n<td class=\"et3\">25*25*35<\/td>\n<\/tr>\n<tr style=\"height: 16.80pt;\">\n<td class=\"et3\" style=\"height: 16.80pt;\" height=\"16\">33L<\/td>\n<td class=\"et3\">304<\/td>\n<td class=\"et3\">30*30*40<\/td>\n<\/tr>\n<tr style=\"height: 16.80pt;\">\n<td class=\"et3\" style=\"height: 16.80pt;\" height=\"16\">50L<\/td>\n<td class=\"et3\">304<\/td>\n<td class=\"et3\">35*35*45<\/td>\n<\/tr>\n<tr style=\"height: 16.80pt;\">\n<td class=\"et3\" style=\"height: 16.80pt;\" height=\"16\">75L<\/td>\n<td class=\"et3\">304<\/td>\n<td class=\"et3\">40*40*50<\/td>\n<\/tr>\n<tr style=\"height: 16.80pt;\">\n<td class=\"et3\" style=\"height: 16.80pt;\" height=\"16\">20L<\/td>\n<td class=\"et3\">304<\/td>\n<td class=\"et3\">25*25*35<\/td>\n<\/tr>\n<tr style=\"height: 16.80pt;\">\n<td class=\"et3\" style=\"height: 16.80pt;\" height=\"16\">33L<\/td>\n<td class=\"et3\">304<\/td>\n<td class=\"et3\">30*30*40<\/td>\n<\/tr>\n<tr style=\"height: 16.80pt;\">\n<td class=\"et3\" style=\"height: 16.80pt;\" height=\"16\">50L<\/td>\n<td class=\"et3\">304<\/td>\n<td class=\"et3\">35*35*45<\/td>\n<\/tr>\n<tr style=\"height: 16.80pt;\">\n<td class=\"et3\" style=\"height: 16.80pt;\" height=\"16\">75L<\/td>\n<td class=\"et3\">304<\/td>\n<td class=\"et3\">40*40*50<\/td>\n<\/tr>\n<\/tbody>\n<\/table>","protected":false},"featured_media":830,"comment_status":"closed","ping_status":"closed","template":"","meta":{"_acf_changed":false},"product_brand":[],"product_cat":[17],"product_tag":[25],"class_list":{"0":"post-829","1":"product","2":"type-product","3":"status-publish","4":"has-post-thumbnail","6":"product_cat-wholesale-stainless-steel-insulated-barrels","7":"product_tag-restaurant","9":"first","10":"instock","11":"shipping-taxable","12":"product-type-simple"},"acf":[],"_links":{"self":[{"href":"https:\/\/www.lianmeithermos.com\/es\/wp-json\/wp\/v2\/product\/829","targetHints":{"allow":["GET"]}}],"collection":[{"href":"https:\/\/www.lianmeithermos.com\/es\/wp-json\/wp\/v2\/product"}],"about":[{"href":"https:\/\/www.lianmeithermos.com\/es\/wp-json\/wp\/v2\/types\/product"}],"replies":[{"embeddable":true,"href":"https:\/\/www.lianmeithermos.com\/es\/wp-json\/wp\/v2\/comments?post=829"}],"wp:featuredmedia":[{"embeddable":true,"href":"https:\/\/www.lianmeithermos.com\/es\/wp-json\/wp\/v2\/media\/830"}],"wp:attachment":[{"href":"https:\/\/www.lianmeithermos.com\/es\/wp-json\/wp\/v2\/media?parent=829"}],"wp:term":[{"taxonomy":"product_brand","embeddable":true,"href":"https:\/\/www.lianmeithermos.com\/es\/wp-json\/wp\/v2\/product_brand?post=829"},{"taxonomy":"product_cat","embeddable":true,"href":"https:\/\/www.lianmeithermos.com\/es\/wp-json\/wp\/v2\/product_cat?post=829"},{"taxonomy":"product_tag","embeddable":true,"href":"https:\/\/www.lianmeithermos.com\/es\/wp-json\/wp\/v2\/product_tag?post=829"}],"curies":[{"name":"wp","href":"https:\/\/api.w.org\/{rel}","templated":true}]}}