{"id":831,"date":"2026-04-03T08:06:07","date_gmt":"2026-04-03T08:06:07","guid":{"rendered":"https:\/\/www.lianmeithermos.com\/?post_type=product&#038;p=831"},"modified":"2026-04-03T08:41:48","modified_gmt":"2026-04-03T08:41:48","slug":"wholesale-milk-tea-barrel-stainless-steel-milk-tea-bucket","status":"publish","type":"product","link":"https:\/\/www.lianmeithermos.com\/es\/producto\/wholesale-milk-tea-barrel-stainless-steel-milk-tea-bucket\/","title":{"rendered":"Mayorista Barril de t\u00e9 con leche Cubo de t\u00e9 con leche de acero inoxidable"},"content":{"rendered":"<h2 class=\"wp-block-heading\">Caracter\u00edsticas de Barril de t\u00e9 con leche al por mayor<\/h2>\n\n\n\n<div class=\"wp-block-columns is-layout-flex wp-container-core-columns-is-layout-9d6595d7 wp-block-columns-is-layout-flex\">\n<div class=\"wp-block-column is-vertically-aligned-center is-layout-flow wp-block-column-is-layout-flow\">\n<div class=\"wp-block-columns is-layout-flex wp-container-core-columns-is-layout-9d6595d7 wp-block-columns-is-layout-flex\">\n<div class=\"wp-block-column is-vertically-aligned-top is-layout-flow wp-block-column-is-layout-flow\">\n<p><strong>Aislamiento fr\u00edo y caliente<\/strong>\uff1a Dise\u00f1ado para mantener la temperatura de las bebidas tanto fr\u00edas como calientes, garantizando un sabor y una calidad constantes durante el servicio. <br><strong>De calidad alimentaria y sin olores<\/strong>Fabricado en acero inoxidable de alta calidad, seguro, no t\u00f3xico y resistente a la absorci\u00f3n de olores. <br><strong>Resistente a la corrosi\u00f3n y al \u00f3xido\uff1a<\/strong> Construido con acero inoxidable duradero que resiste la corrosi\u00f3n, las altas temperaturas y el uso comercial a largo plazo sin oxidarse. <br><strong>C\u00f3modo dise\u00f1o del grifo<\/strong>\uff1a Equipado con un grifo f\u00e1cil de usar para una dispensaci\u00f3n suave y controlada, ideal para entornos de servicio de bebidas muy concurridos. <br><strong>F\u00e1cil de limpiar y de uso vers\u00e1til<\/strong>\uff1a Estructura sencilla para una limpieza r\u00e1pida, adecuada para tiendas de t\u00e9 con leche, vendedores ambulantes, uso dom\u00e9stico y negocios de catering.<\/p>\n<\/div>\n\n\n\n<div class=\"wp-block-column is-layout-flow wp-block-column-is-layout-flow\">\n<figure class=\"wp-block-image size-full\"><img decoding=\"async\" width=\"800\" height=\"800\" src=\"https:\/\/www.lianmeithermos.com\/wp-content\/uploads\/2026\/04\/Wholesale-Milk-Tea-Barrel.webp\" alt=\"Venta al por mayor Barril de t\u00e9 con leche\" class=\"wp-image-832\" srcset=\"https:\/\/www.lianmeithermos.com\/wp-content\/uploads\/2026\/04\/Wholesale-Milk-Tea-Barrel.webp 800w, https:\/\/www.lianmeithermos.com\/wp-content\/uploads\/2026\/04\/Wholesale-Milk-Tea-Barrel-300x300.webp 300w, https:\/\/www.lianmeithermos.com\/wp-content\/uploads\/2026\/04\/Wholesale-Milk-Tea-Barrel-150x150.webp 150w, https:\/\/www.lianmeithermos.com\/wp-content\/uploads\/2026\/04\/Wholesale-Milk-Tea-Barrel-768x768.webp 768w, https:\/\/www.lianmeithermos.com\/wp-content\/uploads\/2026\/04\/Wholesale-Milk-Tea-Barrel-12x12.webp 12w, https:\/\/www.lianmeithermos.com\/wp-content\/uploads\/2026\/04\/Wholesale-Milk-Tea-Barrel-600x600.webp 600w, https:\/\/www.lianmeithermos.com\/wp-content\/uploads\/2026\/04\/Wholesale-Milk-Tea-Barrel-100x100.webp 100w\" sizes=\"(max-width: 800px) 100vw, 800px\" \/><\/figure>\n<\/div>\n<\/div>\n<\/div>\n<\/div>","protected":false},"excerpt":{"rendered":"<p data-start=\"452\" data-end=\"647\">Nuestro barril de t\u00e9 con leche al por mayor ofrece una retenci\u00f3n fiable del calor, resistencia a la corrosi\u00f3n y f\u00e1cil limpieza. Equipado con un grifo conveniente, es perfecto para servir t\u00e9 con leche, zumo y otras bebidas en entornos comerciales ocupados.<\/p>\n<h2>Especificaciones del barril de t\u00e9 con leche al por mayor<\/h2>\n<table>\n<thead>\n<tr>\n<th>Capacidad<\/th>\n<th>Di\u00e1metro interior (cm)<\/th>\n<th>Di\u00e1metro exterior (cm)<\/th>\n<th>Altura interior (cm)<\/th>\n<th>Altura exterior (cm)<\/th>\n<\/tr>\n<\/thead>\n<tbody>\n<tr>\n<td>7L<\/td>\n<td>18<\/td>\n<td>24<\/td>\n<td>20<\/td>\n<td>25<\/td>\n<\/tr>\n<tr>\n<td>9L<\/td>\n<td>18<\/td>\n<td>24<\/td>\n<td>25<\/td>\n<td>30<\/td>\n<\/tr>\n<tr>\n<td>11L<\/td>\n<td>18<\/td>\n<td>24<\/td>\n<td>30<\/td>\n<td>35<\/td>\n<\/tr>\n<tr>\n<td>13L<\/td>\n<td>22.5<\/td>\n<td>29.5<\/td>\n<td>25<\/td>\n<td>34.5<\/td>\n<\/tr>\n<tr>\n<td>15L<\/td>\n<td>22.5<\/td>\n<td>29.5<\/td>\n<td>34<\/td>\n<td>41.5<\/td>\n<\/tr>\n<tr>\n<td>17L<\/td>\n<td>22.5<\/td>\n<td>29.5<\/td>\n<td>38<\/td>\n<td>46<\/td>\n<\/tr>\n<tr>\n<td>20L<\/td>\n<td>22.5<\/td>\n<td>29.5<\/td>\n<td>41<\/td>\n<td>50<\/td>\n<\/tr>\n<\/tbody>\n<\/table>","protected":false},"featured_media":832,"comment_status":"closed","ping_status":"closed","template":"","meta":{"_acf_changed":false},"product_brand":[],"product_cat":[18],"product_tag":[25],"class_list":{"0":"post-831","1":"product","2":"type-product","3":"status-publish","4":"has-post-thumbnail","6":"product_cat-wholesale-milk-tea-buckets","7":"product_tag-restaurant","9":"first","10":"instock","11":"shipping-taxable","12":"product-type-simple"},"acf":[],"_links":{"self":[{"href":"https:\/\/www.lianmeithermos.com\/es\/wp-json\/wp\/v2\/product\/831","targetHints":{"allow":["GET"]}}],"collection":[{"href":"https:\/\/www.lianmeithermos.com\/es\/wp-json\/wp\/v2\/product"}],"about":[{"href":"https:\/\/www.lianmeithermos.com\/es\/wp-json\/wp\/v2\/types\/product"}],"replies":[{"embeddable":true,"href":"https:\/\/www.lianmeithermos.com\/es\/wp-json\/wp\/v2\/comments?post=831"}],"wp:featuredmedia":[{"embeddable":true,"href":"https:\/\/www.lianmeithermos.com\/es\/wp-json\/wp\/v2\/media\/832"}],"wp:attachment":[{"href":"https:\/\/www.lianmeithermos.com\/es\/wp-json\/wp\/v2\/media?parent=831"}],"wp:term":[{"taxonomy":"product_brand","embeddable":true,"href":"https:\/\/www.lianmeithermos.com\/es\/wp-json\/wp\/v2\/product_brand?post=831"},{"taxonomy":"product_cat","embeddable":true,"href":"https:\/\/www.lianmeithermos.com\/es\/wp-json\/wp\/v2\/product_cat?post=831"},{"taxonomy":"product_tag","embeddable":true,"href":"https:\/\/www.lianmeithermos.com\/es\/wp-json\/wp\/v2\/product_tag?post=831"}],"curies":[{"name":"wp","href":"https:\/\/api.w.org\/{rel}","templated":true}]}}