{"id":833,"date":"2026-04-03T10:12:38","date_gmt":"2026-04-03T10:12:38","guid":{"rendered":"https:\/\/www.lianmeithermos.com\/?post_type=product&#038;p=833"},"modified":"2026-04-04T07:53:00","modified_gmt":"2026-04-04T07:53:00","slug":"wholesale-stainless-steel-cereal-container-kitchen-food-rice-storage-bucket","status":"publish","type":"product","link":"https:\/\/www.lianmeithermos.com\/es\/producto\/wholesale-stainless-steel-cereal-container-kitchen-food-rice-storage-bucket\/","title":{"rendered":"Mayorista Contenedor de Cereales de Acero Inoxidable Cubo de Arroz para Cocina"},"content":{"rendered":"<h2 class=\"wp-block-heading\">Caracter\u00edsticas del contenedor de cereales de acero inoxidable al por mayor<\/h2>\n\n\n\n<div class=\"wp-block-columns is-layout-flex wp-container-core-columns-is-layout-9d6595d7 wp-block-columns-is-layout-flex\">\n<div class=\"wp-block-column is-vertically-aligned-center is-layout-flow wp-block-column-is-layout-flow\">\n<div class=\"wp-block-columns is-layout-flex wp-container-core-columns-is-layout-9d6595d7 wp-block-columns-is-layout-flex\">\n<div class=\"wp-block-column is-vertically-aligned-top is-layout-flow wp-block-column-is-layout-flow\">\n<p><strong>Herm\u00e9tico y seguro:<\/strong> Dispone de una tapa herm\u00e9tica que mantiene los alimentos secos, evita la entrada de insectos y evita las fugas, garantizando un almacenamiento seguro a largo plazo. <strong>Frescura y conservaci\u00f3n del sabor:<\/strong> Dise\u00f1ado para conservar la frescura y mantener el sabor original del arroz, los cereales y otros ingredientes a granel. <br><strong>Construcci\u00f3n duradera y resistente al \u00f3xido:<\/strong> Fabricado en acero inoxidable grueso de alta calidad que resiste la corrosi\u00f3n, las abolladuras y el desgaste para un uso duradero. <strong>F\u00e1cil de limpiar y mantener:<\/strong> Las superficies interiores y exteriores lisas facilitan la limpieza al tiempo que mantienen la higiene y la durabilidad. <br><strong>Almacenamiento vers\u00e1til y polivalente:<\/strong> Ideal para almacenar arroz, harina, aceite, cereales y otros ingredientes secos o a granel de uso dom\u00e9stico o comercial.<\/p>\n<\/div>\n\n\n\n<div class=\"wp-block-column is-layout-flow wp-block-column-is-layout-flow\">\n<figure class=\"wp-block-image size-full\"><img decoding=\"async\" width=\"800\" height=\"800\" src=\"https:\/\/www.lianmeithermos.com\/wp-content\/uploads\/2026\/04\/Wholesale-Stainless-Steel-Cereal-Container.webp\" alt=\"Mayorista Recipiente de acero inoxidable para cereales\" class=\"wp-image-834\" srcset=\"https:\/\/www.lianmeithermos.com\/wp-content\/uploads\/2026\/04\/Wholesale-Stainless-Steel-Cereal-Container.webp 800w, https:\/\/www.lianmeithermos.com\/wp-content\/uploads\/2026\/04\/Wholesale-Stainless-Steel-Cereal-Container-300x300.webp 300w, https:\/\/www.lianmeithermos.com\/wp-content\/uploads\/2026\/04\/Wholesale-Stainless-Steel-Cereal-Container-150x150.webp 150w, https:\/\/www.lianmeithermos.com\/wp-content\/uploads\/2026\/04\/Wholesale-Stainless-Steel-Cereal-Container-768x768.webp 768w, https:\/\/www.lianmeithermos.com\/wp-content\/uploads\/2026\/04\/Wholesale-Stainless-Steel-Cereal-Container-12x12.webp 12w, https:\/\/www.lianmeithermos.com\/wp-content\/uploads\/2026\/04\/Wholesale-Stainless-Steel-Cereal-Container-600x600.webp 600w, https:\/\/www.lianmeithermos.com\/wp-content\/uploads\/2026\/04\/Wholesale-Stainless-Steel-Cereal-Container-100x100.webp 100w\" sizes=\"(max-width: 800px) 100vw, 800px\" \/><\/figure>\n<\/div>\n<\/div>\n<\/div>\n<\/div>","protected":false},"excerpt":{"rendered":"<p data-pm-slice=\"1 1 []\">Recipientes de acero inoxidable para cereales al por mayor con cierre herm\u00e9tico para un almacenamiento seguro y duradero. Robustos, resistentes a la corrosi\u00f3n y f\u00e1ciles de limpiar, ideales para arroz, harina, cereales y otros ingredientes a granel en hogares, restaurantes o negocios de catering.<\/p>\n<h2>Especificaciones del contenedor de cereales de acero inoxidable al por mayor<\/h2>\n<table>\n<thead>\n<tr>\n<th>Grado 304<\/th>\n<th>Di\u00e1metro interior (cm)<\/th>\n<th>Altura interior (cm)<\/th>\n<th>Vino(L)<\/th>\n<th>Agua (L)<\/th>\n<th>Arroz(kg)<\/th>\n<th>T\u00e9(kg)<\/th>\n<\/tr>\n<\/thead>\n<tbody>\n<tr>\n<td>6L<\/td>\n<td>20<\/td>\n<td>20<\/td>\n<td>10<\/td>\n<td>12<\/td>\n<td>4.0<\/td>\n<td>1.0<\/td>\n<\/tr>\n<tr>\n<td>12L<\/td>\n<td>25<\/td>\n<td>25<\/td>\n<td>20<\/td>\n<td>24<\/td>\n<td>7.5<\/td>\n<td>2.5<\/td>\n<\/tr>\n<tr>\n<td>21L<\/td>\n<td>30<\/td>\n<td>30<\/td>\n<td>40<\/td>\n<td>42<\/td>\n<td>16.0<\/td>\n<td>5.0<\/td>\n<\/tr>\n<tr>\n<td>33L<\/td>\n<td>35<\/td>\n<td>35<\/td>\n<td>65<\/td>\n<td>67<\/td>\n<td>28.5<\/td>\n<td>10.0<\/td>\n<\/tr>\n<tr>\n<td>48L<\/td>\n<td>40<\/td>\n<td>40<\/td>\n<td>98<\/td>\n<td>100<\/td>\n<td>39.0<\/td>\n<td>15.0<\/td>\n<\/tr>\n<tr>\n<td>70L<\/td>\n<td>45<\/td>\n<td>45<\/td>\n<td>140<\/td>\n<td>143<\/td>\n<td>55.0<\/td>\n<td>25.0<\/td>\n<\/tr>\n<tr>\n<td>98L<\/td>\n<td>50<\/td>\n<td>50<\/td>\n<td>194<\/td>\n<td>196<\/td>\n<td>77.5<\/td>\n<td>30.0<\/td>\n<\/tr>\n<\/tbody>\n<\/table>\n<table>\n<thead>\n<tr>\n<th>201 Grado<\/th>\n<th>Di\u00e1metro (cm)<\/th>\n<th>Altura (cm)<\/th>\n<th>Agua (L)<\/th>\n<th>Arroz(kg)<\/th>\n<th>T\u00e9(kg)<\/th>\n<\/tr>\n<\/thead>\n<tbody>\n<tr>\n<td>6L<\/td>\n<td>22.5<\/td>\n<td>21.5<\/td>\n<td>11<\/td>\n<td>4.8<\/td>\n<td>1.0<\/td>\n<\/tr>\n<tr>\n<td>9L<\/td>\n<td>28<\/td>\n<td>21<\/td>\n<td>17<\/td>\n<td>7.0<\/td>\n<td>2.0<\/td>\n<\/tr>\n<tr>\n<td>12L<\/td>\n<td>27.5<\/td>\n<td>27.5<\/td>\n<td>23<\/td>\n<td>9.5<\/td>\n<td>2.5<\/td>\n<\/tr>\n<tr>\n<td>16L<\/td>\n<td>28<\/td>\n<td>36<\/td>\n<td>31<\/td>\n<td>12.8<\/td>\n<td>4.0<\/td>\n<\/tr>\n<tr>\n<td>21L<\/td>\n<td>33<\/td>\n<td>31<\/td>\n<td>23<\/td>\n<td>20.7<\/td>\n<td>3.0<\/td>\n<\/tr>\n<tr>\n<td>28L<\/td>\n<td>33<\/td>\n<td>40.5<\/td>\n<td>33<\/td>\n<td>29.7<\/td>\n<td>4.0<\/td>\n<\/tr>\n<tr>\n<td>33L<\/td>\n<td>38<\/td>\n<td>35<\/td>\n<td>39<\/td>\n<td>35.1<\/td>\n<td>5.0<\/td>\n<\/tr>\n<tr>\n<td>48L<\/td>\n<td>43<\/td>\n<td>41.5<\/td>\n<td>97<\/td>\n<td>40.0<\/td>\n<td>15.0<\/td>\n<\/tr>\n<tr>\n<td>60L<\/td>\n<td>60<\/td>\n<td>43<\/td>\n<td>118<\/td>\n<td>47.5<\/td>\n<td>20.0<\/td>\n<\/tr>\n<tr>\n<td>70L<\/td>\n<td>47.5<\/td>\n<td>43<\/td>\n<td>138<\/td>\n<td>55.0<\/td>\n<td>25.0<\/td>\n<\/tr>\n<tr>\n<td>88L<\/td>\n<td>48<\/td>\n<td>56<\/td>\n<td>173<\/td>\n<td>70.0<\/td>\n<td>31.0<\/td>\n<\/tr>\n<tr>\n<td>98L<\/td>\n<td>53<\/td>\n<td>51<\/td>\n<td>194<\/td>\n<td>77.5<\/td>\n<td>30.0<\/td>\n<\/tr>\n<tr>\n<td>118L<\/td>\n<td>53<\/td>\n<td>60<\/td>\n<td>210<\/td>\n<td>90.0<\/td>\n<td>35.0<\/td>\n<\/tr>\n<\/tbody>\n<\/table>\n<table>\n<thead>\n<tr>\n<th>304 Versi\u00f3n mejorada<\/th>\n<th>Di\u00e1metro (cm)<\/th>\n<th>Altura (cm)<\/th>\n<\/tr>\n<\/thead>\n<tbody>\n<tr>\n<td>12L<\/td>\n<td>27.5<\/td>\n<td>26<\/td>\n<\/tr>\n<tr>\n<td>21L<\/td>\n<td>33<\/td>\n<td>31<\/td>\n<\/tr>\n<tr>\n<td>33L<\/td>\n<td>38<\/td>\n<td>35.5<\/td>\n<\/tr>\n<tr>\n<td>50L<\/td>\n<td>43<\/td>\n<td>41<\/td>\n<\/tr>\n<tr>\n<td>76L<\/td>\n<td>43<\/td>\n<td>60.5<\/td>\n<\/tr>\n<\/tbody>\n<\/table>","protected":false},"featured_media":834,"comment_status":"closed","ping_status":"closed","template":"","meta":{"_acf_changed":false},"product_brand":[],"product_cat":[17],"product_tag":[25],"class_list":{"0":"post-833","1":"product","2":"type-product","3":"status-publish","4":"has-post-thumbnail","6":"product_cat-wholesale-stainless-steel-insulated-barrels","7":"product_tag-restaurant","9":"first","10":"instock","11":"shipping-taxable","12":"product-type-simple"},"acf":[],"_links":{"self":[{"href":"https:\/\/www.lianmeithermos.com\/es\/wp-json\/wp\/v2\/product\/833","targetHints":{"allow":["GET"]}}],"collection":[{"href":"https:\/\/www.lianmeithermos.com\/es\/wp-json\/wp\/v2\/product"}],"about":[{"href":"https:\/\/www.lianmeithermos.com\/es\/wp-json\/wp\/v2\/types\/product"}],"replies":[{"embeddable":true,"href":"https:\/\/www.lianmeithermos.com\/es\/wp-json\/wp\/v2\/comments?post=833"}],"wp:featuredmedia":[{"embeddable":true,"href":"https:\/\/www.lianmeithermos.com\/es\/wp-json\/wp\/v2\/media\/834"}],"wp:attachment":[{"href":"https:\/\/www.lianmeithermos.com\/es\/wp-json\/wp\/v2\/media?parent=833"}],"wp:term":[{"taxonomy":"product_brand","embeddable":true,"href":"https:\/\/www.lianmeithermos.com\/es\/wp-json\/wp\/v2\/product_brand?post=833"},{"taxonomy":"product_cat","embeddable":true,"href":"https:\/\/www.lianmeithermos.com\/es\/wp-json\/wp\/v2\/product_cat?post=833"},{"taxonomy":"product_tag","embeddable":true,"href":"https:\/\/www.lianmeithermos.com\/es\/wp-json\/wp\/v2\/product_tag?post=833"}],"curies":[{"name":"wp","href":"https:\/\/api.w.org\/{rel}","templated":true}]}}