{"id":836,"date":"2026-04-05T00:18:36","date_gmt":"2026-04-05T00:18:36","guid":{"rendered":"https:\/\/www.lianmeithermos.com\/?post_type=product&#038;p=836"},"modified":"2026-04-05T00:24:27","modified_gmt":"2026-04-05T00:24:27","slug":"wholesale-stainless-steel-food-carrier","status":"publish","type":"product","link":"https:\/\/www.lianmeithermos.com\/es\/producto\/wholesale-stainless-steel-food-carrier\/","title":{"rendered":"Mayorista Porta alimentos de acero inoxidable con dise\u00f1o apilable de varias capas"},"content":{"rendered":"<h2 class=\"wp-block-heading\">Caracter\u00edsticas del transportador de alimentos de acero inoxidable al por mayor<\/h2>\n\n\n\n<div class=\"wp-block-columns is-layout-flex wp-container-core-columns-is-layout-9d6595d7 wp-block-columns-is-layout-flex\">\n<div class=\"wp-block-column is-vertically-aligned-center is-layout-flow wp-block-column-is-layout-flow\">\n<div class=\"wp-block-columns is-layout-flex wp-container-core-columns-is-layout-9d6595d7 wp-block-columns-is-layout-flex\">\n<div class=\"wp-block-column is-vertically-aligned-top is-layout-flow wp-block-column-is-layout-flow\">\n<p><strong>Dise\u00f1o apilable multicapa<\/strong><br>Su innovadora estructura escalonada permite almacenar varios platos por separado en un mismo soporte, lo que lo hace perfecto para la organizaci\u00f3n de comidas, el transporte y el control de raciones en entornos de restauraci\u00f3n con gran actividad.<\/p>\n\n\n\n<p><strong>Material de acero inoxidable de calidad alimentaria<\/strong><br>Fabricado en acero inoxidable de alta calidad apto para uso alimentario, duradero, resistente a la oxidaci\u00f3n, inodoro y seguro para el contacto directo con alimentos.<\/p>\n\n\n\n<p><strong>Sellado herm\u00e9tico y a prueba de fugas<\/strong><br>Equipado con clips de cierre seguro y cierres herm\u00e9ticos para conservar la frescura, evitar derrames y proteger los alimentos durante el transporte.<\/p>\n\n\n\n<p><strong>Duradero y f\u00e1cil de limpiar<\/strong><br>Su robusta construcci\u00f3n garantiza un rendimiento duradero, mientras que la superficie lisa de acero inoxidable permite una limpieza r\u00e1pida e higi\u00e9nica.<\/p>\n\n\n\n<p><strong>Ideal para uso mayorista y comercial<\/strong><br>Perfecto para restaurantes, servicios de catering, empresas de reparto de comidas y compradores a granel, con m\u00faltiples tama\u00f1os y configuraciones disponibles para diferentes necesidades.<\/p>\n\n\n\n<p><\/p>\n<\/div>\n\n\n\n<div class=\"wp-block-column is-layout-flow wp-block-column-is-layout-flow\">\n<figure class=\"wp-block-image size-full\"><img decoding=\"async\" width=\"800\" height=\"800\" src=\"https:\/\/www.lianmeithermos.com\/wp-content\/uploads\/2026\/04\/Wholesale-Stainless-Steel-Food-Carrier.png\" alt=\"Mayorista Transportador de alimentos de acero inoxidable\" class=\"wp-image-837\" srcset=\"https:\/\/www.lianmeithermos.com\/wp-content\/uploads\/2026\/04\/Wholesale-Stainless-Steel-Food-Carrier.png 800w, https:\/\/www.lianmeithermos.com\/wp-content\/uploads\/2026\/04\/Wholesale-Stainless-Steel-Food-Carrier-300x300.png 300w, https:\/\/www.lianmeithermos.com\/wp-content\/uploads\/2026\/04\/Wholesale-Stainless-Steel-Food-Carrier-150x150.png 150w, https:\/\/www.lianmeithermos.com\/wp-content\/uploads\/2026\/04\/Wholesale-Stainless-Steel-Food-Carrier-768x768.png 768w, https:\/\/www.lianmeithermos.com\/wp-content\/uploads\/2026\/04\/Wholesale-Stainless-Steel-Food-Carrier-12x12.png 12w, https:\/\/www.lianmeithermos.com\/wp-content\/uploads\/2026\/04\/Wholesale-Stainless-Steel-Food-Carrier-600x600.png 600w, https:\/\/www.lianmeithermos.com\/wp-content\/uploads\/2026\/04\/Wholesale-Stainless-Steel-Food-Carrier-100x100.png 100w\" sizes=\"(max-width: 800px) 100vw, 800px\" \/><\/figure>\n<\/div>\n<\/div>\n<\/div>\n<\/div>\n\n\n\n<p><\/p>","protected":false},"excerpt":{"rendered":"<p data-start=\"296\" data-end=\"592\">Porta alimentos de acero inoxidable al por mayor dise\u00f1ado con una estructura apilable de varias capas para separar y transportar los alimentos de forma eficaz. Fabricado en acero inoxidable de calidad alimentaria, cuenta con cierre herm\u00e9tico para mantener las comidas frescas, seguras y sin fugas, ideal para catering, entrega de alimentos y uso comercial.<\/p>\n<h2>Especificaciones del transportador de alimentos de acero inoxidable al por mayor\u00a0<\/h2>\n<table>\n<thead>\n<tr>\n<th>Capacidad<\/th>\n<th>Material<\/th>\n<th>Tama\u00f1o del producto<\/th>\n<\/tr>\n<\/thead>\n<tbody>\n<tr>\n<td>400 ml<\/td>\n<td>Acero inoxidable 304 + PP<\/td>\n<td>10\u00d75 cm<\/td>\n<\/tr>\n<tr>\n<td>600 ml<\/td>\n<td>Acero inoxidable 304 + PP<\/td>\n<td>12\u00d76 cm<\/td>\n<\/tr>\n<tr>\n<td>1100 ml<\/td>\n<td>Acero inoxidable 304 + PP<\/td>\n<td>14\u00d77 cm<\/td>\n<\/tr>\n<tr>\n<td>2200 ml<\/td>\n<td>Acero inoxidable 304 + PP<\/td>\n<td>18\u00d79 cm<\/td>\n<\/tr>\n<tr>\n<td>3500 ml<\/td>\n<td>Acero inoxidable 304 + PP<\/td>\n<td>22\u00d711cm<\/td>\n<\/tr>\n<\/tbody>\n<\/table>\n<p>&nbsp;<\/p>","protected":false},"featured_media":837,"comment_status":"closed","ping_status":"closed","template":"","meta":{"_acf_changed":false},"product_brand":[],"product_cat":[20],"product_tag":[23],"class_list":{"0":"post-836","1":"product","2":"type-product","3":"status-publish","4":"has-post-thumbnail","6":"product_cat-wholesale-insulated-food-containers","7":"product_tag-family-kitchen","9":"first","10":"instock","11":"shipping-taxable","12":"product-type-simple"},"acf":[],"_links":{"self":[{"href":"https:\/\/www.lianmeithermos.com\/es\/wp-json\/wp\/v2\/product\/836","targetHints":{"allow":["GET"]}}],"collection":[{"href":"https:\/\/www.lianmeithermos.com\/es\/wp-json\/wp\/v2\/product"}],"about":[{"href":"https:\/\/www.lianmeithermos.com\/es\/wp-json\/wp\/v2\/types\/product"}],"replies":[{"embeddable":true,"href":"https:\/\/www.lianmeithermos.com\/es\/wp-json\/wp\/v2\/comments?post=836"}],"wp:featuredmedia":[{"embeddable":true,"href":"https:\/\/www.lianmeithermos.com\/es\/wp-json\/wp\/v2\/media\/837"}],"wp:attachment":[{"href":"https:\/\/www.lianmeithermos.com\/es\/wp-json\/wp\/v2\/media?parent=836"}],"wp:term":[{"taxonomy":"product_brand","embeddable":true,"href":"https:\/\/www.lianmeithermos.com\/es\/wp-json\/wp\/v2\/product_brand?post=836"},{"taxonomy":"product_cat","embeddable":true,"href":"https:\/\/www.lianmeithermos.com\/es\/wp-json\/wp\/v2\/product_cat?post=836"},{"taxonomy":"product_tag","embeddable":true,"href":"https:\/\/www.lianmeithermos.com\/es\/wp-json\/wp\/v2\/product_tag?post=836"}],"curies":[{"name":"wp","href":"https:\/\/api.w.org\/{rel}","templated":true}]}}