{"id":839,"date":"2026-04-05T00:31:11","date_gmt":"2026-04-05T00:31:11","guid":{"rendered":"https:\/\/www.lianmeithermos.com\/?post_type=product&#038;p=839"},"modified":"2026-04-05T00:37:44","modified_gmt":"2026-04-05T00:37:44","slug":"wholesale-airtight-stainless-steel-food-storage-containers","status":"publish","type":"product","link":"https:\/\/www.lianmeithermos.com\/es\/producto\/wholesale-airtight-stainless-steel-food-storage-containers\/","title":{"rendered":"Mayorista Recipientes herm\u00e9ticos de acero inoxidable para alimentos con forma rectangular"},"content":{"rendered":"<h2 class=\"wp-block-heading\">Caracter\u00edsticas de los recipientes herm\u00e9ticos de acero inoxidable para alimentos al por mayor<\/h2>\n\n\n\n<div class=\"wp-block-columns is-layout-flex wp-container-core-columns-is-layout-9d6595d7 wp-block-columns-is-layout-flex\">\n<div class=\"wp-block-column is-vertically-aligned-center is-layout-flow wp-block-column-is-layout-flow\">\n<div class=\"wp-block-columns is-layout-flex wp-container-core-columns-is-layout-9d6595d7 wp-block-columns-is-layout-flex\">\n<div class=\"wp-block-column is-vertically-aligned-top is-layout-flow wp-block-column-is-layout-flow\">\n<p><strong>Dise\u00f1o multicapa apilable<\/strong><br>Las capas apilables permiten almacenar distintos alimentos por separado en un mismo recipiente, lo que mejora la organizaci\u00f3n y hace m\u00e1s c\u00f3modo su transporte para uso diario y comercial.<\/p>\n\n\n\n<p><strong>Material de acero inoxidable de calidad alimentaria<\/strong><br>Fabricado en acero inoxidable de alta calidad, seguro, inodoro, resistente a la corrosi\u00f3n y duradero.<\/p>\n\n\n\n<p><strong>Sellado herm\u00e9tico y a prueba de fugas<\/strong><br>Dispone de una tapa herm\u00e9ticamente cerrada con clips de bloqueo para evitar fugas, mantener la frescura y garantizar un almacenamiento y distribuci\u00f3n seguros de los alimentos.<\/p>\n\n\n\n<p><strong>Duradero y f\u00e1cil de limpiar<\/strong><br>Su construcci\u00f3n en acero inoxidable grueso aumenta su resistencia y longevidad, mientras que su superficie lisa permite una limpieza f\u00e1cil e higi\u00e9nica.<\/p>\n\n\n\n<p><strong>Dise\u00f1o rectangular para ahorrar espacio<\/strong><br>Su forma rectangular maximiza el espacio de almacenamiento, cabe perfectamente en bolsas, estanter\u00edas y cajas de reparto, y permite un apilamiento estable.<\/p>\n\n\n\n<p><\/p>\n<\/div>\n\n\n\n<div class=\"wp-block-column is-layout-flow wp-block-column-is-layout-flow\">\n<figure class=\"wp-block-image size-full\"><img decoding=\"async\" width=\"800\" height=\"800\" src=\"https:\/\/www.lianmeithermos.com\/wp-content\/uploads\/2026\/04\/Wholesale-Airtight-Stainless-Steel-Food-Storage-Containers.png\" alt=\"Mayorista Recipientes herm\u00e9ticos de acero inoxidable para alimentos\" class=\"wp-image-840\" srcset=\"https:\/\/www.lianmeithermos.com\/wp-content\/uploads\/2026\/04\/Wholesale-Airtight-Stainless-Steel-Food-Storage-Containers.png 800w, https:\/\/www.lianmeithermos.com\/wp-content\/uploads\/2026\/04\/Wholesale-Airtight-Stainless-Steel-Food-Storage-Containers-300x300.png 300w, https:\/\/www.lianmeithermos.com\/wp-content\/uploads\/2026\/04\/Wholesale-Airtight-Stainless-Steel-Food-Storage-Containers-150x150.png 150w, https:\/\/www.lianmeithermos.com\/wp-content\/uploads\/2026\/04\/Wholesale-Airtight-Stainless-Steel-Food-Storage-Containers-768x768.png 768w, https:\/\/www.lianmeithermos.com\/wp-content\/uploads\/2026\/04\/Wholesale-Airtight-Stainless-Steel-Food-Storage-Containers-12x12.png 12w, https:\/\/www.lianmeithermos.com\/wp-content\/uploads\/2026\/04\/Wholesale-Airtight-Stainless-Steel-Food-Storage-Containers-600x600.png 600w, https:\/\/www.lianmeithermos.com\/wp-content\/uploads\/2026\/04\/Wholesale-Airtight-Stainless-Steel-Food-Storage-Containers-100x100.png 100w\" sizes=\"(max-width: 800px) 100vw, 800px\" \/><\/figure>\n<\/div>\n<\/div>\n<\/div>\n<\/div>\n\n\n\n<p><\/p>","protected":false},"excerpt":{"rendered":"<p data-start=\"296\" data-end=\"592\">Recipientes herm\u00e9ticos de acero inoxidable al por mayor para almacenar alimentos, dise\u00f1ados con una estructura rectangular apilable de varias capas para organizar y transportar los alimentos de forma eficiente. Fabricados en acero inoxidable de calidad alimentaria con cierre seguro, mantienen los alimentos frescos, sin fugas e higi\u00e9nicos, ideales para la preparaci\u00f3n de comidas, catering y cocinas comerciales.<\/p>\n<h2>Especificaciones al por mayor de Recipientes herm\u00e9ticos de acero inoxidable para alimentos<\/h2>\n<table>\n<thead>\n<tr>\n<th>N\u00ba de art\u00edculo.<\/th>\n<th>Material<\/th>\n<th>Tama\u00f1o del producto<\/th>\n<\/tr>\n<\/thead>\n<tbody>\n<tr>\n<td>No.1<\/td>\n<td>Acero inoxidable 201<\/td>\n<td>13,6\u00d710,7\u00d75,3 cm<\/td>\n<\/tr>\n<tr>\n<td>No.2<\/td>\n<td>Acero inoxidable 201<\/td>\n<td>18,2\u00d713\u00d75,9 cm<\/td>\n<\/tr>\n<tr>\n<td>No.3<\/td>\n<td>Acero inoxidable 201<\/td>\n<td>22,8\u00d715,4\u00d76 cm<\/td>\n<\/tr>\n<tr>\n<td>No.4<\/td>\n<td>Acero inoxidable 201<\/td>\n<td>26\u00d718,5\u00d76,5 cm<\/td>\n<\/tr>\n<tr>\n<td>No.5<\/td>\n<td>Acero inoxidable 201<\/td>\n<td>30\u00d721,7\u00d77 cm<\/td>\n<\/tr>\n<\/tbody>\n<\/table>\n<table>\n<thead>\n<tr>\n<th>N\u00ba de art\u00edculo.<\/th>\n<th>Material<\/th>\n<th>Talla del producto\uff08Grande)<\/th>\n<\/tr>\n<\/thead>\n<tbody>\n<tr>\n<td>No.1<\/td>\n<td>Acero inoxidable 201<\/td>\n<td>25\u00d717,5\u00d79 cm<\/td>\n<\/tr>\n<tr>\n<td>No.2<\/td>\n<td>Acero inoxidable 201<\/td>\n<td>32,5\u00d725\u00d711 cm<\/td>\n<\/tr>\n<tr>\n<td>No.3<\/td>\n<td>Acero inoxidable 201<\/td>\n<td>32,5\u00d722,5\u00d710 cm<\/td>\n<\/tr>\n<tr>\n<td>No.4<\/td>\n<td>Acero inoxidable 201<\/td>\n<td>33,5\u00d723\u00d711 cm<\/td>\n<\/tr>\n<tr>\n<td>No.5<\/td>\n<td>Acero inoxidable 201<\/td>\n<td>40\u00d728,5\u00d712 cm<\/td>\n<\/tr>\n<\/tbody>\n<\/table>\n<p>&nbsp;<\/p>","protected":false},"featured_media":840,"comment_status":"closed","ping_status":"closed","template":"","meta":{"_acf_changed":false},"product_brand":[],"product_cat":[20],"product_tag":[23],"class_list":{"0":"post-839","1":"product","2":"type-product","3":"status-publish","4":"has-post-thumbnail","6":"product_cat-wholesale-insulated-food-containers","7":"product_tag-family-kitchen","9":"first","10":"instock","11":"shipping-taxable","12":"product-type-simple"},"acf":[],"_links":{"self":[{"href":"https:\/\/www.lianmeithermos.com\/es\/wp-json\/wp\/v2\/product\/839","targetHints":{"allow":["GET"]}}],"collection":[{"href":"https:\/\/www.lianmeithermos.com\/es\/wp-json\/wp\/v2\/product"}],"about":[{"href":"https:\/\/www.lianmeithermos.com\/es\/wp-json\/wp\/v2\/types\/product"}],"replies":[{"embeddable":true,"href":"https:\/\/www.lianmeithermos.com\/es\/wp-json\/wp\/v2\/comments?post=839"}],"wp:featuredmedia":[{"embeddable":true,"href":"https:\/\/www.lianmeithermos.com\/es\/wp-json\/wp\/v2\/media\/840"}],"wp:attachment":[{"href":"https:\/\/www.lianmeithermos.com\/es\/wp-json\/wp\/v2\/media?parent=839"}],"wp:term":[{"taxonomy":"product_brand","embeddable":true,"href":"https:\/\/www.lianmeithermos.com\/es\/wp-json\/wp\/v2\/product_brand?post=839"},{"taxonomy":"product_cat","embeddable":true,"href":"https:\/\/www.lianmeithermos.com\/es\/wp-json\/wp\/v2\/product_cat?post=839"},{"taxonomy":"product_tag","embeddable":true,"href":"https:\/\/www.lianmeithermos.com\/es\/wp-json\/wp\/v2\/product_tag?post=839"}],"curies":[{"name":"wp","href":"https:\/\/api.w.org\/{rel}","templated":true}]}}