{"id":841,"date":"2026-04-05T00:43:36","date_gmt":"2026-04-05T00:43:36","guid":{"rendered":"https:\/\/www.lianmeithermos.com\/?post_type=product&#038;p=841"},"modified":"2026-04-05T00:49:13","modified_gmt":"2026-04-05T00:49:13","slug":"stainless-steel-mixing-bowls-wholesale","status":"publish","type":"product","link":"https:\/\/www.lianmeithermos.com\/es\/producto\/stainless-steel-mixing-bowls-wholesale\/","title":{"rendered":"Boles Mezcladores de Acero Inoxidable al por Mayor Duraderos para Uso en Cocina"},"content":{"rendered":"<h2 class=\"wp-block-heading\">Caracter\u00edsticas de los cuencos mezcladores de acero inoxidable al por mayor<\/h2>\n\n\n\n<div class=\"wp-block-columns is-layout-flex wp-container-core-columns-is-layout-9d6595d7 wp-block-columns-is-layout-flex\">\n<div class=\"wp-block-column is-vertically-aligned-center is-layout-flow wp-block-column-is-layout-flow\">\n<div class=\"wp-block-columns is-layout-flex wp-container-core-columns-is-layout-9d6595d7 wp-block-columns-is-layout-flex\">\n<div class=\"wp-block-column is-vertically-aligned-top is-layout-flow wp-block-column-is-layout-flow\">\n<p><strong>Construcci\u00f3n gruesa y duradera<\/strong><br>Fabricado en acero inoxidable de alta calidad con un dise\u00f1o engrosado, que garantiza una larga durabilidad y resistencia a las abolladuras y al desgaste diario.<\/p>\n\n\n\n<p><strong>Resistente al \u00f3xido y f\u00e1cil de limpiar<\/strong><br>La superficie lisa de acero inoxidable evita el \u00f3xido y las manchas, lo que hace que la limpieza sea r\u00e1pida y sin esfuerzo, manteniendo la higiene.<\/p>\n\n\n\n<p><strong>Tama\u00f1os pr\u00e1cticos para el uso diario<\/strong><br>Disponibles en una gama de tama\u00f1os bien equilibrados, perfectos para mezclar, preparar, servir y almacenar diversos ingredientes.<\/p>\n\n\n\n<p><strong>Dise\u00f1o nido que ahorra espacio<\/strong><br>Los cuencos se apilan perfectamente unos dentro de otros, lo que ayuda a mantener las cocinas ordenadas y eficientes tanto en el hogar como en entornos comerciales.<\/p>\n\n\n\n<p><strong>Ideal para mayoristas y cocinas comerciales<\/strong><br>Perfecta para compras al por mayor por parte de restaurantes, panader\u00edas, servicios de catering y empresas alimentarias que necesitan utensilios de cocina fiables y vers\u00e1tiles.<\/p>\n<\/div>\n\n\n\n<div class=\"wp-block-column is-layout-flow wp-block-column-is-layout-flow\">\n<figure class=\"wp-block-image size-full\"><img decoding=\"async\" width=\"800\" height=\"800\" src=\"https:\/\/www.lianmeithermos.com\/wp-content\/uploads\/2026\/04\/Stainless-Steel-Mixing-Bowls-Wholesale.webp\" alt=\"Cuencos mezcladores de acero inoxidable al por mayor\" class=\"wp-image-842\" srcset=\"https:\/\/www.lianmeithermos.com\/wp-content\/uploads\/2026\/04\/Stainless-Steel-Mixing-Bowls-Wholesale.webp 800w, https:\/\/www.lianmeithermos.com\/wp-content\/uploads\/2026\/04\/Stainless-Steel-Mixing-Bowls-Wholesale-300x300.webp 300w, https:\/\/www.lianmeithermos.com\/wp-content\/uploads\/2026\/04\/Stainless-Steel-Mixing-Bowls-Wholesale-150x150.webp 150w, https:\/\/www.lianmeithermos.com\/wp-content\/uploads\/2026\/04\/Stainless-Steel-Mixing-Bowls-Wholesale-768x768.webp 768w, https:\/\/www.lianmeithermos.com\/wp-content\/uploads\/2026\/04\/Stainless-Steel-Mixing-Bowls-Wholesale-12x12.webp 12w, https:\/\/www.lianmeithermos.com\/wp-content\/uploads\/2026\/04\/Stainless-Steel-Mixing-Bowls-Wholesale-600x600.webp 600w, https:\/\/www.lianmeithermos.com\/wp-content\/uploads\/2026\/04\/Stainless-Steel-Mixing-Bowls-Wholesale-100x100.webp 100w\" sizes=\"(max-width: 800px) 100vw, 800px\" \/><\/figure>\n<\/div>\n<\/div>\n<\/div>\n<\/div>\n\n\n\n<p><\/p>","protected":false},"excerpt":{"rendered":"<p data-start=\"296\" data-end=\"592\">Boles de acero inoxidable al por mayor, fabricados con un material grueso y resistente para un rendimiento duradero. Dise\u00f1ados para una f\u00e1cil limpieza y resistencia a la oxidaci\u00f3n, estos cuencos cuentan con tama\u00f1os pr\u00e1cticos y un dise\u00f1o de anidaci\u00f3n para mantener las cocinas organizadas, ideal para la preparaci\u00f3n de alimentos, hornear y uso comercial.<\/p>\n<h2>Especificaciones de los cuencos mezcladores de acero inoxidable al por mayor<\/h2>\n<table style=\"height: 297px;\" width=\"306\">\n<thead>\n<tr>\n<th>Talla<\/th>\n<th>Material<\/th>\n<\/tr>\n<\/thead>\n<tbody>\n<tr>\n<td>18CM<\/td>\n<td>Acero inoxidable<\/td>\n<\/tr>\n<tr>\n<td>20CM<\/td>\n<td>Acero inoxidable<\/td>\n<\/tr>\n<tr>\n<td>22CM<\/td>\n<td>Acero inoxidable<\/td>\n<\/tr>\n<tr>\n<td>24CM<\/td>\n<td>Acero inoxidable<\/td>\n<\/tr>\n<tr>\n<td>26CM<\/td>\n<td>Acero inoxidable<\/td>\n<\/tr>\n<tr>\n<td>28CM<\/td>\n<td>Acero inoxidable<\/td>\n<\/tr>\n<tr>\n<td>30 CM<\/td>\n<td>Acero inoxidable<\/td>\n<\/tr>\n<tr>\n<td>32CM<\/td>\n<td>Acero inoxidable<\/td>\n<\/tr>\n<tr>\n<td>34CM<\/td>\n<td>Acero inoxidable<\/td>\n<\/tr>\n<\/tbody>\n<\/table>","protected":false},"featured_media":842,"comment_status":"closed","ping_status":"closed","template":"","meta":{"_acf_changed":false},"product_brand":[],"product_cat":[20],"product_tag":[23,25],"class_list":{"0":"post-841","1":"product","2":"type-product","3":"status-publish","4":"has-post-thumbnail","6":"product_cat-wholesale-insulated-food-containers","7":"product_tag-family-kitchen","8":"product_tag-restaurant","10":"first","11":"instock","12":"shipping-taxable","13":"product-type-simple"},"acf":[],"_links":{"self":[{"href":"https:\/\/www.lianmeithermos.com\/es\/wp-json\/wp\/v2\/product\/841","targetHints":{"allow":["GET"]}}],"collection":[{"href":"https:\/\/www.lianmeithermos.com\/es\/wp-json\/wp\/v2\/product"}],"about":[{"href":"https:\/\/www.lianmeithermos.com\/es\/wp-json\/wp\/v2\/types\/product"}],"replies":[{"embeddable":true,"href":"https:\/\/www.lianmeithermos.com\/es\/wp-json\/wp\/v2\/comments?post=841"}],"wp:featuredmedia":[{"embeddable":true,"href":"https:\/\/www.lianmeithermos.com\/es\/wp-json\/wp\/v2\/media\/842"}],"wp:attachment":[{"href":"https:\/\/www.lianmeithermos.com\/es\/wp-json\/wp\/v2\/media?parent=841"}],"wp:term":[{"taxonomy":"product_brand","embeddable":true,"href":"https:\/\/www.lianmeithermos.com\/es\/wp-json\/wp\/v2\/product_brand?post=841"},{"taxonomy":"product_cat","embeddable":true,"href":"https:\/\/www.lianmeithermos.com\/es\/wp-json\/wp\/v2\/product_cat?post=841"},{"taxonomy":"product_tag","embeddable":true,"href":"https:\/\/www.lianmeithermos.com\/es\/wp-json\/wp\/v2\/product_tag?post=841"}],"curies":[{"name":"wp","href":"https:\/\/api.w.org\/{rel}","templated":true}]}}