{"id":843,"date":"2026-04-05T01:03:26","date_gmt":"2026-04-05T01:03:26","guid":{"rendered":"https:\/\/www.lianmeithermos.com\/?post_type=product&#038;p=843"},"modified":"2026-04-05T01:10:36","modified_gmt":"2026-04-05T01:10:36","slug":"wholesale-stainless-steel-rectangular-food-container","status":"publish","type":"product","link":"https:\/\/www.lianmeithermos.com\/es\/producto\/wholesale-stainless-steel-rectangular-food-container\/","title":{"rendered":"Mayorista Recipiente rectangular de acero inoxidable para alimentos con tapa herm\u00e9tica"},"content":{"rendered":"<h2 class=\"wp-block-heading\">Caracter\u00edsticas del Recipiente rectangular de acero inoxidable para alimentos al por mayor<\/h2>\n\n\n\n<div class=\"wp-block-columns is-layout-flex wp-container-core-columns-is-layout-9d6595d7 wp-block-columns-is-layout-flex\">\n<div class=\"wp-block-column is-vertically-aligned-center is-layout-flow wp-block-column-is-layout-flow\">\n<div class=\"wp-block-columns is-layout-flex wp-container-core-columns-is-layout-9d6595d7 wp-block-columns-is-layout-flex\">\n<div class=\"wp-block-column is-vertically-aligned-top is-layout-flow wp-block-column-is-layout-flow\">\n<p><strong>Acabado met\u00e1lico refinado y textura premium<\/strong><br>Presenta una superficie lisa de acero inoxidable pulido con un refinado brillo met\u00e1lico, que proporciona un aspecto limpio y moderno a la vez que mejora la durabilidad y la resistencia al desgaste.<\/p>\n\n\n\n<p><strong>Material de acero inoxidable de calidad alimentaria<\/strong><br>Fabricado en acero inoxidable de alta calidad apto para uso alimentario, no t\u00f3xico, sin olores, resistente a la corrosi\u00f3n y dise\u00f1ado para un uso seguro y prolongado.<\/p>\n\n\n\n<p><strong>Dise\u00f1o apilable multicapa<\/strong><br>Su estructura escalonada permite guardar varios platos por separado en un mismo recipiente, lo que resulta muy pr\u00e1ctico para organizar el almacenamiento, preparar las comidas y transportarlas.<\/p>\n\n\n\n<p><strong>Duradero y f\u00e1cil de mantener<\/strong><br>Su construcci\u00f3n engrosada garantiza resistencia y larga vida \u00fatil, mientras que su superficie lisa permite una limpieza r\u00e1pida y sin esfuerzo.<\/p>\n\n\n\n<p><strong>Forma rectangular para un almacenamiento eficiente<\/strong><br>Dise\u00f1ado con una pr\u00e1ctica forma rectangular que maximiza el aprovechamiento del espacio, encaja perfectamente en las zonas de almacenamiento y garantiza un apilamiento estable.<\/p>\n<\/div>\n\n\n\n<div class=\"wp-block-column is-layout-flow wp-block-column-is-layout-flow\">\n<figure class=\"wp-block-image size-full\"><img decoding=\"async\" width=\"800\" height=\"800\" src=\"https:\/\/www.lianmeithermos.com\/wp-content\/uploads\/2026\/04\/Wholesale-Stainless-Steel-Rectangular-Food-Container-with-Airtight-Lid.png\" alt=\"Mayorista Recipiente rectangular de acero inoxidable para alimentos con tapa herm\u00e9tica\" class=\"wp-image-844\" srcset=\"https:\/\/www.lianmeithermos.com\/wp-content\/uploads\/2026\/04\/Wholesale-Stainless-Steel-Rectangular-Food-Container-with-Airtight-Lid.png 800w, https:\/\/www.lianmeithermos.com\/wp-content\/uploads\/2026\/04\/Wholesale-Stainless-Steel-Rectangular-Food-Container-with-Airtight-Lid-300x300.png 300w, https:\/\/www.lianmeithermos.com\/wp-content\/uploads\/2026\/04\/Wholesale-Stainless-Steel-Rectangular-Food-Container-with-Airtight-Lid-150x150.png 150w, https:\/\/www.lianmeithermos.com\/wp-content\/uploads\/2026\/04\/Wholesale-Stainless-Steel-Rectangular-Food-Container-with-Airtight-Lid-768x768.png 768w, https:\/\/www.lianmeithermos.com\/wp-content\/uploads\/2026\/04\/Wholesale-Stainless-Steel-Rectangular-Food-Container-with-Airtight-Lid-12x12.png 12w, https:\/\/www.lianmeithermos.com\/wp-content\/uploads\/2026\/04\/Wholesale-Stainless-Steel-Rectangular-Food-Container-with-Airtight-Lid-600x600.png 600w, https:\/\/www.lianmeithermos.com\/wp-content\/uploads\/2026\/04\/Wholesale-Stainless-Steel-Rectangular-Food-Container-with-Airtight-Lid-100x100.png 100w\" sizes=\"(max-width: 800px) 100vw, 800px\" \/><\/figure>\n<\/div>\n<\/div>\n<\/div>\n<\/div>\n\n\n\n<p><\/p>","protected":false},"excerpt":{"rendered":"<p data-start=\"301\" data-end=\"619\">Recipiente rectangular de acero inoxidable para alimentos al por mayor dise\u00f1ado con una estructura apilable de varias capas para almacenar y transportar alimentos de forma organizada. Fabricado en acero inoxidable de calidad alimentaria con un suave acabado met\u00e1lico, ofrece durabilidad, higiene y frescura duradera, ideal para cocinas, catering y uso comercial.<\/p>\n<h2>Especificaciones del envase rectangular de acero inoxidable para alimentos al por mayor<\/h2>\n<table data-path-to-node=\"1\">\n<thead>\n<tr>\n<td><strong>Modelo \/ Tipo<\/strong><\/td>\n<td><strong>Material<\/strong><\/td>\n<td><strong>Dimensiones (WLH cm)<\/strong><\/td>\n<td><strong>Capacidad<\/strong><\/td>\n<td><strong>Opciones de tapa<\/strong><\/td>\n<\/tr>\n<\/thead>\n<tbody>\n<tr>\n<td><span data-path-to-node=\"1,1,0,0\"><b data-path-to-node=\"1,1,0,0\" data-index-in-node=\"0\">Caja de condimentos peque\u00f1a<\/b><\/span><\/td>\n<td><span data-path-to-node=\"1,1,1,0\">Acero inoxidable 410<\/span><\/td>\n<td><span data-path-to-node=\"1,1,2,0\">13,5 * 10,5 * 4,8 (sin tapa)<\/span><\/td>\n<td><span data-path-to-node=\"1,1,3,0\">400 ml<\/span><\/td>\n<td><span data-path-to-node=\"1,1,4,0\">Tapa PP \/ Tapa SS<\/span><\/td>\n<\/tr>\n<tr>\n<td><span data-path-to-node=\"1,2,0,0\"><b data-path-to-node=\"1,2,0,0\" data-index-in-node=\"0\">Caja de preparaci\u00f3n mediana<\/b><\/span><\/td>\n<td><span data-path-to-node=\"1,2,1,0\">Acero inoxidable 410<\/span><\/td>\n<td><span data-path-to-node=\"1,2,2,0\">13 * 18 * 4,8 (sin tapa)<\/span><\/td>\n<td><span data-path-to-node=\"1,2,3,0\">700 ml<\/span><\/td>\n<td><span data-path-to-node=\"1,2,4,0\">Tapa PP \/ Tapa SS<\/span><\/td>\n<\/tr>\n<tr>\n<td><span data-path-to-node=\"1,3,0,0\"><b data-path-to-node=\"1,3,0,0\" data-index-in-node=\"0\">Caja de almacenamiento grande<\/b><\/span><\/td>\n<td><span data-path-to-node=\"1,3,1,0\">Acero inoxidable 410<\/span><\/td>\n<td><span data-path-to-node=\"1,3,2,0\">15 * 22 * 4,8 (sin tapa)<\/span><\/td>\n<td><span data-path-to-node=\"1,3,3,0\">1000 ml<\/span><\/td>\n<td><span data-path-to-node=\"1,3,4,0\">Tapa PP<\/span><\/td>\n<\/tr>\n<tr>\n<td><span data-path-to-node=\"1,4,0,0\"><b data-path-to-node=\"1,4,0,0\" data-index-in-node=\"0\">Bandeja multiusos - M<\/b><\/span><\/td>\n<td><span data-path-to-node=\"1,4,1,0\">Acero inoxidable 410<\/span><\/td>\n<td><span data-path-to-node=\"1,4,2,0\">25 * 20 * 4,8 (sin tapa)<\/span><\/td>\n<td><span data-path-to-node=\"1,4,3,0\">1500 ml<\/span><\/td>\n<td><span data-path-to-node=\"1,4,4,0\">Tapa PP<\/span><\/td>\n<\/tr>\n<tr>\n<td><span data-path-to-node=\"1,5,0,0\"><b data-path-to-node=\"1,5,0,0\" data-index-in-node=\"0\">Bandeja Utilitaria - L<\/b><\/span><\/td>\n<td><span data-path-to-node=\"1,5,1,0\">Acero inoxidable 410<\/span><\/td>\n<td><span data-path-to-node=\"1,5,2,0\">30 * 25 * 5,2 (sin tapa)<\/span><\/td>\n<td><span data-path-to-node=\"1,5,3,0\">2600 ml<\/span><\/td>\n<td><span data-path-to-node=\"1,5,4,0\">Tapa PP<\/span><\/td>\n<\/tr>\n<tr>\n<td><span data-path-to-node=\"1,6,0,0\"><b data-path-to-node=\"1,6,0,0\" data-index-in-node=\"0\">Caja peque\u00f1a (con tapa SS)<\/b><\/span><\/td>\n<td><span data-path-to-node=\"1,6,1,0\">Acero inoxidable 410<\/span><\/td>\n<td><span data-path-to-node=\"1,6,2,0\">14 * 11 * 1 (Incl. Tapa)<\/span><\/td>\n<td><span data-path-to-node=\"1,6,3,0\">400 ml<\/span><\/td>\n<td><span data-path-to-node=\"1,6,4,0\">Tapa SS<\/span><\/td>\n<\/tr>\n<tr>\n<td><span data-path-to-node=\"1,7,0,0\"><b data-path-to-node=\"1,7,0,0\" data-index-in-node=\"0\">Caja mediana (con tapa SS)<\/b><\/span><\/td>\n<td><span data-path-to-node=\"1,7,1,0\">Acero inoxidable 410<\/span><\/td>\n<td><span data-path-to-node=\"1,7,2,0\">14 * 19 * 1 (Incl. Tapa)<\/span><\/td>\n<td><span data-path-to-node=\"1,7,3,0\">700 ml<\/span><\/td>\n<td><span data-path-to-node=\"1,7,4,0\">Tapa SS<\/span><\/td>\n<\/tr>\n<\/tbody>\n<\/table>","protected":false},"featured_media":844,"comment_status":"closed","ping_status":"closed","template":"","meta":{"_acf_changed":false},"product_brand":[],"product_cat":[20],"product_tag":[23,25],"class_list":{"0":"post-843","1":"product","2":"type-product","3":"status-publish","4":"has-post-thumbnail","6":"product_cat-wholesale-insulated-food-containers","7":"product_tag-family-kitchen","8":"product_tag-restaurant","10":"first","11":"instock","12":"shipping-taxable","13":"product-type-simple"},"acf":[],"_links":{"self":[{"href":"https:\/\/www.lianmeithermos.com\/es\/wp-json\/wp\/v2\/product\/843","targetHints":{"allow":["GET"]}}],"collection":[{"href":"https:\/\/www.lianmeithermos.com\/es\/wp-json\/wp\/v2\/product"}],"about":[{"href":"https:\/\/www.lianmeithermos.com\/es\/wp-json\/wp\/v2\/types\/product"}],"replies":[{"embeddable":true,"href":"https:\/\/www.lianmeithermos.com\/es\/wp-json\/wp\/v2\/comments?post=843"}],"wp:featuredmedia":[{"embeddable":true,"href":"https:\/\/www.lianmeithermos.com\/es\/wp-json\/wp\/v2\/media\/844"}],"wp:attachment":[{"href":"https:\/\/www.lianmeithermos.com\/es\/wp-json\/wp\/v2\/media?parent=843"}],"wp:term":[{"taxonomy":"product_brand","embeddable":true,"href":"https:\/\/www.lianmeithermos.com\/es\/wp-json\/wp\/v2\/product_brand?post=843"},{"taxonomy":"product_cat","embeddable":true,"href":"https:\/\/www.lianmeithermos.com\/es\/wp-json\/wp\/v2\/product_cat?post=843"},{"taxonomy":"product_tag","embeddable":true,"href":"https:\/\/www.lianmeithermos.com\/es\/wp-json\/wp\/v2\/product_tag?post=843"}],"curies":[{"name":"wp","href":"https:\/\/api.w.org\/{rel}","templated":true}]}}