{"id":847,"date":"2026-04-05T01:42:44","date_gmt":"2026-04-05T01:42:44","guid":{"rendered":"https:\/\/www.lianmeithermos.com\/?post_type=product&#038;p=847"},"modified":"2026-04-05T01:49:00","modified_gmt":"2026-04-05T01:49:00","slug":"wholesale-thermal-food-carrier-for-outdoor","status":"publish","type":"product","link":"https:\/\/www.lianmeithermos.com\/es\/producto\/wholesale-thermal-food-carrier-for-outdoor\/","title":{"rendered":"Mayorista Portador T\u00e9rmico de Alimentos, Caja Aislante para Exterior y Hogar"},"content":{"rendered":"<h2 class=\"wp-block-heading\">Caracter\u00edsticas del transportador t\u00e9rmico de alimentos al por mayor<\/h2>\n\n\n\n<div class=\"wp-block-columns is-layout-flex wp-container-core-columns-is-layout-9d6595d7 wp-block-columns-is-layout-flex\">\n<div class=\"wp-block-column is-vertically-aligned-center is-layout-flow wp-block-column-is-layout-flow\">\n<div class=\"wp-block-columns is-layout-flex wp-container-core-columns-is-layout-9d6595d7 wp-block-columns-is-layout-flex\">\n<div class=\"wp-block-column is-vertically-aligned-top is-layout-flow wp-block-column-is-layout-flow\">\n<p><strong>Rendimiento del aislamiento en fr\u00edo y calor<\/strong><br>Dise\u00f1ados para mantener eficazmente tanto la temperatura caliente como la fr\u00eda, conservando los alimentos frescos y listos para servir en diversos entornos.<\/p>\n\n\n\n<p><strong>Material inodoro y seguro para los alimentos<\/strong><br>Fabricado con materiales de alta calidad que no retienen olores ni sabores, lo que garantiza un almacenamiento seguro, limpio y fiable de los alimentos.<\/p>\n\n\n\n<p><strong>Resistente a la corrosi\u00f3n y a prueba de \u00f3xido<\/strong><br>Construido con materiales duraderos que resisten la corrosi\u00f3n, las altas temperaturas y el \u00f3xido, por lo que es apto para un uso prolongado.<\/p>\n\n\n\n<p><strong>Duradero y f\u00e1cil de mantener<\/strong><br>Su robusta construcci\u00f3n garantiza un rendimiento duradero, mientras que su superficie lisa facilita la limpieza y el mantenimiento.<\/p>\n\n\n\n<p><strong>M\u00faltiples capacidades y opciones de color<\/strong><br>Disponibles en varios tama\u00f1os y colores para adaptarse a las distintas necesidades de almacenamiento, son ideales tanto para uso personal como comercial.<\/p>\n\n\n\n<p><strong>Adecuado para uso dom\u00e9stico y al aire libre<\/strong><br>Perfectos para picnics, catering, reparto de comida y uso dom\u00e9stico diario, ofrecen comodidad y versatilidad en cualquier entorno.<\/p>\n<\/div>\n\n\n\n<div class=\"wp-block-column is-layout-flow wp-block-column-is-layout-flow\">\n<figure class=\"wp-block-image size-full\"><img decoding=\"async\" width=\"1000\" height=\"1000\" src=\"https:\/\/www.lianmeithermos.com\/wp-content\/uploads\/2026\/04\/Wholesale-Thermal-Food-Carrier3.webp\" alt=\"Porta alimentos t\u00e9rmico al por mayor3\" class=\"wp-image-850\" srcset=\"https:\/\/www.lianmeithermos.com\/wp-content\/uploads\/2026\/04\/Wholesale-Thermal-Food-Carrier3.webp 1000w, https:\/\/www.lianmeithermos.com\/wp-content\/uploads\/2026\/04\/Wholesale-Thermal-Food-Carrier3-300x300.webp 300w, https:\/\/www.lianmeithermos.com\/wp-content\/uploads\/2026\/04\/Wholesale-Thermal-Food-Carrier3-150x150.webp 150w, https:\/\/www.lianmeithermos.com\/wp-content\/uploads\/2026\/04\/Wholesale-Thermal-Food-Carrier3-768x768.webp 768w, https:\/\/www.lianmeithermos.com\/wp-content\/uploads\/2026\/04\/Wholesale-Thermal-Food-Carrier3-12x12.webp 12w, https:\/\/www.lianmeithermos.com\/wp-content\/uploads\/2026\/04\/Wholesale-Thermal-Food-Carrier3-600x600.webp 600w, https:\/\/www.lianmeithermos.com\/wp-content\/uploads\/2026\/04\/Wholesale-Thermal-Food-Carrier3-100x100.webp 100w\" sizes=\"(max-width: 1000px) 100vw, 1000px\" \/><\/figure>\n<\/div>\n<\/div>\n<\/div>\n<\/div>","protected":false},"excerpt":{"rendered":"<p data-start=\"452\" data-end=\"647\">Porta alimentos t\u00e9rmico al por mayor dise\u00f1ado tanto para uso exterior como dom\u00e9stico. Con un excelente aislamiento del fr\u00edo y el calor, mantiene los alimentos frescos y a la temperatura deseada durante m\u00e1s tiempo. Fabricado con materiales de alta calidad resistentes a la corrosi\u00f3n, no desprende olores, es antioxidante y duradero, y est\u00e1 disponible en varias capacidades y colores para satisfacer diferentes necesidades.<\/p>\n<h2>Especificaciones del transportador t\u00e9rmico de alimentos al por mayor<\/h2>\n<table>\n<thead>\n<tr>\n<th>Especificaci\u00f3n<\/th>\n<th>Color<\/th>\n<\/tr>\n<\/thead>\n<tbody>\n<tr>\n<td>16L<\/td>\n<td>Azul \/ Verde \/ Rojo<\/td>\n<\/tr>\n<tr>\n<td>30L<\/td>\n<td>Azul \/ Verde \/ Rojo<\/td>\n<\/tr>\n<tr>\n<td>45L<\/td>\n<td>Azul \/ Verde \/ Rojo<\/td>\n<\/tr>\n<\/tbody>\n<\/table>","protected":false},"featured_media":848,"comment_status":"closed","ping_status":"closed","template":"","meta":{"_acf_changed":false},"product_brand":[],"product_cat":[19],"product_tag":[24],"class_list":{"0":"post-847","1":"product","2":"type-product","3":"status-publish","4":"has-post-thumbnail","6":"product_cat-wholesale-insulated-cooler-boxes","7":"product_tag-outdoor","9":"first","10":"instock","11":"shipping-taxable","12":"product-type-simple"},"acf":[],"_links":{"self":[{"href":"https:\/\/www.lianmeithermos.com\/es\/wp-json\/wp\/v2\/product\/847","targetHints":{"allow":["GET"]}}],"collection":[{"href":"https:\/\/www.lianmeithermos.com\/es\/wp-json\/wp\/v2\/product"}],"about":[{"href":"https:\/\/www.lianmeithermos.com\/es\/wp-json\/wp\/v2\/types\/product"}],"replies":[{"embeddable":true,"href":"https:\/\/www.lianmeithermos.com\/es\/wp-json\/wp\/v2\/comments?post=847"}],"wp:featuredmedia":[{"embeddable":true,"href":"https:\/\/www.lianmeithermos.com\/es\/wp-json\/wp\/v2\/media\/848"}],"wp:attachment":[{"href":"https:\/\/www.lianmeithermos.com\/es\/wp-json\/wp\/v2\/media?parent=847"}],"wp:term":[{"taxonomy":"product_brand","embeddable":true,"href":"https:\/\/www.lianmeithermos.com\/es\/wp-json\/wp\/v2\/product_brand?post=847"},{"taxonomy":"product_cat","embeddable":true,"href":"https:\/\/www.lianmeithermos.com\/es\/wp-json\/wp\/v2\/product_cat?post=847"},{"taxonomy":"product_tag","embeddable":true,"href":"https:\/\/www.lianmeithermos.com\/es\/wp-json\/wp\/v2\/product_tag?post=847"}],"curies":[{"name":"wp","href":"https:\/\/api.w.org\/{rel}","templated":true}]}}