{"id":851,"date":"2026-04-05T01:54:00","date_gmt":"2026-04-05T01:54:00","guid":{"rendered":"https:\/\/www.lianmeithermos.com\/?post_type=product&#038;p=851"},"modified":"2026-04-05T02:09:19","modified_gmt":"2026-04-05T02:09:19","slug":"bulk-insulated-cooler-boxes-for-outdoor","status":"publish","type":"product","link":"https:\/\/www.lianmeithermos.com\/es\/producto\/bulk-insulated-cooler-boxes-for-outdoor\/","title":{"rendered":"Cajas isot\u00e9rmicas a granel para exteriores"},"content":{"rendered":"<h2 class=\"wp-block-heading\">Caracter\u00edsticas de las neveras isot\u00e9rmicas a granel<\/h2>\n\n\n\n<div class=\"wp-block-columns is-layout-flex wp-container-core-columns-is-layout-9d6595d7 wp-block-columns-is-layout-flex\">\n<div class=\"wp-block-column is-vertically-aligned-center is-layout-flow wp-block-column-is-layout-flow\">\n<div class=\"wp-block-columns is-layout-flex wp-container-core-columns-is-layout-9d6595d7 wp-block-columns-is-layout-flex\">\n<div class=\"wp-block-column is-vertically-aligned-top is-layout-flow wp-block-column-is-layout-flow\">\n<p>1. Retenci\u00f3n superior de la temperatura<\/p>\n\n\n\n<p>Este transportador t\u00e9rmico de alimentos est\u00e1 dise\u00f1ado para el almacenamiento tanto en caliente como en fr\u00edo, manteniendo la temperatura interna durante largas horas. Es una soluci\u00f3n ideal para catering profesional, eventos al aire libre y log\u00edstica de cadena de fr\u00edo de larga distancia, donde la estabilidad de la temperatura es cr\u00edtica.<\/p>\n\n\n\n<h3 class=\"wp-block-heading\">2. Materiales de calidad alimentaria e inodoros<\/h3>\n\n\n\n<p>Fabricado con materiales no t\u00f3xicos de primera calidad y totalmente inodoros, este recipiente garantiza que los alimentos y bebidas mantengan su sabor original. El revestimiento de alta calidad evita la lixiviaci\u00f3n de productos qu\u00edmicos y los sabores indeseados durante el almacenamiento a largo plazo.<\/p>\n\n\n\n<h3 class=\"wp-block-heading\">3. M\u00e1xima resistencia a la corrosi\u00f3n y al \u00f3xido<\/h3>\n\n\n\n<p>Construidas para soportar entornos dif\u00edciles, las superficies son altamente resistentes a la corrosi\u00f3n y a la oxidaci\u00f3n. Esta robusta construcci\u00f3n garantiza una larga vida \u00fatil y una gran durabilidad incluso con limpiezas frecuentes o exposici\u00f3n a condiciones de alta humedad.<\/p>\n\n\n\n<h3 class=\"wp-block-heading\">4. Alta tolerancia al calor e integridad estructural<\/h3>\n\n\n\n<p>La ingenier\u00eda especializada resistente al calor permite a la caja manejar contenidos a altas temperaturas sin deformarse ni degradarse. Su carcasa resistente a los impactos se mantiene estable en condiciones extremas, lo que la hace fiable para cocinas comerciales y uso en exteriores.<\/p>\n\n\n\n<h3 class=\"wp-block-heading\">5. Capacidades vers\u00e1tiles y opciones de color<\/h3>\n\n\n\n<p>Disponibles en varios tama\u00f1os y en una amplia gama de colores para adaptarse a las necesidades espec\u00edficas de la marca o de la organizaci\u00f3n. Ya sea para transporte comercial a granel o para uso profesional especializado, ofrecemos soluciones de volumen flexibles que se adaptan a sus necesidades de inventario.<\/p>\n<\/div>\n\n\n\n<div class=\"wp-block-column is-layout-flow wp-block-column-is-layout-flow\">\n<figure class=\"wp-block-image size-full\"><img decoding=\"async\" width=\"1280\" height=\"1280\" src=\"https:\/\/www.lianmeithermos.com\/wp-content\/uploads\/2026\/04\/Bulk-Insulated-Cooler-Boxes-for-Outdoor2.webp\" alt=\"Cajas isot\u00e9rmicas a granel para exteriores2\" class=\"wp-image-854\" srcset=\"https:\/\/www.lianmeithermos.com\/wp-content\/uploads\/2026\/04\/Bulk-Insulated-Cooler-Boxes-for-Outdoor2.webp 1280w, https:\/\/www.lianmeithermos.com\/wp-content\/uploads\/2026\/04\/Bulk-Insulated-Cooler-Boxes-for-Outdoor2-300x300.webp 300w, https:\/\/www.lianmeithermos.com\/wp-content\/uploads\/2026\/04\/Bulk-Insulated-Cooler-Boxes-for-Outdoor2-150x150.webp 150w, https:\/\/www.lianmeithermos.com\/wp-content\/uploads\/2026\/04\/Bulk-Insulated-Cooler-Boxes-for-Outdoor2-768x768.webp 768w, https:\/\/www.lianmeithermos.com\/wp-content\/uploads\/2026\/04\/Bulk-Insulated-Cooler-Boxes-for-Outdoor2-12x12.webp 12w, https:\/\/www.lianmeithermos.com\/wp-content\/uploads\/2026\/04\/Bulk-Insulated-Cooler-Boxes-for-Outdoor2-1200x1200.webp 1200w, https:\/\/www.lianmeithermos.com\/wp-content\/uploads\/2026\/04\/Bulk-Insulated-Cooler-Boxes-for-Outdoor2-600x600.webp 600w, https:\/\/www.lianmeithermos.com\/wp-content\/uploads\/2026\/04\/Bulk-Insulated-Cooler-Boxes-for-Outdoor2-100x100.webp 100w\" sizes=\"(max-width: 1280px) 100vw, 1280px\" \/><\/figure>\n<\/div>\n<\/div>\n<\/div>\n<\/div>","protected":false},"excerpt":{"rendered":"<p data-start=\"452\" data-end=\"647\">Las neveras isot\u00e9rmicas a granel para catering profesional al aire libre y log\u00edstica garantizan una conservaci\u00f3n duradera de la temperatura de alimentos y bebidas en cualquier entorno.<\/p>\n<h2>Especificaciones de las cajas frigor\u00edficas isot\u00e9rmicas a granel<\/h2>\n<table>\n<thead>\n<tr>\n<th>Especificaci\u00f3n<\/th>\n<th>Color<\/th>\n<\/tr>\n<\/thead>\n<tbody>\n<tr>\n<td>16L<\/td>\n<td>Azul \/ Verde \/ Rojo<\/td>\n<\/tr>\n<tr>\n<td>30L<\/td>\n<td>Azul \/ Verde \/ Rojo<\/td>\n<\/tr>\n<tr>\n<td>45L<\/td>\n<td>Azul \/ Verde \/ Rojo<\/td>\n<\/tr>\n<\/tbody>\n<\/table>","protected":false},"featured_media":854,"comment_status":"closed","ping_status":"closed","template":"","meta":{"_acf_changed":false},"product_brand":[],"product_cat":[19],"product_tag":[24],"class_list":{"0":"post-851","1":"product","2":"type-product","3":"status-publish","4":"has-post-thumbnail","6":"product_cat-wholesale-insulated-cooler-boxes","7":"product_tag-outdoor","9":"first","10":"instock","11":"shipping-taxable","12":"product-type-simple"},"acf":[],"_links":{"self":[{"href":"https:\/\/www.lianmeithermos.com\/es\/wp-json\/wp\/v2\/product\/851","targetHints":{"allow":["GET"]}}],"collection":[{"href":"https:\/\/www.lianmeithermos.com\/es\/wp-json\/wp\/v2\/product"}],"about":[{"href":"https:\/\/www.lianmeithermos.com\/es\/wp-json\/wp\/v2\/types\/product"}],"replies":[{"embeddable":true,"href":"https:\/\/www.lianmeithermos.com\/es\/wp-json\/wp\/v2\/comments?post=851"}],"wp:featuredmedia":[{"embeddable":true,"href":"https:\/\/www.lianmeithermos.com\/es\/wp-json\/wp\/v2\/media\/854"}],"wp:attachment":[{"href":"https:\/\/www.lianmeithermos.com\/es\/wp-json\/wp\/v2\/media?parent=851"}],"wp:term":[{"taxonomy":"product_brand","embeddable":true,"href":"https:\/\/www.lianmeithermos.com\/es\/wp-json\/wp\/v2\/product_brand?post=851"},{"taxonomy":"product_cat","embeddable":true,"href":"https:\/\/www.lianmeithermos.com\/es\/wp-json\/wp\/v2\/product_cat?post=851"},{"taxonomy":"product_tag","embeddable":true,"href":"https:\/\/www.lianmeithermos.com\/es\/wp-json\/wp\/v2\/product_tag?post=851"}],"curies":[{"name":"wp","href":"https:\/\/api.w.org\/{rel}","templated":true}]}}