{"id":857,"date":"2026-04-05T02:23:33","date_gmt":"2026-04-05T02:23:33","guid":{"rendered":"https:\/\/www.lianmeithermos.com\/?post_type=product&#038;p=857"},"modified":"2026-04-05T02:30:48","modified_gmt":"2026-04-05T02:30:48","slug":"wholesale-stainless-steel-stock-pot-with-bale-handle","status":"publish","type":"product","link":"https:\/\/www.lianmeithermos.com\/es\/producto\/wholesale-stainless-steel-stock-pot-with-bale-handle\/","title":{"rendered":"Mayorista Olla de Acero Inoxidable con Asa de Paca Cubo para Sopa Comercial"},"content":{"rendered":"<h2 class=\"wp-block-heading\">Caracter\u00edsticas de la olla de acero inoxidable al por mayor<\/h2>\n\n\n\n<div class=\"wp-block-columns is-layout-flex wp-container-core-columns-is-layout-9d6595d7 wp-block-columns-is-layout-flex\">\n<div class=\"wp-block-column is-vertically-aligned-center is-layout-flow wp-block-column-is-layout-flow\">\n<div class=\"wp-block-columns is-layout-flex wp-container-core-columns-is-layout-9d6595d7 wp-block-columns-is-layout-flex\">\n<div class=\"wp-block-column is-vertically-aligned-top is-layout-flow wp-block-column-is-layout-flow\">\n<p><strong>Construcci\u00f3n de acero inoxidable engrosado<\/strong><br>Fabricado en acero inoxidable de alta resistencia con una estructura reforzada, que garantiza una excelente durabilidad, resistencia a altas temperaturas y un rendimiento duradero en cocinas comerciales.<\/p>\n\n\n\n<p><strong>Conducci\u00f3n r\u00e1pida y uniforme del calor<\/strong><br>La eficiente transferencia de calor permite que los alimentos se cocinen r\u00e1pida y uniformemente, mejorando la eficacia de la cocci\u00f3n y ahorrando tiempo y energ\u00eda.<\/p>\n\n\n\n<p><strong>Gran capacidad para una cocina vers\u00e1til<\/strong><br>Dise\u00f1ado con una generosa capacidad, perfecto para preparar sopas, gachas, estofados y platos estofados, satisfaciendo las necesidades de restaurantes y servicios de catering.<\/p>\n\n\n\n<p><strong>Resistente a altas temperaturas y duradero<\/strong><br>Construida para soportar la cocci\u00f3n continua a altas temperaturas sin deformarse ni da\u00f1arse, lo que la hace adecuada para un uso diario intensivo.<\/p>\n\n\n\n<p><strong>C\u00f3modo dise\u00f1o del asa de la paca<\/strong><br>Equipada con un asa robusta para levantarla y transportarla f\u00e1cilmente, es ideal para cocinas con mucho trabajo y para cocinar grandes cantidades.<\/p>\n<\/div>\n\n\n\n<div class=\"wp-block-column is-layout-flow wp-block-column-is-layout-flow\">\n<figure class=\"wp-block-image alignwide size-full\"><img decoding=\"async\" width=\"281\" height=\"281\" src=\"https:\/\/www.lianmeithermos.com\/wp-content\/uploads\/2026\/04\/Wholesale-Stainless-Steel-Stock-Pot-with-Bale-Handle.webp\" alt=\"Mayorista Olla de acero inoxidable con asa de paca\" class=\"wp-image-858\" srcset=\"https:\/\/www.lianmeithermos.com\/wp-content\/uploads\/2026\/04\/Wholesale-Stainless-Steel-Stock-Pot-with-Bale-Handle.webp 281w, https:\/\/www.lianmeithermos.com\/wp-content\/uploads\/2026\/04\/Wholesale-Stainless-Steel-Stock-Pot-with-Bale-Handle-150x150.webp 150w, https:\/\/www.lianmeithermos.com\/wp-content\/uploads\/2026\/04\/Wholesale-Stainless-Steel-Stock-Pot-with-Bale-Handle-12x12.webp 12w, https:\/\/www.lianmeithermos.com\/wp-content\/uploads\/2026\/04\/Wholesale-Stainless-Steel-Stock-Pot-with-Bale-Handle-100x100.webp 100w\" sizes=\"(max-width: 281px) 100vw, 281px\" \/><\/figure>\n<\/div>\n<\/div>\n<\/div>\n<\/div>","protected":false},"excerpt":{"rendered":"<p data-start=\"452\" data-end=\"647\">Olla de acero inoxidable al por mayor con asa de paca, dise\u00f1ada para la cocina comercial y la preparaci\u00f3n de alimentos de gran capacidad. Fabricada en acero inoxidable engrosado, ofrece una r\u00e1pida conducci\u00f3n del calor, excelente durabilidad y resistencia a altas temperaturas, ideal para sopas, gachas, platos estofados y mucho m\u00e1s.<\/p>\n<h2>Especificaciones de la olla de acero inoxidable al por mayor<\/h2>\n<table data-path-to-node=\"1\">\n<thead>\n<tr>\n<td><strong>Tama\u00f1o (Di\u00e1metro * Altura cm)<\/strong><\/td>\n<td><strong>Calidad del material<\/strong><\/td>\n<\/tr>\n<\/thead>\n<tbody>\n<tr>\n<td><span data-path-to-node=\"1,1,0,0\"><b data-path-to-node=\"1,1,0,0\" data-index-in-node=\"0\">20 * 20<\/b><\/span><\/td>\n<td><span data-path-to-node=\"1,1,1,0\">Acero inoxidable 201<\/span><\/td>\n<\/tr>\n<tr>\n<td><span data-path-to-node=\"1,2,0,0\"><b data-path-to-node=\"1,2,0,0\" data-index-in-node=\"0\">25 * 25<\/b><\/span><\/td>\n<td><span data-path-to-node=\"1,2,1,0\">Acero inoxidable 201<\/span><\/td>\n<\/tr>\n<tr>\n<td><span data-path-to-node=\"1,3,0,0\"><b data-path-to-node=\"1,3,0,0\" data-index-in-node=\"0\">30 * 30<\/b><\/span><\/td>\n<td><span data-path-to-node=\"1,3,1,0\">Acero inoxidable 201<\/span><\/td>\n<\/tr>\n<tr>\n<td><span data-path-to-node=\"1,4,0,0\"><b data-path-to-node=\"1,4,0,0\" data-index-in-node=\"0\">35 * 35<\/b><\/span><\/td>\n<td><span data-path-to-node=\"1,4,1,0\">Acero inoxidable 201<\/span><\/td>\n<\/tr>\n<tr>\n<td><span data-path-to-node=\"1,5,0,0\"><b data-path-to-node=\"1,5,0,0\" data-index-in-node=\"0\">40 * 40<\/b><\/span><\/td>\n<td><span data-path-to-node=\"1,5,1,0\">Acero inoxidable 201<\/span><\/td>\n<\/tr>\n<tr>\n<td><span data-path-to-node=\"1,6,0,0\"><b data-path-to-node=\"1,6,0,0\" data-index-in-node=\"0\">45 * 45<\/b><\/span><\/td>\n<td><span data-path-to-node=\"1,6,1,0\">Acero inoxidable 201<\/span><\/td>\n<\/tr>\n<tr>\n<td><span data-path-to-node=\"1,7,0,0\"><b data-path-to-node=\"1,7,0,0\" data-index-in-node=\"0\">50 * 50<\/b><\/span><\/td>\n<td><span data-path-to-node=\"1,7,1,0\">Acero inoxidable 201<\/span><\/td>\n<\/tr>\n<tr>\n<td><span data-path-to-node=\"1,8,0,0\"><b data-path-to-node=\"1,8,0,0\" data-index-in-node=\"0\">60 * 60<\/b><\/span><\/td>\n<td><span data-path-to-node=\"1,8,1,0\">Acero inoxidable 201<\/span><\/td>\n<\/tr>\n<tr>\n<td><span data-path-to-node=\"1,9,0,0\"><b data-path-to-node=\"1,9,0,0\" data-index-in-node=\"0\">25 * 25<\/b><\/span><\/td>\n<td><span data-path-to-node=\"1,9,1,0\">Acero inoxidable 304<\/span><\/td>\n<\/tr>\n<tr>\n<td><span data-path-to-node=\"1,10,0,0\"><b data-path-to-node=\"1,10,0,0\" data-index-in-node=\"0\">30 * 30<\/b><\/span><\/td>\n<td><span data-path-to-node=\"1,10,1,0\">Acero inoxidable 304<\/span><\/td>\n<\/tr>\n<tr>\n<td><span data-path-to-node=\"1,11,0,0\"><b data-path-to-node=\"1,11,0,0\" data-index-in-node=\"0\">35 * 35<\/b><\/span><\/td>\n<td><span data-path-to-node=\"1,11,1,0\">Acero inoxidable 304<\/span><\/td>\n<\/tr>\n<\/tbody>\n<\/table>","protected":false},"featured_media":858,"comment_status":"closed","ping_status":"closed","template":"","meta":{"_acf_changed":false},"product_brand":[],"product_cat":[17],"product_tag":[25],"class_list":{"0":"post-857","1":"product","2":"type-product","3":"status-publish","4":"has-post-thumbnail","6":"product_cat-wholesale-stainless-steel-insulated-barrels","7":"product_tag-restaurant","9":"first","10":"instock","11":"shipping-taxable","12":"product-type-simple"},"acf":[],"_links":{"self":[{"href":"https:\/\/www.lianmeithermos.com\/es\/wp-json\/wp\/v2\/product\/857","targetHints":{"allow":["GET"]}}],"collection":[{"href":"https:\/\/www.lianmeithermos.com\/es\/wp-json\/wp\/v2\/product"}],"about":[{"href":"https:\/\/www.lianmeithermos.com\/es\/wp-json\/wp\/v2\/types\/product"}],"replies":[{"embeddable":true,"href":"https:\/\/www.lianmeithermos.com\/es\/wp-json\/wp\/v2\/comments?post=857"}],"wp:featuredmedia":[{"embeddable":true,"href":"https:\/\/www.lianmeithermos.com\/es\/wp-json\/wp\/v2\/media\/858"}],"wp:attachment":[{"href":"https:\/\/www.lianmeithermos.com\/es\/wp-json\/wp\/v2\/media?parent=857"}],"wp:term":[{"taxonomy":"product_brand","embeddable":true,"href":"https:\/\/www.lianmeithermos.com\/es\/wp-json\/wp\/v2\/product_brand?post=857"},{"taxonomy":"product_cat","embeddable":true,"href":"https:\/\/www.lianmeithermos.com\/es\/wp-json\/wp\/v2\/product_cat?post=857"},{"taxonomy":"product_tag","embeddable":true,"href":"https:\/\/www.lianmeithermos.com\/es\/wp-json\/wp\/v2\/product_tag?post=857"}],"curies":[{"name":"wp","href":"https:\/\/api.w.org\/{rel}","templated":true}]}}