{"id":875,"date":"2026-04-05T16:21:51","date_gmt":"2026-04-05T16:21:51","guid":{"rendered":"https:\/\/www.lianmeithermos.com\/?post_type=product&#038;p=875"},"modified":"2026-04-08T00:48:42","modified_gmt":"2026-04-08T00:48:42","slug":"wholesale-commercial-soup-warmer","status":"publish","type":"product","link":"https:\/\/www.lianmeithermos.com\/es\/producto\/wholesale-commercial-soup-warmer\/","title":{"rendered":"Mayorista Calentador de sopa comercial con control de temperatura ajustable"},"content":{"rendered":"<h2 class=\"wp-block-heading\">Caracter\u00edsticas del calentador de sopa comercial al por mayor <\/h2>\n\n\n\n<div class=\"wp-block-columns is-layout-flex wp-container-core-columns-is-layout-9d6595d7 wp-block-columns-is-layout-flex\">\n<div class=\"wp-block-column is-vertically-aligned-center is-layout-flow wp-block-column-is-layout-flow\">\n<div class=\"wp-block-columns is-layout-flex wp-container-core-columns-is-layout-9d6595d7 wp-block-columns-is-layout-flex\">\n<div class=\"wp-block-column is-vertically-aligned-top is-layout-flow wp-block-column-is-layout-flow\">\n<p><strong>Compatibilidad global:<\/strong> <strong>Tipos de enchufe personalizables<\/strong> para cumplir los requisitos el\u00e9ctricos espec\u00edficos de <strong>diferentes pa\u00edses<\/strong>, garantizando una funcionalidad lista para usar en todo el mundo.<\/p>\n\n\n\n<p><strong>Control inteligente de temperatura con m\u00faltiples ajustes:<\/strong> Equipado con un mando f\u00e1cil de usar para una precisi\u00f3n <strong>ajuste t\u00e9rmico multietapa<\/strong>, El sistema de limpieza de la olla le permite mantener la temperatura perfecta para servir sopas y caldos.<\/p>\n\n\n\n<p><strong>Sistema de seguridad integrado:<\/strong> Caracter\u00edsticas <strong>Protecci\u00f3n contra el secado por ebullici\u00f3n<\/strong> para cortar autom\u00e1ticamente la alimentaci\u00f3n cuando los niveles de agua son bajos, garantizando un funcionamiento seguro y sin preocupaciones en cocinas profesionales con mucho trabajo.<\/p>\n\n\n\n<p><strong>Funcionamiento sin esfuerzo:<\/strong> Racionalizado <strong>funcionamiento con una sola pulsaci\u00f3n<\/strong> hace que la unidad sea incre\u00edblemente f\u00e1cil y c\u00f3moda de usar para el personal, minimizando el tiempo de formaci\u00f3n.<\/p>\n\n\n\n<p><strong>Capacidad comercial con aislamiento de doble capa:<\/strong> <strong>Dise\u00f1o de gran capacidad<\/strong> responde a las necesidades de los profesionales del catering y la restauraci\u00f3n. En <strong>cuerpo aislado de doble capa<\/strong> mantiene el calor contenido para mayor eficacia, al tiempo que permanece fr\u00edo al tacto para mayor seguridad del usuario.<\/p>\n\n\n\n<p><strong>Eficaz funci\u00f3n de mantenimiento del calor:<\/strong> Dedicado <strong>Modo Mantener caliente<\/strong> garantiza que los clientes puedan disfrutar de una sopa caliente y apetitosa en cualquier momento, reduciendo el desperdicio de alimentos y mejorando la satisfacci\u00f3n del cliente.<\/p>\n<\/div>\n\n\n\n<div class=\"wp-block-column is-layout-flow wp-block-column-is-layout-flow\">\n<figure class=\"wp-block-image alignwide size-full\"><img decoding=\"async\" width=\"800\" height=\"800\" src=\"https:\/\/www.lianmeithermos.com\/wp-content\/uploads\/2026\/04\/Wholesale-Commercial-Soup-Warmer1.webp\" alt=\"Mayorista Calentador de sopa comercial1\" class=\"wp-image-876\" srcset=\"https:\/\/www.lianmeithermos.com\/wp-content\/uploads\/2026\/04\/Wholesale-Commercial-Soup-Warmer1.webp 800w, https:\/\/www.lianmeithermos.com\/wp-content\/uploads\/2026\/04\/Wholesale-Commercial-Soup-Warmer1-300x300.webp 300w, https:\/\/www.lianmeithermos.com\/wp-content\/uploads\/2026\/04\/Wholesale-Commercial-Soup-Warmer1-150x150.webp 150w, https:\/\/www.lianmeithermos.com\/wp-content\/uploads\/2026\/04\/Wholesale-Commercial-Soup-Warmer1-768x768.webp 768w, https:\/\/www.lianmeithermos.com\/wp-content\/uploads\/2026\/04\/Wholesale-Commercial-Soup-Warmer1-12x12.webp 12w, https:\/\/www.lianmeithermos.com\/wp-content\/uploads\/2026\/04\/Wholesale-Commercial-Soup-Warmer1-600x600.webp 600w, https:\/\/www.lianmeithermos.com\/wp-content\/uploads\/2026\/04\/Wholesale-Commercial-Soup-Warmer1-100x100.webp 100w\" sizes=\"(max-width: 800px) 100vw, 800px\" \/><\/figure>\n<\/div>\n<\/div>\n<\/div>\n<\/div>","protected":false},"excerpt":{"rendered":"<p data-start=\"452\" data-end=\"647\">Calentador de sopa comercial al por mayor con enchufes internacionales personalizables y control de temperatura multinivel. Construido con un cuerpo antiquemaduras de doble capa y protecci\u00f3n contra el hervido, garantiza un funcionamiento seguro con un solo toque para catering y restaurantes de gran volumen.<\/p>\n<h2>Especificaciones del calentador de sopa comercial al por mayor<\/h2>\n<table style=\"border-collapse: collapse; width: 305.02pt;\" border=\"0\" width=\"305\" cellspacing=\"0\" cellpadding=\"0\">\n<tbody>\n<tr style=\"height: 34.75pt;\">\n<td class=\"et2\" style=\"height: 34.75pt; width: 170.30pt;\" width=\"170\" height=\"34\">Modelo y especificaciones<\/td>\n<td class=\"et2\" style=\"width: 46.80pt;\" width=\"46\">Tama\u00f1o corporal (cm)<\/td>\n<td class=\"et2\" style=\"width: 88.40pt;\" width=\"88\">201 Tama\u00f1o interior de la maceta (cm)<\/td>\n<\/tr>\n<tr style=\"height: 62.10pt;\">\n<td class=\"et3\" style=\"height: 62.10pt; width: 170.30pt;\" width=\"170\" height=\"62\">Calentador de sopa de tambor de hierro negro de 10L (con 201 olla interior)<\/td>\n<td class=\"et3\" style=\"width: 46.80pt;\" width=\"46\">30 * 32<\/td>\n<td class=\"et3\" style=\"width: 88.40pt;\" width=\"88\">23 * 22.5<\/td>\n<\/tr>\n<tr style=\"height: 51.15pt;\">\n<td class=\"et3\" style=\"height: 51.15pt; width: 170.30pt;\" width=\"170\" height=\"51\">Calentador de sopa inteligente de tambor de 10L (con olla interior 201)<\/td>\n<td class=\"et3\" style=\"width: 46.80pt;\" width=\"46\">30 * 32<\/td>\n<td class=\"et3\" style=\"width: 88.40pt;\" width=\"88\">23 * 22.5<\/td>\n<\/tr>\n<tr style=\"height: 48.45pt;\">\n<td class=\"et3\" style=\"height: 48.45pt; width: 170.30pt;\" width=\"170\" height=\"48\">Calentador de sopa de tambor de acero inoxidable de 10L (con 201 olla interior)<\/td>\n<td class=\"et3\" style=\"width: 46.80pt;\" width=\"46\">30 * 32<\/td>\n<td class=\"et3\" style=\"width: 88.40pt;\" width=\"88\">23 * 22.5<\/td>\n<\/tr>\n<tr style=\"height: 49.35pt;\">\n<td class=\"et3\" style=\"height: 49.35pt; width: 170.30pt;\" width=\"170\" height=\"49\">Calentador de sopa de tambor de acero inoxidable de 10 litros (versi\u00f3n 2)<\/td>\n<td class=\"et3\" style=\"width: 46.80pt;\" width=\"46\">30 * 32<\/td>\n<td class=\"et3\" style=\"width: 88.40pt;\" width=\"88\">23 * 22.5<\/td>\n<\/tr>\n<tr style=\"height: 56.65pt;\">\n<td class=\"et3\" style=\"height: 56.65pt; width: 170.30pt;\" width=\"170\" height=\"56\">Calentador de sopa de tambor de acero inoxidable de 10 litros (versi\u00f3n 3)<\/td>\n<td class=\"et3\" style=\"width: 46.80pt;\" width=\"46\">30 * 32<\/td>\n<td class=\"et3\" style=\"width: 88.40pt;\" width=\"88\">23 * 22.5<\/td>\n<\/tr>\n<tr style=\"height: 62.10pt;\">\n<td class=\"et3\" style=\"height: 62.10pt; width: 170.30pt;\" width=\"170\" height=\"62\">Calentador de sopa de tambor de acero inoxidable de 10 litros (versi\u00f3n 4)<\/td>\n<td class=\"et3\" style=\"width: 46.80pt;\" width=\"46\">30 * 32<\/td>\n<td class=\"et3\" style=\"width: 88.40pt;\" width=\"88\">23 * 22.5<\/td>\n<\/tr>\n<\/tbody>\n<\/table>\n<p>&nbsp;<\/p>","protected":false},"featured_media":876,"comment_status":"closed","ping_status":"closed","template":"","meta":{"_acf_changed":false},"product_brand":[],"product_cat":[17],"product_tag":[],"class_list":{"0":"post-875","1":"product","2":"type-product","3":"status-publish","4":"has-post-thumbnail","6":"product_cat-wholesale-stainless-steel-insulated-barrels","8":"first","9":"instock","10":"shipping-taxable","11":"product-type-simple"},"acf":[],"_links":{"self":[{"href":"https:\/\/www.lianmeithermos.com\/es\/wp-json\/wp\/v2\/product\/875","targetHints":{"allow":["GET"]}}],"collection":[{"href":"https:\/\/www.lianmeithermos.com\/es\/wp-json\/wp\/v2\/product"}],"about":[{"href":"https:\/\/www.lianmeithermos.com\/es\/wp-json\/wp\/v2\/types\/product"}],"replies":[{"embeddable":true,"href":"https:\/\/www.lianmeithermos.com\/es\/wp-json\/wp\/v2\/comments?post=875"}],"wp:featuredmedia":[{"embeddable":true,"href":"https:\/\/www.lianmeithermos.com\/es\/wp-json\/wp\/v2\/media\/876"}],"wp:attachment":[{"href":"https:\/\/www.lianmeithermos.com\/es\/wp-json\/wp\/v2\/media?parent=875"}],"wp:term":[{"taxonomy":"product_brand","embeddable":true,"href":"https:\/\/www.lianmeithermos.com\/es\/wp-json\/wp\/v2\/product_brand?post=875"},{"taxonomy":"product_cat","embeddable":true,"href":"https:\/\/www.lianmeithermos.com\/es\/wp-json\/wp\/v2\/product_cat?post=875"},{"taxonomy":"product_tag","embeddable":true,"href":"https:\/\/www.lianmeithermos.com\/es\/wp-json\/wp\/v2\/product_tag?post=875"}],"curies":[{"name":"wp","href":"https:\/\/api.w.org\/{rel}","templated":true}]}}