{"id":878,"date":"2026-04-05T16:55:50","date_gmt":"2026-04-05T16:55:50","guid":{"rendered":"https:\/\/www.lianmeithermos.com\/?post_type=product&#038;p=878"},"modified":"2026-04-11T01:50:01","modified_gmt":"2026-04-11T01:50:01","slug":"bulk-stainless-steel-cookware-set","status":"publish","type":"product","link":"https:\/\/www.lianmeithermos.com\/es\/producto\/bulk-stainless-steel-cookware-set\/","title":{"rendered":"Bater\u00eda de Cocina de Acero Inoxidable a Granel Compatible con M\u00faltiples Cocinas"},"content":{"rendered":"<h2 class=\"wp-block-heading\">Caracter\u00edsticas de la bater\u00eda de cocina de acero inoxidable a granel<\/h2>\n\n\n\n<div class=\"wp-block-columns is-layout-flex wp-container-core-columns-is-layout-9d6595d7 wp-block-columns-is-layout-flex\">\n<div class=\"wp-block-column is-vertically-aligned-center is-layout-flow wp-block-column-is-layout-flow\">\n<div class=\"wp-block-columns is-layout-flex wp-container-core-columns-is-layout-9d6595d7 wp-block-columns-is-layout-flex\">\n<div class=\"wp-block-column is-vertically-aligned-top is-layout-flow wp-block-column-is-layout-flow\">\n<p><strong>Antiadherente de precisi\u00f3n:<\/strong> Cada pieza est\u00e1 recubierta de material antiadherente de alta calidad para un uso comercial intensivo.<\/p>\n\n\n\n<p><strong>Compatible con varias estufas:<\/strong> Optimizado para <strong>Inducci\u00f3n, gas, el\u00e9ctrica y cer\u00e1mica<\/strong> cocinas.<\/p>\n\n\n\n<p><strong>Durabilidad profesional:<\/strong> Fabricada en acero inoxidable de calidad alimentaria para garantizar un rendimiento duradero.<\/p>\n\n\n\n<p><strong>F\u00e1cil mantenimiento:<\/strong> Dise\u00f1ados para una limpieza sin esfuerzo y una higiene superior en cocinas con mucho trabajo.<\/p>\n<\/div>\n\n\n\n<div class=\"wp-block-column is-layout-flow wp-block-column-is-layout-flow\">\n<figure class=\"wp-block-image alignwide size-full\"><img decoding=\"async\" width=\"474\" height=\"515\" src=\"https:\/\/www.lianmeithermos.com\/wp-content\/uploads\/2026\/04\/Bulk-Stainless-Steel-Cookware-Set1.webp\" alt=\"Bater\u00eda de cocina de acero inoxidable a granel1\" class=\"wp-image-879\" srcset=\"https:\/\/www.lianmeithermos.com\/wp-content\/uploads\/2026\/04\/Bulk-Stainless-Steel-Cookware-Set1.webp 474w, https:\/\/www.lianmeithermos.com\/wp-content\/uploads\/2026\/04\/Bulk-Stainless-Steel-Cookware-Set1-276x300.webp 276w, https:\/\/www.lianmeithermos.com\/wp-content\/uploads\/2026\/04\/Bulk-Stainless-Steel-Cookware-Set1-11x12.webp 11w\" sizes=\"(max-width: 474px) 100vw, 474px\" \/><\/figure>\n<\/div>\n<\/div>\n<\/div>\n<\/div>","protected":false},"excerpt":{"rendered":"<p data-start=\"452\" data-end=\"647\">Esta bater\u00eda de cocina de acero inoxidable a granel tiene un cuerpo antiadherente engrosado y es compatible con varios fogones. Es la soluci\u00f3n integral perfecta para proveedores mayoristas de catering y hosteler\u00eda.<\/p>\n<h2>Especificaciones de la bater\u00eda de cocina de acero inoxidable a granel<\/h2>\n<table style=\"height: 390px;\" width=\"342\">\n<tbody>\n<tr>\n<td width=\"71\">Nombre del art\u00edculo<\/td>\n<td width=\"88\">Di\u00e1metro \/ Especificaci\u00f3n<\/td>\n<\/tr>\n<tr>\n<td width=\"71\">Marmita (peque\u00f1a)<\/td>\n<td width=\"88\">18cm\u00a0(with Lid)<\/td>\n<\/tr>\n<tr>\n<td width=\"71\">Marmita (mediana)<\/td>\n<td width=\"88\">20cm\u00a0(with Lid)<\/td>\n<\/tr>\n<tr>\n<td width=\"71\">Marmita (grande)<\/td>\n<td width=\"88\">22cm\u00a0(with Lid)<\/td>\n<\/tr>\n<tr>\n<td width=\"71\">Yukihira Pan<\/td>\n<td width=\"88\">18 cm<\/td>\n<\/tr>\n<tr>\n<td width=\"71\">Sart\u00e9n<\/td>\n<td width=\"88\">24 cm<\/td>\n<\/tr>\n<tr>\n<td width=\"71\">Wok profundo<\/td>\n<td width=\"88\">32 cm<\/td>\n<\/tr>\n<\/tbody>\n<\/table>","protected":false},"featured_media":879,"comment_status":"closed","ping_status":"closed","template":"","meta":{"_acf_changed":false},"product_brand":[],"product_cat":[29],"product_tag":[],"class_list":{"0":"post-878","1":"product","2":"type-product","3":"status-publish","4":"has-post-thumbnail","6":"product_cat-wholesale-cookware","8":"first","9":"instock","10":"shipping-taxable","11":"product-type-simple"},"acf":[],"_links":{"self":[{"href":"https:\/\/www.lianmeithermos.com\/es\/wp-json\/wp\/v2\/product\/878","targetHints":{"allow":["GET"]}}],"collection":[{"href":"https:\/\/www.lianmeithermos.com\/es\/wp-json\/wp\/v2\/product"}],"about":[{"href":"https:\/\/www.lianmeithermos.com\/es\/wp-json\/wp\/v2\/types\/product"}],"replies":[{"embeddable":true,"href":"https:\/\/www.lianmeithermos.com\/es\/wp-json\/wp\/v2\/comments?post=878"}],"wp:featuredmedia":[{"embeddable":true,"href":"https:\/\/www.lianmeithermos.com\/es\/wp-json\/wp\/v2\/media\/879"}],"wp:attachment":[{"href":"https:\/\/www.lianmeithermos.com\/es\/wp-json\/wp\/v2\/media?parent=878"}],"wp:term":[{"taxonomy":"product_brand","embeddable":true,"href":"https:\/\/www.lianmeithermos.com\/es\/wp-json\/wp\/v2\/product_brand?post=878"},{"taxonomy":"product_cat","embeddable":true,"href":"https:\/\/www.lianmeithermos.com\/es\/wp-json\/wp\/v2\/product_cat?post=878"},{"taxonomy":"product_tag","embeddable":true,"href":"https:\/\/www.lianmeithermos.com\/es\/wp-json\/wp\/v2\/product_tag?post=878"}],"curies":[{"name":"wp","href":"https:\/\/api.w.org\/{rel}","templated":true}]}}