{"id":880,"date":"2026-04-05T17:01:57","date_gmt":"2026-04-05T17:01:57","guid":{"rendered":"https:\/\/www.lianmeithermos.com\/?post_type=product&#038;p=880"},"modified":"2026-04-08T01:04:28","modified_gmt":"2026-04-08T01:04:28","slug":"wholesale-non-stick-frying-pans-universal-stove-compatible","status":"publish","type":"product","link":"https:\/\/www.lianmeithermos.com\/es\/producto\/wholesale-non-stick-frying-pans-universal-stove-compatible\/","title":{"rendered":"Mayorista Sartenes Antiadherentes Compatibles con Cocinas Universales"},"content":{"rendered":"<h2 class=\"wp-block-heading\">Caracter\u00edsticas de las sartenes antiadherentes al por mayor<\/h2>\n\n\n\n<div class=\"wp-block-columns is-layout-flex wp-container-core-columns-is-layout-9d6595d7 wp-block-columns-is-layout-flex\">\n<div class=\"wp-block-column is-vertically-aligned-center is-layout-flow wp-block-column-is-layout-flow\">\n<div class=\"wp-block-columns is-layout-flex wp-container-core-columns-is-layout-9d6595d7 wp-block-columns-is-layout-flex\">\n<div class=\"wp-block-column is-vertically-aligned-top is-layout-flow wp-block-column-is-layout-flow\">\n<p><strong>Recubrimiento antiadherente de alta calidad:<\/strong> Su superficie antiadherente duradera garantiza un f\u00e1cil desprendimiento de los alimentos y un rendimiento de cocci\u00f3n superior.<\/p>\n\n\n\n<p><strong>Construcci\u00f3n de material espesado:<\/strong> Fabricada en acero inoxidable de gran espesor para una mayor durabilidad y una distribuci\u00f3n uniforme del calor.<\/p>\n\n\n\n<p><strong>Compatibilidad con estufas universales:<\/strong> Dise\u00f1ado por expertos con una base adecuada para <strong>Inducci\u00f3n, gas, el\u00e9ctrica, cer\u00e1mica y hal\u00f3gena<\/strong> cocinas.<\/p>\n\n\n\n<p><strong>F\u00e1cil de limpiar y mantener:<\/strong> Dise\u00f1ada para una limpieza r\u00e1pida y sin esfuerzo, lo que la hace perfecta para entornos profesionales de alta eficiencia.<\/p>\n\n\n\n<p><strong>Asas ergon\u00f3micas Stay-Cool:<\/strong> Equipada con asas de acero inoxidable huecas y duraderas que reducen la transferencia de calor para un uso seguro y c\u00f3modo.<\/p>\n<\/div>\n\n\n\n<div class=\"wp-block-column is-layout-flow wp-block-column-is-layout-flow\">\n<figure class=\"wp-block-image alignwide size-full\"><img decoding=\"async\" width=\"1080\" height=\"1080\" src=\"https:\/\/www.lianmeithermos.com\/wp-content\/uploads\/2026\/04\/Wholesale-Non-Stick-Frying-Pans-1.webp\" alt=\"Mayorista Sartenes antiadherentes\" class=\"wp-image-883\" srcset=\"https:\/\/www.lianmeithermos.com\/wp-content\/uploads\/2026\/04\/Wholesale-Non-Stick-Frying-Pans-1.webp 1080w, https:\/\/www.lianmeithermos.com\/wp-content\/uploads\/2026\/04\/Wholesale-Non-Stick-Frying-Pans-1-300x300.webp 300w, https:\/\/www.lianmeithermos.com\/wp-content\/uploads\/2026\/04\/Wholesale-Non-Stick-Frying-Pans-1-150x150.webp 150w, https:\/\/www.lianmeithermos.com\/wp-content\/uploads\/2026\/04\/Wholesale-Non-Stick-Frying-Pans-1-768x768.webp 768w, https:\/\/www.lianmeithermos.com\/wp-content\/uploads\/2026\/04\/Wholesale-Non-Stick-Frying-Pans-1-12x12.webp 12w, https:\/\/www.lianmeithermos.com\/wp-content\/uploads\/2026\/04\/Wholesale-Non-Stick-Frying-Pans-1-600x600.webp 600w, https:\/\/www.lianmeithermos.com\/wp-content\/uploads\/2026\/04\/Wholesale-Non-Stick-Frying-Pans-1-100x100.webp 100w\" sizes=\"(max-width: 1080px) 100vw, 1080px\" \/><\/figure>\n<\/div>\n<\/div>\n<\/div>\n<\/div>","protected":false},"excerpt":{"rendered":"<p data-start=\"452\" data-end=\"647\">Estas sartenes antiadherentes al por mayor est\u00e1n fabricadas en acero inoxidable engrosado. Compatibles con todas las cocinas (Inducci\u00f3n\/Gas\/El\u00e9ctrica) y dise\u00f1adas para <b data-path-to-node=\"5\" data-index-in-node=\"153\">f\u00e1cil limpieza<\/b>. Ideal para mayoristas y cocinas comerciales.<\/p>\n<h2>Especificaciones de las sartenes antiadherentes al por mayor<\/h2>\n<table style=\"border-collapse: collapse; width: 344px; height: 233px;\" border=\"0\" width=\"93\" cellspacing=\"0\" cellpadding=\"0\">\n<tbody>\n<tr style=\"height: 34.75pt;\">\n<td class=\"et2\" style=\"height: 34.75pt; width: 46.80pt;\" width=\"46\" height=\"34\">Art\u00edculo<\/td>\n<td class=\"et2\" style=\"width: 46.80pt;\" width=\"46\">Talla<\/td>\n<\/tr>\n<tr style=\"height: 34.75pt;\">\n<td class=\"et2\" style=\"height: 34.75pt; width: 46.80pt;\" width=\"46\" height=\"34\">Sart\u00e9n (S)<\/td>\n<td class=\"et2\" style=\"width: 46.80pt;\" width=\"46\">24 cm<\/td>\n<\/tr>\n<tr style=\"height: 51.75pt;\">\n<td class=\"et2\" style=\"height: 51.75pt; width: 46.80pt;\" width=\"46\" height=\"51\">Sart\u00e9n (M)<\/td>\n<td class=\"et2\" style=\"width: 46.80pt;\" width=\"46\">26 cm<\/td>\n<\/tr>\n<tr style=\"height: 51.75pt;\">\n<td class=\"et2\" style=\"height: 51.75pt; width: 46.80pt;\" width=\"46\" height=\"51\">Sart\u00e9n (L)<\/td>\n<td class=\"et2\" style=\"width: 46.80pt;\" width=\"46\">28 cm<\/td>\n<\/tr>\n<\/tbody>\n<\/table>","protected":false},"featured_media":883,"comment_status":"closed","ping_status":"closed","template":"","meta":{"_acf_changed":false},"product_brand":[],"product_cat":[29],"product_tag":[],"class_list":{"0":"post-880","1":"product","2":"type-product","3":"status-publish","4":"has-post-thumbnail","6":"product_cat-wholesale-cookware","8":"first","9":"instock","10":"shipping-taxable","11":"product-type-simple"},"acf":[],"_links":{"self":[{"href":"https:\/\/www.lianmeithermos.com\/es\/wp-json\/wp\/v2\/product\/880","targetHints":{"allow":["GET"]}}],"collection":[{"href":"https:\/\/www.lianmeithermos.com\/es\/wp-json\/wp\/v2\/product"}],"about":[{"href":"https:\/\/www.lianmeithermos.com\/es\/wp-json\/wp\/v2\/types\/product"}],"replies":[{"embeddable":true,"href":"https:\/\/www.lianmeithermos.com\/es\/wp-json\/wp\/v2\/comments?post=880"}],"wp:featuredmedia":[{"embeddable":true,"href":"https:\/\/www.lianmeithermos.com\/es\/wp-json\/wp\/v2\/media\/883"}],"wp:attachment":[{"href":"https:\/\/www.lianmeithermos.com\/es\/wp-json\/wp\/v2\/media?parent=880"}],"wp:term":[{"taxonomy":"product_brand","embeddable":true,"href":"https:\/\/www.lianmeithermos.com\/es\/wp-json\/wp\/v2\/product_brand?post=880"},{"taxonomy":"product_cat","embeddable":true,"href":"https:\/\/www.lianmeithermos.com\/es\/wp-json\/wp\/v2\/product_cat?post=880"},{"taxonomy":"product_tag","embeddable":true,"href":"https:\/\/www.lianmeithermos.com\/es\/wp-json\/wp\/v2\/product_tag?post=880"}],"curies":[{"name":"wp","href":"https:\/\/api.w.org\/{rel}","templated":true}]}}