{"id":553,"date":"2025-12-28T11:18:36","date_gmt":"2025-12-28T11:18:36","guid":{"rendered":"https:\/\/www.lianmeithermos.com\/?post_type=product&#038;p=553"},"modified":"2025-12-30T00:59:40","modified_gmt":"2025-12-30T00:59:40","slug":"bulk-stainless-steel-milk-tea-buckets-for-commercial-use","status":"publish","type":"product","link":"https:\/\/www.lianmeithermos.com\/fr\/produit\/bulk-stainless-steel-milk-tea-buckets-for-commercial-use\/","title":{"rendered":"Seaux \u00e0 th\u00e9 au lait en acier inoxydable en vrac \u00e0 usage commercial"},"content":{"rendered":"<h2 class=\"wp-block-heading\">Caract\u00e9ristiques des seaux \u00e0 th\u00e9 au lait en acier inoxydable vendus en gros<\/h2>\n\n\n\n<div class=\"wp-block-columns is-layout-flex wp-container-core-columns-is-layout-9d6595d7 wp-block-columns-is-layout-flex\">\n<div class=\"wp-block-column is-vertically-aligned-center is-layout-flow wp-block-column-is-layout-flow\">\n<div class=\"wp-block-columns is-layout-flex wp-container-core-columns-is-layout-9d6595d7 wp-block-columns-is-layout-flex\">\n<div class=\"wp-block-column is-vertically-aligned-top is-layout-flow wp-block-column-is-layout-flow\">\n<p><strong>Acier inoxydable 304 de qualit\u00e9 alimentaire<\/strong>\uff1a Int\u00e9rieur certifi\u00e9 de qualit\u00e9 alimentaire \u2014 non toxique, r\u00e9sistant \u00e0 la corrosion et conforme aux normes FDA\/LFGB.<\/p>\n\n\n\n<p><strong>Conservation de la temp\u00e9rature pendant plus de 24 heures<\/strong>\uff1a L'isolation triple couche (vide + mousse PU) maintient les boissons chaudes ou froides toute la journ\u00e9e, r\u00e9duisant ainsi le gaspillage et garantissant une temp\u00e9rature constante.<\/p>\n\n\n\n<p><strong>Robinet en r\u00e9sine anti-goutte<\/strong>\uff1a Robinet ergonomique r\u00e9sistant \u00e0 la chaleur pour une distribution fluide d'une seule main, sans fuite ni salissure.<\/p>\n\n\n\n<p><strong>Pieds pliables, conception empilable <\/strong>\uff1aRelevez de 7 cm pour verser plus facilement ; repliez \u00e0 plat pour gagner de la place lors du rangement ou du transport.<\/p>\n\n\n\n<p><strong>Un seul seau, plusieurs utilisations<\/strong>\uff1aId\u00e9al pour le th\u00e9 boba, le caf\u00e9, le lait, le sirop ou l'eau : r\u00e9duisez votre consommation de plastique \u00e0 usage unique et simplifiez vos op\u00e9rations.<\/p>\n\n\n\n<p><strong>\u00c9chelle de 6 \u00e0 20 litres avec votre entreprise<\/strong>: Compact pour les kiosques, grand pour les caf\u00e9s \u2014 m\u00eame construction fiable pour toutes les tailles.<\/p>\n<\/div>\n\n\n\n<div class=\"wp-block-column is-layout-flow wp-block-column-is-layout-flow\">\n<figure class=\"wp-block-image size-full\"><img decoding=\"async\" width=\"800\" height=\"800\" src=\"https:\/\/www.lianmeithermos.com\/wp-content\/uploads\/2025\/12\/Bulk-Stainless-Steel-Milk-Tea-Buckets-4.webp\" alt=\"Seaux \u00e0 th\u00e9 au lait en acier inoxydable en vrac 4\" class=\"wp-image-554\" srcset=\"https:\/\/www.lianmeithermos.com\/wp-content\/uploads\/2025\/12\/Bulk-Stainless-Steel-Milk-Tea-Buckets-4.webp 800w, https:\/\/www.lianmeithermos.com\/wp-content\/uploads\/2025\/12\/Bulk-Stainless-Steel-Milk-Tea-Buckets-4-300x300.webp 300w, https:\/\/www.lianmeithermos.com\/wp-content\/uploads\/2025\/12\/Bulk-Stainless-Steel-Milk-Tea-Buckets-4-150x150.webp 150w, https:\/\/www.lianmeithermos.com\/wp-content\/uploads\/2025\/12\/Bulk-Stainless-Steel-Milk-Tea-Buckets-4-768x768.webp 768w, https:\/\/www.lianmeithermos.com\/wp-content\/uploads\/2025\/12\/Bulk-Stainless-Steel-Milk-Tea-Buckets-4-600x600.webp 600w, https:\/\/www.lianmeithermos.com\/wp-content\/uploads\/2025\/12\/Bulk-Stainless-Steel-Milk-Tea-Buckets-4-100x100.webp 100w\" sizes=\"(max-width: 800px) 100vw, 800px\" \/><\/figure>\n<\/div>\n<\/div>\n<\/div>\n<\/div>","protected":false},"excerpt":{"rendered":"<p>Seaux \u00e0 th\u00e9 au lait haut de gamme pour caf\u00e9s, boutiques de boba et fournisseurs de services alimentaires. Fabriqu\u00e9s en acier inoxydable 304 conforme aux normes de la FDA, avec une isolation triple couche et un robinet \u00e9tanche, ils sont con\u00e7us pour distribuer de grands volumes, conserver la temp\u00e9rature et s'empiler facilement. OEM disponible.<\/p>\n<h2>Sp\u00e9cifications des seaux en acier inoxydable pour th\u00e9 au lait en vrac<\/h2>\n<div class=\"tongyi-markdown-table-wrapper\">\n<table style=\"height: 256px;\" width=\"714\">\n<thead>\n<tr>\n<th data-spm-anchor-id=\"5176.28103460.0.i39.f80475513I0AEr\">Taille (L)<\/th>\n<th>Dimensions int\u00e9rieures (P \u00d7 H, cm)<\/th>\n<th>Poids net (kg)<\/th>\n<th>Poids brut (kg)<\/th>\n<th>Emballage individuel (cm)<\/th>\n<th>Carton ext\u00e9rieur (cm)<\/th>\n<th>Unit\u00e9s par carton<\/th>\n<\/tr>\n<\/thead>\n<tbody>\n<tr>\n<td>6<\/td>\n<td>18 \u00d7 19,5<\/td>\n<td>1.24<\/td>\n<td>1.62<\/td>\n<td>23,5 \u00d7 25 \u00d7 30,5<\/td>\n<td>76 \u00d7 51 \u00d7 33<\/td>\n<td>6<\/td>\n<\/tr>\n<tr>\n<td>8<\/td>\n<td>18 \u00d7 24,5<\/td>\n<td>1.36<\/td>\n<td>1.78<\/td>\n<td>23,5 \u00d7 25 \u00d7 35,5<\/td>\n<td>51 \u00d7 38 \u00d7 35<\/td>\n<td>6<\/td>\n<\/tr>\n<tr>\n<td>10<\/td>\n<td>18 \u00d7 29,5<\/td>\n<td>1.53<\/td>\n<td>1.96<\/td>\n<td>23,5 \u00d7 25 \u00d7 40,5<\/td>\n<td>51 \u00d7 43 \u00d7 39<\/td>\n<td>6<\/td>\n<\/tr>\n<tr>\n<td>12<\/td>\n<td>18 \u00d7 34,5<\/td>\n<td>1.63<\/td>\n<td>2.11<\/td>\n<td>23,5 \u00d7 25 \u00d7 45,5<\/td>\n<td>51 \u00d7 48 \u00d7 43<\/td>\n<td>6<\/td>\n<\/tr>\n<tr>\n<td>14<\/td>\n<td>\u2014<\/td>\n<td>\u2014<\/td>\n<td>\u2014<\/td>\n<td>\u2014<\/td>\n<td>\u2014<\/td>\n<td>6<\/td>\n<\/tr>\n<tr>\n<td>16<\/td>\n<td>22 \u00d7 30,5<\/td>\n<td>2.03<\/td>\n<td>2.77<\/td>\n<td>35 \u00d7 35 \u00d7 47<\/td>\n<td>60 \u00d7 48 \u00d7 57<\/td>\n<td>6<\/td>\n<\/tr>\n<tr>\n<td data-spm-anchor-id=\"5176.28103460.0.i32.f80475513I0AEr\">18<\/td>\n<td>\u2014<\/td>\n<td>\u2014<\/td>\n<td>\u2014<\/td>\n<td>\u2014<\/td>\n<td>\u2014<\/td>\n<td>6<\/td>\n<\/tr>\n<tr>\n<td data-spm-anchor-id=\"5176.28103460.0.i31.f80475513I0AEr\">20<\/td>\n<td>22 \u00d7 38,5<\/td>\n<td>2.35<\/td>\n<td>3.17<\/td>\n<td>35 \u00d7 35 \u00d7 56<\/td>\n<td>60 \u00d7 56 \u00d7 70<\/td>\n<td>6<\/td>\n<\/tr>\n<\/tbody>\n<\/table>\n<\/div>","protected":false},"featured_media":555,"comment_status":"closed","ping_status":"closed","template":"","meta":{"_acf_changed":false},"product_brand":[],"product_cat":[18],"product_tag":[25],"class_list":{"0":"post-553","1":"product","2":"type-product","3":"status-publish","4":"has-post-thumbnail","6":"product_cat-wholesale-milk-tea-buckets","7":"product_tag-restaurant","9":"first","10":"instock","11":"shipping-taxable","12":"product-type-simple"},"acf":[],"_links":{"self":[{"href":"https:\/\/www.lianmeithermos.com\/fr\/wp-json\/wp\/v2\/product\/553","targetHints":{"allow":["GET"]}}],"collection":[{"href":"https:\/\/www.lianmeithermos.com\/fr\/wp-json\/wp\/v2\/product"}],"about":[{"href":"https:\/\/www.lianmeithermos.com\/fr\/wp-json\/wp\/v2\/types\/product"}],"replies":[{"embeddable":true,"href":"https:\/\/www.lianmeithermos.com\/fr\/wp-json\/wp\/v2\/comments?post=553"}],"wp:featuredmedia":[{"embeddable":true,"href":"https:\/\/www.lianmeithermos.com\/fr\/wp-json\/wp\/v2\/media\/555"}],"wp:attachment":[{"href":"https:\/\/www.lianmeithermos.com\/fr\/wp-json\/wp\/v2\/media?parent=553"}],"wp:term":[{"taxonomy":"product_brand","embeddable":true,"href":"https:\/\/www.lianmeithermos.com\/fr\/wp-json\/wp\/v2\/product_brand?post=553"},{"taxonomy":"product_cat","embeddable":true,"href":"https:\/\/www.lianmeithermos.com\/fr\/wp-json\/wp\/v2\/product_cat?post=553"},{"taxonomy":"product_tag","embeddable":true,"href":"https:\/\/www.lianmeithermos.com\/fr\/wp-json\/wp\/v2\/product_tag?post=553"}],"curies":[{"name":"wp","href":"https:\/\/api.w.org\/{rel}","templated":true}]}}