{"id":558,"date":"2025-12-28T11:22:53","date_gmt":"2025-12-28T11:22:53","guid":{"rendered":"https:\/\/www.lianmeithermos.com\/?post_type=product&#038;p=558"},"modified":"2025-12-30T00:59:24","modified_gmt":"2025-12-30T00:59:24","slug":"commercial-milk-tea-buckets-in-bulk","status":"publish","type":"product","link":"https:\/\/www.lianmeithermos.com\/fr\/produit\/commercial-milk-tea-buckets-in-bulk\/","title":{"rendered":"Seaux de th\u00e9 au lait de qualit\u00e9 commerciale en vrac"},"content":{"rendered":"<h2 class=\"wp-block-heading\">Caract\u00e9ristiques des seaux de th\u00e9 au lait en vrac<\/h2>\n\n\n\n<div class=\"wp-block-columns is-layout-flex wp-container-core-columns-is-layout-9d6595d7 wp-block-columns-is-layout-flex\">\n<div class=\"wp-block-column is-vertically-aligned-center is-layout-flow wp-block-column-is-layout-flow\">\n<div class=\"wp-block-columns is-layout-flex wp-container-core-columns-is-layout-9d6595d7 wp-block-columns-is-layout-flex\">\n<div class=\"wp-block-column is-vertically-aligned-top is-layout-flow wp-block-column-is-layout-flow\">\n<p><strong>Rev\u00eatement de s\u00e9curit\u00e9 de qualit\u00e9 alimentaire<\/strong>\uff1a<br>Fabriqu\u00e9 \u00e0 partir d\u201c\u201d acier inoxydable de qualit\u00e9 alimentaire \u00bb soigneusement s\u00e9lectionn\u00e9, garantissant la sant\u00e9 et la s\u00e9curit\u00e9 gr\u00e2ce \u00e0 l'absence de m\u00e9taux lourds et \u00e0 la r\u00e9sistance \u00e0 la corrosion, assurant ainsi la s\u00e9curit\u00e9 des boissons d\u00e8s leur source.<br><strong>Excellentes performances d'isolation<\/strong>\uff1a<br>Comprend une couche isolante \u00e9paissie de 2,5 cm, offrant jusqu'\u00e0 24 heures de r\u00e9tention durable de la chaleur et du froid, r\u00e9pondant ainsi aux besoins des op\u00e9rations commerciales tout au long de la journ\u00e9e.<br><strong>Facile \u00e0 nettoyer et durable<\/strong>\uff1a<br>La doublure int\u00e9rieure pr\u00e9sente une surface lisse et sans couture qui emp\u00eache l'accumulation de salet\u00e9 et de crasse, ce qui facilite et acc\u00e9l\u00e8re le nettoyage, r\u00e9pondant ainsi aux exigences d'hygi\u00e8ne li\u00e9es \u00e0 une utilisation commerciale intensive.<br><strong>Conception am\u00e9lior\u00e9e \u00e9tanche<\/strong>\uff1a<br>Le produit a \u00e9t\u00e9 r\u00e9cemment am\u00e9lior\u00e9 en mettant l'accent sur l'optimisation structurelle, \u00e9liminant compl\u00e8tement les probl\u00e8mes de fuite au fond pour une utilisation plus s\u00fbre et plus sereine.<br><strong>Adaptation professionnelle de la sc\u00e8ne<\/strong>\uff1a<br>Con\u00e7u sp\u00e9cialement pour les environnements commerciaux tels que les salons de th\u00e9 et les caf\u00e9s, \u00e9quip\u00e9 d'un robinet pratique et d'une poign\u00e9e fonctionnelle pour am\u00e9liorer l'efficacit\u00e9 et la facilit\u00e9 d'utilisation.<\/p>\n<\/div>\n\n\n\n<div class=\"wp-block-column is-layout-flow wp-block-column-is-layout-flow\">\n<figure class=\"wp-block-image size-full\"><img decoding=\"async\" width=\"800\" height=\"800\" src=\"https:\/\/www.lianmeithermos.com\/wp-content\/uploads\/2025\/12\/Milk-Tea-Buckets-in-Bulk3.webp\" alt=\"Seaux de th\u00e9 au lait en vrac3\" class=\"wp-image-561\" srcset=\"https:\/\/www.lianmeithermos.com\/wp-content\/uploads\/2025\/12\/Milk-Tea-Buckets-in-Bulk3.webp 800w, https:\/\/www.lianmeithermos.com\/wp-content\/uploads\/2025\/12\/Milk-Tea-Buckets-in-Bulk3-300x300.webp 300w, https:\/\/www.lianmeithermos.com\/wp-content\/uploads\/2025\/12\/Milk-Tea-Buckets-in-Bulk3-150x150.webp 150w, https:\/\/www.lianmeithermos.com\/wp-content\/uploads\/2025\/12\/Milk-Tea-Buckets-in-Bulk3-768x768.webp 768w, https:\/\/www.lianmeithermos.com\/wp-content\/uploads\/2025\/12\/Milk-Tea-Buckets-in-Bulk3-600x600.webp 600w, https:\/\/www.lianmeithermos.com\/wp-content\/uploads\/2025\/12\/Milk-Tea-Buckets-in-Bulk3-100x100.webp 100w\" sizes=\"(max-width: 800px) 100vw, 800px\" \/><\/figure>\n<\/div>\n<\/div>\n<\/div>\n<\/div>","protected":false},"excerpt":{"rendered":"<p data-start=\"452\" data-end=\"647\">Seaux \u00e0 th\u00e9 au lait de qualit\u00e9 commerciale en vrac pour les magasins de th\u00e9 au lait et la restauration, fabriqu\u00e9s en acier inoxydable de qualit\u00e9 alimentaire, dot\u00e9s d'une isolation fiable et offrant une grande flexibilit\u00e9 en mati\u00e8re de vrac et de support OEM\/ODM.<\/p>\n<h2>Sp\u00e9cifications des seaux de th\u00e9 au lait en vrac<\/h2>\n<table style=\"height: 251px;\" width=\"635\">\n<thead>\n<tr>\n<th>Capacit\u00e9 (L)<\/th>\n<th>Diam\u00e8tre int\u00e9rieur \u00d7 Hauteur int\u00e9rieure (cm)<\/th>\n<th>Poids brut (kg)<\/th>\n<th>Dimensions d'un seul colis (cm)<\/th>\n<th>Dimensions du carton (cm)<\/th>\n<th>Quantit\u00e9 \/ Carton<\/th>\n<\/tr>\n<\/thead>\n<tbody>\n<tr>\n<td>6<\/td>\n<td>19,5 \u00d7 17<\/td>\n<td>1.62<\/td>\n<td>35 \u00d7 25 \u00d7 30,5<\/td>\n<td>76 \u00d7 51 \u00d7 33<\/td>\n<td>6<\/td>\n<\/tr>\n<tr>\n<td>8<\/td>\n<td>19,5 \u00d7 22<\/td>\n<td>1.86<\/td>\n<td>35 \u00d7 25 \u00d7 35,5<\/td>\n<td>51 \u00d7 38 \u00d7 35<\/td>\n<td>6<\/td>\n<\/tr>\n<tr>\n<td>10<\/td>\n<td>19,5 \u00d7 27,5<\/td>\n<td>2.05<\/td>\n<td>35 \u00d7 25 \u00d7 40,5<\/td>\n<td>51 \u00d7 43 \u00d7 39<\/td>\n<td>6<\/td>\n<\/tr>\n<tr>\n<td>12<\/td>\n<td>19,5 \u00d7 32<\/td>\n<td>2.17<\/td>\n<td>35 \u00d7 25 \u00d7 45,5<\/td>\n<td>51 \u00d7 48 \u00d7 43<\/td>\n<td>6<\/td>\n<\/tr>\n<tr>\n<td>14<\/td>\n<td>25 \u00d7 22<\/td>\n<td>3.00<\/td>\n<td>35 \u00d7 35 \u00d7 43<\/td>\n<td>\u2014<\/td>\n<td>6<\/td>\n<\/tr>\n<tr>\n<td>16<\/td>\n<td>25 \u00d7 26,5<\/td>\n<td>3.23<\/td>\n<td>35 \u00d7 35 \u00d7 47<\/td>\n<td>60 \u00d7 48 \u00d7 57<\/td>\n<td>6<\/td>\n<\/tr>\n<tr>\n<td>18<\/td>\n<td>25 \u00d7 29<\/td>\n<td>3.30<\/td>\n<td>35 \u00d7 35 \u00d7 50<\/td>\n<td>\u2014<\/td>\n<td>6<\/td>\n<\/tr>\n<tr>\n<td>20<\/td>\n<td>25 \u00d7 33,5<\/td>\n<td>3.73<\/td>\n<td>35 \u00d7 35 \u00d7 56<\/td>\n<td>60 \u00d7 56 \u00d7 70<\/td>\n<td>6<\/td>\n<\/tr>\n<\/tbody>\n<\/table>","protected":false},"featured_media":562,"comment_status":"closed","ping_status":"closed","template":"","meta":{"_acf_changed":false},"product_brand":[],"product_cat":[18],"product_tag":[25],"class_list":{"0":"post-558","1":"product","2":"type-product","3":"status-publish","4":"has-post-thumbnail","6":"product_cat-wholesale-milk-tea-buckets","7":"product_tag-restaurant","9":"first","10":"instock","11":"shipping-taxable","12":"product-type-simple"},"acf":[],"_links":{"self":[{"href":"https:\/\/www.lianmeithermos.com\/fr\/wp-json\/wp\/v2\/product\/558","targetHints":{"allow":["GET"]}}],"collection":[{"href":"https:\/\/www.lianmeithermos.com\/fr\/wp-json\/wp\/v2\/product"}],"about":[{"href":"https:\/\/www.lianmeithermos.com\/fr\/wp-json\/wp\/v2\/types\/product"}],"replies":[{"embeddable":true,"href":"https:\/\/www.lianmeithermos.com\/fr\/wp-json\/wp\/v2\/comments?post=558"}],"wp:featuredmedia":[{"embeddable":true,"href":"https:\/\/www.lianmeithermos.com\/fr\/wp-json\/wp\/v2\/media\/562"}],"wp:attachment":[{"href":"https:\/\/www.lianmeithermos.com\/fr\/wp-json\/wp\/v2\/media?parent=558"}],"wp:term":[{"taxonomy":"product_brand","embeddable":true,"href":"https:\/\/www.lianmeithermos.com\/fr\/wp-json\/wp\/v2\/product_brand?post=558"},{"taxonomy":"product_cat","embeddable":true,"href":"https:\/\/www.lianmeithermos.com\/fr\/wp-json\/wp\/v2\/product_cat?post=558"},{"taxonomy":"product_tag","embeddable":true,"href":"https:\/\/www.lianmeithermos.com\/fr\/wp-json\/wp\/v2\/product_tag?post=558"}],"curies":[{"name":"wp","href":"https:\/\/api.w.org\/{rel}","templated":true}]}}