{"id":565,"date":"2025-12-28T11:54:45","date_gmt":"2025-12-28T11:54:45","guid":{"rendered":"https:\/\/www.lianmeithermos.com\/?post_type=product&#038;p=565"},"modified":"2025-12-30T00:59:09","modified_gmt":"2025-12-30T00:59:09","slug":"wholesale-commercial-stainless-steel-insulated-barrel","status":"publish","type":"product","link":"https:\/\/www.lianmeithermos.com\/fr\/produit\/wholesale-commercial-stainless-steel-insulated-barrel\/","title":{"rendered":"Baril isol\u00e9 en acier inoxydable \u00e0 usage commercial en gros"},"content":{"rendered":"<h2 class=\"wp-block-heading\">Caract\u00e9ristiques du f\u00fbt isol\u00e9 en acier inoxydable commercial vendu en gros <\/h2>\n\n\n\n<div class=\"wp-block-columns is-layout-flex wp-container-core-columns-is-layout-9d6595d7 wp-block-columns-is-layout-flex\">\n<div class=\"wp-block-column is-vertically-aligned-center is-layout-flow wp-block-column-is-layout-flow\">\n<div class=\"wp-block-columns is-layout-flex wp-container-core-columns-is-layout-9d6595d7 wp-block-columns-is-layout-flex\">\n<div class=\"wp-block-column is-vertically-aligned-top is-layout-flow wp-block-column-is-layout-flow\">\n<p><strong>Mat\u00e9riau en acier inoxydable de qualit\u00e9 alimentaire : <\/strong>La doublure int\u00e9rieure est en acier inoxydable de qualit\u00e9 alimentaire, r\u00e9sistant aux temp\u00e9ratures \u00e9lev\u00e9es, ne lib\u00e9rant aucune substance nocive, r\u00e9sistant \u00e0 la corrosion et \u00e0 la rouille, garantissant ainsi la s\u00e9curit\u00e9 et la puret\u00e9 des boissons. La paroi int\u00e9rieure lisse est facile \u00e0 nettoyer et emp\u00eache l'accumulation de salet\u00e9 et de crasse, r\u00e9pondant ainsi aux normes d'hygi\u00e8ne commerciales les plus strictes.<br><strong>Couche isolante en PU \u00e9paisse, maintien de la temp\u00e9rature pendant 24 heures : <\/strong>Utilisant un mat\u00e9riau PU respectueux de l'environnement pour un rembourrage en mousse multicouche \u00e9paissie, il offre d'excellentes performances d'isolation, permettant de conserver la chaleur ou le froid pendant 24 heures, ce qui r\u00e9pond efficacement aux besoins op\u00e9rationnels quotidiens des salons de th\u00e9 et des caf\u00e9s.<br><strong>Conception robuste de la boucle, s\u00fbre et \u00e9tanche : <\/strong>Le couvercle est \u00e9quip\u00e9 d'une structure \u00e0 boucle renforc\u00e9e qui se verrouille solidement, emp\u00eachant les d\u00e9versements et les fuites pendant la manipulation et le transport, garantissant ainsi une exp\u00e9rience utilisateur propre et s\u00fbre.<br><strong>Structure stable et utilisation facile, adapt\u00e9e \u00e0 un usage commercial : <\/strong>La conception robuste du r\u00e9cipient, avec ses poign\u00e9es lat\u00e9rales et son bouton central sur le couvercle, facilite le d\u00e9placement et le versement, sans effort, et est optimis\u00e9e pour les environnements commerciaux \u00e0 haute fr\u00e9quence et \u00e0 haut rendement.<br><strong>Assurance qualit\u00e9 de la marque, professionnelle et fiable :<\/strong> Produit par la marque \u201c LianMei \u201d, qui accorde une attention particuli\u00e8re aux mat\u00e9riaux et \u00e0 la qualit\u00e9 de fabrication, il r\u00e9pond \u00e0 toutes les exigences des entreprises en mati\u00e8re de durabilit\u00e9, d'hygi\u00e8ne et d'efficacit\u00e9, de l'isolation et l'\u00e9tanch\u00e9it\u00e9 au nettoyage et \u00e0 l'entretien.<\/p>\n<\/div>\n\n\n\n<div class=\"wp-block-column is-layout-flow wp-block-column-is-layout-flow\">\n<figure class=\"wp-block-image size-full\"><img decoding=\"async\" width=\"4480\" height=\"4480\" src=\"https:\/\/www.lianmeithermos.com\/wp-content\/uploads\/2025\/12\/Wholesale-Commercial-Stainless-Steel-Insulated-Barrel3.webp\" alt=\"Baril isol\u00e9 en acier inoxydable \u00e0 usage commercial en gros3\" class=\"wp-image-568\" srcset=\"https:\/\/www.lianmeithermos.com\/wp-content\/uploads\/2025\/12\/Wholesale-Commercial-Stainless-Steel-Insulated-Barrel3.webp 4480w, https:\/\/www.lianmeithermos.com\/wp-content\/uploads\/2025\/12\/Wholesale-Commercial-Stainless-Steel-Insulated-Barrel3-300x300.webp 300w, https:\/\/www.lianmeithermos.com\/wp-content\/uploads\/2025\/12\/Wholesale-Commercial-Stainless-Steel-Insulated-Barrel3-150x150.webp 150w, https:\/\/www.lianmeithermos.com\/wp-content\/uploads\/2025\/12\/Wholesale-Commercial-Stainless-Steel-Insulated-Barrel3-768x768.webp 768w, https:\/\/www.lianmeithermos.com\/wp-content\/uploads\/2025\/12\/Wholesale-Commercial-Stainless-Steel-Insulated-Barrel3-1200x1200.webp 1200w, https:\/\/www.lianmeithermos.com\/wp-content\/uploads\/2025\/12\/Wholesale-Commercial-Stainless-Steel-Insulated-Barrel3-600x600.webp 600w, https:\/\/www.lianmeithermos.com\/wp-content\/uploads\/2025\/12\/Wholesale-Commercial-Stainless-Steel-Insulated-Barrel3-100x100.webp 100w\" sizes=\"(max-width: 4480px) 100vw, 4480px\" \/><\/figure>\n<\/div>\n<\/div>\n<\/div>\n<\/div>","protected":false},"excerpt":{"rendered":"<p data-start=\"452\" data-end=\"647\">Baril isol\u00e9 en acier inoxydable \u00e0 usage commercial, con\u00e7u pour la restauration, les restaurants et les services alimentaires, dot\u00e9 d'une structure en acier inoxydable de qualit\u00e9 alimentaire et d'une isolation fiable pour maintenir les aliments et les boissons \u00e0 une temp\u00e9rature id\u00e9ale.<\/p>\n<h2>Sp\u00e9cifications du f\u00fbt isol\u00e9 en acier inoxydable \u00e0 usage commercial vendu en gros<\/h2>\n<table style=\"height: 397px;\" width=\"576\">\n<thead>\n<tr>\n<th>Capacit\u00e9 (L)<\/th>\n<th>Diam\u00e8tre int\u00e9rieur \u00d7 Hauteur int\u00e9rieure (cm)<\/th>\n<th>Poids net (kg)<\/th>\n<th>Poids brut (kg)<\/th>\n<th>Dimensions d'un seul colis (cm)<\/th>\n<th>Dimensions du carton (cm)<\/th>\n<th>Quantit\u00e9 \/ Carton<\/th>\n<\/tr>\n<\/thead>\n<tbody>\n<tr>\n<td>10<\/td>\n<td>19,5 \u00d7 23<\/td>\n<td>1.50<\/td>\n<td>1.90<\/td>\n<td>25 \u00d7 25 \u00d7 31<\/td>\n<td>53 \u00d7 53 \u00d7 65<\/td>\n<td>8<\/td>\n<\/tr>\n<tr>\n<td>15<\/td>\n<td>25 \u00d7 20<\/td>\n<td>1.75<\/td>\n<td>2.52<\/td>\n<td>32 \u00d7 32 \u00d7 29,5<\/td>\n<td>63 \u00d7 63 \u00d7 61<\/td>\n<td>8<\/td>\n<\/tr>\n<tr>\n<td>20<\/td>\n<td>25 \u00d7 25<\/td>\n<td>2.05<\/td>\n<td>2.65<\/td>\n<td>31 \u00d7 31 \u00d7 34<\/td>\n<td>94 \u00d7 63 \u00d7 36<\/td>\n<td>6<\/td>\n<\/tr>\n<tr>\n<td>25<\/td>\n<td>25 \u00d7 29<\/td>\n<td>2.20<\/td>\n<td>2.84<\/td>\n<td>32 \u00d7 32 \u00d7 40<\/td>\n<td>94 \u00d7 63 \u00d7 42<\/td>\n<td>6<\/td>\n<\/tr>\n<tr>\n<td>30<\/td>\n<td>25 \u00d7 35<\/td>\n<td>2.45<\/td>\n<td>3.20<\/td>\n<td>31 \u00d7 31 \u00d7 44<\/td>\n<td>94 \u00d7 63 \u00d7 47<\/td>\n<td>6<\/td>\n<\/tr>\n<tr>\n<td>40<\/td>\n<td>30 \u00d7 30<\/td>\n<td>2.77<\/td>\n<td>3.63<\/td>\n<td>37,5 \u00d7 36 \u00d7 42<\/td>\n<td>106 \u00d7 71 \u00d7 42<\/td>\n<td>6<\/td>\n<\/tr>\n<tr>\n<td>45<\/td>\n<td>30 \u00d7 40<\/td>\n<td>3.40<\/td>\n<td>4.13<\/td>\n<td>37,5 \u00d7 36 \u00d7 52<\/td>\n<td>106 \u00d7 71 \u00d7 52<\/td>\n<td>6<\/td>\n<\/tr>\n<tr>\n<td>50<\/td>\n<td>35 \u00d7 34,6<\/td>\n<td>3.69<\/td>\n<td>4.90<\/td>\n<td>41,5 \u00d7 41 \u00d7 48,5<\/td>\n<td>83 \u00d7 83 \u00d7 48<\/td>\n<td>4<\/td>\n<\/tr>\n<tr>\n<td>60<\/td>\n<td>35 \u00d7 39<\/td>\n<td>4.00<\/td>\n<td>5.39<\/td>\n<td>41,5 \u00d7 41 \u00d7 52<\/td>\n<td>83 \u00d7 83 \u00d7 53<\/td>\n<td>4<\/td>\n<\/tr>\n<tr>\n<td>70<\/td>\n<td>40 \u00d7 39<\/td>\n<td>4.55<\/td>\n<td>5.74<\/td>\n<td>49 \u00d7 49 \u00d7 53<\/td>\n<td>48 \u00d7 95 \u00d7 53<\/td>\n<td>2<\/td>\n<\/tr>\n<tr>\n<td>80<\/td>\n<td>40 \u00d7 46<\/td>\n<td>5.15<\/td>\n<td>6.61<\/td>\n<td>49 \u00d7 49 \u00d7 61<\/td>\n<td>50 \u00d7 99 \u00d7 61<\/td>\n<td>2<\/td>\n<\/tr>\n<tr>\n<td>90<\/td>\n<td>40 \u00d7 54,5<\/td>\n<td>6.45<\/td>\n<td>8.00<\/td>\n<td>49 \u00d7 49 \u00d7 69<\/td>\n<td>50 \u00d7 99 \u00d7 70<\/td>\n<td>2<\/td>\n<\/tr>\n<tr>\n<td>100<\/td>\n<td>45 \u00d7 54,5<\/td>\n<td>6.52<\/td>\n<td>9.84<\/td>\n<td>54 \u00d7 54 \u00d7 66<\/td>\n<td>55 \u00d7 109 \u00d7 70<\/td>\n<td>2<\/td>\n<\/tr>\n<\/tbody>\n<\/table>","protected":false},"featured_media":567,"comment_status":"closed","ping_status":"closed","template":"","meta":{"_acf_changed":false},"product_brand":[],"product_cat":[17],"product_tag":[25],"class_list":{"0":"post-565","1":"product","2":"type-product","3":"status-publish","4":"has-post-thumbnail","6":"product_cat-wholesale-stainless-steel-insulated-barrels","7":"product_tag-restaurant","9":"first","10":"instock","11":"shipping-taxable","12":"product-type-simple"},"acf":[],"_links":{"self":[{"href":"https:\/\/www.lianmeithermos.com\/fr\/wp-json\/wp\/v2\/product\/565","targetHints":{"allow":["GET"]}}],"collection":[{"href":"https:\/\/www.lianmeithermos.com\/fr\/wp-json\/wp\/v2\/product"}],"about":[{"href":"https:\/\/www.lianmeithermos.com\/fr\/wp-json\/wp\/v2\/types\/product"}],"replies":[{"embeddable":true,"href":"https:\/\/www.lianmeithermos.com\/fr\/wp-json\/wp\/v2\/comments?post=565"}],"wp:featuredmedia":[{"embeddable":true,"href":"https:\/\/www.lianmeithermos.com\/fr\/wp-json\/wp\/v2\/media\/567"}],"wp:attachment":[{"href":"https:\/\/www.lianmeithermos.com\/fr\/wp-json\/wp\/v2\/media?parent=565"}],"wp:term":[{"taxonomy":"product_brand","embeddable":true,"href":"https:\/\/www.lianmeithermos.com\/fr\/wp-json\/wp\/v2\/product_brand?post=565"},{"taxonomy":"product_cat","embeddable":true,"href":"https:\/\/www.lianmeithermos.com\/fr\/wp-json\/wp\/v2\/product_cat?post=565"},{"taxonomy":"product_tag","embeddable":true,"href":"https:\/\/www.lianmeithermos.com\/fr\/wp-json\/wp\/v2\/product_tag?post=565"}],"curies":[{"name":"wp","href":"https:\/\/api.w.org\/{rel}","templated":true}]}}