{"id":569,"date":"2025-12-28T12:13:15","date_gmt":"2025-12-28T12:13:15","guid":{"rendered":"https:\/\/www.lianmeithermos.com\/?post_type=product&#038;p=569"},"modified":"2025-12-30T00:52:55","modified_gmt":"2025-12-30T00:52:55","slug":"wholesale-304-stainless-steel-insulated-barrel","status":"publish","type":"product","link":"https:\/\/www.lianmeithermos.com\/fr\/produit\/wholesale-304-stainless-steel-insulated-barrel\/","title":{"rendered":"Baril isol\u00e9 en acier inoxydable 304 vendu en gros"},"content":{"rendered":"<h2 class=\"wp-block-heading\">Caract\u00e9ristiques du f\u00fbt isol\u00e9 en acier inoxydable 304 vendu en gros<\/h2>\n\n\n\n<div class=\"wp-block-columns is-layout-flex wp-container-core-columns-is-layout-9d6595d7 wp-block-columns-is-layout-flex\">\n<div class=\"wp-block-column is-vertically-aligned-center is-layout-flow wp-block-column-is-layout-flow\">\n<div class=\"wp-block-columns is-layout-flex wp-container-core-columns-is-layout-9d6595d7 wp-block-columns-is-layout-flex\">\n<div class=\"wp-block-column is-vertically-aligned-top is-layout-flow wp-block-column-is-layout-flow\">\n<p><strong>Structure \u00e0 triple couche isolante, conserve la chaleur jusqu'\u00e0 24 heures<\/strong><br>Dot\u00e9 d'une structure de pr\u00e9cision \u00e0 triple couche \u201c couche int\u00e9rieure en acier inoxydable 304 + couche isolante en mousse PU int\u00e9grale + couche ext\u00e9rieure en acier inoxydable \u00e9pais \u201d, il conserve efficacement la temp\u00e9rature, offrant une r\u00e9tention durable de la chaleur et du froid jusqu'\u00e0 24 heures, r\u00e9pondant ainsi aux besoins d'utilisation tout au long de la journ\u00e9e.<\/p>\n\n\n\n<p><strong>Rev\u00eatement int\u00e9rieur en acier inoxydable 304 de qualit\u00e9 alimentaire, s\u00fbr et facile \u00e0 nettoyer<\/strong><br>La couche int\u00e9rieure est en acier inoxydable 304 de qualit\u00e9 alimentaire, sain, s\u00fbr, r\u00e9sistant \u00e0 la corrosion et \u00e0 la rouille. La paroi int\u00e9rieure lisse et sans soudure emp\u00eache l'accumulation de taches, ce qui facilite le nettoyage et r\u00e9pond aux normes d'hygi\u00e8ne commerciales strictes.<\/p>\n\n\n\n<p><strong>Joint solide et \u00e9tanche, r\u00e9siste aux chocs et aux secousses<\/strong><br>Le corps et le couvercle du seau offrent d'excellentes performances d'\u00e9tanch\u00e9it\u00e9. Gr\u00e2ce \u00e0 leur conception sp\u00e9ciale, ils garantissent l'absence de fuites, m\u00eame pendant le transport, en cas de chocs ou de secousses, pour une utilisation fiable et en toute tranquillit\u00e9.<\/p>\n\n\n\n<p><strong>Conception avec couvercle suspendable, hygi\u00e9nique et pratique<\/strong><br>Le couvercle est amovible et peut \u00eatre suspendu, ce qui \u00e9vite d'avoir \u00e0 toucher le sol ou d'autres surfaces sales pendant l'utilisation, emp\u00eachant ainsi efficacement toute contamination secondaire et am\u00e9liorant consid\u00e9rablement l'hygi\u00e8ne et la commodit\u00e9.<\/p>\n\n\n\n<p><strong>Plusieurs tailles disponibles, adaptables \u00e0 divers sc\u00e9narios<\/strong><br>Disponible en diff\u00e9rentes capacit\u00e9s allant de 10 \u00e0 100 litres, il r\u00e9pond avec souplesse aux besoins de diff\u00e9rents sc\u00e9narios et \u00e9chelles, y compris l'usage domestique, les salons de th\u00e9, les restaurants et les activit\u00e9s de plein air.<\/p>\n<\/div>\n\n\n\n<div class=\"wp-block-column is-layout-flow wp-block-column-is-layout-flow\">\n<figure class=\"wp-block-image size-full\"><img decoding=\"async\" width=\"900\" height=\"900\" src=\"https:\/\/www.lianmeithermos.com\/wp-content\/uploads\/2025\/12\/Wholesale-304-Stainless-Steel-Insulated-Barrel1.webp\" alt=\"Vente en gros de f\u00fbts isol\u00e9s en acier inoxydable 304\" class=\"wp-image-570\" srcset=\"https:\/\/www.lianmeithermos.com\/wp-content\/uploads\/2025\/12\/Wholesale-304-Stainless-Steel-Insulated-Barrel1.webp 900w, https:\/\/www.lianmeithermos.com\/wp-content\/uploads\/2025\/12\/Wholesale-304-Stainless-Steel-Insulated-Barrel1-300x300.webp 300w, https:\/\/www.lianmeithermos.com\/wp-content\/uploads\/2025\/12\/Wholesale-304-Stainless-Steel-Insulated-Barrel1-150x150.webp 150w, https:\/\/www.lianmeithermos.com\/wp-content\/uploads\/2025\/12\/Wholesale-304-Stainless-Steel-Insulated-Barrel1-768x768.webp 768w, https:\/\/www.lianmeithermos.com\/wp-content\/uploads\/2025\/12\/Wholesale-304-Stainless-Steel-Insulated-Barrel1-600x600.webp 600w, https:\/\/www.lianmeithermos.com\/wp-content\/uploads\/2025\/12\/Wholesale-304-Stainless-Steel-Insulated-Barrel1-100x100.webp 100w\" sizes=\"(max-width: 900px) 100vw, 900px\" \/><\/figure>\n<\/div>\n<\/div>\n<\/div>\n<\/div>","protected":false},"excerpt":{"rendered":"<p data-start=\"452\" data-end=\"647\">Baril isol\u00e9 en acier inoxydable 304 vendu en gros, con\u00e7u pour la restauration, les restaurants et les services alimentaires, fabriqu\u00e9 en acier inoxydable 304 de qualit\u00e9 alimentaire et dot\u00e9 d'une isolation fiable pour maintenir la temp\u00e9rature id\u00e9ale des aliments et des boissons.<\/p>\n<h2>Sp\u00e9cifications du f\u00fbt isol\u00e9 en acier inoxydable 304 vendu en gros<\/h2>\n<table style=\"height: 405px;\" width=\"645\">\n<thead>\n<tr>\n<th>Mod\u00e8le<\/th>\n<th>Diam\u00e8tre int\u00e9rieur \u00d7 Hauteur int\u00e9rieure (cm)<\/th>\n<th>Poids net (kg)<\/th>\n<th>Poids brut (kg)<\/th>\n<th>Dimensions d'un seul colis (cm)<\/th>\n<th>Dimensions du carton (cm)<\/th>\n<th>Quantit\u00e9 par colis<\/th>\n<\/tr>\n<\/thead>\n<tbody>\n<tr>\n<td>10LM<\/td>\n<td>19,5 \u00d7 23<\/td>\n<td>1.50<\/td>\n<td>1.90<\/td>\n<td>25 \u00d7 25 \u00d7 31<\/td>\n<td>53 \u00d7 53 \u00d7 65<\/td>\n<td>8<\/td>\n<\/tr>\n<tr>\n<td>15LM<\/td>\n<td>25 \u00d7 20<\/td>\n<td>1.75<\/td>\n<td>2.52<\/td>\n<td>32 \u00d7 32 \u00d7 29,5<\/td>\n<td>63 \u00d7 63 \u00d7 61<\/td>\n<td>8<\/td>\n<\/tr>\n<tr>\n<td>20LM<\/td>\n<td>25 \u00d7 25<\/td>\n<td>2.05<\/td>\n<td>2.65<\/td>\n<td>31 \u00d7 31 \u00d7 34<\/td>\n<td>94 \u00d7 63 \u00d7 36<\/td>\n<td>6<\/td>\n<\/tr>\n<tr>\n<td>25LM<\/td>\n<td>25 \u00d7 29<\/td>\n<td>2.20<\/td>\n<td>2.84<\/td>\n<td>32 \u00d7 32 \u00d7 40<\/td>\n<td>94 \u00d7 63 \u00d7 42<\/td>\n<td>6<\/td>\n<\/tr>\n<tr>\n<td>30LM<\/td>\n<td>25 \u00d7 35<\/td>\n<td>2.45<\/td>\n<td>3.20<\/td>\n<td>31 \u00d7 31 \u00d7 44<\/td>\n<td>94 \u00d7 63 \u00d7 47<\/td>\n<td>6<\/td>\n<\/tr>\n<tr>\n<td>40LM<\/td>\n<td>30 \u00d7 28,5<\/td>\n<td>2.77<\/td>\n<td>3.63<\/td>\n<td>37,5 \u00d7 36 \u00d7 42<\/td>\n<td>106 \u00d7 71 \u00d7 42<\/td>\n<td>6<\/td>\n<\/tr>\n<tr>\n<td>50 LM<\/td>\n<td>35 \u00d7 34,6<\/td>\n<td>3.69<\/td>\n<td>4.90<\/td>\n<td>41,5 \u00d7 41 \u00d7 48,5<\/td>\n<td>83 \u00d7 83 \u00d7 48<\/td>\n<td>4<\/td>\n<\/tr>\n<tr>\n<td>60 LM<\/td>\n<td>35 \u00d7 39<\/td>\n<td>4.00<\/td>\n<td>5.39<\/td>\n<td>41,5 \u00d7 41 \u00d7 52<\/td>\n<td>83 \u00d7 83 \u00d7 53<\/td>\n<td>4<\/td>\n<\/tr>\n<tr>\n<td>70 LM<\/td>\n<td>40 \u00d7 39<\/td>\n<td>4.55<\/td>\n<td>5.74<\/td>\n<td>49 \u00d7 49 \u00d7 53<\/td>\n<td>48 \u00d7 95 \u00d7 53<\/td>\n<td>2<\/td>\n<\/tr>\n<tr>\n<td>80 LM<\/td>\n<td>40 \u00d7 46<\/td>\n<td>5.15<\/td>\n<td>6.61<\/td>\n<td>49 \u00d7 49 \u00d7 61<\/td>\n<td>50 \u00d7 99 \u00d7 61<\/td>\n<td>2<\/td>\n<\/tr>\n<tr>\n<td>90 LM<\/td>\n<td>45 \u00d7 44,5<\/td>\n<td>6.45<\/td>\n<td>8.00<\/td>\n<td>54 \u00d7 54 \u00d7 57<\/td>\n<td>50 \u00d7 99 \u00d7 70<\/td>\n<td>2<\/td>\n<\/tr>\n<tr>\n<td>100 LM<\/td>\n<td>45 \u00d7 54,5<\/td>\n<td>6.52<\/td>\n<td>9.84<\/td>\n<td>54 \u00d7 54 \u00d7 68<\/td>\n<td>55 \u00d7 109 \u00d7 70<\/td>\n<td>2<\/td>\n<\/tr>\n<\/tbody>\n<\/table>","protected":false},"featured_media":571,"comment_status":"closed","ping_status":"closed","template":"","meta":{"_acf_changed":false},"product_brand":[],"product_cat":[17],"product_tag":[25],"class_list":{"0":"post-569","1":"product","2":"type-product","3":"status-publish","4":"has-post-thumbnail","6":"product_cat-wholesale-stainless-steel-insulated-barrels","7":"product_tag-restaurant","9":"first","10":"instock","11":"shipping-taxable","12":"product-type-simple"},"acf":[],"_links":{"self":[{"href":"https:\/\/www.lianmeithermos.com\/fr\/wp-json\/wp\/v2\/product\/569","targetHints":{"allow":["GET"]}}],"collection":[{"href":"https:\/\/www.lianmeithermos.com\/fr\/wp-json\/wp\/v2\/product"}],"about":[{"href":"https:\/\/www.lianmeithermos.com\/fr\/wp-json\/wp\/v2\/types\/product"}],"replies":[{"embeddable":true,"href":"https:\/\/www.lianmeithermos.com\/fr\/wp-json\/wp\/v2\/comments?post=569"}],"wp:featuredmedia":[{"embeddable":true,"href":"https:\/\/www.lianmeithermos.com\/fr\/wp-json\/wp\/v2\/media\/571"}],"wp:attachment":[{"href":"https:\/\/www.lianmeithermos.com\/fr\/wp-json\/wp\/v2\/media?parent=569"}],"wp:term":[{"taxonomy":"product_brand","embeddable":true,"href":"https:\/\/www.lianmeithermos.com\/fr\/wp-json\/wp\/v2\/product_brand?post=569"},{"taxonomy":"product_cat","embeddable":true,"href":"https:\/\/www.lianmeithermos.com\/fr\/wp-json\/wp\/v2\/product_cat?post=569"},{"taxonomy":"product_tag","embeddable":true,"href":"https:\/\/www.lianmeithermos.com\/fr\/wp-json\/wp\/v2\/product_tag?post=569"}],"curies":[{"name":"wp","href":"https:\/\/api.w.org\/{rel}","templated":true}]}}