{"id":573,"date":"2025-12-28T12:35:27","date_gmt":"2025-12-28T12:35:27","guid":{"rendered":"https:\/\/www.lianmeithermos.com\/?post_type=product&#038;p=573"},"modified":"2025-12-30T00:51:40","modified_gmt":"2025-12-30T00:51:40","slug":"wholesale-round-insulated-cooler-box","status":"publish","type":"product","link":"https:\/\/www.lianmeithermos.com\/fr\/produit\/wholesale-round-insulated-cooler-box\/","title":{"rendered":"G\u00e9n\u00e9rateur de chaleur pour le chauffage de l'eau"},"content":{"rendered":"<h2 class=\"wp-block-heading\">Caract\u00e9ristiques de la glaci\u00e8re ronde isol\u00e9e vendue en gros<\/h2>\n\n\n\n<div class=\"wp-block-columns is-layout-flex wp-container-core-columns-is-layout-9d6595d7 wp-block-columns-is-layout-flex\">\n<div class=\"wp-block-column is-vertically-aligned-center is-layout-flow wp-block-column-is-layout-flow\">\n<div class=\"wp-block-columns is-layout-flex wp-container-core-columns-is-layout-9d6595d7 wp-block-columns-is-layout-flex\">\n<div class=\"wp-block-column is-vertically-aligned-top is-layout-flow wp-block-column-is-layout-flow\">\n<p><strong>1. Couvercle verrouillable r\u00e9glable pour une fermeture facile<\/strong><br>Le couvercle est dot\u00e9 d'un m\u00e9canisme de verrouillage r\u00e9glable et ergonomique, qui vous permet de contr\u00f4ler facilement le serrage et la hauteur \u00e0 l'aide d'un tournevis. Il s'adapte \u00e0 diff\u00e9rents niveaux de remplissage et emp\u00eache les fuites ou les difficult\u00e9s de fermeture.<\/p>\n\n\n\n<p><strong>2. Isolation triple couche pour une conservation durable de la temp\u00e9rature<\/strong><br>Con\u00e7u avec une doublure int\u00e9rieure en acier inoxydable, une isolation compl\u00e8te en mousse PU et une coque ext\u00e9rieure en PP pour garantir une temp\u00e9rature stable pour un usage professionnel et commercial.<\/p>\n\n\n\n<p><strong>3. Coque ext\u00e9rieure en PP durable et r\u00e9sistante aux chocs<\/strong><br>L'ext\u00e9rieur en plastique technique PP robuste est l\u00e9ger mais tr\u00e8s r\u00e9sistant aux chutes et aux chocs, prot\u00e9geant ainsi la doublure int\u00e9rieure et prolongeant la dur\u00e9e de vie du produit.<\/p>\n\n\n\n<p><strong>4. Rev\u00eatement int\u00e9rieur en acier inoxydable de qualit\u00e9 alimentaire<\/strong><br>Fabriqu\u00e9 en acier inoxydable alimentaire \u00e9pais, ce produit est r\u00e9sistant \u00e0 la corrosion, \u00e0 l'\u00e9preuve de la rouille et facile \u00e0 nettoyer, garantissant ainsi la s\u00e9curit\u00e9 alimentaire et pr\u00e9servant le go\u00fbt original.<\/p>\n\n\n\n<p><strong>5. Conception pratique pour un usage commercial et domestique<\/strong><br>Con\u00e7u avec une poign\u00e9e robuste et un couvercle s\u00e9curis\u00e9, il allie facilit\u00e9 d'utilisation et conservation fiable pour les restaurants, la restauration et l'usage domestique quotidien.<\/p>\n<\/div>\n\n\n\n<div class=\"wp-block-column is-layout-flow wp-block-column-is-layout-flow\">\n<figure class=\"wp-block-image size-full\"><img decoding=\"async\" width=\"1390\" height=\"1390\" src=\"https:\/\/www.lianmeithermos.com\/wp-content\/uploads\/2025\/12\/Wholesale-Round-Insulated-Cooler-Box2.webp\" alt=\"Bo\u00eete isotherme ronde en gros2\" class=\"wp-image-575\" srcset=\"https:\/\/www.lianmeithermos.com\/wp-content\/uploads\/2025\/12\/Wholesale-Round-Insulated-Cooler-Box2.webp 1390w, https:\/\/www.lianmeithermos.com\/wp-content\/uploads\/2025\/12\/Wholesale-Round-Insulated-Cooler-Box2-300x300.webp 300w, https:\/\/www.lianmeithermos.com\/wp-content\/uploads\/2025\/12\/Wholesale-Round-Insulated-Cooler-Box2-150x150.webp 150w, https:\/\/www.lianmeithermos.com\/wp-content\/uploads\/2025\/12\/Wholesale-Round-Insulated-Cooler-Box2-768x768.webp 768w, https:\/\/www.lianmeithermos.com\/wp-content\/uploads\/2025\/12\/Wholesale-Round-Insulated-Cooler-Box2-1200x1200.webp 1200w, https:\/\/www.lianmeithermos.com\/wp-content\/uploads\/2025\/12\/Wholesale-Round-Insulated-Cooler-Box2-600x600.webp 600w, https:\/\/www.lianmeithermos.com\/wp-content\/uploads\/2025\/12\/Wholesale-Round-Insulated-Cooler-Box2-100x100.webp 100w\" sizes=\"(max-width: 1390px) 100vw, 1390px\" \/><\/figure>\n<\/div>\n<\/div>\n<\/div>\n<\/div>","protected":false},"excerpt":{"rendered":"<p data-start=\"452\" data-end=\"647\">G\u00e9n\u00e9rateur de chaleur pour le chauffage de l'eau et du lait.<\/p>\n<h2>Sp\u00e9cifications de la glaci\u00e8re ronde isol\u00e9e vendue en gros<\/h2>\n<table style=\"height: 360px;\" width=\"694\">\n<thead>\n<tr>\n<th>Capacit\u00e9 (L)<\/th>\n<th>Diam\u00e8tre int\u00e9rieur \u00d7 Hauteur int\u00e9rieure (cm)<\/th>\n<th>Poids net (kg)<\/th>\n<th>Poids brut (kg)<\/th>\n<th>Dimensions d'un seul colis (cm)<\/th>\n<th>Dimensions du carton (cm)<\/th>\n<th>Quantit\u00e9 \/ Carton<\/th>\n<\/tr>\n<\/thead>\n<tbody>\n<tr>\n<td>10<\/td>\n<td>19,5 \u00d7 20<\/td>\n<td>1.19<\/td>\n<td>1.52<\/td>\n<td>27 \u00d7 27 \u00d7 28<\/td>\n<td>55 \u00d7 55 \u00d7 57<\/td>\n<td>8<\/td>\n<\/tr>\n<tr>\n<td>20<\/td>\n<td>25 \u00d7 25<\/td>\n<td>1.55<\/td>\n<td>2.19<\/td>\n<td>31 \u00d7 31 \u00d7 33<\/td>\n<td>63 \u00d7 63 \u00d7 57<\/td>\n<td>8<\/td>\n<\/tr>\n<tr>\n<td>30<\/td>\n<td>25 \u00d7 35<\/td>\n<td>1.74<\/td>\n<td>2.67<\/td>\n<td>31 \u00d7 31 \u00d7 43<\/td>\n<td>63 \u00d7 94 \u00d7 34<\/td>\n<td>6<\/td>\n<\/tr>\n<tr>\n<td>15<\/td>\n<td>25 \u00d7 18<\/td>\n<td>1.98<\/td>\n<td>1.94<\/td>\n<td>31 \u00d7 31 \u00d7 28<\/td>\n<td>63 \u00d7 94 \u00d7 39<\/td>\n<td>6<\/td>\n<\/tr>\n<tr>\n<td>25<\/td>\n<td>25 \u00d7 29<\/td>\n<td>2.18<\/td>\n<td>2.38<\/td>\n<td>31 \u00d7 31 \u00d7 38<\/td>\n<td>63 \u00d7 94 \u00d7 44<\/td>\n<td>6<\/td>\n<\/tr>\n<tr>\n<td>40<\/td>\n<td>30 \u00d7 28,5<\/td>\n<td>2.58<\/td>\n<td>3.23<\/td>\n<td>38 \u00d7 38 \u00d7 39,5<\/td>\n<td>73 \u00d7 73 \u00d7 40<\/td>\n<td>4<\/td>\n<\/tr>\n<tr>\n<td>50<\/td>\n<td>30 \u00d7 41<\/td>\n<td>2.88<\/td>\n<td>3.94<\/td>\n<td>38 \u00d7 38 \u00d7 49,5<\/td>\n<td>73 \u00d7 73 \u00d7 50<\/td>\n<td>4<\/td>\n<\/tr>\n<tr>\n<td>60<\/td>\n<td>40 \u00d7 43<\/td>\n<td>4.32<\/td>\n<td>5.68<\/td>\n<td>49 \u00d7 49 \u00d7 53<\/td>\n<td>48 \u00d7 95 \u00d7 52<\/td>\n<td>2<\/td>\n<\/tr>\n<tr>\n<td>70<\/td>\n<td>40 \u00d7 48<\/td>\n<td>4.85<\/td>\n<td>6.40<\/td>\n<td>49 \u00d7 49 \u00d7 58<\/td>\n<td>48 \u00d7 95 \u00d7 57<\/td>\n<td>2<\/td>\n<\/tr>\n<tr>\n<td>80<\/td>\n<td>40 \u00d7 53<\/td>\n<td>5.04<\/td>\n<td>6.65<\/td>\n<td>49 \u00d7 49 \u00d7 62<\/td>\n<td>48 \u00d7 95 \u00d7 62<\/td>\n<td>2<\/td>\n<\/tr>\n<\/tbody>\n<\/table>","protected":false},"featured_media":574,"comment_status":"closed","ping_status":"closed","template":"","meta":{"_acf_changed":false},"product_brand":[],"product_cat":[19],"product_tag":[24],"class_list":{"0":"post-573","1":"product","2":"type-product","3":"status-publish","4":"has-post-thumbnail","6":"product_cat-wholesale-insulated-cooler-boxes","7":"product_tag-outdoor","9":"first","10":"instock","11":"shipping-taxable","12":"product-type-simple"},"acf":[],"_links":{"self":[{"href":"https:\/\/www.lianmeithermos.com\/fr\/wp-json\/wp\/v2\/product\/573","targetHints":{"allow":["GET"]}}],"collection":[{"href":"https:\/\/www.lianmeithermos.com\/fr\/wp-json\/wp\/v2\/product"}],"about":[{"href":"https:\/\/www.lianmeithermos.com\/fr\/wp-json\/wp\/v2\/types\/product"}],"replies":[{"embeddable":true,"href":"https:\/\/www.lianmeithermos.com\/fr\/wp-json\/wp\/v2\/comments?post=573"}],"wp:featuredmedia":[{"embeddable":true,"href":"https:\/\/www.lianmeithermos.com\/fr\/wp-json\/wp\/v2\/media\/574"}],"wp:attachment":[{"href":"https:\/\/www.lianmeithermos.com\/fr\/wp-json\/wp\/v2\/media?parent=573"}],"wp:term":[{"taxonomy":"product_brand","embeddable":true,"href":"https:\/\/www.lianmeithermos.com\/fr\/wp-json\/wp\/v2\/product_brand?post=573"},{"taxonomy":"product_cat","embeddable":true,"href":"https:\/\/www.lianmeithermos.com\/fr\/wp-json\/wp\/v2\/product_cat?post=573"},{"taxonomy":"product_tag","embeddable":true,"href":"https:\/\/www.lianmeithermos.com\/fr\/wp-json\/wp\/v2\/product_tag?post=573"}],"curies":[{"name":"wp","href":"https:\/\/api.w.org\/{rel}","templated":true}]}}