{"id":577,"date":"2025-12-29T01:20:31","date_gmt":"2025-12-29T01:20:31","guid":{"rendered":"https:\/\/www.lianmeithermos.com\/?post_type=product&#038;p=577"},"modified":"2025-12-30T00:51:10","modified_gmt":"2025-12-30T00:51:10","slug":"wholesale-red-insulated-cooler-box-for-food-beverage-storage","status":"publish","type":"product","link":"https:\/\/www.lianmeithermos.com\/fr\/produit\/wholesale-red-insulated-cooler-box-for-food-beverage-storage\/","title":{"rendered":"G\u00e9n\u00e9rateur de chaleur pour le chauffage de l'eau"},"content":{"rendered":"<h2 class=\"wp-block-heading\">Caract\u00e9ristiques de la glaci\u00e8re isotherme rouge vendue en gros<\/h2>\n\n\n\n<div class=\"wp-block-columns is-layout-flex wp-container-core-columns-is-layout-9d6595d7 wp-block-columns-is-layout-flex\">\n<div class=\"wp-block-column is-vertically-aligned-center is-layout-flow wp-block-column-is-layout-flow\">\n<div class=\"wp-block-columns is-layout-flex wp-container-core-columns-is-layout-9d6595d7 wp-block-columns-is-layout-flex\">\n<div class=\"wp-block-column is-vertically-aligned-top is-layout-flow wp-block-column-is-layout-flow\">\n<p><strong>1. Couvercle verrouillable r\u00e9glable pour une fermeture facile<\/strong><br>Le couvercle est dot\u00e9 d'un m\u00e9canisme de verrouillage r\u00e9glable et ergonomique, qui vous permet de contr\u00f4ler facilement le serrage et la hauteur \u00e0 l'aide d'un tournevis. Il s'adapte \u00e0 diff\u00e9rents niveaux de remplissage et emp\u00eache les fuites ou les difficult\u00e9s de fermeture.<\/p>\n\n\n\n<p><strong>2. Isolation triple couche pour une conservation durable de la temp\u00e9rature<\/strong><br>Con\u00e7u avec une doublure int\u00e9rieure en acier inoxydable, une isolation compl\u00e8te en mousse PU et une coque ext\u00e9rieure en PP pour garantir une temp\u00e9rature stable pour un usage professionnel et commercial.<\/p>\n\n\n\n<p><strong>3. Coque ext\u00e9rieure en PP durable et r\u00e9sistante aux chocs<\/strong><br>L'ext\u00e9rieur en plastique technique PP robuste est l\u00e9ger mais tr\u00e8s r\u00e9sistant aux chutes et aux chocs, prot\u00e9geant ainsi la doublure int\u00e9rieure et prolongeant la dur\u00e9e de vie du produit.<\/p>\n\n\n\n<p><strong>4. Rev\u00eatement int\u00e9rieur en acier inoxydable de qualit\u00e9 alimentaire<\/strong><br>Fabriqu\u00e9 en acier inoxydable alimentaire \u00e9pais, ce produit est r\u00e9sistant \u00e0 la corrosion, \u00e0 l'\u00e9preuve de la rouille et facile \u00e0 nettoyer, garantissant ainsi la s\u00e9curit\u00e9 alimentaire et pr\u00e9servant le go\u00fbt original.<\/p>\n\n\n\n<p><strong>5. Conception pratique pour un usage commercial et domestique<\/strong><br>Con\u00e7u avec une poign\u00e9e robuste et un couvercle s\u00e9curis\u00e9, il allie facilit\u00e9 d'utilisation et conservation fiable pour les restaurants, la restauration et l'usage domestique quotidien.<\/p>\n<\/div>\n\n\n\n<div class=\"wp-block-column is-layout-flow wp-block-column-is-layout-flow\">\n<figure class=\"wp-block-image size-full\"><img decoding=\"async\" width=\"3975\" height=\"3975\" src=\"https:\/\/www.lianmeithermos.com\/wp-content\/uploads\/2025\/12\/Wholesale-Red-Insulated-Cooler-Box-for-Food-Beverage-Storage2.webp\" alt=\"G\u00e9n\u00e9rateur de chaleur pour le chauffage de l&#039;eau et du lait\" class=\"wp-image-579\" srcset=\"https:\/\/www.lianmeithermos.com\/wp-content\/uploads\/2025\/12\/Wholesale-Red-Insulated-Cooler-Box-for-Food-Beverage-Storage2.webp 3975w, https:\/\/www.lianmeithermos.com\/wp-content\/uploads\/2025\/12\/Wholesale-Red-Insulated-Cooler-Box-for-Food-Beverage-Storage2-300x300.webp 300w, https:\/\/www.lianmeithermos.com\/wp-content\/uploads\/2025\/12\/Wholesale-Red-Insulated-Cooler-Box-for-Food-Beverage-Storage2-150x150.webp 150w, https:\/\/www.lianmeithermos.com\/wp-content\/uploads\/2025\/12\/Wholesale-Red-Insulated-Cooler-Box-for-Food-Beverage-Storage2-768x768.webp 768w, https:\/\/www.lianmeithermos.com\/wp-content\/uploads\/2025\/12\/Wholesale-Red-Insulated-Cooler-Box-for-Food-Beverage-Storage2-1200x1200.webp 1200w, https:\/\/www.lianmeithermos.com\/wp-content\/uploads\/2025\/12\/Wholesale-Red-Insulated-Cooler-Box-for-Food-Beverage-Storage2-600x600.webp 600w, https:\/\/www.lianmeithermos.com\/wp-content\/uploads\/2025\/12\/Wholesale-Red-Insulated-Cooler-Box-for-Food-Beverage-Storage2-100x100.webp 100w\" sizes=\"(max-width: 3975px) 100vw, 3975px\" \/><\/figure>\n<\/div>\n<\/div>\n<\/div>\n<\/div>","protected":false},"excerpt":{"rendered":"<p data-start=\"452\" data-end=\"647\">Glaci\u00e8re rouge isol\u00e9e vendue en gros, dot\u00e9e d'une isolation durable pour conserver les aliments et les boissons au chaud ou au froid pendant des heures. Id\u00e9ale pour la restauration, la livraison et la vente en gros.<\/p>\n<h2>Sp\u00e9cifications de la glaci\u00e8re isotherme rouge vendue en gros<\/h2>\n<table style=\"height: 92px;\" width=\"548\">\n<thead>\n<tr>\n<th>Capacit\u00e9 (L)<\/th>\n<th>Dimensions int\u00e9rieures (diam\u00e8tre \u00d7 hauteur, cm)<\/th>\n<th>Poids net (kg)<\/th>\n<th>Poids brut (kg)<\/th>\n<th>Dimensions d'un seul colis (cm)<\/th>\n<th>Dimensions du carton (cm)<\/th>\n<th>Quantit\u00e9 \/ Carton<\/th>\n<\/tr>\n<\/thead>\n<tbody>\n<tr>\n<td>25<\/td>\n<td>24,5 \u00d7 27<\/td>\n<td>2.4<\/td>\n<td>2.9<\/td>\n<td>32 \u00d7 32 \u00d7 34<\/td>\n<td>64 \u00d7 64 \u00d7 34<\/td>\n<td>4<\/td>\n<\/tr>\n<tr>\n<td>40<\/td>\n<td>24,5 \u00d7 37<\/td>\n<td>3.1<\/td>\n<td>3.6<\/td>\n<td>32 \u00d7 32 \u00d7 44<\/td>\n<td>64 \u00d7 64 \u00d7 44<\/td>\n<td>4<\/td>\n<\/tr>\n<\/tbody>\n<\/table>","protected":false},"featured_media":578,"comment_status":"closed","ping_status":"closed","template":"","meta":{"_acf_changed":false},"product_brand":[],"product_cat":[19],"product_tag":[24],"class_list":{"0":"post-577","1":"product","2":"type-product","3":"status-publish","4":"has-post-thumbnail","6":"product_cat-wholesale-insulated-cooler-boxes","7":"product_tag-outdoor","9":"first","10":"instock","11":"shipping-taxable","12":"product-type-simple"},"acf":[],"_links":{"self":[{"href":"https:\/\/www.lianmeithermos.com\/fr\/wp-json\/wp\/v2\/product\/577","targetHints":{"allow":["GET"]}}],"collection":[{"href":"https:\/\/www.lianmeithermos.com\/fr\/wp-json\/wp\/v2\/product"}],"about":[{"href":"https:\/\/www.lianmeithermos.com\/fr\/wp-json\/wp\/v2\/types\/product"}],"replies":[{"embeddable":true,"href":"https:\/\/www.lianmeithermos.com\/fr\/wp-json\/wp\/v2\/comments?post=577"}],"wp:featuredmedia":[{"embeddable":true,"href":"https:\/\/www.lianmeithermos.com\/fr\/wp-json\/wp\/v2\/media\/578"}],"wp:attachment":[{"href":"https:\/\/www.lianmeithermos.com\/fr\/wp-json\/wp\/v2\/media?parent=577"}],"wp:term":[{"taxonomy":"product_brand","embeddable":true,"href":"https:\/\/www.lianmeithermos.com\/fr\/wp-json\/wp\/v2\/product_brand?post=577"},{"taxonomy":"product_cat","embeddable":true,"href":"https:\/\/www.lianmeithermos.com\/fr\/wp-json\/wp\/v2\/product_cat?post=577"},{"taxonomy":"product_tag","embeddable":true,"href":"https:\/\/www.lianmeithermos.com\/fr\/wp-json\/wp\/v2\/product_tag?post=577"}],"curies":[{"name":"wp","href":"https:\/\/api.w.org\/{rel}","templated":true}]}}