{"id":582,"date":"2025-12-29T01:44:39","date_gmt":"2025-12-29T01:44:39","guid":{"rendered":"https:\/\/www.lianmeithermos.com\/?post_type=product&#038;p=582"},"modified":"2025-12-30T00:50:41","modified_gmt":"2025-12-30T00:50:41","slug":"wholesale-rectangular-insulated-cooler-box-for-food-storage","status":"publish","type":"product","link":"https:\/\/www.lianmeithermos.com\/fr\/produit\/wholesale-rectangular-insulated-cooler-box-for-food-storage\/","title":{"rendered":"G\u00e9n\u00e9rateur de chaleur pour le traitement de l'eau"},"content":{"rendered":"<h2 class=\"wp-block-heading\">Caract\u00e9ristiques de la glaci\u00e8re rectangulaire isol\u00e9e vendue en gros<\/h2>\n\n\n\n<div class=\"wp-block-columns is-layout-flex wp-container-core-columns-is-layout-9d6595d7 wp-block-columns-is-layout-flex\">\n<div class=\"wp-block-column is-vertically-aligned-center is-layout-flow wp-block-column-is-layout-flow\">\n<div class=\"wp-block-columns is-layout-flex wp-container-core-columns-is-layout-9d6595d7 wp-block-columns-is-layout-flex\">\n<div class=\"wp-block-column is-vertically-aligned-top is-layout-flow wp-block-column-is-layout-flow\">\n<p><strong>Isolation de qualit\u00e9 commerciale<\/strong><br>La structure isol\u00e9e \u00e9paisse maintient les temp\u00e9ratures chaudes ou froides pendant de longues p\u00e9riodes.<\/p>\n\n\n\n<p><strong>Conception rectangulaire pour un rangement efficace<\/strong><br>Sa forme compacte s'adapte facilement aux cuisines, aux v\u00e9hicules de transport et aux espaces de stockage.<\/p>\n\n\n\n<p><strong>Bo\u00eetier durable et r\u00e9sistant aux chocs<\/strong><br>Con\u00e7u avec des mat\u00e9riaux r\u00e9sistants pour une utilisation commerciale \u00e0 long terme et \u00e0 haute fr\u00e9quence.<\/p>\n\n\n\n<p><strong>Sans danger pour les aliments et facile \u00e0 nettoyer<\/strong><br>La surface int\u00e9rieure lisse garantit une bonne hygi\u00e8ne et un nettoyage rapide entre deux utilisations.<\/p>\n\n\n\n<p><strong>Vente en gros Pr\u00eat pour l'approvisionnement B2B<\/strong><br>Qualit\u00e9 stable, plusieurs tailles disponibles, convient \u00e0 l'achat en gros et \u00e0 la distribution.<\/p>\n<\/div>\n\n\n\n<div class=\"wp-block-column is-layout-flow wp-block-column-is-layout-flow\">\n<figure class=\"wp-block-image size-full\"><img decoding=\"async\" width=\"2048\" height=\"2048\" src=\"https:\/\/www.lianmeithermos.com\/wp-content\/uploads\/2025\/12\/Wholesale-Rectangular-Insulated-Cooler-Box.webp\" alt=\"G\u00e9n\u00e9rateur de refroidissement rectangulaire isol\u00e9 en gros\" class=\"wp-image-583\" srcset=\"https:\/\/www.lianmeithermos.com\/wp-content\/uploads\/2025\/12\/Wholesale-Rectangular-Insulated-Cooler-Box.webp 2048w, https:\/\/www.lianmeithermos.com\/wp-content\/uploads\/2025\/12\/Wholesale-Rectangular-Insulated-Cooler-Box-300x300.webp 300w, https:\/\/www.lianmeithermos.com\/wp-content\/uploads\/2025\/12\/Wholesale-Rectangular-Insulated-Cooler-Box-150x150.webp 150w, https:\/\/www.lianmeithermos.com\/wp-content\/uploads\/2025\/12\/Wholesale-Rectangular-Insulated-Cooler-Box-768x768.webp 768w, https:\/\/www.lianmeithermos.com\/wp-content\/uploads\/2025\/12\/Wholesale-Rectangular-Insulated-Cooler-Box-1200x1200.webp 1200w, https:\/\/www.lianmeithermos.com\/wp-content\/uploads\/2025\/12\/Wholesale-Rectangular-Insulated-Cooler-Box-600x600.webp 600w, https:\/\/www.lianmeithermos.com\/wp-content\/uploads\/2025\/12\/Wholesale-Rectangular-Insulated-Cooler-Box-100x100.webp 100w\" sizes=\"(max-width: 2048px) 100vw, 2048px\" \/><\/figure>\n<\/div>\n<\/div>\n<\/div>\n<\/div>","protected":false},"excerpt":{"rendered":"<p data-start=\"452\" data-end=\"647\">Glaci\u00e8re rectangulaire isol\u00e9e vendue en gros pour le stockage des aliments, con\u00e7ue pour la restauration, les restaurants et les services alimentaires commerciaux. Sa construction durable et son isolation efficace permettent de conserver les aliments au frais et \u00e0 une temp\u00e9rature stable. Id\u00e9ale pour les commandes en gros et la vente en gros.<\/p>\n<h2>\u00a0<\/h2>\n<p>&nbsp;<\/p>","protected":false},"featured_media":583,"comment_status":"closed","ping_status":"closed","template":"","meta":{"_acf_changed":false},"product_brand":[],"product_cat":[19],"product_tag":[24],"class_list":{"0":"post-582","1":"product","2":"type-product","3":"status-publish","4":"has-post-thumbnail","6":"product_cat-wholesale-insulated-cooler-boxes","7":"product_tag-outdoor","9":"first","10":"instock","11":"shipping-taxable","12":"product-type-simple"},"acf":[],"_links":{"self":[{"href":"https:\/\/www.lianmeithermos.com\/fr\/wp-json\/wp\/v2\/product\/582","targetHints":{"allow":["GET"]}}],"collection":[{"href":"https:\/\/www.lianmeithermos.com\/fr\/wp-json\/wp\/v2\/product"}],"about":[{"href":"https:\/\/www.lianmeithermos.com\/fr\/wp-json\/wp\/v2\/types\/product"}],"replies":[{"embeddable":true,"href":"https:\/\/www.lianmeithermos.com\/fr\/wp-json\/wp\/v2\/comments?post=582"}],"wp:featuredmedia":[{"embeddable":true,"href":"https:\/\/www.lianmeithermos.com\/fr\/wp-json\/wp\/v2\/media\/583"}],"wp:attachment":[{"href":"https:\/\/www.lianmeithermos.com\/fr\/wp-json\/wp\/v2\/media?parent=582"}],"wp:term":[{"taxonomy":"product_brand","embeddable":true,"href":"https:\/\/www.lianmeithermos.com\/fr\/wp-json\/wp\/v2\/product_brand?post=582"},{"taxonomy":"product_cat","embeddable":true,"href":"https:\/\/www.lianmeithermos.com\/fr\/wp-json\/wp\/v2\/product_cat?post=582"},{"taxonomy":"product_tag","embeddable":true,"href":"https:\/\/www.lianmeithermos.com\/fr\/wp-json\/wp\/v2\/product_tag?post=582"}],"curies":[{"name":"wp","href":"https:\/\/api.w.org\/{rel}","templated":true}]}}