{"id":585,"date":"2025-12-29T03:25:47","date_gmt":"2025-12-29T03:25:47","guid":{"rendered":"https:\/\/www.lianmeithermos.com\/?post_type=product&#038;p=585"},"modified":"2026-01-24T08:09:16","modified_gmt":"2026-01-24T08:09:16","slug":"premium-bulk-insulated-food-containers","status":"publish","type":"product","link":"https:\/\/www.lianmeithermos.com\/fr\/produit\/premium-bulk-insulated-food-containers\/","title":{"rendered":"R\u00e9cipients isothermes empilables en vrac pour aliments"},"content":{"rendered":"<h2 class=\"wp-block-heading\">Caract\u00e9ristiques des conteneurs alimentaires isothermes empilables en vrac <\/h2>\n\n\n\n<div class=\"wp-block-columns is-layout-flex wp-container-core-columns-is-layout-9d6595d7 wp-block-columns-is-layout-flex\">\n<div class=\"wp-block-column is-vertically-aligned-center is-layout-flow wp-block-column-is-layout-flow\">\n<div class=\"wp-block-columns is-layout-flex wp-container-core-columns-is-layout-9d6595d7 wp-block-columns-is-layout-flex\">\n<div class=\"wp-block-column is-vertically-aligned-top is-layout-flow wp-block-column-is-layout-flow\">\n<p><strong>Isolation durable :<\/strong> La conception isolante haute performance maintient les aliments \u00e0 la temp\u00e9rature id\u00e9ale pendant de longues p\u00e9riodes, garantissant leur fra\u00eecheur et leur saveur pendant le transport ou les r\u00e9unions.<\/p>\n\n\n\n<p><strong>Mat\u00e9riaux durables et de haute qualit\u00e9 :<\/strong> Fabriqu\u00e9 \u00e0 partir de mat\u00e9riaux de qualit\u00e9 alimentaire, sans BPA, robuste et durable pour une utilisation quotidienne r\u00e9p\u00e9t\u00e9e.<\/p>\n\n\n\n<p><strong>Conception \u00e9tanche et anti-d\u00e9versement :<\/strong> Le couvercle herm\u00e9tique emp\u00eache efficacement les fuites, ce qui est id\u00e9al pour livrer des repas ou transporter des aliments lors de vos d\u00e9placements.<\/p>\n\n\n\n<p><strong>Facile \u00e0 nettoyer et r\u00e9utilisable :<\/strong> Surface int\u00e9rieure lisse, lavable au lave-vaisselle, \u00e9cologique et durable.<\/p>\n\n\n\n<p><strong>Grande capacit\u00e9 pour une utilisation en vrac :<\/strong> Grande capacit\u00e9 et conception empilable, convient aux restaurants, \u00e0 la pr\u00e9paration des repas ou aux grands \u00e9v\u00e9nements.<\/p>\n<\/div>\n\n\n\n<div class=\"wp-block-column is-layout-flow wp-block-column-is-layout-flow\">\n<figure class=\"wp-block-image size-full\"><img decoding=\"async\" width=\"1664\" height=\"1248\" src=\"https:\/\/www.lianmeithermos.com\/wp-content\/uploads\/2025\/12\/wholesale-insulated-food-containers-manufacturer-1.webp\" alt=\"Fabricant de conteneurs alimentaires isothermes en gros\" class=\"wp-image-586\" srcset=\"https:\/\/www.lianmeithermos.com\/wp-content\/uploads\/2025\/12\/wholesale-insulated-food-containers-manufacturer-1.webp 1664w, https:\/\/www.lianmeithermos.com\/wp-content\/uploads\/2025\/12\/wholesale-insulated-food-containers-manufacturer-1-300x225.webp 300w, https:\/\/www.lianmeithermos.com\/wp-content\/uploads\/2025\/12\/wholesale-insulated-food-containers-manufacturer-1-768x576.webp 768w, https:\/\/www.lianmeithermos.com\/wp-content\/uploads\/2025\/12\/wholesale-insulated-food-containers-manufacturer-1-1200x900.webp 1200w, https:\/\/www.lianmeithermos.com\/wp-content\/uploads\/2025\/12\/wholesale-insulated-food-containers-manufacturer-1-600x450.webp 600w\" sizes=\"(max-width: 1664px) 100vw, 1664px\" \/><\/figure>\n<\/div>\n<\/div>\n<\/div>\n<\/div>\n\n\n\n<p><\/p>","protected":false},"excerpt":{"rendered":"<p data-start=\"239\" data-end=\"539\">Les r\u00e9cipients isothermes empilables en vrac gardent les aliments chauds ou froids pendant des heures. Ils sont fabriqu\u00e9s \u00e0 partir de mat\u00e9riaux durables et sans BPA. Les couvercles \u00e9tanches garantissent un transport s\u00fbr, tandis que les grandes tailles empilables les rendent parfaits pour les restaurants, les traiteurs, la pr\u00e9paration des repas et les \u00e9v\u00e9nements. Id\u00e9al pour le stockage et le transport d'aliments en vrac.<\/p>\n<h2>\u00a0<\/h2>\n<p>&nbsp;<\/p>","protected":false},"featured_media":586,"comment_status":"closed","ping_status":"closed","template":"","meta":{"_acf_changed":false},"product_brand":[],"product_cat":[20],"product_tag":[23],"class_list":{"0":"post-585","1":"product","2":"type-product","3":"status-publish","4":"has-post-thumbnail","6":"product_cat-wholesale-insulated-food-containers","7":"product_tag-family-kitchen","9":"first","10":"instock","11":"shipping-taxable","12":"product-type-simple"},"acf":[],"_links":{"self":[{"href":"https:\/\/www.lianmeithermos.com\/fr\/wp-json\/wp\/v2\/product\/585","targetHints":{"allow":["GET"]}}],"collection":[{"href":"https:\/\/www.lianmeithermos.com\/fr\/wp-json\/wp\/v2\/product"}],"about":[{"href":"https:\/\/www.lianmeithermos.com\/fr\/wp-json\/wp\/v2\/types\/product"}],"replies":[{"embeddable":true,"href":"https:\/\/www.lianmeithermos.com\/fr\/wp-json\/wp\/v2\/comments?post=585"}],"wp:featuredmedia":[{"embeddable":true,"href":"https:\/\/www.lianmeithermos.com\/fr\/wp-json\/wp\/v2\/media\/586"}],"wp:attachment":[{"href":"https:\/\/www.lianmeithermos.com\/fr\/wp-json\/wp\/v2\/media?parent=585"}],"wp:term":[{"taxonomy":"product_brand","embeddable":true,"href":"https:\/\/www.lianmeithermos.com\/fr\/wp-json\/wp\/v2\/product_brand?post=585"},{"taxonomy":"product_cat","embeddable":true,"href":"https:\/\/www.lianmeithermos.com\/fr\/wp-json\/wp\/v2\/product_cat?post=585"},{"taxonomy":"product_tag","embeddable":true,"href":"https:\/\/www.lianmeithermos.com\/fr\/wp-json\/wp\/v2\/product_tag?post=585"}],"curies":[{"name":"wp","href":"https:\/\/api.w.org\/{rel}","templated":true}]}}