{"id":682,"date":"2026-01-15T08:07:08","date_gmt":"2026-01-15T08:07:08","guid":{"rendered":"https:\/\/www.lianmeithermos.com\/?post_type=product&#038;p=682"},"modified":"2026-01-15T08:22:25","modified_gmt":"2026-01-15T08:22:25","slug":"wholesale-commercial-insulated-container","status":"publish","type":"product","link":"https:\/\/www.lianmeithermos.com\/fr\/produit\/wholesale-commercial-insulated-container\/","title":{"rendered":"Wholesale Commercial Insulated Container Durable &amp; Leak-Proof for Food Storage &amp; Catering (Conteneurs isol\u00e9s commerciaux durables et \u00e9tanches pour le stockage des aliments et la restauration)"},"content":{"rendered":"<h2 class=\"wp-block-heading\">Caract\u00e9ristiques du conteneur isotherme commercial de gros<\/h2>\n\n\n\n<div class=\"wp-block-columns is-layout-flex wp-container-core-columns-is-layout-9d6595d7 wp-block-columns-is-layout-flex\">\n<div class=\"wp-block-column is-vertically-aligned-center is-layout-flow wp-block-column-is-layout-flow\">\n<div class=\"wp-block-columns is-layout-flex wp-container-core-columns-is-layout-9d6595d7 wp-block-columns-is-layout-flex\">\n<div class=\"wp-block-column is-vertically-aligned-top is-layout-flow wp-block-column-is-layout-flow\">\n<p><strong>Technologie avanc\u00e9e de r\u00e9tention thermique<\/strong><br>Contr\u00f4le de la temp\u00e9rature pendant plus de 12 heures - L'isolation \u00e0 double paroi garantit des performances constantes pour la restauration et la logistique.<br>Conception \u00e9conome en \u00e9nergie - R\u00e9duit les pertes de chaleur de 40% par rapport aux conteneurs standard.<\/p>\n\n\n\n<p><strong>Durabilit\u00e9 et s\u00e9curit\u00e9 de niveau commercial<\/strong><br>Structure renforc\u00e9e - Coque en PP r\u00e9sistant aux chocs avec loquets en acier inoxydable (test\u00e9 \u00e0 plus de 10 000 cycles).<br>Certification d'\u00e9tanch\u00e9it\u00e9 - Les scell\u00e9s conformes aux normes FDA\/CE emp\u00eachent les d\u00e9versements pendant le transport.<\/p>\n\n\n\n<p><strong>Personnalisation de l'identit\u00e9 de la marque<\/strong><br>Options de marquage flexibles - Possibilit\u00e9 d'imprimer le logo et de personnaliser les couleurs.<br>Portefeuille multi-tailles - Pour r\u00e9pondre \u00e0 des besoins commerciaux diversifi\u00e9s.<\/p>\n\n\n\n<p><strong>Conformit\u00e9 mondiale et assurance qualit\u00e9<\/strong><br>Production certifi\u00e9e ISO 9001 - Contr\u00f4les de qualit\u00e9 rigoureux en 14 \u00e9tapes par lot.<br>Normes internationales - Conforme aux exigences de la FDA, de la CE et de la LFGB pour le commerce transfrontalier.<\/p>\n\n\n\n<p><strong>Soutien \u00e0 la cha\u00eene d'approvisionnement \u00e9volutive<\/strong><br>Collaboration OEM\/ODM - Adapter les conceptions et les mat\u00e9riaux (par exemple, les poign\u00e9es, les couvercles) \u00e0 des cas d'utilisation sp\u00e9cialis\u00e9s.<br>Emballage pr\u00eat pour l'exportation - Mat\u00e9riaux r\u00e9sistants aux vibrations, optimis\u00e9s pour le fret maritime et a\u00e9rien.<\/p>\n\n\n\n<p><strong>Polyvalence des applications<\/strong><br>Utilisation multisectorielle - Id\u00e9al pour l'h\u00f4tellerie, la livraison de repas, les supermarch\u00e9s et la logistique pharmaceutique.<\/p>\n<\/div>\n\n\n\n<div class=\"wp-block-column is-layout-flow wp-block-column-is-layout-flow\">\n<figure class=\"wp-block-image size-full\"><img decoding=\"async\" width=\"1200\" height=\"1200\" src=\"https:\/\/www.lianmeithermos.com\/wp-content\/uploads\/2026\/01\/Wholesale-Commercial-Insulated-Container4.webp\" alt=\"Conteneurs isol\u00e9s commerciaux en gros4\" class=\"wp-image-685\" srcset=\"https:\/\/www.lianmeithermos.com\/wp-content\/uploads\/2026\/01\/Wholesale-Commercial-Insulated-Container4.webp 1200w, https:\/\/www.lianmeithermos.com\/wp-content\/uploads\/2026\/01\/Wholesale-Commercial-Insulated-Container4-300x300.webp 300w, https:\/\/www.lianmeithermos.com\/wp-content\/uploads\/2026\/01\/Wholesale-Commercial-Insulated-Container4-150x150.webp 150w, https:\/\/www.lianmeithermos.com\/wp-content\/uploads\/2026\/01\/Wholesale-Commercial-Insulated-Container4-768x768.webp 768w, https:\/\/www.lianmeithermos.com\/wp-content\/uploads\/2026\/01\/Wholesale-Commercial-Insulated-Container4-12x12.webp 12w, https:\/\/www.lianmeithermos.com\/wp-content\/uploads\/2026\/01\/Wholesale-Commercial-Insulated-Container4-600x600.webp 600w, https:\/\/www.lianmeithermos.com\/wp-content\/uploads\/2026\/01\/Wholesale-Commercial-Insulated-Container4-100x100.webp 100w\" sizes=\"(max-width: 1200px) 100vw, 1200px\" \/><\/figure>\n<\/div>\n<\/div>\n<\/div>\n<\/div>","protected":false},"excerpt":{"rendered":"<p data-start=\"452\" data-end=\"647\">Nos conteneurs isol\u00e9s commerciaux sont id\u00e9aux pour le stockage des aliments en gros, la restauration et le transport en vrac. Fabriqu\u00e9s avec une mousse isolante haute densit\u00e9, ces conteneurs \u00e9tanches maintiennent la temp\u00e9rature pendant plus de 12 heures, garantissant la fra\u00eecheur des aliments pour les restaurants, les h\u00f4tels et les services \u00e9v\u00e9nementiels.<\/p>\n<h2>Sp\u00e9cifications du conteneur isotherme commercial de gros<\/h2>\n<table style=\"height: 360px;\" width=\"694\">\n<thead>\n<tr>\n<th>Capacit\u00e9 (L)<\/th>\n<th>Diam\u00e8tre int\u00e9rieur \u00d7 Hauteur int\u00e9rieure (cm)<\/th>\n<th>Poids net (kg)<\/th>\n<th>Poids brut (kg)<\/th>\n<th>Dimensions d'un seul colis (cm)<\/th>\n<th>Dimensions du carton (cm)<\/th>\n<th>Quantit\u00e9 \/ Carton<\/th>\n<\/tr>\n<\/thead>\n<tbody>\n<tr>\n<td>10<\/td>\n<td>19,5 \u00d7 20<\/td>\n<td>1.19<\/td>\n<td>1.52<\/td>\n<td>27 \u00d7 27 \u00d7 28<\/td>\n<td>55 \u00d7 55 \u00d7 57<\/td>\n<td>8<\/td>\n<\/tr>\n<tr>\n<td>20<\/td>\n<td>25 \u00d7 25<\/td>\n<td>1.55<\/td>\n<td>2.19<\/td>\n<td>31 \u00d7 31 \u00d7 33<\/td>\n<td>63 \u00d7 63 \u00d7 57<\/td>\n<td>8<\/td>\n<\/tr>\n<tr>\n<td>30<\/td>\n<td>25 \u00d7 35<\/td>\n<td>1.74<\/td>\n<td>2.67<\/td>\n<td>31 \u00d7 31 \u00d7 43<\/td>\n<td>63 \u00d7 94 \u00d7 34<\/td>\n<td>6<\/td>\n<\/tr>\n<tr>\n<td>15<\/td>\n<td>25 \u00d7 18<\/td>\n<td>1.98<\/td>\n<td>1.94<\/td>\n<td>31 \u00d7 31 \u00d7 28<\/td>\n<td>63 \u00d7 94 \u00d7 39<\/td>\n<td>6<\/td>\n<\/tr>\n<tr>\n<td>25<\/td>\n<td>25 \u00d7 29<\/td>\n<td>2.18<\/td>\n<td>2.38<\/td>\n<td>31 \u00d7 31 \u00d7 38<\/td>\n<td>63 \u00d7 94 \u00d7 44<\/td>\n<td>6<\/td>\n<\/tr>\n<tr>\n<td>40<\/td>\n<td>30 \u00d7 28,5<\/td>\n<td>2.58<\/td>\n<td>3.23<\/td>\n<td>38 \u00d7 38 \u00d7 39,5<\/td>\n<td>73 \u00d7 73 \u00d7 40<\/td>\n<td>4<\/td>\n<\/tr>\n<tr>\n<td>50<\/td>\n<td>30 \u00d7 41<\/td>\n<td>2.88<\/td>\n<td>3.94<\/td>\n<td>38 \u00d7 38 \u00d7 49,5<\/td>\n<td>73 \u00d7 73 \u00d7 50<\/td>\n<td>4<\/td>\n<\/tr>\n<tr>\n<td>60<\/td>\n<td>40 \u00d7 43<\/td>\n<td>4.32<\/td>\n<td>5.68<\/td>\n<td>49 \u00d7 49 \u00d7 53<\/td>\n<td>48 \u00d7 95 \u00d7 52<\/td>\n<td>2<\/td>\n<\/tr>\n<tr>\n<td>70<\/td>\n<td>40 \u00d7 48<\/td>\n<td>4.85<\/td>\n<td>6.40<\/td>\n<td>49 \u00d7 49 \u00d7 58<\/td>\n<td>48 \u00d7 95 \u00d7 57<\/td>\n<td>2<\/td>\n<\/tr>\n<tr>\n<td>80<\/td>\n<td>40 \u00d7 53<\/td>\n<td>5.04<\/td>\n<td>6.65<\/td>\n<td>49 \u00d7 49 \u00d7 62<\/td>\n<td>48 \u00d7 95 \u00d7 62<\/td>\n<td>2<\/td>\n<\/tr>\n<\/tbody>\n<\/table>","protected":false},"featured_media":683,"comment_status":"closed","ping_status":"closed","template":"","meta":{"_acf_changed":false},"product_brand":[],"product_cat":[19],"product_tag":[24],"class_list":{"0":"post-682","1":"product","2":"type-product","3":"status-publish","4":"has-post-thumbnail","6":"product_cat-wholesale-insulated-cooler-boxes","7":"product_tag-outdoor","9":"first","10":"instock","11":"shipping-taxable","12":"product-type-simple"},"acf":[],"_links":{"self":[{"href":"https:\/\/www.lianmeithermos.com\/fr\/wp-json\/wp\/v2\/product\/682","targetHints":{"allow":["GET"]}}],"collection":[{"href":"https:\/\/www.lianmeithermos.com\/fr\/wp-json\/wp\/v2\/product"}],"about":[{"href":"https:\/\/www.lianmeithermos.com\/fr\/wp-json\/wp\/v2\/types\/product"}],"replies":[{"embeddable":true,"href":"https:\/\/www.lianmeithermos.com\/fr\/wp-json\/wp\/v2\/comments?post=682"}],"wp:featuredmedia":[{"embeddable":true,"href":"https:\/\/www.lianmeithermos.com\/fr\/wp-json\/wp\/v2\/media\/683"}],"wp:attachment":[{"href":"https:\/\/www.lianmeithermos.com\/fr\/wp-json\/wp\/v2\/media?parent=682"}],"wp:term":[{"taxonomy":"product_brand","embeddable":true,"href":"https:\/\/www.lianmeithermos.com\/fr\/wp-json\/wp\/v2\/product_brand?post=682"},{"taxonomy":"product_cat","embeddable":true,"href":"https:\/\/www.lianmeithermos.com\/fr\/wp-json\/wp\/v2\/product_cat?post=682"},{"taxonomy":"product_tag","embeddable":true,"href":"https:\/\/www.lianmeithermos.com\/fr\/wp-json\/wp\/v2\/product_tag?post=682"}],"curies":[{"name":"wp","href":"https:\/\/api.w.org\/{rel}","templated":true}]}}