{"id":686,"date":"2026-01-15T08:35:48","date_gmt":"2026-01-15T08:35:48","guid":{"rendered":"https:\/\/www.lianmeithermos.com\/?post_type=product&#038;p=686"},"modified":"2026-04-08T01:18:48","modified_gmt":"2026-04-08T01:18:48","slug":"wholesale-stainless-steel-beverage-dispenser","status":"publish","type":"product","link":"https:\/\/www.lianmeithermos.com\/fr\/produit\/wholesale-stainless-steel-beverage-dispenser\/","title":{"rendered":"Distributeur de boissons en acier inoxydable en gros pour boissons chaudes et froides"},"content":{"rendered":"<h2 class=\"wp-block-heading\">Caract\u00e9ristiques du distributeur de boissons en gros en acier inoxydable<\/h2>\n\n\n\n<div class=\"wp-block-columns is-layout-flex wp-container-core-columns-is-layout-9d6595d7 wp-block-columns-is-layout-flex\">\n<div class=\"wp-block-column is-vertically-aligned-center is-layout-flow wp-block-column-is-layout-flow\">\n<div class=\"wp-block-columns is-layout-flex wp-container-core-columns-is-layout-9d6595d7 wp-block-columns-is-layout-flex\">\n<div class=\"wp-block-column is-vertically-aligned-top is-layout-flow wp-block-column-is-layout-flow\">\n<p><strong>Construction robuste en acier inoxydable 304<\/strong><br>Fabriqu\u00e9 en acier inoxydable 304 de premi\u00e8re qualit\u00e9, ce conteneur est tr\u00e8s durable, r\u00e9sistant \u00e0 la corrosion et \u00e0 la rouille, et capable de supporter des temp\u00e9ratures \u00e9lev\u00e9es sans retenir les odeurs.<\/p>\n\n\n\n<p><strong>Isolation sup\u00e9rieure contre le froid et le chaud<\/strong><br>La double paroi isol\u00e9e permet de conserver les boissons chaudes ou froides pendant de longues p\u00e9riodes, en pr\u00e9servant leur fra\u00eecheur et en r\u00e9duisant le besoin de les r\u00e9chauffer ou de les refroidir.<\/p>\n\n\n\n<p><strong>Conception d'\u00e9tanch\u00e9it\u00e9 de qualit\u00e9 alimentaire et hygi\u00e9nique<\/strong><br>Fabriqu\u00e9 avec des mat\u00e9riaux de qualit\u00e9 alimentaire et un couvercle s\u00fbr et herm\u00e9tique qui conserve la fra\u00eecheur tout en \u00e9vitant les fuites, la contamination et le transfert d'odeurs.<\/p>\n\n\n\n<p><strong>Distribution pratique et nettoyage facile<\/strong><br>La surface en acier inoxydable poli permet un nettoyage et un entretien rapides et faciles.<\/p>\n\n\n\n<p><strong>Capacit\u00e9s multiples et options de couleur<\/strong><br>Disponible dans une vari\u00e9t\u00e9 de tailles et de couleurs pour r\u00e9pondre aux diff\u00e9rents besoins d'utilisation, avec des options de personnalisation id\u00e9ales pour les grossistes, les marques et les applications commerciales.<\/p>\n<\/div>\n\n\n\n<div class=\"wp-block-column is-layout-flow wp-block-column-is-layout-flow\">\n<figure class=\"wp-block-image size-full\"><img decoding=\"async\" width=\"1524\" height=\"1524\" src=\"https:\/\/www.lianmeithermos.com\/wp-content\/uploads\/2026\/01\/Wholesale-Stainless-Steel-Beverage-Dispenser2.webp\" alt=\"Distributeur de boissons en gros en acier inoxydable2\" class=\"wp-image-688\" srcset=\"https:\/\/www.lianmeithermos.com\/wp-content\/uploads\/2026\/01\/Wholesale-Stainless-Steel-Beverage-Dispenser2.webp 1524w, https:\/\/www.lianmeithermos.com\/wp-content\/uploads\/2026\/01\/Wholesale-Stainless-Steel-Beverage-Dispenser2-300x300.webp 300w, https:\/\/www.lianmeithermos.com\/wp-content\/uploads\/2026\/01\/Wholesale-Stainless-Steel-Beverage-Dispenser2-150x150.webp 150w, https:\/\/www.lianmeithermos.com\/wp-content\/uploads\/2026\/01\/Wholesale-Stainless-Steel-Beverage-Dispenser2-768x768.webp 768w, https:\/\/www.lianmeithermos.com\/wp-content\/uploads\/2026\/01\/Wholesale-Stainless-Steel-Beverage-Dispenser2-12x12.webp 12w, https:\/\/www.lianmeithermos.com\/wp-content\/uploads\/2026\/01\/Wholesale-Stainless-Steel-Beverage-Dispenser2-1200x1200.webp 1200w, https:\/\/www.lianmeithermos.com\/wp-content\/uploads\/2026\/01\/Wholesale-Stainless-Steel-Beverage-Dispenser2-600x600.webp 600w, https:\/\/www.lianmeithermos.com\/wp-content\/uploads\/2026\/01\/Wholesale-Stainless-Steel-Beverage-Dispenser2-100x100.webp 100w\" sizes=\"(max-width: 1524px) 100vw, 1524px\" \/><\/figure>\n<\/div>\n<\/div>\n<\/div>\n<\/div>","protected":false},"excerpt":{"rendered":"<p data-start=\"452\" data-end=\"647\">Distributeur de boissons en gros en acier inoxydable con\u00e7u pour garder les boissons chaudes ou froides pendant des heures gr\u00e2ce \u00e0 une construction durable en acier inoxydable et \u00e0 une distribution fiable par robinet - id\u00e9al pour les restaurants, la restauration et les op\u00e9rations de service alimentaire.<\/p>\n<h2>Sp\u00e9cifications du distributeur de boissons en gros en acier inoxydable<\/h2>\n<table>\n<thead>\n<tr>\n<th>Mod\u00e8le<\/th>\n<th>Diam\u00e8tre int\u00e9rieur (cm)<\/th>\n<th>Diam\u00e8tre ext\u00e9rieur (cm)<\/th>\n<th>Hauteur int\u00e9rieure (cm)<\/th>\n<th>Hauteur ext\u00e9rieure (avec couvercle, cm)<\/th>\n<th>Capacit\u00e9 en eau (kg)<\/th>\n<th>Capacit\u00e9 r\u00e9elle (L)<\/th>\n<th>Capacit\u00e9 en riz (kg)<\/th>\n<th>Capacit\u00e9 de bouillie (kg)<\/th>\n<th>Lait de soja (tasses de 350 ml)<\/th>\n<\/tr>\n<\/thead>\n<tbody>\n<tr>\n<td>6L<\/td>\n<td>19.5<\/td>\n<td>23<\/td>\n<td>20<\/td>\n<td>26<\/td>\n<td>6.0<\/td>\n<td>6<\/td>\n<td>3.5<\/td>\n<td>4.5<\/td>\n<td>17<\/td>\n<\/tr>\n<tr>\n<td>8L<\/td>\n<td>25<\/td>\n<td>29<\/td>\n<td>20<\/td>\n<td>26<\/td>\n<td>8.0<\/td>\n<td>8<\/td>\n<td>5.0<\/td>\n<td>6.0<\/td>\n<td>23<\/td>\n<\/tr>\n<tr>\n<td>12L<\/td>\n<td>25<\/td>\n<td>29<\/td>\n<td>25<\/td>\n<td>31<\/td>\n<td>12.0<\/td>\n<td>12<\/td>\n<td>7.0<\/td>\n<td>9.0<\/td>\n<td>34<\/td>\n<\/tr>\n<tr>\n<td>14L<\/td>\n<td>25<\/td>\n<td>29<\/td>\n<td>29<\/td>\n<td>36<\/td>\n<td>14.0<\/td>\n<td>14<\/td>\n<td>8.5<\/td>\n<td>10.5<\/td>\n<td>40<\/td>\n<\/tr>\n<tr>\n<td>17L<\/td>\n<td>25<\/td>\n<td>29<\/td>\n<td>35<\/td>\n<td>41<\/td>\n<td>17.0<\/td>\n<td>17<\/td>\n<td>10.0<\/td>\n<td>13.0<\/td>\n<td>49<\/td>\n<\/tr>\n<tr>\n<td>20L<\/td>\n<td>30<\/td>\n<td>35<\/td>\n<td>28.5<\/td>\n<td>36<\/td>\n<td>20.0<\/td>\n<td>20<\/td>\n<td>12.0<\/td>\n<td>15.0<\/td>\n<td>57<\/td>\n<\/tr>\n<tr>\n<td>29L<\/td>\n<td>30<\/td>\n<td>35<\/td>\n<td>41<\/td>\n<td>46.5<\/td>\n<td>29.0<\/td>\n<td>29<\/td>\n<td>17.5<\/td>\n<td>22.0<\/td>\n<td>83<\/td>\n<\/tr>\n<tr>\n<td>54L<\/td>\n<td>40<\/td>\n<td>44<\/td>\n<td>43<\/td>\n<td>50<\/td>\n<td>54.0<\/td>\n<td>54<\/td>\n<td>32.5<\/td>\n<td>40.5<\/td>\n<td>154<\/td>\n<\/tr>\n<tr>\n<td>60L<\/td>\n<td>40<\/td>\n<td>45<\/td>\n<td>48<\/td>\n<td>54.5<\/td>\n<td>60.0<\/td>\n<td>60<\/td>\n<td>36.0<\/td>\n<td>45.0<\/td>\n<td>171<\/td>\n<\/tr>\n<tr>\n<td>66L<\/td>\n<td>40<\/td>\n<td>45<\/td>\n<td>53<\/td>\n<td>60<\/td>\n<td>66.0<\/td>\n<td>66<\/td>\n<td>39.5<\/td>\n<td>49.5<\/td>\n<td>189<\/td>\n<\/tr>\n<\/tbody>\n<\/table>\n<table data-path-to-node=\"2\">\n<thead>\n<tr>\n<td><strong>Fonctionnalit\u00e9<\/strong><\/td>\n<td><strong>D\u00e9tails et sp\u00e9cifications<\/strong><\/td>\n<\/tr>\n<\/thead>\n<tbody>\n<tr>\n<td><span data-path-to-node=\"2,1,0,0\"><b data-path-to-node=\"2,1,0,0\" data-index-in-node=\"0\">Mat\u00e9riau<\/b><\/span><\/td>\n<td><span data-path-to-node=\"2,1,1,0\">Coque en plastique durable + rev\u00eatement en acier inoxydable 201\/304 de qualit\u00e9 alimentaire<\/span><\/td>\n<\/tr>\n<tr>\n<td><span data-path-to-node=\"2,2,0,0\"><b data-path-to-node=\"2,2,0,0\" data-index-in-node=\"0\">Couche d'isolation<\/b><\/span><\/td>\n<td><span data-path-to-node=\"2,2,1,0\">Mousse PU pleine haute densit\u00e9 (polyur\u00e9thane)<\/span><\/td>\n<\/tr>\n<tr>\n<td><span data-path-to-node=\"2,3,0,0\"><b data-path-to-node=\"2,3,0,0\" data-index-in-node=\"0\">Syst\u00e8me d'\u00e9tanch\u00e9it\u00e9<\/b><\/span><\/td>\n<td><span data-path-to-node=\"2,3,1,0\">Couvercle \u00e0 joint en silicone avec boucles de verrouillage s\u00e9curis\u00e9es<\/span><\/td>\n<\/tr>\n<tr>\n<td><span data-path-to-node=\"2,4,0,0\"><b data-path-to-node=\"2,4,0,0\" data-index-in-node=\"0\">Isolation liquide<\/b><\/span><\/td>\n<td><span data-path-to-node=\"2,4,1,0\"><b data-path-to-node=\"2,4,1,0\" data-index-in-node=\"0\">18-24 heures<\/b> (Test\u00e9 \u00e0 <span class=\"math-inline\" data-math=\"26^{\\circ}\\text{C}\" data-index-in-node=\"23\">26\u2103<\/span>temp\u00e9rature ambiante)<\/span><\/td>\n<\/tr>\n<tr>\n<td><span data-path-to-node=\"2,5,0,0\"><b data-path-to-node=\"2,5,0,0\" data-index-in-node=\"0\">Isolation des aliments solides<\/b><\/span><\/td>\n<td><span data-path-to-node=\"2,5,1,0\"><b data-path-to-node=\"2,5,1,0\" data-index-in-node=\"0\">6-10 heures<\/b> (Test\u00e9 \u00e0 <span class=\"math-inline\" data-math=\"26^{\\circ}\\text{C}\" data-index-in-node=\"22\">26\u2103<\/span>\u00a0temp\u00e9rature ambiante)<\/span><\/td>\n<\/tr>\n<tr>\n<td><span data-path-to-node=\"2,6,0,0\"><b data-path-to-node=\"2,6,0,0\" data-index-in-node=\"0\">Durabilit\u00e9<\/b><\/span><\/td>\n<td><span data-path-to-node=\"2,6,1,0\">Coque robuste, r\u00e9sistante aux chocs et aux chutes<\/span><\/td>\n<\/tr>\n<tr>\n<td><span data-path-to-node=\"2,7,0,0\"><b data-path-to-node=\"2,7,0,0\" data-index-in-node=\"0\">Couleurs disponibles<\/b><\/span><\/td>\n<td><span data-path-to-node=\"2,7,1,0\">Rouge, bleu, vert (couleurs personnalis\u00e9es disponibles sur demande)<\/span><\/td>\n<\/tr>\n<tr>\n<td><span data-path-to-node=\"2,8,0,0\"><b data-path-to-node=\"2,8,0,0\" data-index-in-node=\"0\">Certifications<\/b><\/span><\/td>\n<td><span data-path-to-node=\"2,8,1,0\"><b data-path-to-node=\"2,8,1,0\" data-index-in-node=\"0\">FDA<\/b> &amp; <b data-path-to-node=\"2,8,1,0\" data-index-in-node=\"6\">FCM<\/b> Certifi\u00e9 (mat\u00e9riau en contact avec les aliments)<\/span><\/td>\n<\/tr>\n<tr>\n<td><span data-path-to-node=\"2,9,0,0\"><b data-path-to-node=\"2,9,0,0\" data-index-in-node=\"0\">Application<\/b><\/span><\/td>\n<td><span data-path-to-node=\"2,9,1,0\">Restauration, restauration rapide, transport de boissons et \u00e9v\u00e9nements en plein air<\/span><\/td>\n<\/tr>\n<\/tbody>\n<\/table>","protected":false},"featured_media":687,"comment_status":"closed","ping_status":"closed","template":"","meta":{"_acf_changed":false},"product_brand":[],"product_cat":[19],"product_tag":[24],"class_list":{"0":"post-686","1":"product","2":"type-product","3":"status-publish","4":"has-post-thumbnail","6":"product_cat-wholesale-insulated-cooler-boxes","7":"product_tag-outdoor","9":"first","10":"instock","11":"shipping-taxable","12":"product-type-simple"},"acf":[],"_links":{"self":[{"href":"https:\/\/www.lianmeithermos.com\/fr\/wp-json\/wp\/v2\/product\/686","targetHints":{"allow":["GET"]}}],"collection":[{"href":"https:\/\/www.lianmeithermos.com\/fr\/wp-json\/wp\/v2\/product"}],"about":[{"href":"https:\/\/www.lianmeithermos.com\/fr\/wp-json\/wp\/v2\/types\/product"}],"replies":[{"embeddable":true,"href":"https:\/\/www.lianmeithermos.com\/fr\/wp-json\/wp\/v2\/comments?post=686"}],"wp:featuredmedia":[{"embeddable":true,"href":"https:\/\/www.lianmeithermos.com\/fr\/wp-json\/wp\/v2\/media\/687"}],"wp:attachment":[{"href":"https:\/\/www.lianmeithermos.com\/fr\/wp-json\/wp\/v2\/media?parent=686"}],"wp:term":[{"taxonomy":"product_brand","embeddable":true,"href":"https:\/\/www.lianmeithermos.com\/fr\/wp-json\/wp\/v2\/product_brand?post=686"},{"taxonomy":"product_cat","embeddable":true,"href":"https:\/\/www.lianmeithermos.com\/fr\/wp-json\/wp\/v2\/product_cat?post=686"},{"taxonomy":"product_tag","embeddable":true,"href":"https:\/\/www.lianmeithermos.com\/fr\/wp-json\/wp\/v2\/product_tag?post=686"}],"curies":[{"name":"wp","href":"https:\/\/api.w.org\/{rel}","templated":true}]}}