{"id":734,"date":"2026-01-30T06:40:02","date_gmt":"2026-01-30T06:40:02","guid":{"rendered":"https:\/\/www.lianmeithermos.com\/?post_type=product&#038;p=734"},"modified":"2026-01-30T06:58:12","modified_gmt":"2026-01-30T06:58:12","slug":"wholesale-commercial-insulated-beverage-dispenser","status":"publish","type":"product","link":"https:\/\/www.lianmeithermos.com\/fr\/produit\/wholesale-commercial-insulated-beverage-dispenser\/","title":{"rendered":"Distributeur de boissons isol\u00e9es avec robinet - Lait - Tonneau de th\u00e9 - Commerce de gros"},"content":{"rendered":"<h2 class=\"wp-block-heading\">Caract\u00e9ristiques du distributeur de boissons isol\u00e9es Wholesale Commercial<\/h2>\n\n\n\n<div class=\"wp-block-columns is-layout-flex wp-container-core-columns-is-layout-9d6595d7 wp-block-columns-is-layout-flex\">\n<div class=\"wp-block-column is-vertically-aligned-center is-layout-flow wp-block-column-is-layout-flow\">\n<div class=\"wp-block-columns is-layout-flex wp-container-core-columns-is-layout-9d6595d7 wp-block-columns-is-layout-flex\">\n<div class=\"wp-block-column is-vertically-aligned-top is-layout-flow wp-block-column-is-layout-flow\">\n<p><strong>R\u00e9tention de la temp\u00e9rature de qualit\u00e9 commerciale :<\/strong> La technologie d'isolation multicouche permet de conserver les boissons chaudes ou glac\u00e9es pendant plus de 12 heures, ce qui est id\u00e9al pour les petits d\u00e9jeuners tr\u00e8s fr\u00e9quent\u00e9s et les longues heures de travail dans les caf\u00e9s.<\/p>\n\n\n\n<p><strong>Robinet durable \u00e0 haut d\u00e9bit :<\/strong> \u00c9quip\u00e9 d'un robinet commercial robuste et anti-goutte con\u00e7u pour r\u00e9sister \u00e0 des centaines de tirages quotidiens sans fuir, garantissant un poste de travail propre et un service rapide.<\/p>\n\n\n\n<p><strong>Acier inoxydable de qualit\u00e9 alimentaire Int\u00e9rieur :<\/strong> Le rev\u00eatement int\u00e9rieur est fabriqu\u00e9 en acier inoxydable de premi\u00e8re qualit\u00e9, r\u00e9sistant \u00e0 la rouille, qui n'absorbe ni les odeurs ni les saveurs, ce qui garantit que vos th\u00e9s et caf\u00e9s au lait caract\u00e9ristiques ont le go\u00fbt voulu.<\/p>\n\n\n\n<p><strong>Grande capacit\u00e9 pour les heures de pointe :<\/strong> Con\u00e7ue sp\u00e9cialement pour la restauration, elle permet au personnel de pr\u00e9parer de grandes quantit\u00e9s \u00e0 l'avance et de r\u00e9duire le besoin de remplissage constant pendant les heures de pointe.<\/p>\n\n\n\n<p><strong>Couvercle scell\u00e9 en spirale :<\/strong> Le couvercle professionnel \u00e0 fermeture en spirale assure une fermeture \u00e9tanche \u00e0 la poussi\u00e8re et am\u00e9liore la conservation de la chaleur tout en restant facile \u00e0 ouvrir et \u00e0 remplir rapidement par le personnel.<\/p>\n\n\n\n<p><strong>Construction portable et stable :<\/strong> Il est \u00e9quip\u00e9 d'une poign\u00e9e int\u00e9gr\u00e9e robuste pour faciliter le transport entre la cuisine et l'arri\u00e8re-cuisine, et repose sur des pieds stables et antid\u00e9rapants pour \u00e9viter tout basculement dans les zones de service tr\u00e8s fr\u00e9quent\u00e9es.<\/p>\n<\/div>\n\n\n\n<div class=\"wp-block-column is-layout-flow wp-block-column-is-layout-flow\">\n<figure class=\"wp-block-image size-full\"><img decoding=\"async\" width=\"800\" height=\"800\" src=\"https:\/\/www.lianmeithermos.com\/wp-content\/uploads\/2025\/12\/Milk-Tea-Buckets-in-Bulk1.webp\" alt=\"Seaux de th\u00e9 au lait en vrac1\" class=\"wp-image-559\" srcset=\"https:\/\/www.lianmeithermos.com\/wp-content\/uploads\/2025\/12\/Milk-Tea-Buckets-in-Bulk1.webp 800w, https:\/\/www.lianmeithermos.com\/wp-content\/uploads\/2025\/12\/Milk-Tea-Buckets-in-Bulk1-300x300.webp 300w, https:\/\/www.lianmeithermos.com\/wp-content\/uploads\/2025\/12\/Milk-Tea-Buckets-in-Bulk1-150x150.webp 150w, https:\/\/www.lianmeithermos.com\/wp-content\/uploads\/2025\/12\/Milk-Tea-Buckets-in-Bulk1-768x768.webp 768w, https:\/\/www.lianmeithermos.com\/wp-content\/uploads\/2025\/12\/Milk-Tea-Buckets-in-Bulk1-600x600.webp 600w, https:\/\/www.lianmeithermos.com\/wp-content\/uploads\/2025\/12\/Milk-Tea-Buckets-in-Bulk1-100x100.webp 100w\" sizes=\"(max-width: 800px) 100vw, 800px\" \/><\/figure>\n<\/div>\n<\/div>\n<\/div>\n<\/div>","protected":false},"excerpt":{"rendered":"<p data-start=\"452\" data-end=\"647\">Am\u00e9liorez l'efficacit\u00e9 de votre service avec ce distributeur de boissons isol\u00e9es pour le commerce de gros. Ce baril de th\u00e9 au lait robuste est dot\u00e9 d'un robinet \u00e0 haut d\u00e9bit et d'un rev\u00eatement en acier inoxydable de qualit\u00e9 alimentaire, ce qui permet de conserver les boissons \u00e0 une temp\u00e9rature optimale pendant des heures. Durable et hygi\u00e9nique, il est con\u00e7u pour les caf\u00e9s et restaurants \u00e0 forte fr\u00e9quentation.<\/p>\n<h2>Sp\u00e9cifications du distributeur de boissons isol\u00e9es pour le commerce de gros<\/h2>\n<table style=\"height: 251px;\" width=\"635\">\n<thead>\n<tr>\n<th>Capacit\u00e9 (L)<\/th>\n<th>Diam\u00e8tre int\u00e9rieur \u00d7 Hauteur int\u00e9rieure (cm)<\/th>\n<th>Poids brut (kg)<\/th>\n<th>Dimensions d'un seul colis (cm)<\/th>\n<th>Dimensions du carton (cm)<\/th>\n<th>Quantit\u00e9 \/ Carton<\/th>\n<\/tr>\n<\/thead>\n<tbody>\n<tr>\n<td>6<\/td>\n<td>19,5 \u00d7 17<\/td>\n<td>1.62<\/td>\n<td>35 \u00d7 25 \u00d7 30,5<\/td>\n<td>76 \u00d7 51 \u00d7 33<\/td>\n<td>6<\/td>\n<\/tr>\n<tr>\n<td>8<\/td>\n<td>19,5 \u00d7 22<\/td>\n<td>1.86<\/td>\n<td>35 \u00d7 25 \u00d7 35,5<\/td>\n<td>51 \u00d7 38 \u00d7 35<\/td>\n<td>6<\/td>\n<\/tr>\n<tr>\n<td>10<\/td>\n<td>19,5 \u00d7 27,5<\/td>\n<td>2.05<\/td>\n<td>35 \u00d7 25 \u00d7 40,5<\/td>\n<td>51 \u00d7 43 \u00d7 39<\/td>\n<td>6<\/td>\n<\/tr>\n<tr>\n<td>12<\/td>\n<td>19,5 \u00d7 32<\/td>\n<td>2.17<\/td>\n<td>35 \u00d7 25 \u00d7 45,5<\/td>\n<td>51 \u00d7 48 \u00d7 43<\/td>\n<td>6<\/td>\n<\/tr>\n<tr>\n<td>14<\/td>\n<td>25 \u00d7 22<\/td>\n<td>3.00<\/td>\n<td>35 \u00d7 35 \u00d7 43<\/td>\n<td>\u2014<\/td>\n<td>6<\/td>\n<\/tr>\n<tr>\n<td>16<\/td>\n<td>25 \u00d7 26,5<\/td>\n<td>3.23<\/td>\n<td>35 \u00d7 35 \u00d7 47<\/td>\n<td>60 \u00d7 48 \u00d7 57<\/td>\n<td>6<\/td>\n<\/tr>\n<tr>\n<td>18<\/td>\n<td>25 \u00d7 29<\/td>\n<td>3.30<\/td>\n<td>35 \u00d7 35 \u00d7 50<\/td>\n<td>\u2014<\/td>\n<td>6<\/td>\n<\/tr>\n<tr>\n<td>20<\/td>\n<td>25 \u00d7 33,5<\/td>\n<td>3.73<\/td>\n<td>35 \u00d7 35 \u00d7 56<\/td>\n<td>60 \u00d7 56 \u00d7 70<\/td>\n<td>6<\/td>\n<\/tr>\n<\/tbody>\n<\/table>","protected":false},"featured_media":735,"comment_status":"closed","ping_status":"closed","template":"","meta":{"_acf_changed":false},"product_brand":[],"product_cat":[18],"product_tag":[25],"class_list":{"0":"post-734","1":"product","2":"type-product","3":"status-publish","4":"has-post-thumbnail","6":"product_cat-wholesale-milk-tea-buckets","7":"product_tag-restaurant","9":"first","10":"instock","11":"shipping-taxable","12":"product-type-simple"},"acf":[],"_links":{"self":[{"href":"https:\/\/www.lianmeithermos.com\/fr\/wp-json\/wp\/v2\/product\/734","targetHints":{"allow":["GET"]}}],"collection":[{"href":"https:\/\/www.lianmeithermos.com\/fr\/wp-json\/wp\/v2\/product"}],"about":[{"href":"https:\/\/www.lianmeithermos.com\/fr\/wp-json\/wp\/v2\/types\/product"}],"replies":[{"embeddable":true,"href":"https:\/\/www.lianmeithermos.com\/fr\/wp-json\/wp\/v2\/comments?post=734"}],"wp:featuredmedia":[{"embeddable":true,"href":"https:\/\/www.lianmeithermos.com\/fr\/wp-json\/wp\/v2\/media\/735"}],"wp:attachment":[{"href":"https:\/\/www.lianmeithermos.com\/fr\/wp-json\/wp\/v2\/media?parent=734"}],"wp:term":[{"taxonomy":"product_brand","embeddable":true,"href":"https:\/\/www.lianmeithermos.com\/fr\/wp-json\/wp\/v2\/product_brand?post=734"},{"taxonomy":"product_cat","embeddable":true,"href":"https:\/\/www.lianmeithermos.com\/fr\/wp-json\/wp\/v2\/product_cat?post=734"},{"taxonomy":"product_tag","embeddable":true,"href":"https:\/\/www.lianmeithermos.com\/fr\/wp-json\/wp\/v2\/product_tag?post=734"}],"curies":[{"name":"wp","href":"https:\/\/api.w.org\/{rel}","templated":true}]}}