{"id":736,"date":"2026-01-30T07:17:45","date_gmt":"2026-01-30T07:17:45","guid":{"rendered":"https:\/\/www.lianmeithermos.com\/?post_type=product&#038;p=736"},"modified":"2026-01-30T07:27:41","modified_gmt":"2026-01-30T07:27:41","slug":"wholesale-commercial-insulated-food-container-set","status":"publish","type":"product","link":"https:\/\/www.lianmeithermos.com\/fr\/produit\/wholesale-commercial-insulated-food-container-set\/","title":{"rendered":"Wholesale Commercial Insulated Food Container Set (4-Piece)"},"content":{"rendered":"<h2 class=\"wp-block-heading\">Caract\u00e9ristiques des conteneurs alimentaires isothermes commerciaux en gros<\/h2>\n\n\n\n<div class=\"wp-block-columns is-layout-flex wp-container-core-columns-is-layout-9d6595d7 wp-block-columns-is-layout-flex\">\n<div class=\"wp-block-column is-vertically-aligned-center is-layout-flow wp-block-column-is-layout-flow\">\n<div class=\"wp-block-columns is-layout-flex wp-container-core-columns-is-layout-9d6595d7 wp-block-columns-is-layout-flex\">\n<div class=\"wp-block-column is-vertically-aligned-top is-layout-flow wp-block-column-is-layout-flow\">\n<p><strong>Isolation durable :<\/strong> La conception isolante haute performance maintient les aliments \u00e0 la temp\u00e9rature id\u00e9ale pendant de longues p\u00e9riodes, garantissant leur fra\u00eecheur et leur saveur pendant le transport ou les r\u00e9unions.<\/p>\n\n\n\n<p><strong>Mat\u00e9riaux durables et de haute qualit\u00e9 :<\/strong> Fabriqu\u00e9 \u00e0 partir de mat\u00e9riaux de qualit\u00e9 alimentaire, sans BPA, robuste et durable pour une utilisation quotidienne r\u00e9p\u00e9t\u00e9e.<\/p>\n\n\n\n<p><strong>Conception \u00e9tanche et anti-d\u00e9versement :<\/strong> Le couvercle herm\u00e9tique emp\u00eache efficacement les fuites, ce qui est id\u00e9al pour livrer des repas ou transporter des aliments lors de vos d\u00e9placements.<\/p>\n\n\n\n<p><strong>Facile \u00e0 nettoyer et r\u00e9utilisable :<\/strong> Surface int\u00e9rieure lisse, lavable au lave-vaisselle, \u00e9cologique et durable.<\/p>\n\n\n\n<p><strong>Grande capacit\u00e9 pour une utilisation en vrac :<\/strong> Grande capacit\u00e9 et conception empilable, convient aux restaurants, \u00e0 la pr\u00e9paration des repas ou aux grands \u00e9v\u00e9nements.<\/p>\n<\/div>\n\n\n\n<div class=\"wp-block-column is-layout-flow wp-block-column-is-layout-flow\">\n<figure class=\"wp-block-image size-full\"><img decoding=\"async\" width=\"2500\" height=\"2500\" src=\"https:\/\/www.lianmeithermos.com\/wp-content\/uploads\/2026\/01\/Wholesale-Commercial-Insulated-Food-Container-Set-4-Piece.webp\" alt=\"Wholesale Commercial Insulated Food Container Set (4-Piece)\" class=\"wp-image-737\" srcset=\"https:\/\/www.lianmeithermos.com\/wp-content\/uploads\/2026\/01\/Wholesale-Commercial-Insulated-Food-Container-Set-4-Piece.webp 2500w, https:\/\/www.lianmeithermos.com\/wp-content\/uploads\/2026\/01\/Wholesale-Commercial-Insulated-Food-Container-Set-4-Piece-300x300.webp 300w, https:\/\/www.lianmeithermos.com\/wp-content\/uploads\/2026\/01\/Wholesale-Commercial-Insulated-Food-Container-Set-4-Piece-150x150.webp 150w, https:\/\/www.lianmeithermos.com\/wp-content\/uploads\/2026\/01\/Wholesale-Commercial-Insulated-Food-Container-Set-4-Piece-768x768.webp 768w, https:\/\/www.lianmeithermos.com\/wp-content\/uploads\/2026\/01\/Wholesale-Commercial-Insulated-Food-Container-Set-4-Piece-12x12.webp 12w, https:\/\/www.lianmeithermos.com\/wp-content\/uploads\/2026\/01\/Wholesale-Commercial-Insulated-Food-Container-Set-4-Piece-1200x1200.webp 1200w, https:\/\/www.lianmeithermos.com\/wp-content\/uploads\/2026\/01\/Wholesale-Commercial-Insulated-Food-Container-Set-4-Piece-600x600.webp 600w, https:\/\/www.lianmeithermos.com\/wp-content\/uploads\/2026\/01\/Wholesale-Commercial-Insulated-Food-Container-Set-4-Piece-100x100.webp 100w\" sizes=\"(max-width: 2500px) 100vw, 2500px\" \/><\/figure>\n<\/div>\n<\/div>\n<\/div>\n<\/div>\n\n\n\n<p><\/p>","protected":false},"excerpt":{"rendered":"<p data-start=\"239\" data-end=\"539\">Une solution thermique compacte mais puissante pour les cuisines professionnelles. Cet ensemble de 4 r\u00e9cipients isothermes est dot\u00e9 d'un rev\u00eatement int\u00e9rieur en acier inoxydable de qualit\u00e9 sup\u00e9rieure et d'un tonneau \u00e0 th\u00e9 au lait polyvalent avec robinet. Il permet de conserver vos plats principaux et vos boissons vedettes \u00e0 la temp\u00e9rature id\u00e9ale pendant plus de 24 heures.<\/p>\n<h2>\u00a0<\/h2>\n<p>&nbsp;<\/p>","protected":false},"featured_media":737,"comment_status":"closed","ping_status":"closed","template":"","meta":{"_acf_changed":false},"product_brand":[],"product_cat":[20],"product_tag":[23],"class_list":{"0":"post-736","1":"product","2":"type-product","3":"status-publish","4":"has-post-thumbnail","6":"product_cat-wholesale-insulated-food-containers","7":"product_tag-family-kitchen","9":"first","10":"instock","11":"shipping-taxable","12":"product-type-simple"},"acf":[],"_links":{"self":[{"href":"https:\/\/www.lianmeithermos.com\/fr\/wp-json\/wp\/v2\/product\/736","targetHints":{"allow":["GET"]}}],"collection":[{"href":"https:\/\/www.lianmeithermos.com\/fr\/wp-json\/wp\/v2\/product"}],"about":[{"href":"https:\/\/www.lianmeithermos.com\/fr\/wp-json\/wp\/v2\/types\/product"}],"replies":[{"embeddable":true,"href":"https:\/\/www.lianmeithermos.com\/fr\/wp-json\/wp\/v2\/comments?post=736"}],"wp:featuredmedia":[{"embeddable":true,"href":"https:\/\/www.lianmeithermos.com\/fr\/wp-json\/wp\/v2\/media\/737"}],"wp:attachment":[{"href":"https:\/\/www.lianmeithermos.com\/fr\/wp-json\/wp\/v2\/media?parent=736"}],"wp:term":[{"taxonomy":"product_brand","embeddable":true,"href":"https:\/\/www.lianmeithermos.com\/fr\/wp-json\/wp\/v2\/product_brand?post=736"},{"taxonomy":"product_cat","embeddable":true,"href":"https:\/\/www.lianmeithermos.com\/fr\/wp-json\/wp\/v2\/product_cat?post=736"},{"taxonomy":"product_tag","embeddable":true,"href":"https:\/\/www.lianmeithermos.com\/fr\/wp-json\/wp\/v2\/product_tag?post=736"}],"curies":[{"name":"wp","href":"https:\/\/api.w.org\/{rel}","templated":true}]}}