{"id":738,"date":"2026-01-30T07:29:51","date_gmt":"2026-01-30T07:29:51","guid":{"rendered":"https:\/\/www.lianmeithermos.com\/?post_type=product&#038;p=738"},"modified":"2026-01-30T08:16:51","modified_gmt":"2026-01-30T08:16:51","slug":"catering-insulated-food-container-kit-wholesale","status":"publish","type":"product","link":"https:\/\/www.lianmeithermos.com\/fr\/produit\/catering-insulated-food-container-kit-wholesale\/","title":{"rendered":"Kit de conteneurs alimentaires isol\u00e9s pour la restauration professionnelle Wholesale"},"content":{"rendered":"<h2 class=\"wp-block-heading\">Caract\u00e9ristiques du kit de conteneurs alimentaires isothermes Wholesale <\/h2>\n\n\n\n<div class=\"wp-block-columns is-layout-flex wp-container-core-columns-is-layout-9d6595d7 wp-block-columns-is-layout-flex\">\n<div class=\"wp-block-column is-vertically-aligned-center is-layout-flow wp-block-column-is-layout-flow\">\n<div class=\"wp-block-columns is-layout-flex wp-container-core-columns-is-layout-9d6595d7 wp-block-columns-is-layout-flex\">\n<div class=\"wp-block-column is-vertically-aligned-top is-layout-flow wp-block-column-is-layout-flow\">\n<p><strong>Solution compl\u00e8te de restauration :<\/strong> Un kit professionnel de plus de 15 pi\u00e8ces comprenant <strong>R\u00e9cipients alimentaires isothermes<\/strong>, Un distributeur de boissons, des plateaux de service et de la vaisselle pour un buffet imm\u00e9diat.<\/p>\n\n\n\n<p><strong>Station de boissons int\u00e9gr\u00e9e :<\/strong> Il est \u00e9quip\u00e9 d'un seau thermique robuste avec un couvercle renforc\u00e9. <strong>Robinet<\/strong>, Id\u00e9al pour le service rapide de caf\u00e9 chaud ou de th\u00e9 froid.<\/p>\n\n\n\n<p><strong>Isolation sup\u00e9rieure 24 heures :<\/strong> La technologie avanc\u00e9e \u00e0 double paroi permet de maintenir les aliments et les boissons \u00e0 des temp\u00e9ratures s\u00fbres pendant les \u00e9v\u00e9nements de longue dur\u00e9e.<\/p>\n\n\n\n<p><strong>Acier alimentaire de premi\u00e8re qualit\u00e9 :<\/strong> Chaque \u00e9l\u00e9ment est fabriqu\u00e9 en acier inoxydable de haute qualit\u00e9 pour une hygi\u00e8ne maximale, une grande durabilit\u00e9 et un nettoyage facile.<\/p>\n\n\n\n<p><strong>Esth\u00e9tique professionnelle :<\/strong> Offre un aspect uniforme et soign\u00e9 qui met en valeur la pr\u00e9sentation de votre marque lors de mariages, de banquets ou au comptoir d'un caf\u00e9.<\/p>\n\n\n\n<p><strong>Portabilit\u00e9 \u00e0 toute \u00e9preuve :<\/strong> Con\u00e7us avec des poign\u00e9es renforc\u00e9es et des bases stables, ils sont construits pour r\u00e9sister aux rigueurs des transports fr\u00e9quents et de l'utilisation commerciale.<\/p>\n<\/div>\n\n\n\n<div class=\"wp-block-column is-layout-flow wp-block-column-is-layout-flow\">\n<figure class=\"wp-block-image size-full\"><img decoding=\"async\" width=\"2500\" height=\"2500\" src=\"https:\/\/www.lianmeithermos.com\/wp-content\/uploads\/2026\/01\/Catering-Insulated-Food-Container-Kit-Wholesale-1.webp\" alt=\"Kit de conteneurs alimentaires isothermes pour la restauration Wholesale\" class=\"wp-image-744\" srcset=\"https:\/\/www.lianmeithermos.com\/wp-content\/uploads\/2026\/01\/Catering-Insulated-Food-Container-Kit-Wholesale-1.webp 2500w, https:\/\/www.lianmeithermos.com\/wp-content\/uploads\/2026\/01\/Catering-Insulated-Food-Container-Kit-Wholesale-1-300x300.webp 300w, https:\/\/www.lianmeithermos.com\/wp-content\/uploads\/2026\/01\/Catering-Insulated-Food-Container-Kit-Wholesale-1-150x150.webp 150w, https:\/\/www.lianmeithermos.com\/wp-content\/uploads\/2026\/01\/Catering-Insulated-Food-Container-Kit-Wholesale-1-768x768.webp 768w, https:\/\/www.lianmeithermos.com\/wp-content\/uploads\/2026\/01\/Catering-Insulated-Food-Container-Kit-Wholesale-1-12x12.webp 12w, https:\/\/www.lianmeithermos.com\/wp-content\/uploads\/2026\/01\/Catering-Insulated-Food-Container-Kit-Wholesale-1-1200x1200.webp 1200w, https:\/\/www.lianmeithermos.com\/wp-content\/uploads\/2026\/01\/Catering-Insulated-Food-Container-Kit-Wholesale-1-600x600.webp 600w, https:\/\/www.lianmeithermos.com\/wp-content\/uploads\/2026\/01\/Catering-Insulated-Food-Container-Kit-Wholesale-1-100x100.webp 100w\" sizes=\"(max-width: 2500px) 100vw, 2500px\" \/><\/figure>\n<\/div>\n<\/div>\n<\/div>\n<\/div>","protected":false},"excerpt":{"rendered":"<p data-start=\"239\" data-end=\"539\">L'ultime kit de conteneurs alimentaires isothermes pour la restauration professionnelle en gros pour les services \u00e0 grand volume. Cette station de buffet tout-en-un combine un tonneau de th\u00e9 au lait avec un robinet, des pots thermiques de grande capacit\u00e9 et des accessoires de service en acier inoxydable. Con\u00e7ue pour conserver la temp\u00e9rature pendant plus de 24 heures, c'est la solution professionnelle parfaite pour les restaurants, les h\u00f4tels et la restauration \u00e9v\u00e9nementielle.<\/p>\n<h2>\u00a0<\/h2>\n<p>&nbsp;<\/p>","protected":false},"featured_media":743,"comment_status":"closed","ping_status":"closed","template":"","meta":{"_acf_changed":false},"product_brand":[],"product_cat":[20],"product_tag":[23],"class_list":{"0":"post-738","1":"product","2":"type-product","3":"status-publish","4":"has-post-thumbnail","6":"product_cat-wholesale-insulated-food-containers","7":"product_tag-family-kitchen","9":"first","10":"instock","11":"shipping-taxable","12":"product-type-simple"},"acf":[],"_links":{"self":[{"href":"https:\/\/www.lianmeithermos.com\/fr\/wp-json\/wp\/v2\/product\/738","targetHints":{"allow":["GET"]}}],"collection":[{"href":"https:\/\/www.lianmeithermos.com\/fr\/wp-json\/wp\/v2\/product"}],"about":[{"href":"https:\/\/www.lianmeithermos.com\/fr\/wp-json\/wp\/v2\/types\/product"}],"replies":[{"embeddable":true,"href":"https:\/\/www.lianmeithermos.com\/fr\/wp-json\/wp\/v2\/comments?post=738"}],"wp:featuredmedia":[{"embeddable":true,"href":"https:\/\/www.lianmeithermos.com\/fr\/wp-json\/wp\/v2\/media\/743"}],"wp:attachment":[{"href":"https:\/\/www.lianmeithermos.com\/fr\/wp-json\/wp\/v2\/media?parent=738"}],"wp:term":[{"taxonomy":"product_brand","embeddable":true,"href":"https:\/\/www.lianmeithermos.com\/fr\/wp-json\/wp\/v2\/product_brand?post=738"},{"taxonomy":"product_cat","embeddable":true,"href":"https:\/\/www.lianmeithermos.com\/fr\/wp-json\/wp\/v2\/product_cat?post=738"},{"taxonomy":"product_tag","embeddable":true,"href":"https:\/\/www.lianmeithermos.com\/fr\/wp-json\/wp\/v2\/product_tag?post=738"}],"curies":[{"name":"wp","href":"https:\/\/api.w.org\/{rel}","templated":true}]}}