{"id":745,"date":"2026-01-30T08:17:37","date_gmt":"2026-01-30T08:17:37","guid":{"rendered":"https:\/\/www.lianmeithermos.com\/?post_type=product&#038;p=745"},"modified":"2026-01-30T08:22:23","modified_gmt":"2026-01-30T08:22:23","slug":"insulated-food-container-kit-in-bulk","status":"publish","type":"product","link":"https:\/\/www.lianmeithermos.com\/fr\/produit\/insulated-food-container-kit-in-bulk\/","title":{"rendered":"Kit de 5 r\u00e9cipients alimentaires isothermes professionnels en vrac"},"content":{"rendered":"<h2 class=\"wp-block-heading\">Caract\u00e9ristiques du kit de conteneurs alimentaires isothermes en vrac <\/h2>\n\n\n\n<div class=\"wp-block-columns is-layout-flex wp-container-core-columns-is-layout-9d6595d7 wp-block-columns-is-layout-flex\">\n<div class=\"wp-block-column is-vertically-aligned-center is-layout-flow wp-block-column-is-layout-flow\">\n<div class=\"wp-block-columns is-layout-flex wp-container-core-columns-is-layout-9d6595d7 wp-block-columns-is-layout-flex\">\n<div class=\"wp-block-column is-vertically-aligned-top is-layout-flow wp-block-column-is-layout-flow\">\n<p><strong>Configuration \u00e9largie \u00e0 5 pi\u00e8ces :<\/strong> Fournit une gamme compl\u00e8te de tailles de conteneurs pour accommoder divers articles de menu en un seul kit de conteneurs alimentaires isol\u00e9s professionnels.<\/p>\n\n\n\n<p><strong>Station de boissons \u00e0 haut d\u00e9bit :<\/strong> Comprend un barillet thermique d\u00e9di\u00e9 avec un syst\u00e8me d'\u00e9tanch\u00e9it\u00e9 renforc\u00e9. <strong>Robinet<\/strong>, Le syst\u00e8me d'alimentation de l'appareil permet de servir efficacement des soupes ou des boissons \u00e0 c\u00f4t\u00e9 des r\u00e9cipients de repas.<\/p>\n\n\n\n<p><strong>Isolation de qualit\u00e9 commerciale :<\/strong> La technologie avanc\u00e9e \u00e0 double paroi maintient une chaleur ou une fra\u00eecheur optimale pendant plus de 12 heures, ce qui est parfait pour les longues p\u00e9riodes de service et le transport.<\/p>\n\n\n\n<p><strong>Int\u00e9rieur en acier inoxydable hygi\u00e9nique :<\/strong> Chaque appareil est dot\u00e9 d'un rev\u00eatement en acier inoxydable de premi\u00e8re qualit\u00e9 qui r\u00e9siste \u00e0 la rouille, est facile \u00e0 nettoyer et emp\u00eache la contamination crois\u00e9e des saveurs.<\/p>\n\n\n\n<p><strong>Durabilit\u00e9 industrielle :<\/strong> Construit avec une coque ext\u00e9rieure robuste et des poign\u00e9es r\u00e9sistantes, il est con\u00e7u pour r\u00e9sister aux exigences quotidiennes d'une cuisine commerciale tr\u00e8s active.<\/p>\n\n\n\n<p><strong>Couvercles herm\u00e9tiques en spirale :<\/strong> Les couvercles twist-lock de qualit\u00e9 professionnelle cr\u00e9ent un joint \u00e9tanche \u00e0 la poussi\u00e8re et aux fuites pour pr\u00e9server la qualit\u00e9 et la s\u00e9curit\u00e9 des aliments.<\/p>\n<\/div>\n\n\n\n<div class=\"wp-block-column is-layout-flow wp-block-column-is-layout-flow\">\n<figure class=\"wp-block-image size-full\"><img decoding=\"async\" width=\"2500\" height=\"2500\" src=\"https:\/\/www.lianmeithermos.com\/wp-content\/uploads\/2026\/01\/Insulated-Food-Container-Kit-in-Bulk.webp\" alt=\"Kit de conteneurs alimentaires isothermes en vrac\" class=\"wp-image-739\" srcset=\"https:\/\/www.lianmeithermos.com\/wp-content\/uploads\/2026\/01\/Insulated-Food-Container-Kit-in-Bulk.webp 2500w, https:\/\/www.lianmeithermos.com\/wp-content\/uploads\/2026\/01\/Insulated-Food-Container-Kit-in-Bulk-300x300.webp 300w, https:\/\/www.lianmeithermos.com\/wp-content\/uploads\/2026\/01\/Insulated-Food-Container-Kit-in-Bulk-150x150.webp 150w, https:\/\/www.lianmeithermos.com\/wp-content\/uploads\/2026\/01\/Insulated-Food-Container-Kit-in-Bulk-768x768.webp 768w, https:\/\/www.lianmeithermos.com\/wp-content\/uploads\/2026\/01\/Insulated-Food-Container-Kit-in-Bulk-12x12.webp 12w, https:\/\/www.lianmeithermos.com\/wp-content\/uploads\/2026\/01\/Insulated-Food-Container-Kit-in-Bulk-1200x1200.webp 1200w, https:\/\/www.lianmeithermos.com\/wp-content\/uploads\/2026\/01\/Insulated-Food-Container-Kit-in-Bulk-600x600.webp 600w, https:\/\/www.lianmeithermos.com\/wp-content\/uploads\/2026\/01\/Insulated-Food-Container-Kit-in-Bulk-100x100.webp 100w\" sizes=\"(max-width: 2500px) 100vw, 2500px\" \/><\/figure>\n<\/div>\n<\/div>\n<\/div>\n<\/div>","protected":false},"excerpt":{"rendered":"<p data-start=\"239\" data-end=\"539\">Ce kit professionnel de conteneurs alimentaires isothermes en vrac est la station de stockage thermique ultime de 5 pi\u00e8ces pour la restauration de grande capacit\u00e9. Dot\u00e9 de doublures en acier inoxydable de qualit\u00e9 alimentaire et d'un tonneau \u00e0 th\u00e9 au lait int\u00e9gr\u00e9 avec un robinet durable, ce kit garantit que vos plats principaux et vos boissons restent \u00e0 des temp\u00e9ratures s\u00fbres pour les aliments pendant plus de 12 heures.<\/p>\n<h2>\u00a0<\/h2>\n<p>&nbsp;<\/p>","protected":false},"featured_media":739,"comment_status":"closed","ping_status":"closed","template":"","meta":{"_acf_changed":false},"product_brand":[],"product_cat":[20],"product_tag":[23],"class_list":{"0":"post-745","1":"product","2":"type-product","3":"status-publish","4":"has-post-thumbnail","6":"product_cat-wholesale-insulated-food-containers","7":"product_tag-family-kitchen","9":"first","10":"instock","11":"shipping-taxable","12":"product-type-simple"},"acf":[],"_links":{"self":[{"href":"https:\/\/www.lianmeithermos.com\/fr\/wp-json\/wp\/v2\/product\/745","targetHints":{"allow":["GET"]}}],"collection":[{"href":"https:\/\/www.lianmeithermos.com\/fr\/wp-json\/wp\/v2\/product"}],"about":[{"href":"https:\/\/www.lianmeithermos.com\/fr\/wp-json\/wp\/v2\/types\/product"}],"replies":[{"embeddable":true,"href":"https:\/\/www.lianmeithermos.com\/fr\/wp-json\/wp\/v2\/comments?post=745"}],"wp:featuredmedia":[{"embeddable":true,"href":"https:\/\/www.lianmeithermos.com\/fr\/wp-json\/wp\/v2\/media\/739"}],"wp:attachment":[{"href":"https:\/\/www.lianmeithermos.com\/fr\/wp-json\/wp\/v2\/media?parent=745"}],"wp:term":[{"taxonomy":"product_brand","embeddable":true,"href":"https:\/\/www.lianmeithermos.com\/fr\/wp-json\/wp\/v2\/product_brand?post=745"},{"taxonomy":"product_cat","embeddable":true,"href":"https:\/\/www.lianmeithermos.com\/fr\/wp-json\/wp\/v2\/product_cat?post=745"},{"taxonomy":"product_tag","embeddable":true,"href":"https:\/\/www.lianmeithermos.com\/fr\/wp-json\/wp\/v2\/product_tag?post=745"}],"curies":[{"name":"wp","href":"https:\/\/api.w.org\/{rel}","templated":true}]}}