{"id":783,"date":"2026-03-20T09:54:19","date_gmt":"2026-03-20T09:54:19","guid":{"rendered":"https:\/\/www.lianmeithermos.com\/?post_type=product&#038;p=783"},"modified":"2026-04-05T02:16:35","modified_gmt":"2026-04-05T02:16:35","slug":"wholesale-juice-dispenser-for-catering","status":"publish","type":"product","link":"https:\/\/www.lianmeithermos.com\/fr\/produit\/wholesale-juice-dispenser-for-catering\/","title":{"rendered":"Distributeur de jus de fruits en gros pour la restauration"},"content":{"rendered":"<h2 class=\"wp-block-heading\">Caract\u00e9ristiques du distributeur de jus de fruits en gros<\/h2>\n\n\n\n<div class=\"wp-block-columns is-layout-flex wp-container-core-columns-is-layout-9d6595d7 wp-block-columns-is-layout-flex\">\n<div class=\"wp-block-column is-vertically-aligned-center is-layout-flow wp-block-column-is-layout-flow\">\n<div class=\"wp-block-columns is-layout-flex wp-container-core-columns-is-layout-9d6595d7 wp-block-columns-is-layout-flex\">\n<div class=\"wp-block-column is-vertically-aligned-top is-layout-flow wp-block-column-is-layout-flow\">\n<p><strong>Design \u00e9l\u00e9gant avec finition miroir :<\/strong> La finition polie sophistiqu\u00e9e ajoute une touche haut de gamme \u00e0 tout buffet d'h\u00f4tel, banquet ou mariage, am\u00e9liorant ainsi l'exp\u00e9rience gastronomique de vos invit\u00e9s.<\/p>\n\n\n\n<p><strong>Grande capacit\u00e9 avec robinet anti-goutte :<\/strong> Dot\u00e9 d'un robinet distributeur de qualit\u00e9 professionnelle qui emp\u00eache les fuites et les d\u00e9versements, il garantit un service efficace et un minimum de d\u00e9chets pendant les heures de pointe.<\/p>\n\n\n\n<p><strong>Composants amovibles pour un nettoyage facile :<\/strong> Con\u00e7ue pour un d\u00e9montage rapide, elle permet une gestion rigoureuse de l'hygi\u00e8ne, un facteur essentiel pour la conformit\u00e9 des restaurants et des services de restauration.<\/p>\n\n\n\n<p><strong>Base stable et construction ergonomique :<\/strong> Con\u00e7u avec une base stable et r\u00e9sistante pour \u00e9viter tout basculement, il est id\u00e9al pour les \u00e9v\u00e9nements de restauration \u00e0 forte fr\u00e9quentation et les buffets professionnels.<\/p>\n\n\n\n<p><strong>Approvisionnement en gros Factory-Direct :<\/strong> En tant que fabricant de confiance fort de 30 ans d'exp\u00e9rience, Lianmei propose des prix de gros comp\u00e9titifs et des cha\u00eenes d'approvisionnement fiables pour les distributeurs et les grossistes du monde entier.<\/p>\n<\/div>\n\n\n\n<div class=\"wp-block-column is-layout-flow wp-block-column-is-layout-flow\">\n<figure class=\"wp-block-image size-full\"><img decoding=\"async\" width=\"3274\" height=\"3274\" src=\"https:\/\/www.lianmeithermos.com\/wp-content\/uploads\/2026\/03\/Wholesale-Juice-Dispenser-for-Catering2.webp\" alt=\"Distributeur de jus de fruits en gros pour la restauration2\" class=\"wp-image-785\" srcset=\"https:\/\/www.lianmeithermos.com\/wp-content\/uploads\/2026\/03\/Wholesale-Juice-Dispenser-for-Catering2.webp 3274w, https:\/\/www.lianmeithermos.com\/wp-content\/uploads\/2026\/03\/Wholesale-Juice-Dispenser-for-Catering2-300x300.webp 300w, https:\/\/www.lianmeithermos.com\/wp-content\/uploads\/2026\/03\/Wholesale-Juice-Dispenser-for-Catering2-150x150.webp 150w, https:\/\/www.lianmeithermos.com\/wp-content\/uploads\/2026\/03\/Wholesale-Juice-Dispenser-for-Catering2-768x768.webp 768w, https:\/\/www.lianmeithermos.com\/wp-content\/uploads\/2026\/03\/Wholesale-Juice-Dispenser-for-Catering2-12x12.webp 12w, https:\/\/www.lianmeithermos.com\/wp-content\/uploads\/2026\/03\/Wholesale-Juice-Dispenser-for-Catering2-1200x1200.webp 1200w, https:\/\/www.lianmeithermos.com\/wp-content\/uploads\/2026\/03\/Wholesale-Juice-Dispenser-for-Catering2-600x600.webp 600w, https:\/\/www.lianmeithermos.com\/wp-content\/uploads\/2026\/03\/Wholesale-Juice-Dispenser-for-Catering2-100x100.webp 100w\" sizes=\"(max-width: 3274px) 100vw, 3274px\" \/><\/figure>\n<\/div>\n<\/div>\n<\/div>\n<\/div>","protected":false},"excerpt":{"rendered":"<p data-start=\"452\" data-end=\"647\">Ce distributeur de jus de fruits en gros est con\u00e7u pour les buffets d'h\u00f4tels haut de gamme et les services de restauration commerciale. Il associe une finition miroir sophistiqu\u00e9e \u00e0 des performances durables pour les environnements tr\u00e8s fr\u00e9quent\u00e9s.<\/p>\n<h2>Specifications of Wholesale Juice Dispenser<\/h2>\n<table data-path-to-node=\"3\">\n<thead>\n<tr>\n<td><strong>Specifications<\/strong><\/td>\n<td><strong>Color Options<\/strong><\/td>\n<td><strong>Dimensions (cm)<\/strong><\/td>\n<td><strong>Configuration<\/strong><\/td>\n<\/tr>\n<\/thead>\n<tbody>\n<tr>\n<td><span data-path-to-node=\"3,1,0,0\"><b data-path-to-node=\"3,1,0,0\" data-index-in-node=\"0\">8L<\/b><\/span><\/td>\n<td><span data-path-to-node=\"3,1,1,0\">Silver \/ Silver &amp; Gold<\/span><\/td>\n<td><span data-path-to-node=\"3,1,2,0\">42 * 30 * 29<\/span><\/td>\n<td><span data-path-to-node=\"3,1,3,0\">Single Tank<\/span><\/td>\n<\/tr>\n<tr>\n<td><span data-path-to-node=\"3,2,0,0\"><b data-path-to-node=\"3,2,0,0\" data-index-in-node=\"0\">8L + 8L<\/b><\/span><\/td>\n<td><span data-path-to-node=\"3,2,1,0\">Silver \/ Silver &amp; Gold<\/span><\/td>\n<td><span data-path-to-node=\"3,2,2,0\">59 * 44 * 30<\/span><\/td>\n<td><span data-path-to-node=\"3,2,3,0\">Double Tanks<\/span><\/td>\n<\/tr>\n<tr>\n<td><span data-path-to-node=\"3,3,0,0\"><b data-path-to-node=\"3,3,0,0\" data-index-in-node=\"0\">8L + 8L + 8L<\/b><\/span><\/td>\n<td><span data-path-to-node=\"3,3,1,0\">Silver \/ Silver &amp; Gold<\/span><\/td>\n<td><span data-path-to-node=\"3,3,2,0\">89 * 45 * 33<\/span><\/td>\n<td><span data-path-to-node=\"3,3,3,0\">Triple Tanks<\/span><\/td>\n<\/tr>\n<\/tbody>\n<\/table>","protected":false},"featured_media":784,"comment_status":"closed","ping_status":"closed","template":"","meta":{"_acf_changed":false},"product_brand":[],"product_cat":[18],"product_tag":[25],"class_list":{"0":"post-783","1":"product","2":"type-product","3":"status-publish","4":"has-post-thumbnail","6":"product_cat-wholesale-milk-tea-buckets","7":"product_tag-restaurant","9":"first","10":"instock","11":"shipping-taxable","12":"product-type-simple"},"acf":[],"_links":{"self":[{"href":"https:\/\/www.lianmeithermos.com\/fr\/wp-json\/wp\/v2\/product\/783","targetHints":{"allow":["GET"]}}],"collection":[{"href":"https:\/\/www.lianmeithermos.com\/fr\/wp-json\/wp\/v2\/product"}],"about":[{"href":"https:\/\/www.lianmeithermos.com\/fr\/wp-json\/wp\/v2\/types\/product"}],"replies":[{"embeddable":true,"href":"https:\/\/www.lianmeithermos.com\/fr\/wp-json\/wp\/v2\/comments?post=783"}],"wp:featuredmedia":[{"embeddable":true,"href":"https:\/\/www.lianmeithermos.com\/fr\/wp-json\/wp\/v2\/media\/784"}],"wp:attachment":[{"href":"https:\/\/www.lianmeithermos.com\/fr\/wp-json\/wp\/v2\/media?parent=783"}],"wp:term":[{"taxonomy":"product_brand","embeddable":true,"href":"https:\/\/www.lianmeithermos.com\/fr\/wp-json\/wp\/v2\/product_brand?post=783"},{"taxonomy":"product_cat","embeddable":true,"href":"https:\/\/www.lianmeithermos.com\/fr\/wp-json\/wp\/v2\/product_cat?post=783"},{"taxonomy":"product_tag","embeddable":true,"href":"https:\/\/www.lianmeithermos.com\/fr\/wp-json\/wp\/v2\/product_tag?post=783"}],"curies":[{"name":"wp","href":"https:\/\/api.w.org\/{rel}","templated":true}]}}