{"id":786,"date":"2026-03-21T01:58:18","date_gmt":"2026-03-21T01:58:18","guid":{"rendered":"https:\/\/www.lianmeithermos.com\/?post_type=product&#038;p=786"},"modified":"2026-03-21T02:14:43","modified_gmt":"2026-03-21T02:14:43","slug":"wholesale-stainless-steel-coffee-urn-for-hotel-catering","status":"publish","type":"product","link":"https:\/\/www.lianmeithermos.com\/fr\/produit\/wholesale-stainless-steel-coffee-urn-for-hotel-catering\/","title":{"rendered":"Urne \u00e0 caf\u00e9 en acier inoxydable pour l'h\u00f4tellerie et la restauration"},"content":{"rendered":"<h2 class=\"wp-block-heading\">Caract\u00e9ristiques de l'Urne \u00e0 caf\u00e9 en acier inoxydable Wholesale<\/h2>\n\n\n\n<div class=\"wp-block-columns is-layout-flex wp-container-core-columns-is-layout-9d6595d7 wp-block-columns-is-layout-flex\">\n<div class=\"wp-block-column is-vertically-aligned-center is-layout-flow wp-block-column-is-layout-flow\">\n<div class=\"wp-block-columns is-layout-flex wp-container-core-columns-is-layout-9d6595d7 wp-block-columns-is-layout-flex\">\n<div class=\"wp-block-column is-vertically-aligned-top is-layout-flow wp-block-column-is-layout-flow\">\n<p><strong>\u00c9l\u00e9gante finition polie miroir :<\/strong> L'ext\u00e9rieur sophistiqu\u00e9 et brillant offre une esth\u00e9tique haut de gamme, parfaite pour les buffets d'h\u00f4tels de luxe, les mariages et les banquets professionnels.<\/p>\n\n\n\n<p><strong>Performance thermique des chauffages \u00e0 combustible :<\/strong> Con\u00e7ue avec une base d\u00e9di\u00e9e au support de combustible pour maintenir une chaleur stable, garantissant que le caf\u00e9 et les boissons chaudes restent \u00e0 la temp\u00e9rature id\u00e9ale de service pendant des heures.<\/p>\n\n\n\n<p><strong>Embout professionnel anti-goutte :<\/strong> \u00c9quip\u00e9 d'un robinet de haute qualit\u00e9, r\u00e9sistant \u00e0 la chaleur, qui garantit un versement r\u00e9gulier sans fuite, ce qui permet de maintenir votre zone de service propre et efficace.<\/p>\n\n\n\n<p><strong>Jambes robustes et stables :<\/strong> La base renforc\u00e9e du tr\u00e9pied assure une stabilit\u00e9 maximale sur les tables de buffet, ce qui garantit la s\u00e9curit\u00e9 et la fiabilit\u00e9 dans les environnements de restauration \u00e0 forte fr\u00e9quentation.<\/p>\n\n\n\n<p><strong>Disponibilit\u00e9 en gros \u00e0 grande \u00e9chelle :<\/strong> En tant que fabricant de premier plan, Lianmei propose des prix de gros comp\u00e9titifs et un approvisionnement r\u00e9gulier aux distributeurs et grossistes mondiaux d'\u00e9quipements de restauration.<\/p>\n<\/div>\n\n\n\n<div class=\"wp-block-column is-layout-flow wp-block-column-is-layout-flow\">\n<figure class=\"wp-block-image size-full\"><img decoding=\"async\" width=\"703\" height=\"703\" src=\"https:\/\/www.lianmeithermos.com\/wp-content\/uploads\/2026\/03\/Wholesale-Stainless-Steel-Coffee-Urn.webp\" alt=\"Urne \u00e0 caf\u00e9 en acier inoxydable Wholesale\" class=\"wp-image-787\" srcset=\"https:\/\/www.lianmeithermos.com\/wp-content\/uploads\/2026\/03\/Wholesale-Stainless-Steel-Coffee-Urn.webp 703w, https:\/\/www.lianmeithermos.com\/wp-content\/uploads\/2026\/03\/Wholesale-Stainless-Steel-Coffee-Urn-300x300.webp 300w, https:\/\/www.lianmeithermos.com\/wp-content\/uploads\/2026\/03\/Wholesale-Stainless-Steel-Coffee-Urn-150x150.webp 150w, https:\/\/www.lianmeithermos.com\/wp-content\/uploads\/2026\/03\/Wholesale-Stainless-Steel-Coffee-Urn-12x12.webp 12w, https:\/\/www.lianmeithermos.com\/wp-content\/uploads\/2026\/03\/Wholesale-Stainless-Steel-Coffee-Urn-600x600.webp 600w, https:\/\/www.lianmeithermos.com\/wp-content\/uploads\/2026\/03\/Wholesale-Stainless-Steel-Coffee-Urn-100x100.webp 100w\" sizes=\"(max-width: 703px) 100vw, 703px\" \/><\/figure>\n<\/div>\n<\/div>\n<\/div>\n<\/div>","protected":false},"excerpt":{"rendered":"<p data-start=\"452\" data-end=\"647\">Notre urne \u00e0 caf\u00e9 en acier inoxydable est con\u00e7ue pour les buffets d'h\u00f4tels et les banquets haut de gamme. Elle est dot\u00e9e d'une finition miroir r\u00e9sistante et d'un syst\u00e8me de r\u00e9tention de la chaleur pour garantir un service optimal des boissons dans tout environnement de restauration commerciale.<\/p>\n<p>&nbsp;<\/p>","protected":false},"featured_media":787,"comment_status":"closed","ping_status":"closed","template":"","meta":{"_acf_changed":false},"product_brand":[],"product_cat":[18],"product_tag":[25],"class_list":{"0":"post-786","1":"product","2":"type-product","3":"status-publish","4":"has-post-thumbnail","6":"product_cat-wholesale-milk-tea-buckets","7":"product_tag-restaurant","9":"first","10":"instock","11":"shipping-taxable","12":"product-type-simple"},"acf":[],"_links":{"self":[{"href":"https:\/\/www.lianmeithermos.com\/fr\/wp-json\/wp\/v2\/product\/786","targetHints":{"allow":["GET"]}}],"collection":[{"href":"https:\/\/www.lianmeithermos.com\/fr\/wp-json\/wp\/v2\/product"}],"about":[{"href":"https:\/\/www.lianmeithermos.com\/fr\/wp-json\/wp\/v2\/types\/product"}],"replies":[{"embeddable":true,"href":"https:\/\/www.lianmeithermos.com\/fr\/wp-json\/wp\/v2\/comments?post=786"}],"wp:featuredmedia":[{"embeddable":true,"href":"https:\/\/www.lianmeithermos.com\/fr\/wp-json\/wp\/v2\/media\/787"}],"wp:attachment":[{"href":"https:\/\/www.lianmeithermos.com\/fr\/wp-json\/wp\/v2\/media?parent=786"}],"wp:term":[{"taxonomy":"product_brand","embeddable":true,"href":"https:\/\/www.lianmeithermos.com\/fr\/wp-json\/wp\/v2\/product_brand?post=786"},{"taxonomy":"product_cat","embeddable":true,"href":"https:\/\/www.lianmeithermos.com\/fr\/wp-json\/wp\/v2\/product_cat?post=786"},{"taxonomy":"product_tag","embeddable":true,"href":"https:\/\/www.lianmeithermos.com\/fr\/wp-json\/wp\/v2\/product_tag?post=786"}],"curies":[{"name":"wp","href":"https:\/\/api.w.org\/{rel}","templated":true}]}}