{"id":792,"date":"2026-03-21T03:27:45","date_gmt":"2026-03-21T03:27:45","guid":{"rendered":"https:\/\/www.lianmeithermos.com\/?post_type=product&#038;p=792"},"modified":"2026-04-02T01:37:04","modified_gmt":"2026-04-02T01:37:04","slug":"wholesale-commercial-water-boiler-stainless-steel-electric-water-heater","status":"publish","type":"product","link":"https:\/\/www.lianmeithermos.com\/fr\/produit\/wholesale-commercial-water-boiler-stainless-steel-electric-water-heater\/","title":{"rendered":"Chauffe-eau \u00e9lectrique en acier inoxydable"},"content":{"rendered":"<h2 class=\"wp-block-heading\">Caract\u00e9ristiques de la chaudi\u00e8re \u00e0 eau commerciale de gros<\/h2>\n\n\n\n<div class=\"wp-block-columns is-layout-flex wp-container-core-columns-is-layout-9d6595d7 wp-block-columns-is-layout-flex\">\n<div class=\"wp-block-column is-vertically-aligned-center is-layout-flow wp-block-column-is-layout-flow\">\n<div class=\"wp-block-columns is-layout-flex wp-container-core-columns-is-layout-9d6595d7 wp-block-columns-is-layout-flex\">\n<div class=\"wp-block-column is-vertically-aligned-top is-layout-flow wp-block-column-is-layout-flow\">\n<p><strong>High-Capacity Rapid Electric Heating:<\/strong> Equipped with a powerful plug-in heating element (up to 2800W) to ensure large volumes of water or broth reach boiling point quickly, minimizing wait times during peak service hours.<\/p>\n\n\n\n<p><strong>Versatile Dual-Use Design (Boiling &amp; Cooking):<\/strong> Engineered for multi-purpose professional use; the heavy-duty reinforced body is perfectly suited for both rapid water boiling and simmering large batches of soup, catering to diverse commercial kitchen needs.<\/p>\n\n\n\n<p><strong>Comprehensive Range of Specifications:<\/strong> Available in multiple sizes ranging from <strong>19L to 60L<\/strong> to fit any operation, from small cafes to high-volume catering events. Choose the perfect capacity and power (1800W\u20132800W) for your specific requirements.<\/p>\n\n\n\n<p><strong>Durable &amp; Safe Stainless Steel Construction:<\/strong> Crafted with a food-grade stainless steel body and sturdy anti-scald handles. Features integrated <strong>Boil-Dry Protection<\/strong> with safety sensors that automatically cut power when levels are low, ensuring long-lasting, safe operation.<\/p>\n\n\n\n<p><strong>Professional High-Flow &amp; Easy Cleaning:<\/strong> Designed with a non-drip, high-flow spigot for fast dispensing and a smooth, wide-opening interior reservoir that allows for effortless cleaning and hygiene maintenance\u2014essential for professional food service compliance.<\/p>\n<\/div>\n\n\n\n<div class=\"wp-block-column is-layout-flow wp-block-column-is-layout-flow\">\n<figure class=\"wp-block-image size-full\"><img decoding=\"async\" width=\"705\" height=\"705\" src=\"https:\/\/www.lianmeithermos.com\/wp-content\/uploads\/2026\/03\/Wholesale-Commercial-Water-Boiler.webp\" alt=\"Chaudi\u00e8re \u00e0 eau commerciale en gros\" class=\"wp-image-794\" srcset=\"https:\/\/www.lianmeithermos.com\/wp-content\/uploads\/2026\/03\/Wholesale-Commercial-Water-Boiler.webp 705w, https:\/\/www.lianmeithermos.com\/wp-content\/uploads\/2026\/03\/Wholesale-Commercial-Water-Boiler-300x300.webp 300w, https:\/\/www.lianmeithermos.com\/wp-content\/uploads\/2026\/03\/Wholesale-Commercial-Water-Boiler-150x150.webp 150w, https:\/\/www.lianmeithermos.com\/wp-content\/uploads\/2026\/03\/Wholesale-Commercial-Water-Boiler-12x12.webp 12w, https:\/\/www.lianmeithermos.com\/wp-content\/uploads\/2026\/03\/Wholesale-Commercial-Water-Boiler-600x600.webp 600w, https:\/\/www.lianmeithermos.com\/wp-content\/uploads\/2026\/03\/Wholesale-Commercial-Water-Boiler-100x100.webp 100w\" sizes=\"(max-width: 705px) 100vw, 705px\" \/><\/figure>\n<\/div>\n<\/div>\n<\/div>\n<\/div>","protected":false},"excerpt":{"rendered":"<p data-start=\"452\" data-end=\"647\">Nos chaudi\u00e8res \u00e0 eau commerciales en gros sont con\u00e7ues pour une utilisation \u00e0 haut volume dans la restauration et les services alimentaires. Ils se caract\u00e9risent par un chauffage rapide, une construction durable en acier inoxydable et des performances fiables pour une utilisation quotidienne.<\/p>\n<h2>Sp\u00e9cifications de la chaudi\u00e8re \u00e0 eau commerciale en gros<\/h2>\n<table data-path-to-node=\"3\">\n<thead>\n<tr>\n<td><strong>Capacit\u00e9 r\u00e9elle<\/strong><\/td>\n<td><strong>Puissance<\/strong><\/td>\n<td><strong>Diam\u00e8tre int\u00e9rieur<\/strong><\/td>\n<td><strong>Hauteur int\u00e9rieure<\/strong><\/td>\n<td><strong>Diam\u00e8tre ext\u00e9rieur<\/strong><\/td>\n<td><strong>Hauteur ext\u00e9rieure<\/strong><\/td>\n<td><strong>Type de fiche<\/strong><\/td>\n<\/tr>\n<\/thead>\n<tbody>\n<tr>\n<td><span data-path-to-node=\"3,1,0,0\"><b data-path-to-node=\"3,1,0,0\" data-index-in-node=\"0\">19L<\/b><\/span><\/td>\n<td><span data-path-to-node=\"3,1,1,0\">1800W<\/span><\/td>\n<td><span data-path-to-node=\"3,1,2,0\">30cm<\/span><\/td>\n<td><span data-path-to-node=\"3,1,3,0\">29cm<\/span><\/td>\n<td><span data-path-to-node=\"3,1,4,0\">32.5cm<\/span><\/td>\n<td><span data-path-to-node=\"3,1,5,0\">40cm<\/span><\/td>\n<td><span data-path-to-node=\"3,1,6,0\">10A<\/span><\/td>\n<\/tr>\n<tr>\n<td><span data-path-to-node=\"3,2,0,0\"><b data-path-to-node=\"3,2,0,0\" data-index-in-node=\"0\">26L<\/b><\/span><\/td>\n<td><span data-path-to-node=\"3,2,1,0\">1800W<\/span><\/td>\n<td><span data-path-to-node=\"3,2,2,0\">30cm<\/span><\/td>\n<td><span data-path-to-node=\"3,2,3,0\">38cm<\/span><\/td>\n<td><span data-path-to-node=\"3,2,4,0\">32.5cm<\/span><\/td>\n<td><span data-path-to-node=\"3,2,5,0\">49cm<\/span><\/td>\n<td><span data-path-to-node=\"3,2,6,0\">10A<\/span><\/td>\n<\/tr>\n<tr>\n<td><span data-path-to-node=\"3,3,0,0\"><b data-path-to-node=\"3,3,0,0\" data-index-in-node=\"0\">41L<\/b><\/span><\/td>\n<td><span data-path-to-node=\"3,3,1,0\">2800W<\/span><\/td>\n<td><span data-path-to-node=\"3,3,2,0\">35cm<\/span><\/td>\n<td><span data-path-to-node=\"3,3,3,0\">43cm<\/span><\/td>\n<td><span data-path-to-node=\"3,3,4,0\">37.5cm<\/span><\/td>\n<td><span data-path-to-node=\"3,3,5,0\">53cm<\/span><\/td>\n<td><span data-path-to-node=\"3,3,6,0\">10A<\/span><\/td>\n<\/tr>\n<tr>\n<td><span data-path-to-node=\"3,4,0,0\"><b data-path-to-node=\"3,4,0,0\" data-index-in-node=\"0\">54L<\/b><\/span><\/td>\n<td><span data-path-to-node=\"3,4,1,0\">2800W<\/span><\/td>\n<td><span data-path-to-node=\"3,4,2,0\">40cm<\/span><\/td>\n<td><span data-path-to-node=\"3,4,3,0\">44cm<\/span><\/td>\n<td><span data-path-to-node=\"3,4,4,0\">42,5 cm<\/span><\/td>\n<td><span data-path-to-node=\"3,4,5,0\">53cm<\/span><\/td>\n<td><span data-path-to-node=\"3,4,6,0\">10A<\/span><\/td>\n<\/tr>\n<tr>\n<td><span data-path-to-node=\"3,5,0,0\"><b data-path-to-node=\"3,5,0,0\" data-index-in-node=\"0\">60L<\/b><\/span><\/td>\n<td><span data-path-to-node=\"3,5,1,0\">2800W<\/span><\/td>\n<td><span data-path-to-node=\"3,5,2,0\">40cm<\/span><\/td>\n<td><span data-path-to-node=\"3,5,3,0\">48cm<\/span><\/td>\n<td><span data-path-to-node=\"3,5,4,0\">42,5 cm<\/span><\/td>\n<td><span data-path-to-node=\"3,5,5,0\">58cm<\/span><\/td>\n<td><span data-path-to-node=\"3,5,6,0\">10A<\/span><\/td>\n<\/tr>\n<\/tbody>\n<\/table>","protected":false},"featured_media":794,"comment_status":"closed","ping_status":"closed","template":"","meta":{"_acf_changed":false},"product_brand":[],"product_cat":[28],"product_tag":[25],"class_list":{"0":"post-792","1":"product","2":"type-product","3":"status-publish","4":"has-post-thumbnail","6":"product_cat-wholesale-commercial-water-boilers","7":"product_tag-restaurant","9":"first","10":"instock","11":"shipping-taxable","12":"product-type-simple"},"acf":[],"_links":{"self":[{"href":"https:\/\/www.lianmeithermos.com\/fr\/wp-json\/wp\/v2\/product\/792","targetHints":{"allow":["GET"]}}],"collection":[{"href":"https:\/\/www.lianmeithermos.com\/fr\/wp-json\/wp\/v2\/product"}],"about":[{"href":"https:\/\/www.lianmeithermos.com\/fr\/wp-json\/wp\/v2\/types\/product"}],"replies":[{"embeddable":true,"href":"https:\/\/www.lianmeithermos.com\/fr\/wp-json\/wp\/v2\/comments?post=792"}],"wp:featuredmedia":[{"embeddable":true,"href":"https:\/\/www.lianmeithermos.com\/fr\/wp-json\/wp\/v2\/media\/794"}],"wp:attachment":[{"href":"https:\/\/www.lianmeithermos.com\/fr\/wp-json\/wp\/v2\/media?parent=792"}],"wp:term":[{"taxonomy":"product_brand","embeddable":true,"href":"https:\/\/www.lianmeithermos.com\/fr\/wp-json\/wp\/v2\/product_brand?post=792"},{"taxonomy":"product_cat","embeddable":true,"href":"https:\/\/www.lianmeithermos.com\/fr\/wp-json\/wp\/v2\/product_cat?post=792"},{"taxonomy":"product_tag","embeddable":true,"href":"https:\/\/www.lianmeithermos.com\/fr\/wp-json\/wp\/v2\/product_tag?post=792"}],"curies":[{"name":"wp","href":"https:\/\/api.w.org\/{rel}","templated":true}]}}