{"id":795,"date":"2026-03-21T03:42:20","date_gmt":"2026-03-21T03:42:20","guid":{"rendered":"https:\/\/www.lianmeithermos.com\/?post_type=product&#038;p=795"},"modified":"2026-04-04T08:53:36","modified_gmt":"2026-04-04T08:53:36","slug":"wholesale-stainless-steel-gn-pan-with-lid","status":"publish","type":"product","link":"https:\/\/www.lianmeithermos.com\/fr\/produit\/wholesale-stainless-steel-gn-pan-with-lid\/","title":{"rendered":"Vente en gros de casseroles GN en acier inoxydable avec couvercle"},"content":{"rendered":"<h2 class=\"wp-block-heading\">Caract\u00e9ristiques de la po\u00eale GN en acier inoxydable de gros avec couvercle<\/h2>\n\n\n\n<div class=\"wp-block-columns is-layout-flex wp-container-core-columns-is-layout-9d6595d7 wp-block-columns-is-layout-flex\">\n<div class=\"wp-block-column is-vertically-aligned-center is-layout-flow wp-block-column-is-layout-flow\">\n<div class=\"wp-block-columns is-layout-flex wp-container-core-columns-is-layout-9d6595d7 wp-block-columns-is-layout-flex\">\n<div class=\"wp-block-column is-vertically-aligned-top is-layout-flow wp-block-column-is-layout-flow\">\n<p><strong>Norme internationale GN Dimensionnement :<\/strong> Fabriqu\u00e9 avec pr\u00e9cision selon les normes internationales GN (Gastronorm) pour une compatibilit\u00e9 totale avec les \u00e9quipements de cuisine commerciale et les stations de r\u00e9chauffage des aliments.<\/p>\n\n\n\n<p><strong>Acier inoxydable de qualit\u00e9 alimentaire sup\u00e9rieure :<\/strong> Fabriqu\u00e9 en acier inoxydable de haute qualit\u00e9 et durable pour une manipulation s\u00fbre et non r\u00e9active des aliments, une r\u00e9sistance sup\u00e9rieure \u00e0 la corrosion et une utilisation commerciale de longue dur\u00e9e.<\/p>\n\n\n\n<p><strong>Comprend un couvercle \u00e0 fermeture s\u00e9curis\u00e9e :<\/strong> Le couvercle en acier inoxydable assorti \u00e0 la poign\u00e9e int\u00e9gr\u00e9e prot\u00e8ge les aliments de la contamination, r\u00e9duit la perte de temp\u00e9rature et facilite le transport en toute s\u00e9curit\u00e9, sans risque de d\u00e9versement.<\/p>\n\n\n\n<p><strong>Coins et bords arrondis et lisses :<\/strong> Con\u00e7us avec des coins parfaitement arrondis pour \u00e9viter les pi\u00e8ges \u00e0 aliments, ils garantissent un nettoyage sans effort et une conformit\u00e9 stricte \u00e0 la s\u00e9curit\u00e9 alimentaire professionnelle.<\/p>\n\n\n\n<p><strong>Embo\u00eetement anti-blocage pour le rangement :<\/strong> Le bac et le couvercle sont con\u00e7us pour s'embo\u00eeter et s'empiler efficacement lorsqu'ils ne sont pas utilis\u00e9s, ce qui permet d'optimiser l'espace de stockage dans les cuisines professionnelles.<\/p>\n<\/div>\n\n\n\n<div class=\"wp-block-column is-layout-flow wp-block-column-is-layout-flow\">\n<figure class=\"wp-block-image size-full\"><img decoding=\"async\" width=\"704\" height=\"704\" src=\"https:\/\/www.lianmeithermos.com\/wp-content\/uploads\/2026\/03\/Wholesale-Stainless-Steel-GN-Pan-with-Lid.webp\" alt=\"Vente en gros de casseroles GN en acier inoxydable avec couvercle\" class=\"wp-image-799\" srcset=\"https:\/\/www.lianmeithermos.com\/wp-content\/uploads\/2026\/03\/Wholesale-Stainless-Steel-GN-Pan-with-Lid.webp 704w, https:\/\/www.lianmeithermos.com\/wp-content\/uploads\/2026\/03\/Wholesale-Stainless-Steel-GN-Pan-with-Lid-300x300.webp 300w, https:\/\/www.lianmeithermos.com\/wp-content\/uploads\/2026\/03\/Wholesale-Stainless-Steel-GN-Pan-with-Lid-150x150.webp 150w, https:\/\/www.lianmeithermos.com\/wp-content\/uploads\/2026\/03\/Wholesale-Stainless-Steel-GN-Pan-with-Lid-12x12.webp 12w, https:\/\/www.lianmeithermos.com\/wp-content\/uploads\/2026\/03\/Wholesale-Stainless-Steel-GN-Pan-with-Lid-600x600.webp 600w, https:\/\/www.lianmeithermos.com\/wp-content\/uploads\/2026\/03\/Wholesale-Stainless-Steel-GN-Pan-with-Lid-100x100.webp 100w\" sizes=\"(max-width: 704px) 100vw, 704px\" \/><\/figure>\n<\/div>\n<\/div>\n<\/div>\n<\/div>","protected":false},"excerpt":{"rendered":"<p data-start=\"452\" data-end=\"647\">Notre bac \u00e0 gn en acier inoxydable avec couvercle pour le stockage et le service des aliments dans les commerces. La taille GN standard assure la compatibilit\u00e9 avec les buffets, les tables \u00e0 vapeur et la r\u00e9frig\u00e9ration, avec un couvercle s\u00e9curis\u00e9 pour une manipulation et une hygi\u00e8ne s\u00fbres.<\/p>\n<h2 data-start=\"452\" data-end=\"647\">GN Pan &amp; Lid Specifications<\/h2>\n<table>\n<thead>\n<tr>\n<th>Type<\/th>\n<th>Taille<\/th>\n<th>Outer Size (cm)<\/th>\n<th>Thickness<\/th>\n<th>Depth (cm)<\/th>\n<\/tr>\n<\/thead>\n<tbody>\n<tr>\n<td>Pan<\/td>\n<td>1\/1 Pan<\/td>\n<td>53.0 \u00d7 32.5<\/td>\n<td>0.7<\/td>\n<td>20<\/td>\n<\/tr>\n<tr>\n<td>Pan<\/td>\n<td>1\/1 Pan<\/td>\n<td>53.0 \u00d7 32.5<\/td>\n<td>0.7<\/td>\n<td>15<\/td>\n<\/tr>\n<tr>\n<td>Pan<\/td>\n<td>1\/1 Pan<\/td>\n<td>53.0 \u00d7 32.5<\/td>\n<td>0.7<\/td>\n<td>10<\/td>\n<\/tr>\n<tr>\n<td>Pan<\/td>\n<td>1\/1 Pan<\/td>\n<td>53.0 \u00d7 32.5<\/td>\n<td>0.7<\/td>\n<td>6.5<\/td>\n<\/tr>\n<tr>\n<td>Pan<\/td>\n<td>1\/1 Pan<\/td>\n<td>53.0 \u00d7 32.5<\/td>\n<td>0.7B<\/td>\n<td>15<\/td>\n<\/tr>\n<tr>\n<td>Pan<\/td>\n<td>1\/1 Pan<\/td>\n<td>53.0 \u00d7 32.5<\/td>\n<td>0.7B<\/td>\n<td>10<\/td>\n<\/tr>\n<tr>\n<td>Pan<\/td>\n<td>1\/1 Pan<\/td>\n<td>53.0 \u00d7 32.5<\/td>\n<td>0.7B<\/td>\n<td>6.5<\/td>\n<\/tr>\n<tr>\n<td>Pan<\/td>\n<td>1\/2 Pan<\/td>\n<td>32.5 \u00d7 26.5<\/td>\n<td>0.7B<\/td>\n<td>15<\/td>\n<\/tr>\n<tr>\n<td>Pan<\/td>\n<td>1\/1 Pan<\/td>\n<td>53.0 \u00d7 32.5<\/td>\n<td>1.0<\/td>\n<td>15<\/td>\n<\/tr>\n<tr>\n<td>Pan<\/td>\n<td>1\/1 Pan<\/td>\n<td>53.0 \u00d7 32.5<\/td>\n<td>1.0<\/td>\n<td>10<\/td>\n<\/tr>\n<tr>\n<td>Pan<\/td>\n<td>1\/1 Pan<\/td>\n<td>53.0 \u00d7 32.5<\/td>\n<td>1.0<\/td>\n<td>6.5<\/td>\n<\/tr>\n<tr>\n<td>Pan<\/td>\n<td>1\/2 Pan<\/td>\n<td>32.5 \u00d7 26.5<\/td>\n<td>1.0<\/td>\n<td>15<\/td>\n<\/tr>\n<tr>\n<td>Lid<\/td>\n<td>1\/1 Lid<\/td>\n<td>\u2014<\/td>\n<td>07<\/td>\n<td>\u2014<\/td>\n<\/tr>\n<tr>\n<td>Lid<\/td>\n<td>1\/2 Lid<\/td>\n<td>\u2014<\/td>\n<td>07<\/td>\n<td>\u2014<\/td>\n<\/tr>\n<tr>\n<td>Lid<\/td>\n<td>1\/3 Lid<\/td>\n<td>\u2014<\/td>\n<td>07<\/td>\n<td>\u2014<\/td>\n<\/tr>\n<tr>\n<td>Lid<\/td>\n<td>1\/4 Lid<\/td>\n<td>\u2014<\/td>\n<td>07<\/td>\n<td>\u2014<\/td>\n<\/tr>\n<tr>\n<td>Lid<\/td>\n<td>1\/6 Lid<\/td>\n<td>\u2014<\/td>\n<td>05<\/td>\n<td>\u2014<\/td>\n<\/tr>\n<tr>\n<td>Lid<\/td>\n<td>1\/9 Lid<\/td>\n<td>\u2014<\/td>\n<td>05<\/td>\n<td>\u2014<\/td>\n<\/tr>\n<\/tbody>\n<\/table>","protected":false},"featured_media":799,"comment_status":"closed","ping_status":"closed","template":"","meta":{"_acf_changed":false},"product_brand":[],"product_cat":[27],"product_tag":[25],"class_list":{"0":"post-795","1":"product","2":"type-product","3":"status-publish","4":"has-post-thumbnail","6":"product_cat-wholesale-gastronorm-pans-trays","7":"product_tag-restaurant","9":"first","10":"instock","11":"shipping-taxable","12":"product-type-simple"},"acf":[],"_links":{"self":[{"href":"https:\/\/www.lianmeithermos.com\/fr\/wp-json\/wp\/v2\/product\/795","targetHints":{"allow":["GET"]}}],"collection":[{"href":"https:\/\/www.lianmeithermos.com\/fr\/wp-json\/wp\/v2\/product"}],"about":[{"href":"https:\/\/www.lianmeithermos.com\/fr\/wp-json\/wp\/v2\/types\/product"}],"replies":[{"embeddable":true,"href":"https:\/\/www.lianmeithermos.com\/fr\/wp-json\/wp\/v2\/comments?post=795"}],"wp:featuredmedia":[{"embeddable":true,"href":"https:\/\/www.lianmeithermos.com\/fr\/wp-json\/wp\/v2\/media\/799"}],"wp:attachment":[{"href":"https:\/\/www.lianmeithermos.com\/fr\/wp-json\/wp\/v2\/media?parent=795"}],"wp:term":[{"taxonomy":"product_brand","embeddable":true,"href":"https:\/\/www.lianmeithermos.com\/fr\/wp-json\/wp\/v2\/product_brand?post=795"},{"taxonomy":"product_cat","embeddable":true,"href":"https:\/\/www.lianmeithermos.com\/fr\/wp-json\/wp\/v2\/product_cat?post=795"},{"taxonomy":"product_tag","embeddable":true,"href":"https:\/\/www.lianmeithermos.com\/fr\/wp-json\/wp\/v2\/product_tag?post=795"}],"curies":[{"name":"wp","href":"https:\/\/api.w.org\/{rel}","templated":true}]}}