{"id":796,"date":"2026-03-21T03:42:21","date_gmt":"2026-03-21T03:42:21","guid":{"rendered":"https:\/\/www.lianmeithermos.com\/?post_type=product&#038;p=796"},"modified":"2026-03-21T08:23:44","modified_gmt":"2026-03-21T08:23:44","slug":"wholesale-stainless-steel-gastronorm-pan-for-catering","status":"publish","type":"product","link":"https:\/\/www.lianmeithermos.com\/fr\/produit\/wholesale-stainless-steel-gastronorm-pan-for-catering\/","title":{"rendered":"Plaque Gastronorm en acier inoxydable - Plaque GN standard pour le secteur de la restauration"},"content":{"rendered":"<h2 class=\"wp-block-heading\">Caract\u00e9ristiques de la po\u00eale Gastronorm en acier inoxydable Wholesale <\/h2>\n\n\n\n<div class=\"wp-block-columns is-layout-flex wp-container-core-columns-is-layout-9d6595d7 wp-block-columns-is-layout-flex\">\n<div class=\"wp-block-column is-vertically-aligned-center is-layout-flow wp-block-column-is-layout-flow\">\n<div class=\"wp-block-columns is-layout-flex wp-container-core-columns-is-layout-9d6595d7 wp-block-columns-is-layout-flex\">\n<div class=\"wp-block-column is-vertically-aligned-top is-layout-flow wp-block-column-is-layout-flow\">\n<p><strong>Norme internationale GN Dimensionnement :<\/strong> Fabriqu\u00e9 avec pr\u00e9cision selon les normes internationales GN (Gastronorm) pour une compatibilit\u00e9 totale avec les \u00e9quipements de cuisine commerciale et les stations de r\u00e9chauffage des aliments.<\/p>\n\n\n\n<p><strong>Acier inoxydable de qualit\u00e9 alimentaire sup\u00e9rieure :<\/strong> Fabriqu\u00e9 en acier inoxydable de haute qualit\u00e9 et durable pour une manipulation s\u00fbre et non r\u00e9active des aliments, une r\u00e9sistance sup\u00e9rieure \u00e0 la corrosion et une utilisation commerciale de longue dur\u00e9e.<\/p>\n\n\n\n<p><strong>Conception d'embo\u00eetement anti-blocage :<\/strong> Les bords renforc\u00e9s et l'\u00e9paulement anti-blocage emp\u00eachent les produits de coller lorsqu'ils sont empil\u00e9s, ce qui permet de les embo\u00eeter sans effort et d'\u00e9conomiser de l'espace dans les cuisines professionnelles.<\/p>\n\n\n\n<p><strong>Coins arrondis lisses :<\/strong> Con\u00e7us avec des coins parfaitement arrondis pour \u00e9viter les pi\u00e8ges \u00e0 nourriture, ils garantissent un nettoyage sans effort et un entretien hygi\u00e9nique pour une conformit\u00e9 professionnelle stricte en mati\u00e8re de s\u00e9curit\u00e9 alimentaire.<\/p>\n\n\n\n<p><strong>Approvisionnement en vrac direct de l'usine :<\/strong> En tant que fabricant de confiance, Lianmei propose des prix de gros comp\u00e9titifs et des cha\u00eenes d'approvisionnement fiables, offrant ainsi une gamme compl\u00e8te de solutions de paniers alimentaires fiables pour les distributeurs mondiaux.<\/p>\n<\/div>\n\n\n\n<div class=\"wp-block-column is-layout-flow wp-block-column-is-layout-flow\">\n<figure class=\"wp-block-image alignwide size-full\"><img decoding=\"async\" width=\"1080\" height=\"1080\" src=\"https:\/\/www.lianmeithermos.com\/wp-content\/uploads\/2026\/03\/Wholesale-Stainless-Steel-Gastronorm-Pan2.webp\" alt=\"Vente en gros de bacs \u00e0 gastronormes en acier inoxydable2\" class=\"wp-image-798\" srcset=\"https:\/\/www.lianmeithermos.com\/wp-content\/uploads\/2026\/03\/Wholesale-Stainless-Steel-Gastronorm-Pan2.webp 1080w, https:\/\/www.lianmeithermos.com\/wp-content\/uploads\/2026\/03\/Wholesale-Stainless-Steel-Gastronorm-Pan2-300x300.webp 300w, https:\/\/www.lianmeithermos.com\/wp-content\/uploads\/2026\/03\/Wholesale-Stainless-Steel-Gastronorm-Pan2-150x150.webp 150w, https:\/\/www.lianmeithermos.com\/wp-content\/uploads\/2026\/03\/Wholesale-Stainless-Steel-Gastronorm-Pan2-768x768.webp 768w, https:\/\/www.lianmeithermos.com\/wp-content\/uploads\/2026\/03\/Wholesale-Stainless-Steel-Gastronorm-Pan2-12x12.webp 12w, https:\/\/www.lianmeithermos.com\/wp-content\/uploads\/2026\/03\/Wholesale-Stainless-Steel-Gastronorm-Pan2-600x600.webp 600w, https:\/\/www.lianmeithermos.com\/wp-content\/uploads\/2026\/03\/Wholesale-Stainless-Steel-Gastronorm-Pan2-100x100.webp 100w\" sizes=\"(max-width: 1080px) 100vw, 1080px\" \/><\/figure>\n<\/div>\n<\/div>\n<\/div>\n<\/div>","protected":false},"excerpt":{"rendered":"<p data-start=\"452\" data-end=\"647\">Nos bacs Gastronorm en acier inoxydable sont con\u00e7us pour le stockage et le service d'aliments commerciaux. Fabriqu\u00e9es aux dimensions GN standard pour une compatibilit\u00e9 universelle, elles sont id\u00e9ales pour les buffets, les tables \u00e0 vapeur et la r\u00e9frig\u00e9ration.<\/p>\n<p>&nbsp;<\/p>","protected":false},"featured_media":798,"comment_status":"closed","ping_status":"closed","template":"","meta":{"_acf_changed":false},"product_brand":[],"product_cat":[27],"product_tag":[25],"class_list":{"0":"post-796","1":"product","2":"type-product","3":"status-publish","4":"has-post-thumbnail","6":"product_cat-wholesale-gastronorm-pans-trays","7":"product_tag-restaurant","9":"first","10":"instock","11":"shipping-taxable","12":"product-type-simple"},"acf":[],"_links":{"self":[{"href":"https:\/\/www.lianmeithermos.com\/fr\/wp-json\/wp\/v2\/product\/796","targetHints":{"allow":["GET"]}}],"collection":[{"href":"https:\/\/www.lianmeithermos.com\/fr\/wp-json\/wp\/v2\/product"}],"about":[{"href":"https:\/\/www.lianmeithermos.com\/fr\/wp-json\/wp\/v2\/types\/product"}],"replies":[{"embeddable":true,"href":"https:\/\/www.lianmeithermos.com\/fr\/wp-json\/wp\/v2\/comments?post=796"}],"wp:featuredmedia":[{"embeddable":true,"href":"https:\/\/www.lianmeithermos.com\/fr\/wp-json\/wp\/v2\/media\/798"}],"wp:attachment":[{"href":"https:\/\/www.lianmeithermos.com\/fr\/wp-json\/wp\/v2\/media?parent=796"}],"wp:term":[{"taxonomy":"product_brand","embeddable":true,"href":"https:\/\/www.lianmeithermos.com\/fr\/wp-json\/wp\/v2\/product_brand?post=796"},{"taxonomy":"product_cat","embeddable":true,"href":"https:\/\/www.lianmeithermos.com\/fr\/wp-json\/wp\/v2\/product_cat?post=796"},{"taxonomy":"product_tag","embeddable":true,"href":"https:\/\/www.lianmeithermos.com\/fr\/wp-json\/wp\/v2\/product_tag?post=796"}],"curies":[{"name":"wp","href":"https:\/\/api.w.org\/{rel}","templated":true}]}}