{"id":800,"date":"2026-03-21T06:39:48","date_gmt":"2026-03-21T06:39:48","guid":{"rendered":"https:\/\/www.lianmeithermos.com\/?post_type=product&#038;p=800"},"modified":"2026-03-21T08:30:25","modified_gmt":"2026-03-21T08:30:25","slug":"wholesale-stainless-steel-food-pans-deep-commercial-food-container","status":"publish","type":"product","link":"https:\/\/www.lianmeithermos.com\/fr\/produit\/wholesale-stainless-steel-food-pans-deep-commercial-food-container\/","title":{"rendered":"R\u00e9cipients pour aliments en acier inoxydable - R\u00e9cipients pour aliments en acier inoxydable - R\u00e9cipients pour aliments en acier inoxydable - R\u00e9cipients pour aliments en acier inoxydable - R\u00e9cipients pour aliments en acier inoxydable pour la restauration"},"content":{"rendered":"<h2 class=\"wp-block-heading\">Caract\u00e9ristiques des casseroles en acier inoxydable pour la vente en gros<\/h2>\n\n\n\n<div class=\"wp-block-columns is-layout-flex wp-container-core-columns-is-layout-9d6595d7 wp-block-columns-is-layout-flex\">\n<div class=\"wp-block-column is-vertically-aligned-center is-layout-flow wp-block-column-is-layout-flow\">\n<div class=\"wp-block-columns is-layout-flex wp-container-core-columns-is-layout-9d6595d7 wp-block-columns-is-layout-flex\">\n<div class=\"wp-block-column is-vertically-aligned-top is-layout-flow wp-block-column-is-layout-flow\">\n<p><strong>1. Mat\u00e9riau robuste de qualit\u00e9 alimentaire<\/strong><br>Fabriqu\u00e9 en acier inoxydable de haute qualit\u00e9, il garantit la s\u00e9curit\u00e9, la durabilit\u00e9 et la r\u00e9sistance \u00e0 la rouille et \u00e0 la corrosion dans les environnements de cuisine exigeants.<\/p>\n\n\n\n<p><strong>2. Conception profonde pour une capacit\u00e9 maximale<\/strong><br>La profondeur suppl\u00e9mentaire permet un stockage et une pr\u00e9paration efficaces des aliments en vrac, ce qui est id\u00e9al pour la restauration, les cuisines centrales et les services de restauration \u00e0 grande \u00e9chelle.<\/p>\n\n\n\n<p><strong>3. Performance de qualit\u00e9 commerciale<\/strong><br>Con\u00e7us pour r\u00e9sister \u00e0 une utilisation quotidienne intensive dans les restaurants, les h\u00f4tels et les entreprises de restauration.<\/p>\n\n\n\n<p><strong>4. Facile \u00e0 nettoyer et \u00e0 entretenir<\/strong><br>La surface lisse et les coins arrondis permettent un nettoyage rapide et hygi\u00e9nique, r\u00e9duisant ainsi le temps de travail.<\/p>\n\n\n\n<p><strong>5. Vente en gros et personnalisation possible<\/strong><br>Approvisionnement flexible en vrac avec des options de taille, d'\u00e9paisseur et de finition pour r\u00e9pondre aux diff\u00e9rents besoins du march\u00e9 et de l'image de marque.<\/p>\n<\/div>\n\n\n\n<div class=\"wp-block-column is-layout-flow wp-block-column-is-layout-flow\">\n<figure class=\"wp-block-image size-full\"><img decoding=\"async\" width=\"1280\" height=\"1280\" src=\"https:\/\/www.lianmeithermos.com\/wp-content\/uploads\/2026\/03\/Wholesale-Stainless-Steel-Food-Pans.webp\" alt=\"Grossiste casseroles alimentaires en acier inoxydable\" class=\"wp-image-801\" srcset=\"https:\/\/www.lianmeithermos.com\/wp-content\/uploads\/2026\/03\/Wholesale-Stainless-Steel-Food-Pans.webp 1280w, https:\/\/www.lianmeithermos.com\/wp-content\/uploads\/2026\/03\/Wholesale-Stainless-Steel-Food-Pans-300x300.webp 300w, https:\/\/www.lianmeithermos.com\/wp-content\/uploads\/2026\/03\/Wholesale-Stainless-Steel-Food-Pans-150x150.webp 150w, https:\/\/www.lianmeithermos.com\/wp-content\/uploads\/2026\/03\/Wholesale-Stainless-Steel-Food-Pans-768x768.webp 768w, https:\/\/www.lianmeithermos.com\/wp-content\/uploads\/2026\/03\/Wholesale-Stainless-Steel-Food-Pans-12x12.webp 12w, https:\/\/www.lianmeithermos.com\/wp-content\/uploads\/2026\/03\/Wholesale-Stainless-Steel-Food-Pans-1200x1200.webp 1200w, https:\/\/www.lianmeithermos.com\/wp-content\/uploads\/2026\/03\/Wholesale-Stainless-Steel-Food-Pans-600x600.webp 600w, https:\/\/www.lianmeithermos.com\/wp-content\/uploads\/2026\/03\/Wholesale-Stainless-Steel-Food-Pans-100x100.webp 100w\" sizes=\"(max-width: 1280px) 100vw, 1280px\" \/><\/figure>\n<\/div>\n<\/div>\n<\/div>\n<\/div>","protected":false},"excerpt":{"rendered":"<p data-start=\"452\" data-end=\"647\">Nos casseroles en acier inoxydable sont con\u00e7ues pour la restauration, le stockage des aliments et les cuisines commerciales. Fabriqu\u00e9es en acier inoxydable durable de qualit\u00e9 alimentaire, elles offrent une r\u00e9sistance \u00e0 la corrosion, un nettoyage facile et des performances fiables pour les restaurants et les services de restauration.<\/p>\n<p>&nbsp;<\/p>","protected":false},"featured_media":801,"comment_status":"closed","ping_status":"closed","template":"","meta":{"_acf_changed":false},"product_brand":[],"product_cat":[27],"product_tag":[25],"class_list":{"0":"post-800","1":"product","2":"type-product","3":"status-publish","4":"has-post-thumbnail","6":"product_cat-wholesale-gastronorm-pans-trays","7":"product_tag-restaurant","9":"first","10":"instock","11":"shipping-taxable","12":"product-type-simple"},"acf":[],"_links":{"self":[{"href":"https:\/\/www.lianmeithermos.com\/fr\/wp-json\/wp\/v2\/product\/800","targetHints":{"allow":["GET"]}}],"collection":[{"href":"https:\/\/www.lianmeithermos.com\/fr\/wp-json\/wp\/v2\/product"}],"about":[{"href":"https:\/\/www.lianmeithermos.com\/fr\/wp-json\/wp\/v2\/types\/product"}],"replies":[{"embeddable":true,"href":"https:\/\/www.lianmeithermos.com\/fr\/wp-json\/wp\/v2\/comments?post=800"}],"wp:featuredmedia":[{"embeddable":true,"href":"https:\/\/www.lianmeithermos.com\/fr\/wp-json\/wp\/v2\/media\/801"}],"wp:attachment":[{"href":"https:\/\/www.lianmeithermos.com\/fr\/wp-json\/wp\/v2\/media?parent=800"}],"wp:term":[{"taxonomy":"product_brand","embeddable":true,"href":"https:\/\/www.lianmeithermos.com\/fr\/wp-json\/wp\/v2\/product_brand?post=800"},{"taxonomy":"product_cat","embeddable":true,"href":"https:\/\/www.lianmeithermos.com\/fr\/wp-json\/wp\/v2\/product_cat?post=800"},{"taxonomy":"product_tag","embeddable":true,"href":"https:\/\/www.lianmeithermos.com\/fr\/wp-json\/wp\/v2\/product_tag?post=800"}],"curies":[{"name":"wp","href":"https:\/\/api.w.org\/{rel}","templated":true}]}}