{"id":802,"date":"2026-03-21T07:22:23","date_gmt":"2026-03-21T07:22:23","guid":{"rendered":"https:\/\/www.lianmeithermos.com\/?post_type=product&#038;p=802"},"modified":"2026-03-21T08:28:46","modified_gmt":"2026-03-21T08:28:46","slug":"wholesale-stainless-steel-rectangle-tray-for-catering","status":"publish","type":"product","link":"https:\/\/www.lianmeithermos.com\/fr\/produit\/wholesale-stainless-steel-rectangle-tray-for-catering\/","title":{"rendered":"Plateau rectangulaire en acier inoxydable en gros pour la restauration"},"content":{"rendered":"<h2 class=\"wp-block-heading\">Caract\u00e9ristiques du plateau rectangulaire en acier inoxydable Wholesale<\/h2>\n\n\n\n<div class=\"wp-block-columns is-layout-flex wp-container-core-columns-is-layout-9d6595d7 wp-block-columns-is-layout-flex\">\n<div class=\"wp-block-column is-vertically-aligned-center is-layout-flow wp-block-column-is-layout-flow\">\n<div class=\"wp-block-columns is-layout-flex wp-container-core-columns-is-layout-9d6595d7 wp-block-columns-is-layout-flex\">\n<div class=\"wp-block-column is-vertically-aligned-top is-layout-flow wp-block-column-is-layout-flow\">\n<p><strong>Solution de restauration universelle :<\/strong> Le plateau rectangulaire standard id\u00e9al pour servir les ap\u00e9ritifs, pr\u00e9senter les aliments, organiser le travail de pr\u00e9paration et transporter les ingr\u00e9dients dans les cuisines commerciales et les stations de buffet.<\/p>\n\n\n\n<p><strong>Construction robuste de qualit\u00e9 alimentaire :<\/strong> Fabriqu\u00e9 en acier inoxydable de premi\u00e8re qualit\u00e9 pour une manipulation s\u00fbre et non r\u00e9active des aliments et une durabilit\u00e9 sup\u00e9rieure pour r\u00e9sister aux exigences des environnements professionnels \u00e0 fort trafic.<\/p>\n\n\n\n<p><strong>Jantes de s\u00e9curit\u00e9 renforc\u00e9es :<\/strong> Con\u00e7us avec des bords et des rebords renforc\u00e9s et lisses pour \u00e9viter les d\u00e9formations, minimiser les bosses et assurer une manipulation confortable et s\u00fbre pendant les services \u00e0 rythme rapide.<\/p>\n\n\n\n<p><strong>Conception hygi\u00e9nique et facile \u00e0 nettoyer : <\/strong>Sa surface lisse et polie et ses grands coins arrondis \u00e9liminent les pi\u00e8ges \u00e0 nourriture, ce qui rend le nettoyage et l'hygi\u00e8ne professionnelle simple et efficace.<\/p>\n<\/div>\n\n\n\n<div class=\"wp-block-column is-layout-flow wp-block-column-is-layout-flow\">\n<figure class=\"wp-block-image size-full\"><img decoding=\"async\" width=\"800\" height=\"800\" src=\"https:\/\/www.lianmeithermos.com\/wp-content\/uploads\/2026\/03\/Wholesale-Stainless-Steel-Rectangle-Tray.webp\" alt=\"Wholesale Stainless Steel Rectangle Tray (plateau rectangulaire en acier inoxydable)\" class=\"wp-image-803\" srcset=\"https:\/\/www.lianmeithermos.com\/wp-content\/uploads\/2026\/03\/Wholesale-Stainless-Steel-Rectangle-Tray.webp 800w, https:\/\/www.lianmeithermos.com\/wp-content\/uploads\/2026\/03\/Wholesale-Stainless-Steel-Rectangle-Tray-300x300.webp 300w, https:\/\/www.lianmeithermos.com\/wp-content\/uploads\/2026\/03\/Wholesale-Stainless-Steel-Rectangle-Tray-150x150.webp 150w, https:\/\/www.lianmeithermos.com\/wp-content\/uploads\/2026\/03\/Wholesale-Stainless-Steel-Rectangle-Tray-768x768.webp 768w, https:\/\/www.lianmeithermos.com\/wp-content\/uploads\/2026\/03\/Wholesale-Stainless-Steel-Rectangle-Tray-12x12.webp 12w, https:\/\/www.lianmeithermos.com\/wp-content\/uploads\/2026\/03\/Wholesale-Stainless-Steel-Rectangle-Tray-600x600.webp 600w, https:\/\/www.lianmeithermos.com\/wp-content\/uploads\/2026\/03\/Wholesale-Stainless-Steel-Rectangle-Tray-100x100.webp 100w\" sizes=\"(max-width: 800px) 100vw, 800px\" \/><\/figure>\n<\/div>\n<\/div>\n<\/div>\n<\/div>","protected":false},"excerpt":{"rendered":"<p data-start=\"452\" data-end=\"647\">Notre plateau rectangulaire en acier inoxydable pour la restauration est con\u00e7u pour le service de buffet, la pr\u00e9sentation des aliments et l'utilisation en cuisine. Fabriqu\u00e9 en acier inoxydable de qualit\u00e9 alimentaire, il r\u00e9siste \u00e0 la corrosion et \u00e0 l'usure quotidienne. Approvisionnement en vrac disponible avec des prix d'usine fiables.<\/p>\n<p>&nbsp;<\/p>","protected":false},"featured_media":803,"comment_status":"closed","ping_status":"closed","template":"","meta":{"_acf_changed":false},"product_brand":[],"product_cat":[27],"product_tag":[25],"class_list":{"0":"post-802","1":"product","2":"type-product","3":"status-publish","4":"has-post-thumbnail","6":"product_cat-wholesale-gastronorm-pans-trays","7":"product_tag-restaurant","9":"first","10":"instock","11":"shipping-taxable","12":"product-type-simple"},"acf":[],"_links":{"self":[{"href":"https:\/\/www.lianmeithermos.com\/fr\/wp-json\/wp\/v2\/product\/802","targetHints":{"allow":["GET"]}}],"collection":[{"href":"https:\/\/www.lianmeithermos.com\/fr\/wp-json\/wp\/v2\/product"}],"about":[{"href":"https:\/\/www.lianmeithermos.com\/fr\/wp-json\/wp\/v2\/types\/product"}],"replies":[{"embeddable":true,"href":"https:\/\/www.lianmeithermos.com\/fr\/wp-json\/wp\/v2\/comments?post=802"}],"wp:featuredmedia":[{"embeddable":true,"href":"https:\/\/www.lianmeithermos.com\/fr\/wp-json\/wp\/v2\/media\/803"}],"wp:attachment":[{"href":"https:\/\/www.lianmeithermos.com\/fr\/wp-json\/wp\/v2\/media?parent=802"}],"wp:term":[{"taxonomy":"product_brand","embeddable":true,"href":"https:\/\/www.lianmeithermos.com\/fr\/wp-json\/wp\/v2\/product_brand?post=802"},{"taxonomy":"product_cat","embeddable":true,"href":"https:\/\/www.lianmeithermos.com\/fr\/wp-json\/wp\/v2\/product_cat?post=802"},{"taxonomy":"product_tag","embeddable":true,"href":"https:\/\/www.lianmeithermos.com\/fr\/wp-json\/wp\/v2\/product_tag?post=802"}],"curies":[{"name":"wp","href":"https:\/\/api.w.org\/{rel}","templated":true}]}}