{"id":820,"date":"2026-04-02T08:12:17","date_gmt":"2026-04-02T08:12:17","guid":{"rendered":"https:\/\/www.lianmeithermos.com\/?post_type=product&#038;p=820"},"modified":"2026-04-03T03:18:18","modified_gmt":"2026-04-03T03:18:18","slug":"wholesale-large-stainless-steel-stockpot-for-catering","status":"publish","type":"product","link":"https:\/\/www.lianmeithermos.com\/fr\/produit\/wholesale-large-stainless-steel-stockpot-for-catering\/","title":{"rendered":"Grossiste Grande marmite en acier inoxydable pour la restauration"},"content":{"rendered":"<h2 class=\"wp-block-heading\">Caract\u00e9ristiques de la grande marmite en acier inoxydable Wholesale<\/h2>\n\n\n\n<div class=\"wp-block-columns is-layout-flex wp-container-core-columns-is-layout-9d6595d7 wp-block-columns-is-layout-flex\">\n<div class=\"wp-block-column is-vertically-aligned-center is-layout-flow wp-block-column-is-layout-flow\">\n<div class=\"wp-block-columns is-layout-flex wp-container-core-columns-is-layout-9d6595d7 wp-block-columns-is-layout-flex\">\n<div class=\"wp-block-column is-vertically-aligned-top is-layout-flow wp-block-column-is-layout-flow\">\n<p><strong>Acier \u00e9paissi tr\u00e8s r\u00e9sistant :<\/strong> Fabriqu\u00e9 en acier inoxydable renforc\u00e9 pour une durabilit\u00e9 maximale et une r\u00e9sistance au gauchissement \u00e0 haute temp\u00e9rature.<\/p>\n\n\n\n<p><strong>Chauffage rapide et r\u00e9gulier :<\/strong> La base de l'appareil est \u00e0 haute efficacit\u00e9 pour <strong>conduction rapide de la chaleur<\/strong>, et d'\u00e9conomiser du temps et de l'\u00e9nergie pendant les heures de pointe.<\/p>\n\n\n\n<p><strong>Tr\u00e8s grande capacit\u00e9 :<\/strong> Id\u00e9al pour la pr\u00e9paration d'aliments \u00e0 grande \u00e9chelle, y compris <strong>soupes, bouillies, rago\u00fbts et viandes brais\u00e9es<\/strong>.<\/p>\n\n\n\n<p><strong>Durabilit\u00e9 de qualit\u00e9 commerciale :<\/strong> Inoxydables et r\u00e9sistants \u00e0 la corrosion, ils sont con\u00e7us pour r\u00e9sister aux rigueurs de la restauration professionnelle.<\/p>\n\n\n\n<p><strong>Polyvalent et facile \u00e0 nettoyer :<\/strong> Compatible avec de multiples sources de chaleur ; la finition int\u00e9rieure lisse garantit la s\u00e9curit\u00e9 de l'utilisateur. <strong>nettoyage et hygi\u00e8ne sans effort<\/strong>.<\/p>\n<\/div>\n\n\n\n<div class=\"wp-block-column is-layout-flow wp-block-column-is-layout-flow\">\n<figure class=\"wp-block-image size-full\"><img decoding=\"async\" width=\"720\" height=\"720\" src=\"https:\/\/www.lianmeithermos.com\/wp-content\/uploads\/2026\/04\/Wholesale-Large-Stainless-Steel-Stockpot1.webp\" alt=\"Grossiste Grande marmite en acier inoxydable1\" class=\"wp-image-827\" srcset=\"https:\/\/www.lianmeithermos.com\/wp-content\/uploads\/2026\/04\/Wholesale-Large-Stainless-Steel-Stockpot1.webp 720w, https:\/\/www.lianmeithermos.com\/wp-content\/uploads\/2026\/04\/Wholesale-Large-Stainless-Steel-Stockpot1-300x300.webp 300w, https:\/\/www.lianmeithermos.com\/wp-content\/uploads\/2026\/04\/Wholesale-Large-Stainless-Steel-Stockpot1-150x150.webp 150w, https:\/\/www.lianmeithermos.com\/wp-content\/uploads\/2026\/04\/Wholesale-Large-Stainless-Steel-Stockpot1-12x12.webp 12w, https:\/\/www.lianmeithermos.com\/wp-content\/uploads\/2026\/04\/Wholesale-Large-Stainless-Steel-Stockpot1-600x600.webp 600w, https:\/\/www.lianmeithermos.com\/wp-content\/uploads\/2026\/04\/Wholesale-Large-Stainless-Steel-Stockpot1-100x100.webp 100w\" sizes=\"(max-width: 720px) 100vw, 720px\" \/><\/figure>\n<\/div>\n<\/div>\n<\/div>\n<\/div>","protected":false},"excerpt":{"rendered":"<p data-start=\"452\" data-end=\"647\">Grande marmite en gros en acier inoxydable con\u00e7ue pour la cuisson de gros volumes. Fabriqu\u00e9e en acier inoxydable \u00e9pais et r\u00e9sistant, cette marmite durable assure une conduction rapide de la chaleur et des performances durables.<\/p>\n<h2>Sp\u00e9cifications de la grande marmite en acier inoxydable Wholesale<\/h2>\n<table data-path-to-node=\"1\">\n<thead>\n<tr>\n<td><strong>Style et type de poign\u00e9e<\/strong><\/td>\n<td><strong>Dimensions (Diam\u00e8tre * Hauteur cm)<\/strong><\/td>\n<td><strong>Mat\u00e9riau\uff08<span data-path-to-node=\"1,1,2,0\">Acier inoxydable\uff09<\/span><\/strong><\/td>\n<\/tr>\n<\/thead>\n<tbody>\n<tr>\n<td><span data-path-to-node=\"1,1,0,0\"><b data-path-to-node=\"1,1,0,0\" data-index-in-node=\"0\">S\u00e9rie de poign\u00e9es standard<\/b><\/span><\/td>\n<td><span data-path-to-node=\"1,1,1,0\"><span data-path-to-node=\"1,1,1,0\" data-index-in-node=\"2\">25*25, 30*30, 35*35, 40*40, 45*45, 50*50<\/span><\/span><\/td>\n<td><span data-path-to-node=\"1,1,2,0\">201\u00a0<\/span><\/td>\n<\/tr>\n<tr>\n<td><span data-path-to-node=\"1,2,0,0\"><b data-path-to-node=\"1,2,0,0\" data-index-in-node=\"0\">S\u00e9rie A - Poign\u00e9e rivet\u00e9e<\/b><\/span><\/td>\n<td>30*30, 35*35, 40*40, 45*45, 50*50, 60*60<\/td>\n<td><span data-path-to-node=\"1,2,2,0\">201\u00a0<\/span><\/td>\n<\/tr>\n<tr>\n<td><span data-path-to-node=\"1,3,0,0\"><b data-path-to-node=\"1,3,0,0\" data-index-in-node=\"0\">S\u00e9rie B - Poign\u00e9e rivet\u00e9e<\/b><\/span><\/td>\n<td>30*30, 35*35, 40*40, 45*45, 50*50<\/td>\n<td><span data-path-to-node=\"1,3,2,0\">201\u00a0<\/span><\/td>\n<\/tr>\n<tr>\n<td><span data-path-to-node=\"1,4,0,0\"><b data-path-to-node=\"1,4,0,0\" data-index-in-node=\"0\">Mod\u00e8les profonds et grands<\/b><\/span><\/td>\n<td>25*40,30*40,30*50,30*60,35*50,35*60,<br \/>40*50,40*60,45*60,50*60,60*70,60*80<\/td>\n<td>201<\/td>\n<\/tr>\n<tr>\n<td><span data-path-to-node=\"1,5,0,0\"><b data-path-to-node=\"1,5,0,0\" data-index-in-node=\"0\">Mod\u00e8les peu profonds et larges<\/b><\/span><\/td>\n<td>30*20,35*22,40*24,45*26,50*28<\/td>\n<td><span data-path-to-node=\"1,5,2,0\">201\u00a0<\/span><\/td>\n<\/tr>\n<\/tbody>\n<\/table>","protected":false},"featured_media":828,"comment_status":"closed","ping_status":"closed","template":"","meta":{"_acf_changed":false},"product_brand":[],"product_cat":[17],"product_tag":[25],"class_list":{"0":"post-820","1":"product","2":"type-product","3":"status-publish","4":"has-post-thumbnail","6":"product_cat-wholesale-stainless-steel-insulated-barrels","7":"product_tag-restaurant","9":"first","10":"instock","11":"shipping-taxable","12":"product-type-simple"},"acf":[],"_links":{"self":[{"href":"https:\/\/www.lianmeithermos.com\/fr\/wp-json\/wp\/v2\/product\/820","targetHints":{"allow":["GET"]}}],"collection":[{"href":"https:\/\/www.lianmeithermos.com\/fr\/wp-json\/wp\/v2\/product"}],"about":[{"href":"https:\/\/www.lianmeithermos.com\/fr\/wp-json\/wp\/v2\/types\/product"}],"replies":[{"embeddable":true,"href":"https:\/\/www.lianmeithermos.com\/fr\/wp-json\/wp\/v2\/comments?post=820"}],"wp:featuredmedia":[{"embeddable":true,"href":"https:\/\/www.lianmeithermos.com\/fr\/wp-json\/wp\/v2\/media\/828"}],"wp:attachment":[{"href":"https:\/\/www.lianmeithermos.com\/fr\/wp-json\/wp\/v2\/media?parent=820"}],"wp:term":[{"taxonomy":"product_brand","embeddable":true,"href":"https:\/\/www.lianmeithermos.com\/fr\/wp-json\/wp\/v2\/product_brand?post=820"},{"taxonomy":"product_cat","embeddable":true,"href":"https:\/\/www.lianmeithermos.com\/fr\/wp-json\/wp\/v2\/product_cat?post=820"},{"taxonomy":"product_tag","embeddable":true,"href":"https:\/\/www.lianmeithermos.com\/fr\/wp-json\/wp\/v2\/product_tag?post=820"}],"curies":[{"name":"wp","href":"https:\/\/api.w.org\/{rel}","templated":true}]}}