{"id":829,"date":"2026-04-03T03:24:59","date_gmt":"2026-04-03T03:24:59","guid":{"rendered":"https:\/\/www.lianmeithermos.com\/?post_type=product&#038;p=829"},"modified":"2026-04-03T06:26:44","modified_gmt":"2026-04-03T06:26:44","slug":"wholesale-large-airtight-stainless-steel-containers","status":"publish","type":"product","link":"https:\/\/www.lianmeithermos.com\/fr\/produit\/wholesale-large-airtight-stainless-steel-containers\/","title":{"rendered":"Wholesale Large Airtight Stainless Steel Containers for Rice, Oil, Flour, etc."},"content":{"rendered":"<h2 class=\"wp-block-heading\">Caract\u00e9ristiques des grands r\u00e9cipients herm\u00e9tiques en acier inoxydable vendus en gros<\/h2>\n\n\n\n<div class=\"wp-block-columns is-layout-flex wp-container-core-columns-is-layout-9d6595d7 wp-block-columns-is-layout-flex\">\n<div class=\"wp-block-column is-vertically-aligned-center is-layout-flow wp-block-column-is-layout-flow\">\n<div class=\"wp-block-columns is-layout-flex wp-container-core-columns-is-layout-9d6595d7 wp-block-columns-is-layout-flex\">\n<div class=\"wp-block-column is-vertically-aligned-top is-layout-flow wp-block-column-is-layout-flow\">\n<p><strong>Joint d'\u00e9tanch\u00e9it\u00e9 sup\u00e9rieur :<\/strong> \u00c9quip\u00e9 d'un anneau d'\u00e9tanch\u00e9it\u00e9 de qualit\u00e9 professionnelle et d'un m\u00e9canisme de verrouillage pour assurer une protection optimale contre la corrosion. <strong>\u00e9tanche<\/strong> qui pr\u00e9serve la fra\u00eecheur et la saveur.<\/p>\n\n\n\n<p><strong>Protection totale :<\/strong> Avanc\u00e9 <strong>\u00e0 l'abri de l'humidit\u00e9 et des parasites<\/strong> prot\u00e8ge vos produits secs, vos c\u00e9r\u00e9ales ou vos liquides de la contamination environnementale.<\/p>\n\n\n\n<p><strong>Durabilit\u00e9 \u00e0 toute \u00e9preuve :<\/strong> Fabriqu\u00e9 en <strong>acier inoxydable \u00e9paissi de haute qualit\u00e9<\/strong> qui ne rouille pas et qui est con\u00e7u pour r\u00e9sister aux rigueurs d'une utilisation commerciale \u00e0 haut volume.<\/p>\n\n\n\n<p><strong>Stockage polyvalent :<\/strong> Un contenant vraiment universel - parfait pour <strong>le stockage du riz, de l'huile, de la farine et des liquides en vrac<\/strong> dans le secteur de la restauration ou de l'industrie.<\/p>\n\n\n\n<p><strong>Hygi\u00e9nique et facile \u00e0 nettoyer :<\/strong> L'int\u00e9rieur lisse et poli garantit <strong>un nettoyage sans effort<\/strong> et emp\u00eache l'accumulation de r\u00e9sidus, r\u00e9pondant ainsi aux normes strictes de s\u00e9curit\u00e9 alimentaire.<\/p>\n<\/div>\n\n\n\n<div class=\"wp-block-column is-layout-flow wp-block-column-is-layout-flow\">\n<figure class=\"wp-block-image size-full\"><img decoding=\"async\" width=\"800\" height=\"800\" src=\"https:\/\/www.lianmeithermos.com\/wp-content\/uploads\/2026\/04\/Wholesale-Large-Airtight-Stainless-Steel-Containers1.png\" alt=\"Grossiste Grands r\u00e9cipients herm\u00e9tiques en acier inoxydable1\" class=\"wp-image-830\" srcset=\"https:\/\/www.lianmeithermos.com\/wp-content\/uploads\/2026\/04\/Wholesale-Large-Airtight-Stainless-Steel-Containers1.png 800w, https:\/\/www.lianmeithermos.com\/wp-content\/uploads\/2026\/04\/Wholesale-Large-Airtight-Stainless-Steel-Containers1-300x300.png 300w, https:\/\/www.lianmeithermos.com\/wp-content\/uploads\/2026\/04\/Wholesale-Large-Airtight-Stainless-Steel-Containers1-150x150.png 150w, https:\/\/www.lianmeithermos.com\/wp-content\/uploads\/2026\/04\/Wholesale-Large-Airtight-Stainless-Steel-Containers1-768x768.png 768w, https:\/\/www.lianmeithermos.com\/wp-content\/uploads\/2026\/04\/Wholesale-Large-Airtight-Stainless-Steel-Containers1-12x12.png 12w, https:\/\/www.lianmeithermos.com\/wp-content\/uploads\/2026\/04\/Wholesale-Large-Airtight-Stainless-Steel-Containers1-600x600.png 600w, https:\/\/www.lianmeithermos.com\/wp-content\/uploads\/2026\/04\/Wholesale-Large-Airtight-Stainless-Steel-Containers1-100x100.png 100w\" sizes=\"(max-width: 800px) 100vw, 800px\" \/><\/figure>\n<\/div>\n<\/div>\n<\/div>\n<\/div>","protected":false},"excerpt":{"rendered":"<p data-pm-slice=\"1 1 []\">R\u00e9cipients herm\u00e9tiques en acier inoxydable de grande taille, durables et faciles \u00e0 stocker. Parfait pour le riz, l'huile, la farine et d'autres ingr\u00e9dients en vrac. Id\u00e9al pour les restaurants, les traiteurs et les m\u00e9nages.<\/p>\n<h2>Sp\u00e9cifications des grands r\u00e9cipients herm\u00e9tiques en acier inoxydable vendus en gros<\/h2>\n<table style=\"border-collapse: collapse; width: 328.02pt;\" border=\"0\" width=\"328\" cellspacing=\"0\" cellpadding=\"0\">\n<tbody>\n<tr style=\"height: 55.00pt;\">\n<td class=\"et2\" style=\"height: 55.00pt; width: 79.10pt;\" width=\"79\" height=\"55\">Capacit\u00e9 (litres)<\/td>\n<td class=\"et2\" style=\"width: 130.00pt;\" width=\"130\">Materia\uff08Stainless Steel\uff09 (acier inoxydable)<\/td>\n<td class=\"et2\" style=\"width: 119.15pt;\" width=\"119\">Dimensions (LWH cm)<\/td>\n<\/tr>\n<tr style=\"height: 16.80pt;\">\n<td class=\"et3\" style=\"height: 16.80pt;\" height=\"16\">20L<\/td>\n<td class=\"et3\">304<\/td>\n<td class=\"et3\">25*25*35<\/td>\n<\/tr>\n<tr style=\"height: 16.80pt;\">\n<td class=\"et3\" style=\"height: 16.80pt;\" height=\"16\">33L<\/td>\n<td class=\"et3\">304<\/td>\n<td class=\"et3\">30*30*40<\/td>\n<\/tr>\n<tr style=\"height: 16.80pt;\">\n<td class=\"et3\" style=\"height: 16.80pt;\" height=\"16\">50L<\/td>\n<td class=\"et3\">304<\/td>\n<td class=\"et3\">35*35*45<\/td>\n<\/tr>\n<tr style=\"height: 16.80pt;\">\n<td class=\"et3\" style=\"height: 16.80pt;\" height=\"16\">75L<\/td>\n<td class=\"et3\">304<\/td>\n<td class=\"et3\">40*40*50<\/td>\n<\/tr>\n<tr style=\"height: 16.80pt;\">\n<td class=\"et3\" style=\"height: 16.80pt;\" height=\"16\">20L<\/td>\n<td class=\"et3\">304<\/td>\n<td class=\"et3\">25*25*35<\/td>\n<\/tr>\n<tr style=\"height: 16.80pt;\">\n<td class=\"et3\" style=\"height: 16.80pt;\" height=\"16\">33L<\/td>\n<td class=\"et3\">304<\/td>\n<td class=\"et3\">30*30*40<\/td>\n<\/tr>\n<tr style=\"height: 16.80pt;\">\n<td class=\"et3\" style=\"height: 16.80pt;\" height=\"16\">50L<\/td>\n<td class=\"et3\">304<\/td>\n<td class=\"et3\">35*35*45<\/td>\n<\/tr>\n<tr style=\"height: 16.80pt;\">\n<td class=\"et3\" style=\"height: 16.80pt;\" height=\"16\">75L<\/td>\n<td class=\"et3\">304<\/td>\n<td class=\"et3\">40*40*50<\/td>\n<\/tr>\n<\/tbody>\n<\/table>","protected":false},"featured_media":830,"comment_status":"closed","ping_status":"closed","template":"","meta":{"_acf_changed":false},"product_brand":[],"product_cat":[17],"product_tag":[25],"class_list":{"0":"post-829","1":"product","2":"type-product","3":"status-publish","4":"has-post-thumbnail","6":"product_cat-wholesale-stainless-steel-insulated-barrels","7":"product_tag-restaurant","9":"first","10":"instock","11":"shipping-taxable","12":"product-type-simple"},"acf":[],"_links":{"self":[{"href":"https:\/\/www.lianmeithermos.com\/fr\/wp-json\/wp\/v2\/product\/829","targetHints":{"allow":["GET"]}}],"collection":[{"href":"https:\/\/www.lianmeithermos.com\/fr\/wp-json\/wp\/v2\/product"}],"about":[{"href":"https:\/\/www.lianmeithermos.com\/fr\/wp-json\/wp\/v2\/types\/product"}],"replies":[{"embeddable":true,"href":"https:\/\/www.lianmeithermos.com\/fr\/wp-json\/wp\/v2\/comments?post=829"}],"wp:featuredmedia":[{"embeddable":true,"href":"https:\/\/www.lianmeithermos.com\/fr\/wp-json\/wp\/v2\/media\/830"}],"wp:attachment":[{"href":"https:\/\/www.lianmeithermos.com\/fr\/wp-json\/wp\/v2\/media?parent=829"}],"wp:term":[{"taxonomy":"product_brand","embeddable":true,"href":"https:\/\/www.lianmeithermos.com\/fr\/wp-json\/wp\/v2\/product_brand?post=829"},{"taxonomy":"product_cat","embeddable":true,"href":"https:\/\/www.lianmeithermos.com\/fr\/wp-json\/wp\/v2\/product_cat?post=829"},{"taxonomy":"product_tag","embeddable":true,"href":"https:\/\/www.lianmeithermos.com\/fr\/wp-json\/wp\/v2\/product_tag?post=829"}],"curies":[{"name":"wp","href":"https:\/\/api.w.org\/{rel}","templated":true}]}}