{"id":831,"date":"2026-04-03T08:06:07","date_gmt":"2026-04-03T08:06:07","guid":{"rendered":"https:\/\/www.lianmeithermos.com\/?post_type=product&#038;p=831"},"modified":"2026-04-03T08:41:48","modified_gmt":"2026-04-03T08:41:48","slug":"wholesale-milk-tea-barrel-stainless-steel-milk-tea-bucket","status":"publish","type":"product","link":"https:\/\/www.lianmeithermos.com\/fr\/produit\/wholesale-milk-tea-barrel-stainless-steel-milk-tea-bucket\/","title":{"rendered":"Wholesale Milk Tea Barrel Seau \u00e0 th\u00e9 en acier inoxydable"},"content":{"rendered":"<h2 class=\"wp-block-heading\">Caract\u00e9ristiques du tonneau de th\u00e9 au lait en gros<\/h2>\n\n\n\n<div class=\"wp-block-columns is-layout-flex wp-container-core-columns-is-layout-9d6595d7 wp-block-columns-is-layout-flex\">\n<div class=\"wp-block-column is-vertically-aligned-center is-layout-flow wp-block-column-is-layout-flow\">\n<div class=\"wp-block-columns is-layout-flex wp-container-core-columns-is-layout-9d6595d7 wp-block-columns-is-layout-flex\">\n<div class=\"wp-block-column is-vertically-aligned-top is-layout-flow wp-block-column-is-layout-flow\">\n<p><strong>Isolation contre le froid et le chaud<\/strong>\uff1a Con\u00e7u pour maintenir la temp\u00e9rature des boissons chaudes et froides, ce qui garantit un go\u00fbt et une qualit\u00e9 constants pendant le service. <br><strong>De qualit\u00e9 alimentaire et sans odeur<\/strong>\uff1a Fabriqu\u00e9 en acier inoxydable de haute qualit\u00e9, s\u00fbr, non toxique et r\u00e9sistant \u00e0 l'absorption d'odeurs. <br><strong>R\u00e9sistant \u00e0 la corrosion et \u00e0 la rouille\uff1a<\/strong> Construit en acier inoxydable durable qui r\u00e9siste \u00e0 la corrosion, aux temp\u00e9ratures \u00e9lev\u00e9es et \u00e0 une utilisation commerciale \u00e0 long terme sans rouiller. <br><strong>Conception pratique du robinet<\/strong>\uff1a \u00c9quip\u00e9 d'un robinet convivial pour une distribution fluide et contr\u00f4l\u00e9e, id\u00e9al pour les environnements de service de boissons tr\u00e8s fr\u00e9quent\u00e9s. <br><strong>Facile \u00e0 nettoyer et utilisation polyvalente<\/strong>\uff1a Structure simple pour un nettoyage rapide, convenant aux salons de th\u00e9, aux vendeurs ambulants, aux particuliers et aux entreprises de restauration.<\/p>\n<\/div>\n\n\n\n<div class=\"wp-block-column is-layout-flow wp-block-column-is-layout-flow\">\n<figure class=\"wp-block-image size-full\"><img decoding=\"async\" width=\"800\" height=\"800\" src=\"https:\/\/www.lianmeithermos.com\/wp-content\/uploads\/2026\/04\/Wholesale-Milk-Tea-Barrel.webp\" alt=\"Tonneau de th\u00e9 au lait en gros\" class=\"wp-image-832\" srcset=\"https:\/\/www.lianmeithermos.com\/wp-content\/uploads\/2026\/04\/Wholesale-Milk-Tea-Barrel.webp 800w, https:\/\/www.lianmeithermos.com\/wp-content\/uploads\/2026\/04\/Wholesale-Milk-Tea-Barrel-300x300.webp 300w, https:\/\/www.lianmeithermos.com\/wp-content\/uploads\/2026\/04\/Wholesale-Milk-Tea-Barrel-150x150.webp 150w, https:\/\/www.lianmeithermos.com\/wp-content\/uploads\/2026\/04\/Wholesale-Milk-Tea-Barrel-768x768.webp 768w, https:\/\/www.lianmeithermos.com\/wp-content\/uploads\/2026\/04\/Wholesale-Milk-Tea-Barrel-12x12.webp 12w, https:\/\/www.lianmeithermos.com\/wp-content\/uploads\/2026\/04\/Wholesale-Milk-Tea-Barrel-600x600.webp 600w, https:\/\/www.lianmeithermos.com\/wp-content\/uploads\/2026\/04\/Wholesale-Milk-Tea-Barrel-100x100.webp 100w\" sizes=\"(max-width: 800px) 100vw, 800px\" \/><\/figure>\n<\/div>\n<\/div>\n<\/div>\n<\/div>","protected":false},"excerpt":{"rendered":"<p data-start=\"452\" data-end=\"647\">Notre tonneau \u00e0 th\u00e9 au lait en gros offre une r\u00e9tention fiable de la chaleur, une r\u00e9sistance \u00e0 la corrosion et un nettoyage facile. \u00c9quip\u00e9 d'un robinet pratique, il est parfait pour servir du th\u00e9 au lait, du jus de fruit et d'autres boissons dans des environnements commerciaux tr\u00e8s fr\u00e9quent\u00e9s.<\/p>\n<h2>Sp\u00e9cifications du baril de th\u00e9 au lait en gros<\/h2>\n<table>\n<thead>\n<tr>\n<th>Capacit\u00e9<\/th>\n<th>Diam\u00e8tre int\u00e9rieur (cm)<\/th>\n<th>Diam\u00e8tre ext\u00e9rieur (cm)<\/th>\n<th>Hauteur int\u00e9rieure (cm)<\/th>\n<th>Hauteur ext\u00e9rieure (cm)<\/th>\n<\/tr>\n<\/thead>\n<tbody>\n<tr>\n<td>7L<\/td>\n<td>18<\/td>\n<td>24<\/td>\n<td>20<\/td>\n<td>25<\/td>\n<\/tr>\n<tr>\n<td>9L<\/td>\n<td>18<\/td>\n<td>24<\/td>\n<td>25<\/td>\n<td>30<\/td>\n<\/tr>\n<tr>\n<td>11L<\/td>\n<td>18<\/td>\n<td>24<\/td>\n<td>30<\/td>\n<td>35<\/td>\n<\/tr>\n<tr>\n<td>13L<\/td>\n<td>22.5<\/td>\n<td>29.5<\/td>\n<td>25<\/td>\n<td>34.5<\/td>\n<\/tr>\n<tr>\n<td>15L<\/td>\n<td>22.5<\/td>\n<td>29.5<\/td>\n<td>34<\/td>\n<td>41.5<\/td>\n<\/tr>\n<tr>\n<td>17L<\/td>\n<td>22.5<\/td>\n<td>29.5<\/td>\n<td>38<\/td>\n<td>46<\/td>\n<\/tr>\n<tr>\n<td>20L<\/td>\n<td>22.5<\/td>\n<td>29.5<\/td>\n<td>41<\/td>\n<td>50<\/td>\n<\/tr>\n<\/tbody>\n<\/table>","protected":false},"featured_media":832,"comment_status":"closed","ping_status":"closed","template":"","meta":{"_acf_changed":false},"product_brand":[],"product_cat":[18],"product_tag":[25],"class_list":{"0":"post-831","1":"product","2":"type-product","3":"status-publish","4":"has-post-thumbnail","6":"product_cat-wholesale-milk-tea-buckets","7":"product_tag-restaurant","9":"first","10":"instock","11":"shipping-taxable","12":"product-type-simple"},"acf":[],"_links":{"self":[{"href":"https:\/\/www.lianmeithermos.com\/fr\/wp-json\/wp\/v2\/product\/831","targetHints":{"allow":["GET"]}}],"collection":[{"href":"https:\/\/www.lianmeithermos.com\/fr\/wp-json\/wp\/v2\/product"}],"about":[{"href":"https:\/\/www.lianmeithermos.com\/fr\/wp-json\/wp\/v2\/types\/product"}],"replies":[{"embeddable":true,"href":"https:\/\/www.lianmeithermos.com\/fr\/wp-json\/wp\/v2\/comments?post=831"}],"wp:featuredmedia":[{"embeddable":true,"href":"https:\/\/www.lianmeithermos.com\/fr\/wp-json\/wp\/v2\/media\/832"}],"wp:attachment":[{"href":"https:\/\/www.lianmeithermos.com\/fr\/wp-json\/wp\/v2\/media?parent=831"}],"wp:term":[{"taxonomy":"product_brand","embeddable":true,"href":"https:\/\/www.lianmeithermos.com\/fr\/wp-json\/wp\/v2\/product_brand?post=831"},{"taxonomy":"product_cat","embeddable":true,"href":"https:\/\/www.lianmeithermos.com\/fr\/wp-json\/wp\/v2\/product_cat?post=831"},{"taxonomy":"product_tag","embeddable":true,"href":"https:\/\/www.lianmeithermos.com\/fr\/wp-json\/wp\/v2\/product_tag?post=831"}],"curies":[{"name":"wp","href":"https:\/\/api.w.org\/{rel}","templated":true}]}}