{"id":833,"date":"2026-04-03T10:12:38","date_gmt":"2026-04-03T10:12:38","guid":{"rendered":"https:\/\/www.lianmeithermos.com\/?post_type=product&#038;p=833"},"modified":"2026-04-04T07:53:00","modified_gmt":"2026-04-04T07:53:00","slug":"wholesale-stainless-steel-cereal-container-kitchen-food-rice-storage-bucket","status":"publish","type":"product","link":"https:\/\/www.lianmeithermos.com\/fr\/produit\/wholesale-stainless-steel-cereal-container-kitchen-food-rice-storage-bucket\/","title":{"rendered":"Seau de stockage de c\u00e9r\u00e9ales en acier inoxydable pour la cuisine"},"content":{"rendered":"<h2 class=\"wp-block-heading\">Caract\u00e9ristiques des r\u00e9cipients \u00e0 c\u00e9r\u00e9ales en acier inoxydable (vente en gros)<\/h2>\n\n\n\n<div class=\"wp-block-columns is-layout-flex wp-container-core-columns-is-layout-9d6595d7 wp-block-columns-is-layout-flex\">\n<div class=\"wp-block-column is-vertically-aligned-center is-layout-flow wp-block-column-is-layout-flow\">\n<div class=\"wp-block-columns is-layout-flex wp-container-core-columns-is-layout-9d6595d7 wp-block-columns-is-layout-flex\">\n<div class=\"wp-block-column is-vertically-aligned-top is-layout-flow wp-block-column-is-layout-flow\">\n<p><strong>\u00c9tanch\u00e9it\u00e9 et s\u00e9curit\u00e9 :<\/strong> Le couvercle herm\u00e9tique garde les aliments au sec, emp\u00eache l'intrusion d'insectes et \u00e9vite les fuites, garantissant ainsi une conservation \u00e0 long terme en toute s\u00e9curit\u00e9. <strong>Pr\u00e9servation de la fra\u00eecheur et de la saveur :<\/strong> Con\u00e7u pour pr\u00e9server la fra\u00eecheur et le go\u00fbt original du riz, des c\u00e9r\u00e9ales et d'autres ingr\u00e9dients en vrac. <br><strong>Construction durable et r\u00e9sistante \u00e0 la rouille :<\/strong> Fabriqu\u00e9 en acier inoxydable \u00e9pais et de haute qualit\u00e9, il r\u00e9siste \u00e0 la corrosion, aux bosses et \u00e0 l'usure pour une utilisation durable. <strong>Facile \u00e0 nettoyer et \u00e0 entretenir :<\/strong> Les surfaces int\u00e9rieures et ext\u00e9rieures lisses facilitent le nettoyage tout en pr\u00e9servant l'hygi\u00e8ne et la durabilit\u00e9. <br><strong>Rangement polyvalent et multifonctionnel :<\/strong> Id\u00e9al pour le stockage du riz, de la farine, de l'huile, des c\u00e9r\u00e9ales et d'autres ingr\u00e9dients secs ou en vrac, \u00e0 usage domestique ou commercial.<\/p>\n<\/div>\n\n\n\n<div class=\"wp-block-column is-layout-flow wp-block-column-is-layout-flow\">\n<figure class=\"wp-block-image size-full\"><img decoding=\"async\" width=\"800\" height=\"800\" src=\"https:\/\/www.lianmeithermos.com\/wp-content\/uploads\/2026\/04\/Wholesale-Stainless-Steel-Cereal-Container.webp\" alt=\"R\u00e9cipient \u00e0 c\u00e9r\u00e9ales en acier inoxydable (vente en gros)\" class=\"wp-image-834\" srcset=\"https:\/\/www.lianmeithermos.com\/wp-content\/uploads\/2026\/04\/Wholesale-Stainless-Steel-Cereal-Container.webp 800w, https:\/\/www.lianmeithermos.com\/wp-content\/uploads\/2026\/04\/Wholesale-Stainless-Steel-Cereal-Container-300x300.webp 300w, https:\/\/www.lianmeithermos.com\/wp-content\/uploads\/2026\/04\/Wholesale-Stainless-Steel-Cereal-Container-150x150.webp 150w, https:\/\/www.lianmeithermos.com\/wp-content\/uploads\/2026\/04\/Wholesale-Stainless-Steel-Cereal-Container-768x768.webp 768w, https:\/\/www.lianmeithermos.com\/wp-content\/uploads\/2026\/04\/Wholesale-Stainless-Steel-Cereal-Container-12x12.webp 12w, https:\/\/www.lianmeithermos.com\/wp-content\/uploads\/2026\/04\/Wholesale-Stainless-Steel-Cereal-Container-600x600.webp 600w, https:\/\/www.lianmeithermos.com\/wp-content\/uploads\/2026\/04\/Wholesale-Stainless-Steel-Cereal-Container-100x100.webp 100w\" sizes=\"(max-width: 800px) 100vw, 800px\" \/><\/figure>\n<\/div>\n<\/div>\n<\/div>\n<\/div>","protected":false},"excerpt":{"rendered":"<p data-pm-slice=\"1 1 []\">Conteneurs \u00e0 c\u00e9r\u00e9ales en gros en acier inoxydable avec fermeture herm\u00e9tique pour un stockage s\u00fbr et durable. Robustes, r\u00e9sistants \u00e0 la corrosion et faciles \u00e0 nettoyer, ils sont id\u00e9aux pour le riz, la farine, les c\u00e9r\u00e9ales et autres ingr\u00e9dients en vrac dans les foyers, les restaurants ou les entreprises de restauration.<\/p>\n<h2>Sp\u00e9cifications du conteneur \u00e0 c\u00e9r\u00e9ales en acier inoxydable de gros<\/h2>\n<table>\n<thead>\n<tr>\n<th>Grade 304<\/th>\n<th>Diam\u00e8tre int\u00e9rieur (cm)<\/th>\n<th>Hauteur int\u00e9rieure (cm)<\/th>\n<th>Vin(L)<\/th>\n<th>Eau (L)<\/th>\n<th>Riz (kg)<\/th>\n<th>Th\u00e9 (kg)<\/th>\n<\/tr>\n<\/thead>\n<tbody>\n<tr>\n<td>6L<\/td>\n<td>20<\/td>\n<td>20<\/td>\n<td>10<\/td>\n<td>12<\/td>\n<td>4.0<\/td>\n<td>1.0<\/td>\n<\/tr>\n<tr>\n<td>12L<\/td>\n<td>25<\/td>\n<td>25<\/td>\n<td>20<\/td>\n<td>24<\/td>\n<td>7.5<\/td>\n<td>2.5<\/td>\n<\/tr>\n<tr>\n<td>21L<\/td>\n<td>30<\/td>\n<td>30<\/td>\n<td>40<\/td>\n<td>42<\/td>\n<td>16.0<\/td>\n<td>5.0<\/td>\n<\/tr>\n<tr>\n<td>33L<\/td>\n<td>35<\/td>\n<td>35<\/td>\n<td>65<\/td>\n<td>67<\/td>\n<td>28.5<\/td>\n<td>10.0<\/td>\n<\/tr>\n<tr>\n<td>48L<\/td>\n<td>40<\/td>\n<td>40<\/td>\n<td>98<\/td>\n<td>100<\/td>\n<td>39.0<\/td>\n<td>15.0<\/td>\n<\/tr>\n<tr>\n<td>70L<\/td>\n<td>45<\/td>\n<td>45<\/td>\n<td>140<\/td>\n<td>143<\/td>\n<td>55.0<\/td>\n<td>25.0<\/td>\n<\/tr>\n<tr>\n<td>98L<\/td>\n<td>50<\/td>\n<td>50<\/td>\n<td>194<\/td>\n<td>196<\/td>\n<td>77.5<\/td>\n<td>30.0<\/td>\n<\/tr>\n<\/tbody>\n<\/table>\n<table>\n<thead>\n<tr>\n<th>201 Grade<\/th>\n<th>Dia.(cm)<\/th>\n<th>Ht.(cm)<\/th>\n<th>Eau (L)<\/th>\n<th>Riz (kg)<\/th>\n<th>Th\u00e9 (kg)<\/th>\n<\/tr>\n<\/thead>\n<tbody>\n<tr>\n<td>6L<\/td>\n<td>22.5<\/td>\n<td>21.5<\/td>\n<td>11<\/td>\n<td>4.8<\/td>\n<td>1.0<\/td>\n<\/tr>\n<tr>\n<td>9L<\/td>\n<td>28<\/td>\n<td>21<\/td>\n<td>17<\/td>\n<td>7.0<\/td>\n<td>2.0<\/td>\n<\/tr>\n<tr>\n<td>12L<\/td>\n<td>27.5<\/td>\n<td>27.5<\/td>\n<td>23<\/td>\n<td>9.5<\/td>\n<td>2.5<\/td>\n<\/tr>\n<tr>\n<td>16L<\/td>\n<td>28<\/td>\n<td>36<\/td>\n<td>31<\/td>\n<td>12.8<\/td>\n<td>4.0<\/td>\n<\/tr>\n<tr>\n<td>21L<\/td>\n<td>33<\/td>\n<td>31<\/td>\n<td>23<\/td>\n<td>20.7<\/td>\n<td>3.0<\/td>\n<\/tr>\n<tr>\n<td>28L<\/td>\n<td>33<\/td>\n<td>40.5<\/td>\n<td>33<\/td>\n<td>29.7<\/td>\n<td>4.0<\/td>\n<\/tr>\n<tr>\n<td>33L<\/td>\n<td>38<\/td>\n<td>35<\/td>\n<td>39<\/td>\n<td>35.1<\/td>\n<td>5.0<\/td>\n<\/tr>\n<tr>\n<td>48L<\/td>\n<td>43<\/td>\n<td>41.5<\/td>\n<td>97<\/td>\n<td>40.0<\/td>\n<td>15.0<\/td>\n<\/tr>\n<tr>\n<td>60L<\/td>\n<td>60<\/td>\n<td>43<\/td>\n<td>118<\/td>\n<td>47.5<\/td>\n<td>20.0<\/td>\n<\/tr>\n<tr>\n<td>70L<\/td>\n<td>47.5<\/td>\n<td>43<\/td>\n<td>138<\/td>\n<td>55.0<\/td>\n<td>25.0<\/td>\n<\/tr>\n<tr>\n<td>88L<\/td>\n<td>48<\/td>\n<td>56<\/td>\n<td>173<\/td>\n<td>70.0<\/td>\n<td>31.0<\/td>\n<\/tr>\n<tr>\n<td>98L<\/td>\n<td>53<\/td>\n<td>51<\/td>\n<td>194<\/td>\n<td>77.5<\/td>\n<td>30.0<\/td>\n<\/tr>\n<tr>\n<td>118L<\/td>\n<td>53<\/td>\n<td>60<\/td>\n<td>210<\/td>\n<td>90.0<\/td>\n<td>35.0<\/td>\n<\/tr>\n<\/tbody>\n<\/table>\n<table>\n<thead>\n<tr>\n<th>304 Version am\u00e9lior\u00e9e<\/th>\n<th>Dia.(cm)<\/th>\n<th>Ht.(cm)<\/th>\n<\/tr>\n<\/thead>\n<tbody>\n<tr>\n<td>12L<\/td>\n<td>27.5<\/td>\n<td>26<\/td>\n<\/tr>\n<tr>\n<td>21L<\/td>\n<td>33<\/td>\n<td>31<\/td>\n<\/tr>\n<tr>\n<td>33L<\/td>\n<td>38<\/td>\n<td>35.5<\/td>\n<\/tr>\n<tr>\n<td>50L<\/td>\n<td>43<\/td>\n<td>41<\/td>\n<\/tr>\n<tr>\n<td>76L<\/td>\n<td>43<\/td>\n<td>60.5<\/td>\n<\/tr>\n<\/tbody>\n<\/table>","protected":false},"featured_media":834,"comment_status":"closed","ping_status":"closed","template":"","meta":{"_acf_changed":false},"product_brand":[],"product_cat":[17],"product_tag":[25],"class_list":{"0":"post-833","1":"product","2":"type-product","3":"status-publish","4":"has-post-thumbnail","6":"product_cat-wholesale-stainless-steel-insulated-barrels","7":"product_tag-restaurant","9":"first","10":"instock","11":"shipping-taxable","12":"product-type-simple"},"acf":[],"_links":{"self":[{"href":"https:\/\/www.lianmeithermos.com\/fr\/wp-json\/wp\/v2\/product\/833","targetHints":{"allow":["GET"]}}],"collection":[{"href":"https:\/\/www.lianmeithermos.com\/fr\/wp-json\/wp\/v2\/product"}],"about":[{"href":"https:\/\/www.lianmeithermos.com\/fr\/wp-json\/wp\/v2\/types\/product"}],"replies":[{"embeddable":true,"href":"https:\/\/www.lianmeithermos.com\/fr\/wp-json\/wp\/v2\/comments?post=833"}],"wp:featuredmedia":[{"embeddable":true,"href":"https:\/\/www.lianmeithermos.com\/fr\/wp-json\/wp\/v2\/media\/834"}],"wp:attachment":[{"href":"https:\/\/www.lianmeithermos.com\/fr\/wp-json\/wp\/v2\/media?parent=833"}],"wp:term":[{"taxonomy":"product_brand","embeddable":true,"href":"https:\/\/www.lianmeithermos.com\/fr\/wp-json\/wp\/v2\/product_brand?post=833"},{"taxonomy":"product_cat","embeddable":true,"href":"https:\/\/www.lianmeithermos.com\/fr\/wp-json\/wp\/v2\/product_cat?post=833"},{"taxonomy":"product_tag","embeddable":true,"href":"https:\/\/www.lianmeithermos.com\/fr\/wp-json\/wp\/v2\/product_tag?post=833"}],"curies":[{"name":"wp","href":"https:\/\/api.w.org\/{rel}","templated":true}]}}