{"id":836,"date":"2026-04-05T00:18:36","date_gmt":"2026-04-05T00:18:36","guid":{"rendered":"https:\/\/www.lianmeithermos.com\/?post_type=product&#038;p=836"},"modified":"2026-04-05T00:24:27","modified_gmt":"2026-04-05T00:24:27","slug":"wholesale-stainless-steel-food-carrier","status":"publish","type":"product","link":"https:\/\/www.lianmeithermos.com\/fr\/produit\/wholesale-stainless-steel-food-carrier\/","title":{"rendered":"Porte-bouteilles en acier inoxydable avec design multicouche empilable"},"content":{"rendered":"<h2 class=\"wp-block-heading\">Caract\u00e9ristiques des chariots alimentaires en acier inoxydable<\/h2>\n\n\n\n<div class=\"wp-block-columns is-layout-flex wp-container-core-columns-is-layout-9d6595d7 wp-block-columns-is-layout-flex\">\n<div class=\"wp-block-column is-vertically-aligned-center is-layout-flow wp-block-column-is-layout-flow\">\n<div class=\"wp-block-columns is-layout-flex wp-container-core-columns-is-layout-9d6595d7 wp-block-columns-is-layout-flex\">\n<div class=\"wp-block-column is-vertically-aligned-top is-layout-flow wp-block-column-is-layout-flow\">\n<p><strong>Conception multicouche empilable<\/strong><br>La structure innovante en gradins permet de ranger plusieurs plats s\u00e9par\u00e9ment dans un seul support, ce qui est parfait pour l'organisation des repas, le transport et le contr\u00f4le des portions dans les services de restauration tr\u00e8s fr\u00e9quent\u00e9s.<\/p>\n\n\n\n<p><strong>Mat\u00e9riau en acier inoxydable de qualit\u00e9 alimentaire<\/strong><br>Fabriqu\u00e9 en acier inoxydable de haute qualit\u00e9, durable, r\u00e9sistant \u00e0 la rouille, sans odeur et sans danger pour le contact direct avec les aliments.<\/p>\n\n\n\n<p><strong>Etanch\u00e9it\u00e9 \u00e0 l'air et aux fuites<\/strong><br>\u00c9quip\u00e9s de clips de verrouillage s\u00fbrs et de joints \u00e9tanches pour pr\u00e9server la fra\u00eecheur, \u00e9viter les d\u00e9versements et prot\u00e9ger les aliments pendant le transport.<\/p>\n\n\n\n<p><strong>Durable et facile \u00e0 nettoyer<\/strong><br>La construction robuste garantit des performances durables, tandis que la surface lisse en acier inoxydable permet un nettoyage rapide et hygi\u00e9nique.<\/p>\n\n\n\n<p><strong>Id\u00e9al pour les grossistes et les entreprises<\/strong><br>Parfait pour les restaurants, les services de restauration, les entreprises de livraison de repas et les acheteurs en gros, avec plusieurs tailles et configurations disponibles pour diff\u00e9rents besoins.<\/p>\n\n\n\n<p><\/p>\n<\/div>\n\n\n\n<div class=\"wp-block-column is-layout-flow wp-block-column-is-layout-flow\">\n<figure class=\"wp-block-image size-full\"><img decoding=\"async\" width=\"800\" height=\"800\" src=\"https:\/\/www.lianmeithermos.com\/wp-content\/uploads\/2026\/04\/Wholesale-Stainless-Steel-Food-Carrier.png\" alt=\"Porteurs d&#039;aliments en acier inoxydable en gros\" class=\"wp-image-837\" srcset=\"https:\/\/www.lianmeithermos.com\/wp-content\/uploads\/2026\/04\/Wholesale-Stainless-Steel-Food-Carrier.png 800w, https:\/\/www.lianmeithermos.com\/wp-content\/uploads\/2026\/04\/Wholesale-Stainless-Steel-Food-Carrier-300x300.png 300w, https:\/\/www.lianmeithermos.com\/wp-content\/uploads\/2026\/04\/Wholesale-Stainless-Steel-Food-Carrier-150x150.png 150w, https:\/\/www.lianmeithermos.com\/wp-content\/uploads\/2026\/04\/Wholesale-Stainless-Steel-Food-Carrier-768x768.png 768w, https:\/\/www.lianmeithermos.com\/wp-content\/uploads\/2026\/04\/Wholesale-Stainless-Steel-Food-Carrier-12x12.png 12w, https:\/\/www.lianmeithermos.com\/wp-content\/uploads\/2026\/04\/Wholesale-Stainless-Steel-Food-Carrier-600x600.png 600w, https:\/\/www.lianmeithermos.com\/wp-content\/uploads\/2026\/04\/Wholesale-Stainless-Steel-Food-Carrier-100x100.png 100w\" sizes=\"(max-width: 800px) 100vw, 800px\" \/><\/figure>\n<\/div>\n<\/div>\n<\/div>\n<\/div>\n\n\n\n<p><\/p>","protected":false},"excerpt":{"rendered":"<p data-start=\"296\" data-end=\"592\">Porte-bouteilles en gros en acier inoxydable con\u00e7u avec une structure empilable \u00e0 plusieurs couches pour une s\u00e9paration et un transport efficaces des aliments. Fabriqu\u00e9 en acier inoxydable de qualit\u00e9 alimentaire, il est dot\u00e9 d'une fermeture herm\u00e9tique qui permet de conserver les repas frais, en toute s\u00e9curit\u00e9 et sans fuite - id\u00e9al pour la restauration, la livraison de repas et l'utilisation commerciale.<\/p>\n<h2>Sp\u00e9cifications des chariots alimentaires en acier inoxydable de gros\u00a0<\/h2>\n<table>\n<thead>\n<tr>\n<th>Capacit\u00e9<\/th>\n<th>Mat\u00e9riau<\/th>\n<th>Taille du produit<\/th>\n<\/tr>\n<\/thead>\n<tbody>\n<tr>\n<td>400ml<\/td>\n<td>Acier inoxydable 304 + PP<\/td>\n<td>10\u00d75cm<\/td>\n<\/tr>\n<tr>\n<td>600ml<\/td>\n<td>Acier inoxydable 304 + PP<\/td>\n<td>12\u00d76cm<\/td>\n<\/tr>\n<tr>\n<td>1100ml<\/td>\n<td>Acier inoxydable 304 + PP<\/td>\n<td>14\u00d77cm<\/td>\n<\/tr>\n<tr>\n<td>2200ml<\/td>\n<td>Acier inoxydable 304 + PP<\/td>\n<td>18\u00d79cm<\/td>\n<\/tr>\n<tr>\n<td>3500ml<\/td>\n<td>Acier inoxydable 304 + PP<\/td>\n<td>22\u00d711cm<\/td>\n<\/tr>\n<\/tbody>\n<\/table>\n<p>&nbsp;<\/p>","protected":false},"featured_media":837,"comment_status":"closed","ping_status":"closed","template":"","meta":{"_acf_changed":false},"product_brand":[],"product_cat":[20],"product_tag":[23],"class_list":{"0":"post-836","1":"product","2":"type-product","3":"status-publish","4":"has-post-thumbnail","6":"product_cat-wholesale-insulated-food-containers","7":"product_tag-family-kitchen","9":"first","10":"instock","11":"shipping-taxable","12":"product-type-simple"},"acf":[],"_links":{"self":[{"href":"https:\/\/www.lianmeithermos.com\/fr\/wp-json\/wp\/v2\/product\/836","targetHints":{"allow":["GET"]}}],"collection":[{"href":"https:\/\/www.lianmeithermos.com\/fr\/wp-json\/wp\/v2\/product"}],"about":[{"href":"https:\/\/www.lianmeithermos.com\/fr\/wp-json\/wp\/v2\/types\/product"}],"replies":[{"embeddable":true,"href":"https:\/\/www.lianmeithermos.com\/fr\/wp-json\/wp\/v2\/comments?post=836"}],"wp:featuredmedia":[{"embeddable":true,"href":"https:\/\/www.lianmeithermos.com\/fr\/wp-json\/wp\/v2\/media\/837"}],"wp:attachment":[{"href":"https:\/\/www.lianmeithermos.com\/fr\/wp-json\/wp\/v2\/media?parent=836"}],"wp:term":[{"taxonomy":"product_brand","embeddable":true,"href":"https:\/\/www.lianmeithermos.com\/fr\/wp-json\/wp\/v2\/product_brand?post=836"},{"taxonomy":"product_cat","embeddable":true,"href":"https:\/\/www.lianmeithermos.com\/fr\/wp-json\/wp\/v2\/product_cat?post=836"},{"taxonomy":"product_tag","embeddable":true,"href":"https:\/\/www.lianmeithermos.com\/fr\/wp-json\/wp\/v2\/product_tag?post=836"}],"curies":[{"name":"wp","href":"https:\/\/api.w.org\/{rel}","templated":true}]}}