{"id":839,"date":"2026-04-05T00:31:11","date_gmt":"2026-04-05T00:31:11","guid":{"rendered":"https:\/\/www.lianmeithermos.com\/?post_type=product&#038;p=839"},"modified":"2026-04-05T00:37:44","modified_gmt":"2026-04-05T00:37:44","slug":"wholesale-airtight-stainless-steel-food-storage-containers","status":"publish","type":"product","link":"https:\/\/www.lianmeithermos.com\/fr\/produit\/wholesale-airtight-stainless-steel-food-storage-containers\/","title":{"rendered":"Grossiste R\u00e9cipients herm\u00e9tiques en acier inoxydable de forme rectangulaire pour le stockage des aliments"},"content":{"rendered":"<h2 class=\"wp-block-heading\">Caract\u00e9ristiques des r\u00e9cipients herm\u00e9tiques en acier inoxydable pour la conservation des aliments (Wholesale)<\/h2>\n\n\n\n<div class=\"wp-block-columns is-layout-flex wp-container-core-columns-is-layout-9d6595d7 wp-block-columns-is-layout-flex\">\n<div class=\"wp-block-column is-vertically-aligned-center is-layout-flow wp-block-column-is-layout-flow\">\n<div class=\"wp-block-columns is-layout-flex wp-container-core-columns-is-layout-9d6595d7 wp-block-columns-is-layout-flex\">\n<div class=\"wp-block-column is-vertically-aligned-top is-layout-flow wp-block-column-is-layout-flow\">\n<p><strong>Conception multicouche empilable<\/strong><br>Les couches superposables permettent de stocker diff\u00e9rents aliments s\u00e9par\u00e9ment dans un m\u00eame conteneur, ce qui am\u00e9liore l'organisation et rend le transport plus pratique pour une utilisation quotidienne et commerciale.<\/p>\n\n\n\n<p><strong>Mat\u00e9riau en acier inoxydable de qualit\u00e9 alimentaire<\/strong><br>Fabriqu\u00e9 en acier inoxydable de haute qualit\u00e9, s\u00fbr, sans odeur, r\u00e9sistant \u00e0 la corrosion et con\u00e7u pour une durabilit\u00e9 \u00e0 long terme.<\/p>\n\n\n\n<p><strong>Etanch\u00e9it\u00e9 \u00e0 l'air et aux fuites<\/strong><br>Le couvercle est herm\u00e9tiquement ferm\u00e9 avec des clips de verrouillage s\u00fbrs pour \u00e9viter les fuites, pr\u00e9server la fra\u00eecheur et garantir la s\u00e9curit\u00e9 du stockage et de la livraison des aliments.<\/p>\n\n\n\n<p><strong>Durable et facile \u00e0 nettoyer<\/strong><br>La construction en acier inoxydable \u00e9pais renforce la solidit\u00e9 et la long\u00e9vit\u00e9, tandis que la surface lisse permet un nettoyage facile et hygi\u00e9nique.<\/p>\n\n\n\n<p><strong>Conception rectangulaire pour une meilleure efficacit\u00e9 de l'espace<\/strong><br>La forme rectangulaire maximise l'espace de stockage, s'ins\u00e8re parfaitement dans les sacs, les \u00e9tag\u00e8res et les bo\u00eetes de livraison, et permet un empilage stable.<\/p>\n\n\n\n<p><\/p>\n<\/div>\n\n\n\n<div class=\"wp-block-column is-layout-flow wp-block-column-is-layout-flow\">\n<figure class=\"wp-block-image size-full\"><img decoding=\"async\" width=\"800\" height=\"800\" src=\"https:\/\/www.lianmeithermos.com\/wp-content\/uploads\/2026\/04\/Wholesale-Airtight-Stainless-Steel-Food-Storage-Containers.png\" alt=\"Wholesale Airtight Stainless Steel Food Storage Containers (R\u00e9cipients herm\u00e9tiques en acier inoxydable pour la conservation des aliments)\" class=\"wp-image-840\" srcset=\"https:\/\/www.lianmeithermos.com\/wp-content\/uploads\/2026\/04\/Wholesale-Airtight-Stainless-Steel-Food-Storage-Containers.png 800w, https:\/\/www.lianmeithermos.com\/wp-content\/uploads\/2026\/04\/Wholesale-Airtight-Stainless-Steel-Food-Storage-Containers-300x300.png 300w, https:\/\/www.lianmeithermos.com\/wp-content\/uploads\/2026\/04\/Wholesale-Airtight-Stainless-Steel-Food-Storage-Containers-150x150.png 150w, https:\/\/www.lianmeithermos.com\/wp-content\/uploads\/2026\/04\/Wholesale-Airtight-Stainless-Steel-Food-Storage-Containers-768x768.png 768w, https:\/\/www.lianmeithermos.com\/wp-content\/uploads\/2026\/04\/Wholesale-Airtight-Stainless-Steel-Food-Storage-Containers-12x12.png 12w, https:\/\/www.lianmeithermos.com\/wp-content\/uploads\/2026\/04\/Wholesale-Airtight-Stainless-Steel-Food-Storage-Containers-600x600.png 600w, https:\/\/www.lianmeithermos.com\/wp-content\/uploads\/2026\/04\/Wholesale-Airtight-Stainless-Steel-Food-Storage-Containers-100x100.png 100w\" sizes=\"(max-width: 800px) 100vw, 800px\" \/><\/figure>\n<\/div>\n<\/div>\n<\/div>\n<\/div>\n\n\n\n<p><\/p>","protected":false},"excerpt":{"rendered":"<p data-start=\"296\" data-end=\"592\">Vente en gros de r\u00e9cipients herm\u00e9tiques en acier inoxydable pour le stockage des aliments, con\u00e7us dans une structure rectangulaire et empilable \u00e0 plusieurs niveaux pour une organisation et un transport efficaces des aliments. Fabriqu\u00e9s en acier inoxydable de qualit\u00e9 alimentaire et dot\u00e9s d'un syst\u00e8me de fermeture s\u00fbr, ils conservent les aliments frais, sans fuite et de mani\u00e8re hygi\u00e9nique, ce qui est id\u00e9al pour la pr\u00e9paration des repas, la restauration et les cuisines commerciales.<\/p>\n<h2>Sp\u00e9cifications des r\u00e9cipients herm\u00e9tiques en acier inoxydable pour la conservation des aliments (Wholesale)<\/h2>\n<table>\n<thead>\n<tr>\n<th>Num\u00e9ro d'article.<\/th>\n<th>Mat\u00e9riau<\/th>\n<th>Taille du produit<\/th>\n<\/tr>\n<\/thead>\n<tbody>\n<tr>\n<td>N\u00b01<\/td>\n<td>Acier inoxydable 201<\/td>\n<td>13,6\u00d710,7\u00d75,3 cm<\/td>\n<\/tr>\n<tr>\n<td>N\u00b02<\/td>\n<td>Acier inoxydable 201<\/td>\n<td>18,2\u00d713\u00d75,9 cm<\/td>\n<\/tr>\n<tr>\n<td>N\u00b0 3<\/td>\n<td>Acier inoxydable 201<\/td>\n<td>22,8\u00d715,4\u00d76 cm<\/td>\n<\/tr>\n<tr>\n<td>N\u00b0 4<\/td>\n<td>Acier inoxydable 201<\/td>\n<td>26\u00d718,5\u00d76,5 cm<\/td>\n<\/tr>\n<tr>\n<td>N\u00b0 5<\/td>\n<td>Acier inoxydable 201<\/td>\n<td>30\u00d721,7\u00d77 cm<\/td>\n<\/tr>\n<\/tbody>\n<\/table>\n<table>\n<thead>\n<tr>\n<th>Num\u00e9ro d'article.<\/th>\n<th>Mat\u00e9riau<\/th>\n<th>Taille du produit\uff08Large)<\/th>\n<\/tr>\n<\/thead>\n<tbody>\n<tr>\n<td>N\u00b01<\/td>\n<td>Acier inoxydable 201<\/td>\n<td>25\u00d717,5\u00d79 cm<\/td>\n<\/tr>\n<tr>\n<td>N\u00b02<\/td>\n<td>Acier inoxydable 201<\/td>\n<td>32,5\u00d725\u00d711 cm<\/td>\n<\/tr>\n<tr>\n<td>N\u00b0 3<\/td>\n<td>Acier inoxydable 201<\/td>\n<td>32,5\u00d722,5\u00d710 cm<\/td>\n<\/tr>\n<tr>\n<td>N\u00b0 4<\/td>\n<td>Acier inoxydable 201<\/td>\n<td>33,5\u00d723\u00d711 cm<\/td>\n<\/tr>\n<tr>\n<td>N\u00b0 5<\/td>\n<td>Acier inoxydable 201<\/td>\n<td>40\u00d728,5\u00d712 cm<\/td>\n<\/tr>\n<\/tbody>\n<\/table>\n<p>&nbsp;<\/p>","protected":false},"featured_media":840,"comment_status":"closed","ping_status":"closed","template":"","meta":{"_acf_changed":false},"product_brand":[],"product_cat":[20],"product_tag":[23],"class_list":{"0":"post-839","1":"product","2":"type-product","3":"status-publish","4":"has-post-thumbnail","6":"product_cat-wholesale-insulated-food-containers","7":"product_tag-family-kitchen","9":"first","10":"instock","11":"shipping-taxable","12":"product-type-simple"},"acf":[],"_links":{"self":[{"href":"https:\/\/www.lianmeithermos.com\/fr\/wp-json\/wp\/v2\/product\/839","targetHints":{"allow":["GET"]}}],"collection":[{"href":"https:\/\/www.lianmeithermos.com\/fr\/wp-json\/wp\/v2\/product"}],"about":[{"href":"https:\/\/www.lianmeithermos.com\/fr\/wp-json\/wp\/v2\/types\/product"}],"replies":[{"embeddable":true,"href":"https:\/\/www.lianmeithermos.com\/fr\/wp-json\/wp\/v2\/comments?post=839"}],"wp:featuredmedia":[{"embeddable":true,"href":"https:\/\/www.lianmeithermos.com\/fr\/wp-json\/wp\/v2\/media\/840"}],"wp:attachment":[{"href":"https:\/\/www.lianmeithermos.com\/fr\/wp-json\/wp\/v2\/media?parent=839"}],"wp:term":[{"taxonomy":"product_brand","embeddable":true,"href":"https:\/\/www.lianmeithermos.com\/fr\/wp-json\/wp\/v2\/product_brand?post=839"},{"taxonomy":"product_cat","embeddable":true,"href":"https:\/\/www.lianmeithermos.com\/fr\/wp-json\/wp\/v2\/product_cat?post=839"},{"taxonomy":"product_tag","embeddable":true,"href":"https:\/\/www.lianmeithermos.com\/fr\/wp-json\/wp\/v2\/product_tag?post=839"}],"curies":[{"name":"wp","href":"https:\/\/api.w.org\/{rel}","templated":true}]}}