{"id":841,"date":"2026-04-05T00:43:36","date_gmt":"2026-04-05T00:43:36","guid":{"rendered":"https:\/\/www.lianmeithermos.com\/?post_type=product&#038;p=841"},"modified":"2026-04-05T00:49:13","modified_gmt":"2026-04-05T00:49:13","slug":"stainless-steel-mixing-bowls-wholesale","status":"publish","type":"product","link":"https:\/\/www.lianmeithermos.com\/fr\/produit\/stainless-steel-mixing-bowls-wholesale\/","title":{"rendered":"Bols \u00e0 m\u00e9langer en acier inoxydable Wholesale Durable pour la cuisine"},"content":{"rendered":"<h2 class=\"wp-block-heading\">Caract\u00e9ristiques des bols m\u00e9langeurs en acier inoxydable (vente en gros)<\/h2>\n\n\n\n<div class=\"wp-block-columns is-layout-flex wp-container-core-columns-is-layout-9d6595d7 wp-block-columns-is-layout-flex\">\n<div class=\"wp-block-column is-vertically-aligned-center is-layout-flow wp-block-column-is-layout-flow\">\n<div class=\"wp-block-columns is-layout-flex wp-container-core-columns-is-layout-9d6595d7 wp-block-columns-is-layout-flex\">\n<div class=\"wp-block-column is-vertically-aligned-top is-layout-flow wp-block-column-is-layout-flow\">\n<p><strong>Construction \u00e9paisse et durable<\/strong><br>Fabriqu\u00e9 en acier inoxydable de haute qualit\u00e9 avec un design \u00e9pais, il garantit une durabilit\u00e9 \u00e0 long terme et une r\u00e9sistance aux bosses et \u00e0 l'usure quotidienne.<\/p>\n\n\n\n<p><strong>R\u00e9sistant \u00e0 la rouille et facile \u00e0 nettoyer<\/strong><br>La surface lisse en acier inoxydable emp\u00eache la rouille et les taches, ce qui permet un nettoyage rapide et sans effort tout en pr\u00e9servant l'hygi\u00e8ne.<\/p>\n\n\n\n<p><strong>Des tailles pratiques pour une utilisation quotidienne<\/strong><br>Disponibles dans une gamme de tailles \u00e9quilibr\u00e9es, parfaites pour m\u00e9langer, pr\u00e9parer, servir et conserver divers ingr\u00e9dients.<\/p>\n\n\n\n<p><strong>Conception de l'embo\u00eetement permettant de gagner de la place<\/strong><br>Les bols s'empilent proprement les uns dans les autres, ce qui permet de garder les cuisines bien rang\u00e9es, organis\u00e9es et efficaces, que ce soit \u00e0 la maison ou dans les entreprises.<\/p>\n\n\n\n<p><strong>Id\u00e9al pour les cuisines de gros et commerciales<\/strong><br>Parfait pour les achats en gros par les restaurants, les boulangeries, les services de restauration et les entreprises alimentaires qui ont besoin d'outils de cuisine fiables et polyvalents.<\/p>\n<\/div>\n\n\n\n<div class=\"wp-block-column is-layout-flow wp-block-column-is-layout-flow\">\n<figure class=\"wp-block-image size-full\"><img decoding=\"async\" width=\"800\" height=\"800\" src=\"https:\/\/www.lianmeithermos.com\/wp-content\/uploads\/2026\/04\/Stainless-Steel-Mixing-Bowls-Wholesale.webp\" alt=\"Bols m\u00e9langeurs en acier inoxydable Wholesale\" class=\"wp-image-842\" srcset=\"https:\/\/www.lianmeithermos.com\/wp-content\/uploads\/2026\/04\/Stainless-Steel-Mixing-Bowls-Wholesale.webp 800w, https:\/\/www.lianmeithermos.com\/wp-content\/uploads\/2026\/04\/Stainless-Steel-Mixing-Bowls-Wholesale-300x300.webp 300w, https:\/\/www.lianmeithermos.com\/wp-content\/uploads\/2026\/04\/Stainless-Steel-Mixing-Bowls-Wholesale-150x150.webp 150w, https:\/\/www.lianmeithermos.com\/wp-content\/uploads\/2026\/04\/Stainless-Steel-Mixing-Bowls-Wholesale-768x768.webp 768w, https:\/\/www.lianmeithermos.com\/wp-content\/uploads\/2026\/04\/Stainless-Steel-Mixing-Bowls-Wholesale-12x12.webp 12w, https:\/\/www.lianmeithermos.com\/wp-content\/uploads\/2026\/04\/Stainless-Steel-Mixing-Bowls-Wholesale-600x600.webp 600w, https:\/\/www.lianmeithermos.com\/wp-content\/uploads\/2026\/04\/Stainless-Steel-Mixing-Bowls-Wholesale-100x100.webp 100w\" sizes=\"(max-width: 800px) 100vw, 800px\" \/><\/figure>\n<\/div>\n<\/div>\n<\/div>\n<\/div>\n\n\n\n<p><\/p>","protected":false},"excerpt":{"rendered":"<p data-start=\"296\" data-end=\"592\">Les bols \u00e0 m\u00e9langer en acier inoxydable sont fabriqu\u00e9s \u00e0 partir d'un mat\u00e9riau \u00e9pais et durable pour une performance \u00e0 long terme. Con\u00e7us pour un nettoyage facile et une r\u00e9sistance \u00e0 la rouille, ces bols ont des tailles pratiques et un design embo\u00eetable pour garder les cuisines organis\u00e9es - id\u00e9al pour la pr\u00e9paration des aliments, la cuisson et l'utilisation commerciale.<\/p>\n<h2>Sp\u00e9cifications des bols \u00e0 m\u00e9langer en acier inoxydable Wholesale<\/h2>\n<table style=\"height: 297px;\" width=\"306\">\n<thead>\n<tr>\n<th>Taille<\/th>\n<th>Mat\u00e9riau<\/th>\n<\/tr>\n<\/thead>\n<tbody>\n<tr>\n<td>18CM<\/td>\n<td>Acier inoxydable<\/td>\n<\/tr>\n<tr>\n<td>20CM<\/td>\n<td>Acier inoxydable<\/td>\n<\/tr>\n<tr>\n<td>22CM<\/td>\n<td>Acier inoxydable<\/td>\n<\/tr>\n<tr>\n<td>24CM<\/td>\n<td>Acier inoxydable<\/td>\n<\/tr>\n<tr>\n<td>26CM<\/td>\n<td>Acier inoxydable<\/td>\n<\/tr>\n<tr>\n<td>28CM<\/td>\n<td>Acier inoxydable<\/td>\n<\/tr>\n<tr>\n<td>30CM<\/td>\n<td>Acier inoxydable<\/td>\n<\/tr>\n<tr>\n<td>32CM<\/td>\n<td>Acier inoxydable<\/td>\n<\/tr>\n<tr>\n<td>34CM<\/td>\n<td>Acier inoxydable<\/td>\n<\/tr>\n<\/tbody>\n<\/table>","protected":false},"featured_media":842,"comment_status":"closed","ping_status":"closed","template":"","meta":{"_acf_changed":false},"product_brand":[],"product_cat":[20],"product_tag":[23,25],"class_list":{"0":"post-841","1":"product","2":"type-product","3":"status-publish","4":"has-post-thumbnail","6":"product_cat-wholesale-insulated-food-containers","7":"product_tag-family-kitchen","8":"product_tag-restaurant","10":"first","11":"instock","12":"shipping-taxable","13":"product-type-simple"},"acf":[],"_links":{"self":[{"href":"https:\/\/www.lianmeithermos.com\/fr\/wp-json\/wp\/v2\/product\/841","targetHints":{"allow":["GET"]}}],"collection":[{"href":"https:\/\/www.lianmeithermos.com\/fr\/wp-json\/wp\/v2\/product"}],"about":[{"href":"https:\/\/www.lianmeithermos.com\/fr\/wp-json\/wp\/v2\/types\/product"}],"replies":[{"embeddable":true,"href":"https:\/\/www.lianmeithermos.com\/fr\/wp-json\/wp\/v2\/comments?post=841"}],"wp:featuredmedia":[{"embeddable":true,"href":"https:\/\/www.lianmeithermos.com\/fr\/wp-json\/wp\/v2\/media\/842"}],"wp:attachment":[{"href":"https:\/\/www.lianmeithermos.com\/fr\/wp-json\/wp\/v2\/media?parent=841"}],"wp:term":[{"taxonomy":"product_brand","embeddable":true,"href":"https:\/\/www.lianmeithermos.com\/fr\/wp-json\/wp\/v2\/product_brand?post=841"},{"taxonomy":"product_cat","embeddable":true,"href":"https:\/\/www.lianmeithermos.com\/fr\/wp-json\/wp\/v2\/product_cat?post=841"},{"taxonomy":"product_tag","embeddable":true,"href":"https:\/\/www.lianmeithermos.com\/fr\/wp-json\/wp\/v2\/product_tag?post=841"}],"curies":[{"name":"wp","href":"https:\/\/api.w.org\/{rel}","templated":true}]}}