{"id":843,"date":"2026-04-05T01:03:26","date_gmt":"2026-04-05T01:03:26","guid":{"rendered":"https:\/\/www.lianmeithermos.com\/?post_type=product&#038;p=843"},"modified":"2026-04-05T01:10:36","modified_gmt":"2026-04-05T01:10:36","slug":"wholesale-stainless-steel-rectangular-food-container","status":"publish","type":"product","link":"https:\/\/www.lianmeithermos.com\/fr\/produit\/wholesale-stainless-steel-rectangular-food-container\/","title":{"rendered":"Wholesale Stainless Steel Rectangular Food Container with Airtight Lid (R\u00e9cipient alimentaire rectangulaire en acier inoxydable avec couvercle herm\u00e9tique)"},"content":{"rendered":"<h2 class=\"wp-block-heading\">Caract\u00e9ristiques du conteneur alimentaire rectangulaire en acier inoxydable de gros<\/h2>\n\n\n\n<div class=\"wp-block-columns is-layout-flex wp-container-core-columns-is-layout-9d6595d7 wp-block-columns-is-layout-flex\">\n<div class=\"wp-block-column is-vertically-aligned-center is-layout-flow wp-block-column-is-layout-flow\">\n<div class=\"wp-block-columns is-layout-flex wp-container-core-columns-is-layout-9d6595d7 wp-block-columns-is-layout-flex\">\n<div class=\"wp-block-column is-vertically-aligned-top is-layout-flow wp-block-column-is-layout-flow\">\n<p><strong>Finition m\u00e9tallis\u00e9e raffin\u00e9e et texture de premi\u00e8re qualit\u00e9<\/strong><br>La surface lisse et polie de l'acier inoxydable, aux reflets m\u00e9talliques raffin\u00e9s, offre un aspect propre et moderne tout en am\u00e9liorant la durabilit\u00e9 et la r\u00e9sistance \u00e0 l'usure.<\/p>\n\n\n\n<p><strong>Mat\u00e9riau en acier inoxydable de qualit\u00e9 alimentaire<\/strong><br>Fabriqu\u00e9 en acier inoxydable de haute qualit\u00e9, compatible avec les aliments, non toxique, inodore, r\u00e9sistant \u00e0 la corrosion et con\u00e7u pour une utilisation s\u00fbre et \u00e0 long terme.<\/p>\n\n\n\n<p><strong>Conception multicouche empilable<\/strong><br>La structure \u00e0 \u00e9tages permet de ranger plusieurs plats s\u00e9par\u00e9ment dans un seul conteneur, ce qui est pratique pour le stockage organis\u00e9, la pr\u00e9paration des repas et le transport.<\/p>\n\n\n\n<p><strong>Durable et facile \u00e0 entretenir<\/strong><br>La construction \u00e9paissie garantit la solidit\u00e9 et une longue dur\u00e9e de vie, tandis que la surface lisse permet un nettoyage rapide et sans effort.<\/p>\n\n\n\n<p><strong>Forme rectangulaire pour un rangement efficace<\/strong><br>Con\u00e7ue dans une forme rectangulaire pratique qui maximise l'utilisation de l'espace, s'int\u00e8gre parfaitement dans les zones de stockage et assure un empilage stable.<\/p>\n<\/div>\n\n\n\n<div class=\"wp-block-column is-layout-flow wp-block-column-is-layout-flow\">\n<figure class=\"wp-block-image size-full\"><img decoding=\"async\" width=\"800\" height=\"800\" src=\"https:\/\/www.lianmeithermos.com\/wp-content\/uploads\/2026\/04\/Wholesale-Stainless-Steel-Rectangular-Food-Container-with-Airtight-Lid.png\" alt=\"Wholesale Stainless Steel Rectangular Food Container with Airtight Lid (R\u00e9cipient alimentaire rectangulaire en acier inoxydable avec couvercle herm\u00e9tique)\" class=\"wp-image-844\" srcset=\"https:\/\/www.lianmeithermos.com\/wp-content\/uploads\/2026\/04\/Wholesale-Stainless-Steel-Rectangular-Food-Container-with-Airtight-Lid.png 800w, https:\/\/www.lianmeithermos.com\/wp-content\/uploads\/2026\/04\/Wholesale-Stainless-Steel-Rectangular-Food-Container-with-Airtight-Lid-300x300.png 300w, https:\/\/www.lianmeithermos.com\/wp-content\/uploads\/2026\/04\/Wholesale-Stainless-Steel-Rectangular-Food-Container-with-Airtight-Lid-150x150.png 150w, https:\/\/www.lianmeithermos.com\/wp-content\/uploads\/2026\/04\/Wholesale-Stainless-Steel-Rectangular-Food-Container-with-Airtight-Lid-768x768.png 768w, https:\/\/www.lianmeithermos.com\/wp-content\/uploads\/2026\/04\/Wholesale-Stainless-Steel-Rectangular-Food-Container-with-Airtight-Lid-12x12.png 12w, https:\/\/www.lianmeithermos.com\/wp-content\/uploads\/2026\/04\/Wholesale-Stainless-Steel-Rectangular-Food-Container-with-Airtight-Lid-600x600.png 600w, https:\/\/www.lianmeithermos.com\/wp-content\/uploads\/2026\/04\/Wholesale-Stainless-Steel-Rectangular-Food-Container-with-Airtight-Lid-100x100.png 100w\" sizes=\"(max-width: 800px) 100vw, 800px\" \/><\/figure>\n<\/div>\n<\/div>\n<\/div>\n<\/div>\n\n\n\n<p><\/p>","protected":false},"excerpt":{"rendered":"<p data-start=\"301\" data-end=\"619\">R\u00e9cipient alimentaire rectangulaire en acier inoxydable con\u00e7u avec une structure empilable \u00e0 plusieurs niveaux pour un stockage et un transport organis\u00e9s des aliments. Fabriqu\u00e9 en acier inoxydable de qualit\u00e9 alimentaire avec une finition m\u00e9tallique lisse, il offre durabilit\u00e9, hygi\u00e8ne et fra\u00eecheur durable - id\u00e9al pour les cuisines, la restauration et l'utilisation commerciale.<\/p>\n<h2>Sp\u00e9cifications du conteneur alimentaire rectangulaire en acier inoxydable de gros<\/h2>\n<table data-path-to-node=\"1\">\n<thead>\n<tr>\n<td><strong>Mod\u00e8le \/ Type<\/strong><\/td>\n<td><strong>Mat\u00e9riau<\/strong><\/td>\n<td><strong>Dimensions (WLH cm)<\/strong><\/td>\n<td><strong>Capacit\u00e9<\/strong><\/td>\n<td><strong>Options du couvercle<\/strong><\/td>\n<\/tr>\n<\/thead>\n<tbody>\n<tr>\n<td><span data-path-to-node=\"1,1,0,0\"><b data-path-to-node=\"1,1,0,0\" data-index-in-node=\"0\">Petite bo\u00eete \u00e0 assaisonnements<\/b><\/span><\/td>\n<td><span data-path-to-node=\"1,1,1,0\">Acier inoxydable 410<\/span><\/td>\n<td><span data-path-to-node=\"1,1,2,0\">13,5 * 10,5 * 4,8 (hors couvercle)<\/span><\/td>\n<td><span data-path-to-node=\"1,1,3,0\">400ml<\/span><\/td>\n<td><span data-path-to-node=\"1,1,4,0\">Couvercle en PP \/ Couvercle en SS<\/span><\/td>\n<\/tr>\n<tr>\n<td><span data-path-to-node=\"1,2,0,0\"><b data-path-to-node=\"1,2,0,0\" data-index-in-node=\"0\">Bo\u00eete de pr\u00e9paration moyenne<\/b><\/span><\/td>\n<td><span data-path-to-node=\"1,2,1,0\">Acier inoxydable 410<\/span><\/td>\n<td><span data-path-to-node=\"1,2,2,0\">13 * 18 * 4,8 (sans le couvercle)<\/span><\/td>\n<td><span data-path-to-node=\"1,2,3,0\">700ml<\/span><\/td>\n<td><span data-path-to-node=\"1,2,4,0\">Couvercle en PP \/ Couvercle en SS<\/span><\/td>\n<\/tr>\n<tr>\n<td><span data-path-to-node=\"1,3,0,0\"><b data-path-to-node=\"1,3,0,0\" data-index-in-node=\"0\">Grande bo\u00eete de rangement<\/b><\/span><\/td>\n<td><span data-path-to-node=\"1,3,1,0\">Acier inoxydable 410<\/span><\/td>\n<td><span data-path-to-node=\"1,3,2,0\">15 * 22 * 4,8 (hors couvercle)<\/span><\/td>\n<td><span data-path-to-node=\"1,3,3,0\">1000ml<\/span><\/td>\n<td><span data-path-to-node=\"1,3,4,0\">Couvercle en PP<\/span><\/td>\n<\/tr>\n<tr>\n<td><span data-path-to-node=\"1,4,0,0\"><b data-path-to-node=\"1,4,0,0\" data-index-in-node=\"0\">Plateau utilitaire - M<\/b><\/span><\/td>\n<td><span data-path-to-node=\"1,4,1,0\">Acier inoxydable 410<\/span><\/td>\n<td><span data-path-to-node=\"1,4,2,0\">25 * 20 * 4,8 (sans le couvercle)<\/span><\/td>\n<td><span data-path-to-node=\"1,4,3,0\">1500ml<\/span><\/td>\n<td><span data-path-to-node=\"1,4,4,0\">Couvercle en PP<\/span><\/td>\n<\/tr>\n<tr>\n<td><span data-path-to-node=\"1,5,0,0\"><b data-path-to-node=\"1,5,0,0\" data-index-in-node=\"0\">Plateau utilitaire - L<\/b><\/span><\/td>\n<td><span data-path-to-node=\"1,5,1,0\">Acier inoxydable 410<\/span><\/td>\n<td><span data-path-to-node=\"1,5,2,0\">30 * 25 * 5,2 (sans le couvercle)<\/span><\/td>\n<td><span data-path-to-node=\"1,5,3,0\">2600ml<\/span><\/td>\n<td><span data-path-to-node=\"1,5,4,0\">Couvercle en PP<\/span><\/td>\n<\/tr>\n<tr>\n<td><span data-path-to-node=\"1,6,0,0\"><b data-path-to-node=\"1,6,0,0\" data-index-in-node=\"0\">Petite bo\u00eete (avec couvercle en acier inoxydable)<\/b><\/span><\/td>\n<td><span data-path-to-node=\"1,6,1,0\">Acier inoxydable 410<\/span><\/td>\n<td><span data-path-to-node=\"1,6,2,0\">14 * 11 * 1 (couvercle inclus)<\/span><\/td>\n<td><span data-path-to-node=\"1,6,3,0\">400ml<\/span><\/td>\n<td><span data-path-to-node=\"1,6,4,0\">Couvercle en acier inoxydable<\/span><\/td>\n<\/tr>\n<tr>\n<td><span data-path-to-node=\"1,7,0,0\"><b data-path-to-node=\"1,7,0,0\" data-index-in-node=\"0\">Bo\u00eete moyenne (avec couvercle en acier inoxydable)<\/b><\/span><\/td>\n<td><span data-path-to-node=\"1,7,1,0\">Acier inoxydable 410<\/span><\/td>\n<td><span data-path-to-node=\"1,7,2,0\">14 * 19 * 1 (couvercle inclus)<\/span><\/td>\n<td><span data-path-to-node=\"1,7,3,0\">700ml<\/span><\/td>\n<td><span data-path-to-node=\"1,7,4,0\">Couvercle en acier inoxydable<\/span><\/td>\n<\/tr>\n<\/tbody>\n<\/table>","protected":false},"featured_media":844,"comment_status":"closed","ping_status":"closed","template":"","meta":{"_acf_changed":false},"product_brand":[],"product_cat":[20],"product_tag":[23,25],"class_list":{"0":"post-843","1":"product","2":"type-product","3":"status-publish","4":"has-post-thumbnail","6":"product_cat-wholesale-insulated-food-containers","7":"product_tag-family-kitchen","8":"product_tag-restaurant","10":"first","11":"instock","12":"shipping-taxable","13":"product-type-simple"},"acf":[],"_links":{"self":[{"href":"https:\/\/www.lianmeithermos.com\/fr\/wp-json\/wp\/v2\/product\/843","targetHints":{"allow":["GET"]}}],"collection":[{"href":"https:\/\/www.lianmeithermos.com\/fr\/wp-json\/wp\/v2\/product"}],"about":[{"href":"https:\/\/www.lianmeithermos.com\/fr\/wp-json\/wp\/v2\/types\/product"}],"replies":[{"embeddable":true,"href":"https:\/\/www.lianmeithermos.com\/fr\/wp-json\/wp\/v2\/comments?post=843"}],"wp:featuredmedia":[{"embeddable":true,"href":"https:\/\/www.lianmeithermos.com\/fr\/wp-json\/wp\/v2\/media\/844"}],"wp:attachment":[{"href":"https:\/\/www.lianmeithermos.com\/fr\/wp-json\/wp\/v2\/media?parent=843"}],"wp:term":[{"taxonomy":"product_brand","embeddable":true,"href":"https:\/\/www.lianmeithermos.com\/fr\/wp-json\/wp\/v2\/product_brand?post=843"},{"taxonomy":"product_cat","embeddable":true,"href":"https:\/\/www.lianmeithermos.com\/fr\/wp-json\/wp\/v2\/product_cat?post=843"},{"taxonomy":"product_tag","embeddable":true,"href":"https:\/\/www.lianmeithermos.com\/fr\/wp-json\/wp\/v2\/product_tag?post=843"}],"curies":[{"name":"wp","href":"https:\/\/api.w.org\/{rel}","templated":true}]}}