{"id":845,"date":"2026-04-05T01:21:13","date_gmt":"2026-04-05T01:21:13","guid":{"rendered":"https:\/\/www.lianmeithermos.com\/?post_type=product&#038;p=845"},"modified":"2026-04-05T01:28:31","modified_gmt":"2026-04-05T01:28:31","slug":"wholesale-stainless-steel-milk-can-with-airtight-lid","status":"publish","type":"product","link":"https:\/\/www.lianmeithermos.com\/fr\/produit\/wholesale-stainless-steel-milk-can-with-airtight-lid\/","title":{"rendered":"Bo\u00eete \u00e0 lait en acier inoxydable avec couvercle herm\u00e9tique pour le stockage des aliments"},"content":{"rendered":"<h2 class=\"wp-block-heading\">Caract\u00e9ristiques du pot \u00e0 lait en acier inoxydable<\/h2>\n\n\n\n<div class=\"wp-block-columns is-layout-flex wp-container-core-columns-is-layout-9d6595d7 wp-block-columns-is-layout-flex\">\n<div class=\"wp-block-column is-vertically-aligned-center is-layout-flow wp-block-column-is-layout-flow\">\n<div class=\"wp-block-columns is-layout-flex wp-container-core-columns-is-layout-9d6595d7 wp-block-columns-is-layout-flex\">\n<div class=\"wp-block-column is-vertically-aligned-top is-layout-flow wp-block-column-is-layout-flow\">\n<p><strong>Scellage \u00e9tanche \u00e0 l'air et s\u00e9curis\u00e9<\/strong><br>\u00c9quip\u00e9 d'un couvercle \u00e9tanche qui emp\u00eache efficacement l'humidit\u00e9, les insectes et les fuites, garantissant une conservation s\u00fbre et \u00e0 long terme des aliments et des liquides.<\/p>\n\n\n\n<p><strong>Verrouillage de la fra\u00eecheur et protection contre les odeurs<\/strong><br>La conception scell\u00e9e permet de conserver la fra\u00eecheur et de pr\u00e9server le go\u00fbt et l'ar\u00f4me d'origine du contenu stock\u00e9 sans contamination.<\/p>\n\n\n\n<p><strong>Construction en acier inoxydable \u00e9paissi<\/strong><br>Fabriqu\u00e9 en acier inoxydable durable et robuste, r\u00e9sistant \u00e0 la corrosion et \u00e0 la rouille, il est con\u00e7u pour r\u00e9sister \u00e0 une utilisation quotidienne dans des environnements exigeants.<\/p>\n\n\n\n<p><strong>Facile \u00e0 nettoyer et hygi\u00e9nique<\/strong><br>Les surfaces int\u00e9rieures et ext\u00e9rieures lisses permettent un nettoyage rapide et sans effort, ce qui permet de maintenir des normes d'hygi\u00e8ne \u00e9lev\u00e9es.<\/p>\n\n\n\n<p><strong>Rangement polyvalent<\/strong><br>Convient au stockage du riz, de l'huile, des c\u00e9r\u00e9ales, des produits secs et d'autres produits en vrac, ce qui en fait un outil id\u00e9al pour les cuisines, les restaurants, les traiteurs et les m\u00e9nages.<\/p>\n<\/div>\n\n\n\n<div class=\"wp-block-column is-layout-flow wp-block-column-is-layout-flow\">\n<figure class=\"wp-block-image size-full\"><img decoding=\"async\" width=\"800\" height=\"800\" src=\"https:\/\/www.lianmeithermos.com\/wp-content\/uploads\/2026\/04\/Wholesale-Stainless-Steel-Milk-Can-with-Airtight-Lid-for-Food-Storage.webp\" alt=\"Bo\u00eete \u00e0 lait en acier inoxydable avec couvercle herm\u00e9tique pour le stockage des aliments\" class=\"wp-image-846\" srcset=\"https:\/\/www.lianmeithermos.com\/wp-content\/uploads\/2026\/04\/Wholesale-Stainless-Steel-Milk-Can-with-Airtight-Lid-for-Food-Storage.webp 800w, https:\/\/www.lianmeithermos.com\/wp-content\/uploads\/2026\/04\/Wholesale-Stainless-Steel-Milk-Can-with-Airtight-Lid-for-Food-Storage-300x300.webp 300w, https:\/\/www.lianmeithermos.com\/wp-content\/uploads\/2026\/04\/Wholesale-Stainless-Steel-Milk-Can-with-Airtight-Lid-for-Food-Storage-150x150.webp 150w, https:\/\/www.lianmeithermos.com\/wp-content\/uploads\/2026\/04\/Wholesale-Stainless-Steel-Milk-Can-with-Airtight-Lid-for-Food-Storage-768x768.webp 768w, https:\/\/www.lianmeithermos.com\/wp-content\/uploads\/2026\/04\/Wholesale-Stainless-Steel-Milk-Can-with-Airtight-Lid-for-Food-Storage-12x12.webp 12w, https:\/\/www.lianmeithermos.com\/wp-content\/uploads\/2026\/04\/Wholesale-Stainless-Steel-Milk-Can-with-Airtight-Lid-for-Food-Storage-600x600.webp 600w, https:\/\/www.lianmeithermos.com\/wp-content\/uploads\/2026\/04\/Wholesale-Stainless-Steel-Milk-Can-with-Airtight-Lid-for-Food-Storage-100x100.webp 100w\" sizes=\"(max-width: 800px) 100vw, 800px\" \/><\/figure>\n<\/div>\n<\/div>\n<\/div>\n<\/div>","protected":false},"excerpt":{"rendered":"<p data-pm-slice=\"1 1 []\">La bo\u00eete \u00e0 lait en gros en acier inoxydable est dot\u00e9e d'un couvercle herm\u00e9tique qui permet de conserver le contenu au frais, au sec et \u00e0 l'abri. Fabriqu\u00e9 en acier inoxydable \u00e9pais de qualit\u00e9 alimentaire, il est durable, r\u00e9sistant \u00e0 la rouille et facile \u00e0 nettoyer. Il est id\u00e9al pour stocker du riz, de l'huile, des c\u00e9r\u00e9ales et d'autres produits en vrac dans un cadre commercial ou domestique.<\/p>\n<h2>Sp\u00e9cifications de la bo\u00eete \u00e0 lait en acier inoxydable en gros<\/h2>\n<p><strong>Seau scell\u00e9 ordinaire<\/strong><\/p>\n<table>\n<thead>\n<tr>\n<th>Mod\u00e8le<\/th>\n<th>Capacit\u00e9 en eau (kg)<\/th>\n<th>Capacit\u00e9 en riz (kg)<\/th>\n<th>Diam\u00e8tre sup\u00e9rieur (cm)<\/th>\n<th>Diam\u00e8tre du fond (cm)<\/th>\n<th>Hauteur totale (cm)<\/th>\n<\/tr>\n<\/thead>\n<tbody>\n<tr>\n<td>5L<\/td>\n<td>4.0<\/td>\n<td>4.0<\/td>\n<td>15.7<\/td>\n<td>17.7<\/td>\n<td>23.8<\/td>\n<\/tr>\n<tr>\n<td>7L<\/td>\n<td>7.0<\/td>\n<td>6.0<\/td>\n<td>15.7<\/td>\n<td>17.6<\/td>\n<td>29.3<\/td>\n<\/tr>\n<tr>\n<td>9L<\/td>\n<td>9.0<\/td>\n<td>8.0<\/td>\n<td>19.5<\/td>\n<td>22.5<\/td>\n<td>24.4<\/td>\n<\/tr>\n<tr>\n<td>14L<\/td>\n<td>13.0<\/td>\n<td>11.0<\/td>\n<td>21.0<\/td>\n<td>25.7<\/td>\n<td>30.7<\/td>\n<\/tr>\n<tr>\n<td>18L<\/td>\n<td>17.5<\/td>\n<td>14.5<\/td>\n<td>21.0<\/td>\n<td>25.6<\/td>\n<td>39.5<\/td>\n<\/tr>\n<tr>\n<td>22L<\/td>\n<td>20.0<\/td>\n<td>17.5<\/td>\n<td>22.5<\/td>\n<td>28.9<\/td>\n<td>31.1<\/td>\n<\/tr>\n<tr>\n<td>24L<\/td>\n<td>18.5<\/td>\n<td>16.0<\/td>\n<td>21.9<\/td>\n<td>25.8<\/td>\n<td>46.4<\/td>\n<\/tr>\n<tr>\n<td>28L<\/td>\n<td>28.0<\/td>\n<td>24.0<\/td>\n<td>22.4<\/td>\n<td>28.8<\/td>\n<td>39.3<\/td>\n<\/tr>\n<tr>\n<td>35L<\/td>\n<td>30.0<\/td>\n<td>25.0<\/td>\n<td>22.6<\/td>\n<td>28.8<\/td>\n<td>48.8<\/td>\n<\/tr>\n<tr>\n<td>42L<\/td>\n<td>35.0<\/td>\n<td>34.0<\/td>\n<td>22.3<\/td>\n<td>28.9<\/td>\n<td>58.6<\/td>\n<\/tr>\n<tr>\n<td>48L<\/td>\n<td>39.0<\/td>\n<td>37.0<\/td>\n<td>26.6<\/td>\n<td>33.3<\/td>\n<td>50.6<\/td>\n<\/tr>\n<tr>\n<td>58L<\/td>\n<td>43.0<\/td>\n<td>39.0<\/td>\n<td>26.7<\/td>\n<td>33.7<\/td>\n<td>60.3<\/td>\n<\/tr>\n<tr>\n<td>64L<\/td>\n<td>46.0<\/td>\n<td>37.0<\/td>\n<td>32.0<\/td>\n<td>39.0<\/td>\n<td>52.0<\/td>\n<\/tr>\n<tr>\n<td>68L<\/td>\n<td>55.0<\/td>\n<td>45.0<\/td>\n<td>27.5<\/td>\n<td>34.8<\/td>\n<td>68.4<\/td>\n<\/tr>\n<tr>\n<td>76L<\/td>\n<td>63.0<\/td>\n<td>55.0<\/td>\n<td>32.0<\/td>\n<td>38.8<\/td>\n<td>60.0<\/td>\n<\/tr>\n<tr>\n<td>88L<\/td>\n<td>80.0<\/td>\n<td>70.0<\/td>\n<td>31.5<\/td>\n<td>39.7<\/td>\n<td>69.0<\/td>\n<\/tr>\n<tr>\n<td>100L<\/td>\n<td>\u2014<\/td>\n<td>\u2014<\/td>\n<td>30.4<\/td>\n<td>39.8<\/td>\n<td>83.0<\/td>\n<\/tr>\n<\/tbody>\n<\/table>\n<p><strong>Seau scell\u00e9 en acier inoxydable 304<\/strong><\/p>\n<table>\n<thead>\n<tr>\n<th>Mod\u00e8le<\/th>\n<th>Capacit\u00e9 en eau (kg)<\/th>\n<th>Capacit\u00e9 en riz (kg)<\/th>\n<th>Diam\u00e8tre sup\u00e9rieur (cm)<\/th>\n<th>Diam\u00e8tre du fond (cm)<\/th>\n<th>Hauteur totale (cm)<\/th>\n<\/tr>\n<\/thead>\n<tbody>\n<tr>\n<td>15L<\/td>\n<td>\u2014<\/td>\n<td>\u2014<\/td>\n<td>\u2014<\/td>\n<td>\u2014<\/td>\n<td>\u2014<\/td>\n<\/tr>\n<tr>\n<td>20L<\/td>\n<td>\u2014<\/td>\n<td>\u2014<\/td>\n<td>\u2014<\/td>\n<td>\u2014<\/td>\n<td>\u2014<\/td>\n<\/tr>\n<tr>\n<td>28L<\/td>\n<td>28.0<\/td>\n<td>24.0<\/td>\n<td>24.5<\/td>\n<td>29.7<\/td>\n<td>49.0<\/td>\n<\/tr>\n<tr>\n<td>35L<\/td>\n<td>30.0<\/td>\n<td>26.0<\/td>\n<td>24.5<\/td>\n<td>29.5<\/td>\n<td>60.0<\/td>\n<\/tr>\n<tr>\n<td>42L<\/td>\n<td>35.0<\/td>\n<td>34.0<\/td>\n<td>24.5<\/td>\n<td>29.7<\/td>\n<td>69.5<\/td>\n<\/tr>\n<tr>\n<td>48L<\/td>\n<td>39.0<\/td>\n<td>37.0<\/td>\n<td>28.5<\/td>\n<td>34.8<\/td>\n<td>63.0<\/td>\n<\/tr>\n<tr>\n<td>58L<\/td>\n<td>43.0<\/td>\n<td>39.0<\/td>\n<td>28.5<\/td>\n<td>34.5<\/td>\n<td>72.6<\/td>\n<\/tr>\n<tr>\n<td>64L<\/td>\n<td>46.0<\/td>\n<td>37.0<\/td>\n<td>32.3<\/td>\n<td>39.5<\/td>\n<td>61.8<\/td>\n<\/tr>\n<tr>\n<td>76L<\/td>\n<td>63.0<\/td>\n<td>55.0<\/td>\n<td>32.4<\/td>\n<td>40.0<\/td>\n<td>70.0<\/td>\n<\/tr>\n<tr>\n<td>88L<\/td>\n<td>80.0<\/td>\n<td>70.0<\/td>\n<td>32.5<\/td>\n<td>39.5<\/td>\n<td>82.5<\/td>\n<\/tr>\n<\/tbody>\n<\/table>","protected":false},"featured_media":846,"comment_status":"closed","ping_status":"closed","template":"","meta":{"_acf_changed":false},"product_brand":[],"product_cat":[17],"product_tag":[25],"class_list":{"0":"post-845","1":"product","2":"type-product","3":"status-publish","4":"has-post-thumbnail","6":"product_cat-wholesale-stainless-steel-insulated-barrels","7":"product_tag-restaurant","9":"first","10":"instock","11":"shipping-taxable","12":"product-type-simple"},"acf":[],"_links":{"self":[{"href":"https:\/\/www.lianmeithermos.com\/fr\/wp-json\/wp\/v2\/product\/845","targetHints":{"allow":["GET"]}}],"collection":[{"href":"https:\/\/www.lianmeithermos.com\/fr\/wp-json\/wp\/v2\/product"}],"about":[{"href":"https:\/\/www.lianmeithermos.com\/fr\/wp-json\/wp\/v2\/types\/product"}],"replies":[{"embeddable":true,"href":"https:\/\/www.lianmeithermos.com\/fr\/wp-json\/wp\/v2\/comments?post=845"}],"wp:featuredmedia":[{"embeddable":true,"href":"https:\/\/www.lianmeithermos.com\/fr\/wp-json\/wp\/v2\/media\/846"}],"wp:attachment":[{"href":"https:\/\/www.lianmeithermos.com\/fr\/wp-json\/wp\/v2\/media?parent=845"}],"wp:term":[{"taxonomy":"product_brand","embeddable":true,"href":"https:\/\/www.lianmeithermos.com\/fr\/wp-json\/wp\/v2\/product_brand?post=845"},{"taxonomy":"product_cat","embeddable":true,"href":"https:\/\/www.lianmeithermos.com\/fr\/wp-json\/wp\/v2\/product_cat?post=845"},{"taxonomy":"product_tag","embeddable":true,"href":"https:\/\/www.lianmeithermos.com\/fr\/wp-json\/wp\/v2\/product_tag?post=845"}],"curies":[{"name":"wp","href":"https:\/\/api.w.org\/{rel}","templated":true}]}}