{"id":847,"date":"2026-04-05T01:42:44","date_gmt":"2026-04-05T01:42:44","guid":{"rendered":"https:\/\/www.lianmeithermos.com\/?post_type=product&#038;p=847"},"modified":"2026-04-05T01:49:00","modified_gmt":"2026-04-05T01:49:00","slug":"wholesale-thermal-food-carrier-for-outdoor","status":"publish","type":"product","link":"https:\/\/www.lianmeithermos.com\/fr\/produit\/wholesale-thermal-food-carrier-for-outdoor\/","title":{"rendered":"Bo\u00eete isotherme pour l'ext\u00e9rieur et l'usage domestique"},"content":{"rendered":"<h2 class=\"wp-block-heading\">Caract\u00e9ristiques des chariots thermiques pour aliments en gros<\/h2>\n\n\n\n<div class=\"wp-block-columns is-layout-flex wp-container-core-columns-is-layout-9d6595d7 wp-block-columns-is-layout-flex\">\n<div class=\"wp-block-column is-vertically-aligned-center is-layout-flow wp-block-column-is-layout-flow\">\n<div class=\"wp-block-columns is-layout-flex wp-container-core-columns-is-layout-9d6595d7 wp-block-columns-is-layout-flex\">\n<div class=\"wp-block-column is-vertically-aligned-top is-layout-flow wp-block-column-is-layout-flow\">\n<p><strong>Performances d'isolation \u00e0 chaud et \u00e0 froid<\/strong><br>Con\u00e7us pour maintenir efficacement les temp\u00e9ratures chaudes et froides, ils permettent de conserver les aliments frais et pr\u00eats \u00e0 \u00eatre servis dans divers environnements.<\/p>\n\n\n\n<p><strong>Mat\u00e9riau sans odeur et sans danger pour les aliments<\/strong><br>Fabriqu\u00e9s \u00e0 partir de mat\u00e9riaux de haute qualit\u00e9 qui ne retiennent ni les odeurs ni les saveurs, ils garantissent une conservation s\u00fbre, propre et fiable des aliments.<\/p>\n\n\n\n<p><strong>R\u00e9sistant \u00e0 la corrosion et \u00e0 la rouille<\/strong><br>Fabriqu\u00e9 avec des mat\u00e9riaux durables qui r\u00e9sistent \u00e0 la corrosion, aux temp\u00e9ratures \u00e9lev\u00e9es et \u00e0 la rouille, il convient \u00e0 une utilisation \u00e0 long terme.<\/p>\n\n\n\n<p><strong>Durable et facile \u00e0 entretenir<\/strong><br>La construction robuste garantit des performances durables, tandis que la surface lisse facilite le nettoyage et l'entretien.<\/p>\n\n\n\n<p><strong>Capacit\u00e9s multiples et options de couleur<\/strong><br>Disponible dans une vari\u00e9t\u00e9 de tailles et de couleurs pour r\u00e9pondre \u00e0 diff\u00e9rents besoins de stockage, id\u00e9al pour un usage personnel ou commercial.<\/p>\n\n\n\n<p><strong>Convient pour l'ext\u00e9rieur et la maison<\/strong><br>Parfait pour les pique-niques, la restauration, la livraison de repas et l'usage domestique quotidien, il offre commodit\u00e9 et polyvalence dans tous les contextes.<\/p>\n<\/div>\n\n\n\n<div class=\"wp-block-column is-layout-flow wp-block-column-is-layout-flow\">\n<figure class=\"wp-block-image size-full\"><img decoding=\"async\" width=\"1000\" height=\"1000\" src=\"https:\/\/www.lianmeithermos.com\/wp-content\/uploads\/2026\/04\/Wholesale-Thermal-Food-Carrier3.webp\" alt=\"Transporteur thermique d&#039;aliments en gros3\" class=\"wp-image-850\" srcset=\"https:\/\/www.lianmeithermos.com\/wp-content\/uploads\/2026\/04\/Wholesale-Thermal-Food-Carrier3.webp 1000w, https:\/\/www.lianmeithermos.com\/wp-content\/uploads\/2026\/04\/Wholesale-Thermal-Food-Carrier3-300x300.webp 300w, https:\/\/www.lianmeithermos.com\/wp-content\/uploads\/2026\/04\/Wholesale-Thermal-Food-Carrier3-150x150.webp 150w, https:\/\/www.lianmeithermos.com\/wp-content\/uploads\/2026\/04\/Wholesale-Thermal-Food-Carrier3-768x768.webp 768w, https:\/\/www.lianmeithermos.com\/wp-content\/uploads\/2026\/04\/Wholesale-Thermal-Food-Carrier3-12x12.webp 12w, https:\/\/www.lianmeithermos.com\/wp-content\/uploads\/2026\/04\/Wholesale-Thermal-Food-Carrier3-600x600.webp 600w, https:\/\/www.lianmeithermos.com\/wp-content\/uploads\/2026\/04\/Wholesale-Thermal-Food-Carrier3-100x100.webp 100w\" sizes=\"(max-width: 1000px) 100vw, 1000px\" \/><\/figure>\n<\/div>\n<\/div>\n<\/div>\n<\/div>","protected":false},"excerpt":{"rendered":"<p data-start=\"452\" data-end=\"647\">Porte-aliment thermique de gros con\u00e7u pour une utilisation \u00e0 l'ext\u00e9rieur et \u00e0 la maison. Dot\u00e9 d'une excellente isolation du chaud et du froid, il conserve les aliments frais et \u00e0 la temp\u00e9rature souhait\u00e9e pendant plus longtemps. Fabriqu\u00e9 \u00e0 partir de mat\u00e9riaux de haute qualit\u00e9 r\u00e9sistants \u00e0 la corrosion, il est inodore, inoxydable et con\u00e7u pour durer. Il est disponible en plusieurs capacit\u00e9s et couleurs pour r\u00e9pondre \u00e0 diff\u00e9rents besoins.<\/p>\n<h2>Sp\u00e9cifications du transporteur thermique de denr\u00e9es alimentaires en gros<\/h2>\n<table>\n<thead>\n<tr>\n<th>Sp\u00e9cifications<\/th>\n<th>Couleur<\/th>\n<\/tr>\n<\/thead>\n<tbody>\n<tr>\n<td>16L<\/td>\n<td>Bleu \/ Vert \/ Rouge<\/td>\n<\/tr>\n<tr>\n<td>30L<\/td>\n<td>Bleu \/ Vert \/ Rouge<\/td>\n<\/tr>\n<tr>\n<td>45L<\/td>\n<td>Bleu \/ Vert \/ Rouge<\/td>\n<\/tr>\n<\/tbody>\n<\/table>","protected":false},"featured_media":848,"comment_status":"closed","ping_status":"closed","template":"","meta":{"_acf_changed":false},"product_brand":[],"product_cat":[19],"product_tag":[24],"class_list":{"0":"post-847","1":"product","2":"type-product","3":"status-publish","4":"has-post-thumbnail","6":"product_cat-wholesale-insulated-cooler-boxes","7":"product_tag-outdoor","9":"first","10":"instock","11":"shipping-taxable","12":"product-type-simple"},"acf":[],"_links":{"self":[{"href":"https:\/\/www.lianmeithermos.com\/fr\/wp-json\/wp\/v2\/product\/847","targetHints":{"allow":["GET"]}}],"collection":[{"href":"https:\/\/www.lianmeithermos.com\/fr\/wp-json\/wp\/v2\/product"}],"about":[{"href":"https:\/\/www.lianmeithermos.com\/fr\/wp-json\/wp\/v2\/types\/product"}],"replies":[{"embeddable":true,"href":"https:\/\/www.lianmeithermos.com\/fr\/wp-json\/wp\/v2\/comments?post=847"}],"wp:featuredmedia":[{"embeddable":true,"href":"https:\/\/www.lianmeithermos.com\/fr\/wp-json\/wp\/v2\/media\/848"}],"wp:attachment":[{"href":"https:\/\/www.lianmeithermos.com\/fr\/wp-json\/wp\/v2\/media?parent=847"}],"wp:term":[{"taxonomy":"product_brand","embeddable":true,"href":"https:\/\/www.lianmeithermos.com\/fr\/wp-json\/wp\/v2\/product_brand?post=847"},{"taxonomy":"product_cat","embeddable":true,"href":"https:\/\/www.lianmeithermos.com\/fr\/wp-json\/wp\/v2\/product_cat?post=847"},{"taxonomy":"product_tag","embeddable":true,"href":"https:\/\/www.lianmeithermos.com\/fr\/wp-json\/wp\/v2\/product_tag?post=847"}],"curies":[{"name":"wp","href":"https:\/\/api.w.org\/{rel}","templated":true}]}}