{"id":851,"date":"2026-04-05T01:54:00","date_gmt":"2026-04-05T01:54:00","guid":{"rendered":"https:\/\/www.lianmeithermos.com\/?post_type=product&#038;p=851"},"modified":"2026-04-05T02:09:19","modified_gmt":"2026-04-05T02:09:19","slug":"bulk-insulated-cooler-boxes-for-outdoor","status":"publish","type":"product","link":"https:\/\/www.lianmeithermos.com\/fr\/produit\/bulk-insulated-cooler-boxes-for-outdoor\/","title":{"rendered":"Bo\u00eetes r\u00e9frig\u00e9rantes isol\u00e9es en vrac pour l'ext\u00e9rieur"},"content":{"rendered":"<h2 class=\"wp-block-heading\">Caract\u00e9ristiques des bo\u00eetes r\u00e9frig\u00e9rantes isol\u00e9es en vrac<\/h2>\n\n\n\n<div class=\"wp-block-columns is-layout-flex wp-container-core-columns-is-layout-9d6595d7 wp-block-columns-is-layout-flex\">\n<div class=\"wp-block-column is-vertically-aligned-center is-layout-flow wp-block-column-is-layout-flow\">\n<div class=\"wp-block-columns is-layout-flex wp-container-core-columns-is-layout-9d6595d7 wp-block-columns-is-layout-flex\">\n<div class=\"wp-block-column is-vertically-aligned-top is-layout-flow wp-block-column-is-layout-flow\">\n<p>1. R\u00e9tention sup\u00e9rieure de la temp\u00e9rature<\/p>\n\n\n\n<p>Ce support thermique pour aliments est con\u00e7u pour le stockage \u00e0 chaud et \u00e0 froid, et maintient les temp\u00e9ratures internes pendant de longues heures. Il s'agit d'une solution id\u00e9ale pour la restauration professionnelle, les \u00e9v\u00e9nements en plein air et la logistique de la cha\u00eene du froid sur de longues distances o\u00f9 la stabilit\u00e9 de la temp\u00e9rature est essentielle.<\/p>\n\n\n\n<h3 class=\"wp-block-heading\">2. Mat\u00e9riaux de qualit\u00e9 alimentaire et inodores<\/h3>\n\n\n\n<p>Fabriqu\u00e9 \u00e0 partir de mat\u00e9riaux non toxiques de premi\u00e8re qualit\u00e9 et totalement inodores, ce conteneur permet aux aliments et aux boissons de conserver leur saveur d'origine. Le rev\u00eatement int\u00e9rieur de haute qualit\u00e9 emp\u00eache le lessivage des produits chimiques et les arri\u00e8re-go\u00fbts ind\u00e9sirables pendant le stockage \u00e0 long terme.<\/p>\n\n\n\n<h3 class=\"wp-block-heading\">3. R\u00e9sistance maximale \u00e0 la corrosion et \u00e0 la rouille<\/h3>\n\n\n\n<p>Con\u00e7ues pour r\u00e9sister aux environnements difficiles, les surfaces sont hautement r\u00e9sistantes \u00e0 la corrosion et \u00e0 la rouille. Cette construction robuste garantit une longue dur\u00e9e de vie et une grande durabilit\u00e9, m\u00eame en cas de nettoyage fr\u00e9quent ou d'exposition \u00e0 des conditions de forte humidit\u00e9.<\/p>\n\n\n\n<h3 class=\"wp-block-heading\">4. Tol\u00e9rance \u00e0 la chaleur \u00e9lev\u00e9e et int\u00e9grit\u00e9 structurelle<\/h3>\n\n\n\n<p>L'ing\u00e9nierie sp\u00e9cialis\u00e9e dans la r\u00e9sistance \u00e0 la chaleur permet \u00e0 la bo\u00eete de traiter des contenus \u00e0 haute temp\u00e9rature sans se d\u00e9former ni se d\u00e9grader. Sa coque r\u00e9sistante aux chocs reste stable dans des conditions extr\u00eames, ce qui la rend fiable pour les cuisines commerciales et les utilisations ext\u00e9rieures difficiles.<\/p>\n\n\n\n<h3 class=\"wp-block-heading\">5. Capacit\u00e9s polyvalentes et options de couleur<\/h3>\n\n\n\n<p>Disponibles en plusieurs tailles et dans une large gamme de couleurs pour r\u00e9pondre \u00e0 des besoins sp\u00e9cifiques en mati\u00e8re de marque ou d'organisation. Que ce soit pour le transport commercial en vrac ou pour un usage professionnel sp\u00e9cialis\u00e9, nous proposons des solutions de volume flexibles pour r\u00e9pondre \u00e0 vos besoins en mati\u00e8re d'inventaire.<\/p>\n<\/div>\n\n\n\n<div class=\"wp-block-column is-layout-flow wp-block-column-is-layout-flow\">\n<figure class=\"wp-block-image size-full\"><img decoding=\"async\" width=\"1280\" height=\"1280\" src=\"https:\/\/www.lianmeithermos.com\/wp-content\/uploads\/2026\/04\/Bulk-Insulated-Cooler-Boxes-for-Outdoor2.webp\" alt=\"Bo\u00eetes r\u00e9frig\u00e9rantes isol\u00e9es en vrac pour Outdoor2\" class=\"wp-image-854\" srcset=\"https:\/\/www.lianmeithermos.com\/wp-content\/uploads\/2026\/04\/Bulk-Insulated-Cooler-Boxes-for-Outdoor2.webp 1280w, https:\/\/www.lianmeithermos.com\/wp-content\/uploads\/2026\/04\/Bulk-Insulated-Cooler-Boxes-for-Outdoor2-300x300.webp 300w, https:\/\/www.lianmeithermos.com\/wp-content\/uploads\/2026\/04\/Bulk-Insulated-Cooler-Boxes-for-Outdoor2-150x150.webp 150w, https:\/\/www.lianmeithermos.com\/wp-content\/uploads\/2026\/04\/Bulk-Insulated-Cooler-Boxes-for-Outdoor2-768x768.webp 768w, https:\/\/www.lianmeithermos.com\/wp-content\/uploads\/2026\/04\/Bulk-Insulated-Cooler-Boxes-for-Outdoor2-12x12.webp 12w, https:\/\/www.lianmeithermos.com\/wp-content\/uploads\/2026\/04\/Bulk-Insulated-Cooler-Boxes-for-Outdoor2-1200x1200.webp 1200w, https:\/\/www.lianmeithermos.com\/wp-content\/uploads\/2026\/04\/Bulk-Insulated-Cooler-Boxes-for-Outdoor2-600x600.webp 600w, https:\/\/www.lianmeithermos.com\/wp-content\/uploads\/2026\/04\/Bulk-Insulated-Cooler-Boxes-for-Outdoor2-100x100.webp 100w\" sizes=\"(max-width: 1280px) 100vw, 1280px\" \/><\/figure>\n<\/div>\n<\/div>\n<\/div>\n<\/div>","protected":false},"excerpt":{"rendered":"<p data-start=\"452\" data-end=\"647\">Les glaci\u00e8res isol\u00e9es en vrac pour la restauration professionnelle en plein air et la logistique garantissent une conservation durable de la temp\u00e9rature des aliments et des boissons dans n'importe quel environnement.<\/p>\n<h2>Sp\u00e9cifications des bo\u00eetes r\u00e9frig\u00e9rantes isol\u00e9es en vrac<\/h2>\n<table>\n<thead>\n<tr>\n<th>Sp\u00e9cifications<\/th>\n<th>Couleur<\/th>\n<\/tr>\n<\/thead>\n<tbody>\n<tr>\n<td>16L<\/td>\n<td>Bleu \/ Vert \/ Rouge<\/td>\n<\/tr>\n<tr>\n<td>30L<\/td>\n<td>Bleu \/ Vert \/ Rouge<\/td>\n<\/tr>\n<tr>\n<td>45L<\/td>\n<td>Bleu \/ Vert \/ Rouge<\/td>\n<\/tr>\n<\/tbody>\n<\/table>","protected":false},"featured_media":854,"comment_status":"closed","ping_status":"closed","template":"","meta":{"_acf_changed":false},"product_brand":[],"product_cat":[19],"product_tag":[24],"class_list":{"0":"post-851","1":"product","2":"type-product","3":"status-publish","4":"has-post-thumbnail","6":"product_cat-wholesale-insulated-cooler-boxes","7":"product_tag-outdoor","9":"first","10":"instock","11":"shipping-taxable","12":"product-type-simple"},"acf":[],"_links":{"self":[{"href":"https:\/\/www.lianmeithermos.com\/fr\/wp-json\/wp\/v2\/product\/851","targetHints":{"allow":["GET"]}}],"collection":[{"href":"https:\/\/www.lianmeithermos.com\/fr\/wp-json\/wp\/v2\/product"}],"about":[{"href":"https:\/\/www.lianmeithermos.com\/fr\/wp-json\/wp\/v2\/types\/product"}],"replies":[{"embeddable":true,"href":"https:\/\/www.lianmeithermos.com\/fr\/wp-json\/wp\/v2\/comments?post=851"}],"wp:featuredmedia":[{"embeddable":true,"href":"https:\/\/www.lianmeithermos.com\/fr\/wp-json\/wp\/v2\/media\/854"}],"wp:attachment":[{"href":"https:\/\/www.lianmeithermos.com\/fr\/wp-json\/wp\/v2\/media?parent=851"}],"wp:term":[{"taxonomy":"product_brand","embeddable":true,"href":"https:\/\/www.lianmeithermos.com\/fr\/wp-json\/wp\/v2\/product_brand?post=851"},{"taxonomy":"product_cat","embeddable":true,"href":"https:\/\/www.lianmeithermos.com\/fr\/wp-json\/wp\/v2\/product_cat?post=851"},{"taxonomy":"product_tag","embeddable":true,"href":"https:\/\/www.lianmeithermos.com\/fr\/wp-json\/wp\/v2\/product_tag?post=851"}],"curies":[{"name":"wp","href":"https:\/\/api.w.org\/{rel}","templated":true}]}}