{"id":857,"date":"2026-04-05T02:23:33","date_gmt":"2026-04-05T02:23:33","guid":{"rendered":"https:\/\/www.lianmeithermos.com\/?post_type=product&#038;p=857"},"modified":"2026-04-05T02:30:48","modified_gmt":"2026-04-05T02:30:48","slug":"wholesale-stainless-steel-stock-pot-with-bale-handle","status":"publish","type":"product","link":"https:\/\/www.lianmeithermos.com\/fr\/produit\/wholesale-stainless-steel-stock-pot-with-bale-handle\/","title":{"rendered":"Wholesale Stainless Steel Stock Pot with Bale Handle Commercial Soup Bucket (Pot \u00e0 soupe en acier inoxydable avec poign\u00e9e en forme de balle)"},"content":{"rendered":"<h2 class=\"wp-block-heading\">Caract\u00e9ristiques de la marmite en acier inoxydable<\/h2>\n\n\n\n<div class=\"wp-block-columns is-layout-flex wp-container-core-columns-is-layout-9d6595d7 wp-block-columns-is-layout-flex\">\n<div class=\"wp-block-column is-vertically-aligned-center is-layout-flow wp-block-column-is-layout-flow\">\n<div class=\"wp-block-columns is-layout-flex wp-container-core-columns-is-layout-9d6595d7 wp-block-columns-is-layout-flex\">\n<div class=\"wp-block-column is-vertically-aligned-top is-layout-flow wp-block-column-is-layout-flow\">\n<p><strong>Construction en acier inoxydable \u00e9paissi<\/strong><br>Fabriqu\u00e9 en acier inoxydable robuste avec une structure renforc\u00e9e, il garantit une excellente durabilit\u00e9, une r\u00e9sistance \u00e0 la chaleur \u00e9lev\u00e9e et des performances durables dans les cuisines commerciales.<\/p>\n\n\n\n<p><strong>Conduction rapide et homog\u00e8ne de la chaleur<\/strong><br>Un transfert de chaleur efficace permet aux aliments de cuire rapidement et uniform\u00e9ment, ce qui am\u00e9liore l'efficacit\u00e9 de la cuisson et permet d'\u00e9conomiser du temps et de l'\u00e9nergie.<\/p>\n\n\n\n<p><strong>Grande capacit\u00e9 pour une cuisson polyvalente<\/strong><br>Con\u00e7ue avec une capacit\u00e9 g\u00e9n\u00e9reuse, elle est parfaite pour pr\u00e9parer des soupes, des bouillies, des rago\u00fbts et des plats brais\u00e9s, r\u00e9pondant ainsi aux besoins des restaurants et des services de restauration.<\/p>\n\n\n\n<p><strong>R\u00e9sistant aux hautes temp\u00e9ratures et durable<\/strong><br>Con\u00e7u pour r\u00e9sister \u00e0 la cuisson continue \u00e0 haute temp\u00e9rature sans se d\u00e9former ni s'ab\u00eemer, il convient \u00e0 un usage quotidien intensif.<\/p>\n\n\n\n<p><strong>Conception pratique de la poign\u00e9e de la balle<\/strong><br>\u00c9quip\u00e9 d'une poign\u00e9e robuste pour faciliter le levage et le transport, il est id\u00e9al pour les environnements de cuisine anim\u00e9s et la pr\u00e9paration de grandes quantit\u00e9s de nourriture.<\/p>\n<\/div>\n\n\n\n<div class=\"wp-block-column is-layout-flow wp-block-column-is-layout-flow\">\n<figure class=\"wp-block-image alignwide size-full\"><img decoding=\"async\" width=\"281\" height=\"281\" src=\"https:\/\/www.lianmeithermos.com\/wp-content\/uploads\/2026\/04\/Wholesale-Stainless-Steel-Stock-Pot-with-Bale-Handle.webp\" alt=\"Wholesale Stainless Steel Stock Pot with Bale Handle (Pot en acier inoxydable avec poign\u00e9e en forme de balle)\" class=\"wp-image-858\" srcset=\"https:\/\/www.lianmeithermos.com\/wp-content\/uploads\/2026\/04\/Wholesale-Stainless-Steel-Stock-Pot-with-Bale-Handle.webp 281w, https:\/\/www.lianmeithermos.com\/wp-content\/uploads\/2026\/04\/Wholesale-Stainless-Steel-Stock-Pot-with-Bale-Handle-150x150.webp 150w, https:\/\/www.lianmeithermos.com\/wp-content\/uploads\/2026\/04\/Wholesale-Stainless-Steel-Stock-Pot-with-Bale-Handle-12x12.webp 12w, https:\/\/www.lianmeithermos.com\/wp-content\/uploads\/2026\/04\/Wholesale-Stainless-Steel-Stock-Pot-with-Bale-Handle-100x100.webp 100w\" sizes=\"(max-width: 281px) 100vw, 281px\" \/><\/figure>\n<\/div>\n<\/div>\n<\/div>\n<\/div>","protected":false},"excerpt":{"rendered":"<p data-start=\"452\" data-end=\"647\">Marmite en gros en acier inoxydable avec poign\u00e9e en forme de balle, con\u00e7ue pour la cuisine commerciale et la pr\u00e9paration d'aliments de grande capacit\u00e9. Fabriqu\u00e9e en acier inoxydable \u00e9paissi, elle offre une conduction rapide de la chaleur, une excellente durabilit\u00e9 et une r\u00e9sistance aux temp\u00e9ratures \u00e9lev\u00e9es. Elle est id\u00e9ale pour les soupes, les bouillies, les plats brais\u00e9s, etc.<\/p>\n<h2>Sp\u00e9cifications de la marmite en acier inoxydable Wholesale<\/h2>\n<table data-path-to-node=\"1\">\n<thead>\n<tr>\n<td><strong>Taille (Diam\u00e8tre * Hauteur cm)<\/strong><\/td>\n<td><strong>Qualit\u00e9 des mat\u00e9riaux<\/strong><\/td>\n<\/tr>\n<\/thead>\n<tbody>\n<tr>\n<td><span data-path-to-node=\"1,1,0,0\"><b data-path-to-node=\"1,1,0,0\" data-index-in-node=\"0\">20 * 20<\/b><\/span><\/td>\n<td><span data-path-to-node=\"1,1,1,0\">Acier inoxydable 201<\/span><\/td>\n<\/tr>\n<tr>\n<td><span data-path-to-node=\"1,2,0,0\"><b data-path-to-node=\"1,2,0,0\" data-index-in-node=\"0\">25 * 25<\/b><\/span><\/td>\n<td><span data-path-to-node=\"1,2,1,0\">Acier inoxydable 201<\/span><\/td>\n<\/tr>\n<tr>\n<td><span data-path-to-node=\"1,3,0,0\"><b data-path-to-node=\"1,3,0,0\" data-index-in-node=\"0\">30 * 30<\/b><\/span><\/td>\n<td><span data-path-to-node=\"1,3,1,0\">Acier inoxydable 201<\/span><\/td>\n<\/tr>\n<tr>\n<td><span data-path-to-node=\"1,4,0,0\"><b data-path-to-node=\"1,4,0,0\" data-index-in-node=\"0\">35 * 35<\/b><\/span><\/td>\n<td><span data-path-to-node=\"1,4,1,0\">Acier inoxydable 201<\/span><\/td>\n<\/tr>\n<tr>\n<td><span data-path-to-node=\"1,5,0,0\"><b data-path-to-node=\"1,5,0,0\" data-index-in-node=\"0\">40 * 40<\/b><\/span><\/td>\n<td><span data-path-to-node=\"1,5,1,0\">Acier inoxydable 201<\/span><\/td>\n<\/tr>\n<tr>\n<td><span data-path-to-node=\"1,6,0,0\"><b data-path-to-node=\"1,6,0,0\" data-index-in-node=\"0\">45 * 45<\/b><\/span><\/td>\n<td><span data-path-to-node=\"1,6,1,0\">Acier inoxydable 201<\/span><\/td>\n<\/tr>\n<tr>\n<td><span data-path-to-node=\"1,7,0,0\"><b data-path-to-node=\"1,7,0,0\" data-index-in-node=\"0\">50 * 50<\/b><\/span><\/td>\n<td><span data-path-to-node=\"1,7,1,0\">Acier inoxydable 201<\/span><\/td>\n<\/tr>\n<tr>\n<td><span data-path-to-node=\"1,8,0,0\"><b data-path-to-node=\"1,8,0,0\" data-index-in-node=\"0\">60 * 60<\/b><\/span><\/td>\n<td><span data-path-to-node=\"1,8,1,0\">Acier inoxydable 201<\/span><\/td>\n<\/tr>\n<tr>\n<td><span data-path-to-node=\"1,9,0,0\"><b data-path-to-node=\"1,9,0,0\" data-index-in-node=\"0\">25 * 25<\/b><\/span><\/td>\n<td><span data-path-to-node=\"1,9,1,0\">Acier inoxydable 304<\/span><\/td>\n<\/tr>\n<tr>\n<td><span data-path-to-node=\"1,10,0,0\"><b data-path-to-node=\"1,10,0,0\" data-index-in-node=\"0\">30 * 30<\/b><\/span><\/td>\n<td><span data-path-to-node=\"1,10,1,0\">Acier inoxydable 304<\/span><\/td>\n<\/tr>\n<tr>\n<td><span data-path-to-node=\"1,11,0,0\"><b data-path-to-node=\"1,11,0,0\" data-index-in-node=\"0\">35 * 35<\/b><\/span><\/td>\n<td><span data-path-to-node=\"1,11,1,0\">Acier inoxydable 304<\/span><\/td>\n<\/tr>\n<\/tbody>\n<\/table>","protected":false},"featured_media":858,"comment_status":"closed","ping_status":"closed","template":"","meta":{"_acf_changed":false},"product_brand":[],"product_cat":[17],"product_tag":[25],"class_list":{"0":"post-857","1":"product","2":"type-product","3":"status-publish","4":"has-post-thumbnail","6":"product_cat-wholesale-stainless-steel-insulated-barrels","7":"product_tag-restaurant","9":"first","10":"instock","11":"shipping-taxable","12":"product-type-simple"},"acf":[],"_links":{"self":[{"href":"https:\/\/www.lianmeithermos.com\/fr\/wp-json\/wp\/v2\/product\/857","targetHints":{"allow":["GET"]}}],"collection":[{"href":"https:\/\/www.lianmeithermos.com\/fr\/wp-json\/wp\/v2\/product"}],"about":[{"href":"https:\/\/www.lianmeithermos.com\/fr\/wp-json\/wp\/v2\/types\/product"}],"replies":[{"embeddable":true,"href":"https:\/\/www.lianmeithermos.com\/fr\/wp-json\/wp\/v2\/comments?post=857"}],"wp:featuredmedia":[{"embeddable":true,"href":"https:\/\/www.lianmeithermos.com\/fr\/wp-json\/wp\/v2\/media\/858"}],"wp:attachment":[{"href":"https:\/\/www.lianmeithermos.com\/fr\/wp-json\/wp\/v2\/media?parent=857"}],"wp:term":[{"taxonomy":"product_brand","embeddable":true,"href":"https:\/\/www.lianmeithermos.com\/fr\/wp-json\/wp\/v2\/product_brand?post=857"},{"taxonomy":"product_cat","embeddable":true,"href":"https:\/\/www.lianmeithermos.com\/fr\/wp-json\/wp\/v2\/product_cat?post=857"},{"taxonomy":"product_tag","embeddable":true,"href":"https:\/\/www.lianmeithermos.com\/fr\/wp-json\/wp\/v2\/product_tag?post=857"}],"curies":[{"name":"wp","href":"https:\/\/api.w.org\/{rel}","templated":true}]}}