{"id":875,"date":"2026-04-05T16:21:51","date_gmt":"2026-04-05T16:21:51","guid":{"rendered":"https:\/\/www.lianmeithermos.com\/?post_type=product&#038;p=875"},"modified":"2026-04-08T00:48:42","modified_gmt":"2026-04-08T00:48:42","slug":"wholesale-commercial-soup-warmer","status":"publish","type":"product","link":"https:\/\/www.lianmeithermos.com\/fr\/produit\/wholesale-commercial-soup-warmer\/","title":{"rendered":"Wholesale Commercial Soup Warmer with Adjustable Temperature Control (R\u00e9chauffeur de soupe commercial avec contr\u00f4le de temp\u00e9rature r\u00e9glable)"},"content":{"rendered":"<h2 class=\"wp-block-heading\">Caract\u00e9ristiques du chauffe-soupe commercial Wholesale <\/h2>\n\n\n\n<div class=\"wp-block-columns is-layout-flex wp-container-core-columns-is-layout-9d6595d7 wp-block-columns-is-layout-flex\">\n<div class=\"wp-block-column is-vertically-aligned-center is-layout-flow wp-block-column-is-layout-flow\">\n<div class=\"wp-block-columns is-layout-flex wp-container-core-columns-is-layout-9d6595d7 wp-block-columns-is-layout-flex\">\n<div class=\"wp-block-column is-vertically-aligned-top is-layout-flow wp-block-column-is-layout-flow\">\n<p><strong>Compatibilit\u00e9 mondiale :<\/strong> <strong>Types de fiches personnalisables<\/strong> pour r\u00e9pondre aux exigences \u00e9lectriques sp\u00e9cifiques des <strong>diff\u00e9rents pays<\/strong>, garantissant une fonctionnalit\u00e9 pr\u00eate \u00e0 l'emploi dans le monde entier.<\/p>\n\n\n\n<p><strong>Contr\u00f4le intelligent de la temp\u00e9rature \u00e0 r\u00e9glages multiples :<\/strong> \u00c9quip\u00e9 d'un bouton facile \u00e0 utiliser pour une <strong>r\u00e9glage de la chaleur en plusieurs \u00e9tapes<\/strong>, Vous pouvez ainsi maintenir des temp\u00e9ratures de service parfaites pour les soupes et les bouillons.<\/p>\n\n\n\n<p><strong>Syst\u00e8me de s\u00e9curit\u00e9 int\u00e9gr\u00e9 :<\/strong> Caract\u00e9ristiques <strong>Protection contre l'\u00e9bullition<\/strong> pour couper automatiquement l'alimentation lorsque le niveau d'eau est bas, ce qui garantit un fonctionnement s\u00fbr et sans souci dans les cuisines professionnelles tr\u00e8s fr\u00e9quent\u00e9es.<\/p>\n\n\n\n<p><strong>Fonctionnement sans effort :<\/strong> Rationalis\u00e9 <strong>fonctionnement par simple pression d'une touche<\/strong> rend l'appareil incroyablement facile et pratique \u00e0 utiliser pour le personnel, minimisant ainsi le temps de formation.<\/p>\n\n\n\n<p><strong>Capacit\u00e9 commerciale avec isolation double couche :<\/strong> <strong>Conception \u00e0 haute capacit\u00e9<\/strong> r\u00e9pond aux besoins des professionnels de la restauration. Les <strong>corps isol\u00e9 double couche<\/strong> Le syst\u00e8me d'\u00e9tanch\u00e9it\u00e9 \u00e0 l'air permet de contenir la chaleur pour plus d'efficacit\u00e9, tout en restant froid au toucher pour la s\u00e9curit\u00e9 de l'utilisateur.<\/p>\n\n\n\n<p><strong>Fonction de maintien au chaud efficace :<\/strong> D\u00e9di\u00e9 <strong>Mode maintien au chaud<\/strong> garantit que les clients peuvent d\u00e9guster une soupe chaude et app\u00e9tissante \u00e0 tout moment, r\u00e9duisant ainsi le gaspillage alimentaire et am\u00e9liorant la satisfaction de la client\u00e8le.<\/p>\n<\/div>\n\n\n\n<div class=\"wp-block-column is-layout-flow wp-block-column-is-layout-flow\">\n<figure class=\"wp-block-image alignwide size-full\"><img decoding=\"async\" width=\"800\" height=\"800\" src=\"https:\/\/www.lianmeithermos.com\/wp-content\/uploads\/2026\/04\/Wholesale-Commercial-Soup-Warmer1.webp\" alt=\"Chauffe-soupe commercial en gros1\" class=\"wp-image-876\" srcset=\"https:\/\/www.lianmeithermos.com\/wp-content\/uploads\/2026\/04\/Wholesale-Commercial-Soup-Warmer1.webp 800w, https:\/\/www.lianmeithermos.com\/wp-content\/uploads\/2026\/04\/Wholesale-Commercial-Soup-Warmer1-300x300.webp 300w, https:\/\/www.lianmeithermos.com\/wp-content\/uploads\/2026\/04\/Wholesale-Commercial-Soup-Warmer1-150x150.webp 150w, https:\/\/www.lianmeithermos.com\/wp-content\/uploads\/2026\/04\/Wholesale-Commercial-Soup-Warmer1-768x768.webp 768w, https:\/\/www.lianmeithermos.com\/wp-content\/uploads\/2026\/04\/Wholesale-Commercial-Soup-Warmer1-12x12.webp 12w, https:\/\/www.lianmeithermos.com\/wp-content\/uploads\/2026\/04\/Wholesale-Commercial-Soup-Warmer1-600x600.webp 600w, https:\/\/www.lianmeithermos.com\/wp-content\/uploads\/2026\/04\/Wholesale-Commercial-Soup-Warmer1-100x100.webp 100w\" sizes=\"(max-width: 800px) 100vw, 800px\" \/><\/figure>\n<\/div>\n<\/div>\n<\/div>\n<\/div>","protected":false},"excerpt":{"rendered":"<p data-start=\"452\" data-end=\"647\">R\u00e9chauffeur de soupe commercial en gros, dot\u00e9 de prises internationales personnalisables et d'un contr\u00f4le de la temp\u00e9rature \u00e0 plusieurs niveaux. Dot\u00e9 d'un corps anti-br\u00fblure \u00e0 double couche et d'une protection contre l'\u00e9bullition, il garantit un fonctionnement s\u00fbr, \u00e0 l'aide d'une seule touche, pour les restaurants et les services de restauration \u00e0 grand volume.<\/p>\n<h2>Sp\u00e9cifications du chauffe-soupe commercial Wholesale<\/h2>\n<table style=\"border-collapse: collapse; width: 305.02pt;\" border=\"0\" width=\"305\" cellspacing=\"0\" cellpadding=\"0\">\n<tbody>\n<tr style=\"height: 34.75pt;\">\n<td class=\"et2\" style=\"height: 34.75pt; width: 170.30pt;\" width=\"170\" height=\"34\">Mod\u00e8le et sp\u00e9cifications<\/td>\n<td class=\"et2\" style=\"width: 46.80pt;\" width=\"46\">Taille du corps (cm)<\/td>\n<td class=\"et2\" style=\"width: 88.40pt;\" width=\"88\">201 Taille du pot int\u00e9rieur (cm)<\/td>\n<\/tr>\n<tr style=\"height: 62.10pt;\">\n<td class=\"et3\" style=\"height: 62.10pt; width: 170.30pt;\" width=\"170\" height=\"62\">R\u00e9chauffeur de soupe 10L en fer noir (avec pot int\u00e9rieur 201)<\/td>\n<td class=\"et3\" style=\"width: 46.80pt;\" width=\"46\">30 * 32<\/td>\n<td class=\"et3\" style=\"width: 88.40pt;\" width=\"88\">23 * 22.5<\/td>\n<\/tr>\n<tr style=\"height: 51.15pt;\">\n<td class=\"et3\" style=\"height: 51.15pt; width: 170.30pt;\" width=\"170\" height=\"51\">R\u00e9chauffeur de soupe intelligent 10L (avec pot int\u00e9rieur 201)<\/td>\n<td class=\"et3\" style=\"width: 46.80pt;\" width=\"46\">30 * 32<\/td>\n<td class=\"et3\" style=\"width: 88.40pt;\" width=\"88\">23 * 22.5<\/td>\n<\/tr>\n<tr style=\"height: 48.45pt;\">\n<td class=\"et3\" style=\"height: 48.45pt; width: 170.30pt;\" width=\"170\" height=\"48\">R\u00e9chauffeur de soupe 10L en acier inoxydable (avec pot int\u00e9rieur 201)<\/td>\n<td class=\"et3\" style=\"width: 46.80pt;\" width=\"46\">30 * 32<\/td>\n<td class=\"et3\" style=\"width: 88.40pt;\" width=\"88\">23 * 22.5<\/td>\n<\/tr>\n<tr style=\"height: 49.35pt;\">\n<td class=\"et3\" style=\"height: 49.35pt; width: 170.30pt;\" width=\"170\" height=\"49\">R\u00e9chauffeur de soupe 10L en acier inoxydable (Version 2)<\/td>\n<td class=\"et3\" style=\"width: 46.80pt;\" width=\"46\">30 * 32<\/td>\n<td class=\"et3\" style=\"width: 88.40pt;\" width=\"88\">23 * 22.5<\/td>\n<\/tr>\n<tr style=\"height: 56.65pt;\">\n<td class=\"et3\" style=\"height: 56.65pt; width: 170.30pt;\" width=\"170\" height=\"56\">R\u00e9chauffeur de soupe 10L en acier inoxydable (Version 3)<\/td>\n<td class=\"et3\" style=\"width: 46.80pt;\" width=\"46\">30 * 32<\/td>\n<td class=\"et3\" style=\"width: 88.40pt;\" width=\"88\">23 * 22.5<\/td>\n<\/tr>\n<tr style=\"height: 62.10pt;\">\n<td class=\"et3\" style=\"height: 62.10pt; width: 170.30pt;\" width=\"170\" height=\"62\">R\u00e9chauffeur de soupe 10L en acier inoxydable (Version 4)<\/td>\n<td class=\"et3\" style=\"width: 46.80pt;\" width=\"46\">30 * 32<\/td>\n<td class=\"et3\" style=\"width: 88.40pt;\" width=\"88\">23 * 22.5<\/td>\n<\/tr>\n<\/tbody>\n<\/table>\n<p>&nbsp;<\/p>","protected":false},"featured_media":876,"comment_status":"closed","ping_status":"closed","template":"","meta":{"_acf_changed":false},"product_brand":[],"product_cat":[17],"product_tag":[],"class_list":{"0":"post-875","1":"product","2":"type-product","3":"status-publish","4":"has-post-thumbnail","6":"product_cat-wholesale-stainless-steel-insulated-barrels","8":"first","9":"instock","10":"shipping-taxable","11":"product-type-simple"},"acf":[],"_links":{"self":[{"href":"https:\/\/www.lianmeithermos.com\/fr\/wp-json\/wp\/v2\/product\/875","targetHints":{"allow":["GET"]}}],"collection":[{"href":"https:\/\/www.lianmeithermos.com\/fr\/wp-json\/wp\/v2\/product"}],"about":[{"href":"https:\/\/www.lianmeithermos.com\/fr\/wp-json\/wp\/v2\/types\/product"}],"replies":[{"embeddable":true,"href":"https:\/\/www.lianmeithermos.com\/fr\/wp-json\/wp\/v2\/comments?post=875"}],"wp:featuredmedia":[{"embeddable":true,"href":"https:\/\/www.lianmeithermos.com\/fr\/wp-json\/wp\/v2\/media\/876"}],"wp:attachment":[{"href":"https:\/\/www.lianmeithermos.com\/fr\/wp-json\/wp\/v2\/media?parent=875"}],"wp:term":[{"taxonomy":"product_brand","embeddable":true,"href":"https:\/\/www.lianmeithermos.com\/fr\/wp-json\/wp\/v2\/product_brand?post=875"},{"taxonomy":"product_cat","embeddable":true,"href":"https:\/\/www.lianmeithermos.com\/fr\/wp-json\/wp\/v2\/product_cat?post=875"},{"taxonomy":"product_tag","embeddable":true,"href":"https:\/\/www.lianmeithermos.com\/fr\/wp-json\/wp\/v2\/product_tag?post=875"}],"curies":[{"name":"wp","href":"https:\/\/api.w.org\/{rel}","templated":true}]}}